{"id":1443276,"date":"2026-02-06T15:14:01","date_gmt":"2026-02-06T12:14:01","guid":{"rendered":"https:\/\/kruze.ee\/product\/vinga-hilo-aware-taaskasutatud-kangast-lukuga-kandekott\/"},"modified":"2026-03-17T01:00:17","modified_gmt":"2026-03-16T22:00:17","slug":"vinga-hilo-aware-taaskasutatud-kangast-lukuga-kandekott","status":"publish","type":"product","link":"https:\/\/kruze.ee\/et\/toode\/vinga-hilo-aware-taaskasutatud-kangast-lukuga-kandekott\/","title":{"rendered":"VINGA Hilo AWARE\u2122 taaskasutatud kangast lukuga kandekott"},"content":{"rendered":"<p>Kanna oma igap\u00e4evased vajalikud esemed mugavalt Hilo lukuga kandekotis. See kott \u00fchendab vastupidavad materjalid ja ajatu disaini ning on varustatud lukuga suletava peamise sahtliga, mis tagab turvalise hoiustamise. Kotil on nii pealtkandmiseks m\u00f5eldud sangad kui ka \u00f5larihmad, pakkudes mitmek\u00fclgseid kandmisv\u00f5imalusi. M\u00f5lemas otsas asuvad kaks avatud v\u00e4listaskut v\u00f5imaldavad kiiret ligip\u00e4\u00e4su vajalikele esemetele, muutes koti ideaalseks nii igap\u00e4evasteks toimetusteks kui ka professionaalseks kasutuseks. Kotis kasutatud taaskasutatud kangas on v\u00e4rvimata ja naturaalsel kujul, ilma v\u00e4rvimisel kasutatavate kemikaalideta.<\/p>\n","protected":false},"excerpt":{"rendered":"<p>Kanna oma igap\u00e4evased vajalikud esemed mugavalt Hilo lukuga kandekotis. See kott \u00fchendab vastupidavad materjalid ja ajatu disaini ning on varustatud lukuga&#8230;<\/p>\n","protected":false},"featured_media":0,"template":"","meta":[],"product_brand":[],"product_cat":[5391],"product_tag":[],"class_list":{"0":"post-1443276","1":"product","2":"type-product","3":"status-publish","5":"product_cat-poekotid-kotid","6":"pa_brand-vinga-2","7":"pa_color-black-2","8":"pa_color-roheline","9":"pa_color-blue-2","10":"pa_color-valge","11":"pa_gender-uniseks","12":"pa_gender-unisex","15":"pa_material-recycled-canvas","17":"first","18":"instock","19":"taxable","20":"shipping-taxable","21":"purchasable","22":"product-type-variable"},"acf":[],"yoast_head":"<!-- This site is optimized with the Yoast SEO plugin v26.0 - https:\/\/yoast.com\/wordpress\/plugins\/seo\/ -->\n<title>VINGA Hilo AWARE\u2122 taaskasutatud kangast lukuga kandekott - Kruze.ee<\/title>\n<meta name=\"robots\" content=\"index, follow, max-snippet:-1, max-image-preview:large, max-video-preview:-1\" \/>\n<link rel=\"canonical\" href=\"https:\/\/kruze.ee\/et\/toode\/vinga-hilo-aware-taaskasutatud-kangast-lukuga-kandekott\/\" \/>\n<meta property=\"og:locale\" content=\"et_EE\" \/>\n<meta property=\"og:type\" content=\"article\" \/>\n<meta property=\"og:title\" content=\"VINGA Hilo AWARE\u2122 taaskasutatud kangast lukuga kandekott - Kruze.ee\" \/>\n<meta property=\"og:description\" content=\"Kanna oma igap\u00e4evased vajalikud esemed mugavalt Hilo lukuga kandekotis. See kott \u00fchendab vastupidavad materjalid ja ajatu disaini ning on varustatud lukuga...\" \/>\n<meta property=\"og:url\" content=\"https:\/\/kruze.ee\/et\/toode\/vinga-hilo-aware-taaskasutatud-kangast-lukuga-kandekott\/\" \/>\n<meta property=\"og:site_name\" content=\"Kruze.ee\" \/>\n<meta property=\"article:modified_time\" content=\"2026-03-16T22:00:17+00:00\" \/>\n<meta name=\"twitter:card\" content=\"summary_large_image\" \/>\n<script type=\"application\/ld+json\" class=\"yoast-schema-graph\">{\"@context\":\"https:\/\/schema.org\",\"@graph\":[{\"@type\":\"WebPage\",\"@id\":\"https:\/\/kruze.ee\/et\/toode\/vinga-hilo-aware-taaskasutatud-kangast-lukuga-kandekott\/\",\"url\":\"https:\/\/kruze.ee\/et\/toode\/vinga-hilo-aware-taaskasutatud-kangast-lukuga-kandekott\/\",\"name\":\"VINGA Hilo AWARE\u2122 taaskasutatud kangast lukuga kandekott - Kruze.ee\",\"isPartOf\":{\"@id\":\"https:\/\/kruze.ee\/et\/#website\"},\"datePublished\":\"2026-02-06T12:14:01+00:00\",\"dateModified\":\"2026-03-16T22:00:17+00:00\",\"breadcrumb\":{\"@id\":\"https:\/\/kruze.ee\/et\/toode\/vinga-hilo-aware-taaskasutatud-kangast-lukuga-kandekott\/#breadcrumb\"},\"inLanguage\":\"et\",\"potentialAction\":[{\"@type\":\"ReadAction\",\"target\":[\"https:\/\/kruze.ee\/et\/toode\/vinga-hilo-aware-taaskasutatud-kangast-lukuga-kandekott\/\"]}]},{\"@type\":\"BreadcrumbList\",\"@id\":\"https:\/\/kruze.ee\/et\/toode\/vinga-hilo-aware-taaskasutatud-kangast-lukuga-kandekott\/#breadcrumb\",\"itemListElement\":[{\"@type\":\"ListItem\",\"position\":1,\"name\":\"Home\",\"item\":\"https:\/\/kruze.ee\/et\/\"},{\"@type\":\"ListItem\",\"position\":2,\"name\":\"Tooted\",\"item\":\"https:\/\/kruze.ee\/et\/tooted\/\"},{\"@type\":\"ListItem\",\"position\":3,\"name\":\"VINGA Hilo AWARE\u2122 taaskasutatud kangast lukuga kandekott\"}]},{\"@type\":\"WebSite\",\"@id\":\"https:\/\/kruze.ee\/et\/#website\",\"url\":\"https:\/\/kruze.ee\/et\/\",\"name\":\"Kruze.ee\",\"description\":\"Reklaamkingitused, tr&uuml;kiga T-s&auml;rgid, fliisid, dressipluused, tekstiil, joped ja paljud teised logoga meened, &Auml;rikingitused sinu partnerile! Telli juba t&auml;na.\",\"potentialAction\":[{\"@type\":\"SearchAction\",\"target\":{\"@type\":\"EntryPoint\",\"urlTemplate\":\"https:\/\/kruze.ee\/et\/?s={search_term_string}\"},\"query-input\":{\"@type\":\"PropertyValueSpecification\",\"valueRequired\":true,\"valueName\":\"search_term_string\"}}],\"inLanguage\":\"et\"}]}<\/script>\n<!-- \/ Yoast SEO plugin. -->","yoast_head_json":{"title":"VINGA Hilo AWARE\u2122 taaskasutatud kangast lukuga kandekott - Kruze.ee","robots":{"index":"index","follow":"follow","max-snippet":"max-snippet:-1","max-image-preview":"max-image-preview:large","max-video-preview":"max-video-preview:-1"},"canonical":"https:\/\/kruze.ee\/et\/toode\/vinga-hilo-aware-taaskasutatud-kangast-lukuga-kandekott\/","og_locale":"et_EE","og_type":"article","og_title":"VINGA Hilo AWARE\u2122 taaskasutatud kangast lukuga kandekott - Kruze.ee","og_description":"Kanna oma igap\u00e4evased vajalikud esemed mugavalt Hilo lukuga kandekotis. See kott \u00fchendab vastupidavad materjalid ja ajatu disaini ning on varustatud lukuga...","og_url":"https:\/\/kruze.ee\/et\/toode\/vinga-hilo-aware-taaskasutatud-kangast-lukuga-kandekott\/","og_site_name":"Kruze.ee","article_modified_time":"2026-03-16T22:00:17+00:00","twitter_card":"summary_large_image","schema":{"@context":"https:\/\/schema.org","@graph":[{"@type":"WebPage","@id":"https:\/\/kruze.ee\/et\/toode\/vinga-hilo-aware-taaskasutatud-kangast-lukuga-kandekott\/","url":"https:\/\/kruze.ee\/et\/toode\/vinga-hilo-aware-taaskasutatud-kangast-lukuga-kandekott\/","name":"VINGA Hilo AWARE\u2122 taaskasutatud kangast lukuga kandekott - Kruze.ee","isPartOf":{"@id":"https:\/\/kruze.ee\/et\/#website"},"datePublished":"2026-02-06T12:14:01+00:00","dateModified":"2026-03-16T22:00:17+00:00","breadcrumb":{"@id":"https:\/\/kruze.ee\/et\/toode\/vinga-hilo-aware-taaskasutatud-kangast-lukuga-kandekott\/#breadcrumb"},"inLanguage":"et","potentialAction":[{"@type":"ReadAction","target":["https:\/\/kruze.ee\/et\/toode\/vinga-hilo-aware-taaskasutatud-kangast-lukuga-kandekott\/"]}]},{"@type":"BreadcrumbList","@id":"https:\/\/kruze.ee\/et\/toode\/vinga-hilo-aware-taaskasutatud-kangast-lukuga-kandekott\/#breadcrumb","itemListElement":[{"@type":"ListItem","position":1,"name":"Home","item":"https:\/\/kruze.ee\/et\/"},{"@type":"ListItem","position":2,"name":"Tooted","item":"https:\/\/kruze.ee\/et\/tooted\/"},{"@type":"ListItem","position":3,"name":"VINGA Hilo AWARE\u2122 taaskasutatud kangast lukuga kandekott"}]},{"@type":"WebSite","@id":"https:\/\/kruze.ee\/et\/#website","url":"https:\/\/kruze.ee\/et\/","name":"Kruze.ee","description":"Reklaamkingitused, tr&uuml;kiga T-s&auml;rgid, fliisid, dressipluused, tekstiil, joped ja paljud teised logoga meened, &Auml;rikingitused sinu partnerile! Telli juba t&auml;na.","potentialAction":[{"@type":"SearchAction","target":{"@type":"EntryPoint","urlTemplate":"https:\/\/kruze.ee\/et\/?s={search_term_string}"},"query-input":{"@type":"PropertyValueSpecification","valueRequired":true,"valueName":"search_term_string"}}],"inLanguage":"et"}]}},"_links":{"self":[{"href":"https:\/\/kruze.ee\/et\/wp-json\/wp\/v2\/product\/1443276","targetHints":{"allow":["GET"]}}],"collection":[{"href":"https:\/\/kruze.ee\/et\/wp-json\/wp\/v2\/product"}],"about":[{"href":"https:\/\/kruze.ee\/et\/wp-json\/wp\/v2\/types\/product"}],"wp:attachment":[{"href":"https:\/\/kruze.ee\/et\/wp-json\/wp\/v2\/media?parent=1443276"}],"wp:term":[{"taxonomy":"product_brand","embeddable":true,"href":"https:\/\/kruze.ee\/et\/wp-json\/wp\/v2\/product_brand?post=1443276"},{"taxonomy":"product_cat","embeddable":true,"href":"https:\/\/kruze.ee\/et\/wp-json\/wp\/v2\/product_cat?post=1443276"},{"taxonomy":"product_tag","embeddable":true,"href":"https:\/\/kruze.ee\/et\/wp-json\/wp\/v2\/product_tag?post=1443276"}],"curies":[{"name":"wp","href":"https:\/\/api.w.org\/{rel}","templated":true}]}}