{"id":1443274,"date":"2026-02-06T15:13:30","date_gmt":"2026-02-06T12:13:30","guid":{"rendered":"https:\/\/kruze.ee\/product\/skross-world-travel-adapter-muv-65w-pd-koos-usb-c-kaabliga\/"},"modified":"2026-03-17T01:08:02","modified_gmt":"2026-03-16T22:08:02","slug":"skross-world-travel-adapter-muv-65w-pd-koos-usb-c-kaabliga","status":"publish","type":"product","link":"https:\/\/kruze.ee\/et\/toode\/skross-world-travel-adapter-muv-65w-pd-koos-usb-c-kaabliga\/","title":{"rendered":"SKROSS World Travel Adapter MUV 65W PD koos USB-C kaabliga"},"content":{"rendered":"<p>65 W reisadapter 1 \u00d7 USB-C ja 1 \u00d7 USB-A pesaga, mis v\u00f5imaldab samaaegselt laadida nutitelefoni, tahvelarvutit ja isegi s\u00fclearvutit, samal ajal kui adapterit saab kasutada ka maanduseta seadmega. Kompaktne ja atraktiivne disain. V\u00f5imaldab laadida s\u00fclearvutit t\u00e4isv\u00f5imsusel. Komplektis 65 W USB-C laadimiskaabel.<\/p>\n","protected":false},"excerpt":{"rendered":"<p>65 W reisadapter 1 \u00d7 USB-C ja 1 \u00d7 USB-A pesaga, mis v\u00f5imaldab samaaegselt laadida nutitelefoni, tahvelarvutit ja isegi s\u00fclearvutit, samal ajal kui adapterit&#8230;<\/p>\n","protected":false},"featured_media":0,"template":"","meta":[],"product_brand":[],"product_cat":[5403],"product_tag":[],"class_list":{"0":"post-1443274","1":"product","2":"type-product","3":"status-publish","5":"product_cat-muud-reisitarbed-kotid","6":"pa_gender-uniseks","7":"pa_gender-unisex","11":"first","12":"instock","13":"purchasable","14":"product-type-simple"},"acf":[],"yoast_head":"<!-- This site is optimized with the Yoast SEO plugin v26.0 - https:\/\/yoast.com\/wordpress\/plugins\/seo\/ -->\n<title>SKROSS World Travel Adapter MUV 65W PD koos USB-C kaabliga - Kruze.ee<\/title>\n<meta name=\"robots\" content=\"index, follow, max-snippet:-1, max-image-preview:large, max-video-preview:-1\" \/>\n<link rel=\"canonical\" href=\"https:\/\/kruze.ee\/et\/toode\/skross-world-travel-adapter-muv-65w-pd-koos-usb-c-kaabliga\/\" \/>\n<meta property=\"og:locale\" content=\"et_EE\" \/>\n<meta property=\"og:type\" content=\"article\" \/>\n<meta property=\"og:title\" content=\"SKROSS World Travel Adapter MUV 65W PD koos USB-C kaabliga - Kruze.ee\" \/>\n<meta property=\"og:description\" content=\"65 W reisadapter 1 \u00d7 USB-C ja 1 \u00d7 USB-A pesaga, mis v\u00f5imaldab samaaegselt laadida nutitelefoni, tahvelarvutit ja isegi s\u00fclearvutit, samal ajal kui adapterit...\" \/>\n<meta property=\"og:url\" content=\"https:\/\/kruze.ee\/et\/toode\/skross-world-travel-adapter-muv-65w-pd-koos-usb-c-kaabliga\/\" \/>\n<meta property=\"og:site_name\" content=\"Kruze.ee\" \/>\n<meta property=\"article:modified_time\" content=\"2026-03-16T22:08:02+00:00\" \/>\n<meta name=\"twitter:card\" content=\"summary_large_image\" \/>\n<script type=\"application\/ld+json\" class=\"yoast-schema-graph\">{\"@context\":\"https:\/\/schema.org\",\"@graph\":[{\"@type\":\"WebPage\",\"@id\":\"https:\/\/kruze.ee\/et\/toode\/skross-world-travel-adapter-muv-65w-pd-koos-usb-c-kaabliga\/\",\"url\":\"https:\/\/kruze.ee\/et\/toode\/skross-world-travel-adapter-muv-65w-pd-koos-usb-c-kaabliga\/\",\"name\":\"SKROSS World Travel Adapter MUV 65W PD koos USB-C kaabliga - Kruze.ee\",\"isPartOf\":{\"@id\":\"https:\/\/kruze.ee\/et\/#website\"},\"datePublished\":\"2026-02-06T12:13:30+00:00\",\"dateModified\":\"2026-03-16T22:08:02+00:00\",\"breadcrumb\":{\"@id\":\"https:\/\/kruze.ee\/et\/toode\/skross-world-travel-adapter-muv-65w-pd-koos-usb-c-kaabliga\/#breadcrumb\"},\"inLanguage\":\"et\",\"potentialAction\":[{\"@type\":\"ReadAction\",\"target\":[\"https:\/\/kruze.ee\/et\/toode\/skross-world-travel-adapter-muv-65w-pd-koos-usb-c-kaabliga\/\"]}]},{\"@type\":\"BreadcrumbList\",\"@id\":\"https:\/\/kruze.ee\/et\/toode\/skross-world-travel-adapter-muv-65w-pd-koos-usb-c-kaabliga\/#breadcrumb\",\"itemListElement\":[{\"@type\":\"ListItem\",\"position\":1,\"name\":\"Home\",\"item\":\"https:\/\/kruze.ee\/et\/\"},{\"@type\":\"ListItem\",\"position\":2,\"name\":\"Tooted\",\"item\":\"https:\/\/kruze.ee\/et\/tooted\/\"},{\"@type\":\"ListItem\",\"position\":3,\"name\":\"SKROSS World Travel Adapter MUV 65W PD koos USB-C kaabliga\"}]},{\"@type\":\"WebSite\",\"@id\":\"https:\/\/kruze.ee\/et\/#website\",\"url\":\"https:\/\/kruze.ee\/et\/\",\"name\":\"Kruze.ee\",\"description\":\"Reklaamkingitused, tr&uuml;kiga T-s&auml;rgid, fliisid, dressipluused, tekstiil, joped ja paljud teised logoga meened, &Auml;rikingitused sinu partnerile! Telli juba t&auml;na.\",\"potentialAction\":[{\"@type\":\"SearchAction\",\"target\":{\"@type\":\"EntryPoint\",\"urlTemplate\":\"https:\/\/kruze.ee\/et\/?s={search_term_string}\"},\"query-input\":{\"@type\":\"PropertyValueSpecification\",\"valueRequired\":true,\"valueName\":\"search_term_string\"}}],\"inLanguage\":\"et\"}]}<\/script>\n<!-- \/ Yoast SEO plugin. -->","yoast_head_json":{"title":"SKROSS World Travel Adapter MUV 65W PD koos USB-C kaabliga - Kruze.ee","robots":{"index":"index","follow":"follow","max-snippet":"max-snippet:-1","max-image-preview":"max-image-preview:large","max-video-preview":"max-video-preview:-1"},"canonical":"https:\/\/kruze.ee\/et\/toode\/skross-world-travel-adapter-muv-65w-pd-koos-usb-c-kaabliga\/","og_locale":"et_EE","og_type":"article","og_title":"SKROSS World Travel Adapter MUV 65W PD koos USB-C kaabliga - Kruze.ee","og_description":"65 W reisadapter 1 \u00d7 USB-C ja 1 \u00d7 USB-A pesaga, mis v\u00f5imaldab samaaegselt laadida nutitelefoni, tahvelarvutit ja isegi s\u00fclearvutit, samal ajal kui adapterit...","og_url":"https:\/\/kruze.ee\/et\/toode\/skross-world-travel-adapter-muv-65w-pd-koos-usb-c-kaabliga\/","og_site_name":"Kruze.ee","article_modified_time":"2026-03-16T22:08:02+00:00","twitter_card":"summary_large_image","schema":{"@context":"https:\/\/schema.org","@graph":[{"@type":"WebPage","@id":"https:\/\/kruze.ee\/et\/toode\/skross-world-travel-adapter-muv-65w-pd-koos-usb-c-kaabliga\/","url":"https:\/\/kruze.ee\/et\/toode\/skross-world-travel-adapter-muv-65w-pd-koos-usb-c-kaabliga\/","name":"SKROSS World Travel Adapter MUV 65W PD koos USB-C kaabliga - Kruze.ee","isPartOf":{"@id":"https:\/\/kruze.ee\/et\/#website"},"datePublished":"2026-02-06T12:13:30+00:00","dateModified":"2026-03-16T22:08:02+00:00","breadcrumb":{"@id":"https:\/\/kruze.ee\/et\/toode\/skross-world-travel-adapter-muv-65w-pd-koos-usb-c-kaabliga\/#breadcrumb"},"inLanguage":"et","potentialAction":[{"@type":"ReadAction","target":["https:\/\/kruze.ee\/et\/toode\/skross-world-travel-adapter-muv-65w-pd-koos-usb-c-kaabliga\/"]}]},{"@type":"BreadcrumbList","@id":"https:\/\/kruze.ee\/et\/toode\/skross-world-travel-adapter-muv-65w-pd-koos-usb-c-kaabliga\/#breadcrumb","itemListElement":[{"@type":"ListItem","position":1,"name":"Home","item":"https:\/\/kruze.ee\/et\/"},{"@type":"ListItem","position":2,"name":"Tooted","item":"https:\/\/kruze.ee\/et\/tooted\/"},{"@type":"ListItem","position":3,"name":"SKROSS World Travel Adapter MUV 65W PD koos USB-C kaabliga"}]},{"@type":"WebSite","@id":"https:\/\/kruze.ee\/et\/#website","url":"https:\/\/kruze.ee\/et\/","name":"Kruze.ee","description":"Reklaamkingitused, tr&uuml;kiga T-s&auml;rgid, fliisid, dressipluused, tekstiil, joped ja paljud teised logoga meened, &Auml;rikingitused sinu partnerile! Telli juba t&auml;na.","potentialAction":[{"@type":"SearchAction","target":{"@type":"EntryPoint","urlTemplate":"https:\/\/kruze.ee\/et\/?s={search_term_string}"},"query-input":{"@type":"PropertyValueSpecification","valueRequired":true,"valueName":"search_term_string"}}],"inLanguage":"et"}]}},"_links":{"self":[{"href":"https:\/\/kruze.ee\/et\/wp-json\/wp\/v2\/product\/1443274","targetHints":{"allow":["GET"]}}],"collection":[{"href":"https:\/\/kruze.ee\/et\/wp-json\/wp\/v2\/product"}],"about":[{"href":"https:\/\/kruze.ee\/et\/wp-json\/wp\/v2\/types\/product"}],"wp:attachment":[{"href":"https:\/\/kruze.ee\/et\/wp-json\/wp\/v2\/media?parent=1443274"}],"wp:term":[{"taxonomy":"product_brand","embeddable":true,"href":"https:\/\/kruze.ee\/et\/wp-json\/wp\/v2\/product_brand?post=1443274"},{"taxonomy":"product_cat","embeddable":true,"href":"https:\/\/kruze.ee\/et\/wp-json\/wp\/v2\/product_cat?post=1443274"},{"taxonomy":"product_tag","embeddable":true,"href":"https:\/\/kruze.ee\/et\/wp-json\/wp\/v2\/product_tag?post=1443274"}],"curies":[{"name":"wp","href":"https:\/\/api.w.org\/{rel}","templated":true}]}}