{"id":1443268,"date":"2026-02-06T15:13:25","date_gmt":"2026-02-06T12:13:25","guid":{"rendered":"https:\/\/kruze.ee\/product\/skross-world-travel-adapter-muv-micro-universaalne-reisadapter\/"},"modified":"2026-03-17T01:08:00","modified_gmt":"2026-03-16T22:08:00","slug":"skross-world-travel-adapter-muv-micro-universaalne-reisadapter","status":"publish","type":"product","link":"https:\/\/kruze.ee\/et\/toode\/skross-world-travel-adapter-muv-micro-universaalne-reisadapter\/","title":{"rendered":"SKROSS World Travel Adapter MUV Micro \u2013 universaalne reisadapter"},"content":{"rendered":"<p>Sobib ideaalselt k\u00f5ikidele maanduseta elektriseadmetele, nagu kaamerad, pardlid ja nutitelefonide laadijad. Kasutatav \u00fcle maailma: USA-s, Jaapanis, Austraalias, Hiinas ning Euroopa riikides nagu \u00dchendkuningriik, Austria, Bulgaaria, Kreeka, Ungari, L\u00e4ti, Slovakkia ning enam kui 200 muus sihtkohas. Meie k\u00f5ige kompaktsem universaalne reisadapter.<\/p>\n","protected":false},"excerpt":{"rendered":"<p>Sobib ideaalselt k\u00f5ikidele maanduseta elektriseadmetele, nagu kaamerad, pardlid ja nutitelefonide laadijad. Kasutatav \u00fcle maailma: USA-s, Jaapanis,&#8230;<\/p>\n","protected":false},"featured_media":0,"template":"","meta":[],"product_brand":[],"product_cat":[5403],"product_tag":[],"class_list":{"0":"post-1443268","1":"product","2":"type-product","3":"status-publish","5":"product_cat-muud-reisitarbed-kotid","6":"pa_gender-uniseks","7":"pa_gender-unisex","11":"first","12":"instock","13":"purchasable","14":"product-type-simple"},"acf":[],"yoast_head":"<!-- This site is optimized with the Yoast SEO plugin v26.0 - https:\/\/yoast.com\/wordpress\/plugins\/seo\/ -->\n<title>SKROSS World Travel Adapter MUV Micro \u2013 universaalne reisadapter - Kruze.ee<\/title>\n<meta name=\"robots\" content=\"index, follow, max-snippet:-1, max-image-preview:large, max-video-preview:-1\" \/>\n<link rel=\"canonical\" href=\"https:\/\/kruze.ee\/et\/toode\/skross-world-travel-adapter-muv-micro-universaalne-reisadapter\/\" \/>\n<meta property=\"og:locale\" content=\"et_EE\" \/>\n<meta property=\"og:type\" content=\"article\" \/>\n<meta property=\"og:title\" content=\"SKROSS World Travel Adapter MUV Micro \u2013 universaalne reisadapter - Kruze.ee\" \/>\n<meta property=\"og:description\" content=\"Sobib ideaalselt k\u00f5ikidele maanduseta elektriseadmetele, nagu kaamerad, pardlid ja nutitelefonide laadijad. Kasutatav \u00fcle maailma: USA-s, Jaapanis,...\" \/>\n<meta property=\"og:url\" content=\"https:\/\/kruze.ee\/et\/toode\/skross-world-travel-adapter-muv-micro-universaalne-reisadapter\/\" \/>\n<meta property=\"og:site_name\" content=\"Kruze.ee\" \/>\n<meta property=\"article:modified_time\" content=\"2026-03-16T22:08:00+00:00\" \/>\n<meta name=\"twitter:card\" content=\"summary_large_image\" \/>\n<script type=\"application\/ld+json\" class=\"yoast-schema-graph\">{\"@context\":\"https:\/\/schema.org\",\"@graph\":[{\"@type\":\"WebPage\",\"@id\":\"https:\/\/kruze.ee\/et\/toode\/skross-world-travel-adapter-muv-micro-universaalne-reisadapter\/\",\"url\":\"https:\/\/kruze.ee\/et\/toode\/skross-world-travel-adapter-muv-micro-universaalne-reisadapter\/\",\"name\":\"SKROSS World Travel Adapter MUV Micro \u2013 universaalne reisadapter - Kruze.ee\",\"isPartOf\":{\"@id\":\"https:\/\/kruze.ee\/et\/#website\"},\"datePublished\":\"2026-02-06T12:13:25+00:00\",\"dateModified\":\"2026-03-16T22:08:00+00:00\",\"breadcrumb\":{\"@id\":\"https:\/\/kruze.ee\/et\/toode\/skross-world-travel-adapter-muv-micro-universaalne-reisadapter\/#breadcrumb\"},\"inLanguage\":\"et\",\"potentialAction\":[{\"@type\":\"ReadAction\",\"target\":[\"https:\/\/kruze.ee\/et\/toode\/skross-world-travel-adapter-muv-micro-universaalne-reisadapter\/\"]}]},{\"@type\":\"BreadcrumbList\",\"@id\":\"https:\/\/kruze.ee\/et\/toode\/skross-world-travel-adapter-muv-micro-universaalne-reisadapter\/#breadcrumb\",\"itemListElement\":[{\"@type\":\"ListItem\",\"position\":1,\"name\":\"Home\",\"item\":\"https:\/\/kruze.ee\/et\/\"},{\"@type\":\"ListItem\",\"position\":2,\"name\":\"Tooted\",\"item\":\"https:\/\/kruze.ee\/et\/tooted\/\"},{\"@type\":\"ListItem\",\"position\":3,\"name\":\"SKROSS World Travel Adapter MUV Micro \u2013 universaalne reisadapter\"}]},{\"@type\":\"WebSite\",\"@id\":\"https:\/\/kruze.ee\/et\/#website\",\"url\":\"https:\/\/kruze.ee\/et\/\",\"name\":\"Kruze.ee\",\"description\":\"Reklaamkingitused, tr&uuml;kiga T-s&auml;rgid, fliisid, dressipluused, tekstiil, joped ja paljud teised logoga meened, &Auml;rikingitused sinu partnerile! Telli juba t&auml;na.\",\"potentialAction\":[{\"@type\":\"SearchAction\",\"target\":{\"@type\":\"EntryPoint\",\"urlTemplate\":\"https:\/\/kruze.ee\/et\/?s={search_term_string}\"},\"query-input\":{\"@type\":\"PropertyValueSpecification\",\"valueRequired\":true,\"valueName\":\"search_term_string\"}}],\"inLanguage\":\"et\"}]}<\/script>\n<!-- \/ Yoast SEO plugin. -->","yoast_head_json":{"title":"SKROSS World Travel Adapter MUV Micro \u2013 universaalne reisadapter - Kruze.ee","robots":{"index":"index","follow":"follow","max-snippet":"max-snippet:-1","max-image-preview":"max-image-preview:large","max-video-preview":"max-video-preview:-1"},"canonical":"https:\/\/kruze.ee\/et\/toode\/skross-world-travel-adapter-muv-micro-universaalne-reisadapter\/","og_locale":"et_EE","og_type":"article","og_title":"SKROSS World Travel Adapter MUV Micro \u2013 universaalne reisadapter - Kruze.ee","og_description":"Sobib ideaalselt k\u00f5ikidele maanduseta elektriseadmetele, nagu kaamerad, pardlid ja nutitelefonide laadijad. Kasutatav \u00fcle maailma: USA-s, Jaapanis,...","og_url":"https:\/\/kruze.ee\/et\/toode\/skross-world-travel-adapter-muv-micro-universaalne-reisadapter\/","og_site_name":"Kruze.ee","article_modified_time":"2026-03-16T22:08:00+00:00","twitter_card":"summary_large_image","schema":{"@context":"https:\/\/schema.org","@graph":[{"@type":"WebPage","@id":"https:\/\/kruze.ee\/et\/toode\/skross-world-travel-adapter-muv-micro-universaalne-reisadapter\/","url":"https:\/\/kruze.ee\/et\/toode\/skross-world-travel-adapter-muv-micro-universaalne-reisadapter\/","name":"SKROSS World Travel Adapter MUV Micro \u2013 universaalne reisadapter - Kruze.ee","isPartOf":{"@id":"https:\/\/kruze.ee\/et\/#website"},"datePublished":"2026-02-06T12:13:25+00:00","dateModified":"2026-03-16T22:08:00+00:00","breadcrumb":{"@id":"https:\/\/kruze.ee\/et\/toode\/skross-world-travel-adapter-muv-micro-universaalne-reisadapter\/#breadcrumb"},"inLanguage":"et","potentialAction":[{"@type":"ReadAction","target":["https:\/\/kruze.ee\/et\/toode\/skross-world-travel-adapter-muv-micro-universaalne-reisadapter\/"]}]},{"@type":"BreadcrumbList","@id":"https:\/\/kruze.ee\/et\/toode\/skross-world-travel-adapter-muv-micro-universaalne-reisadapter\/#breadcrumb","itemListElement":[{"@type":"ListItem","position":1,"name":"Home","item":"https:\/\/kruze.ee\/et\/"},{"@type":"ListItem","position":2,"name":"Tooted","item":"https:\/\/kruze.ee\/et\/tooted\/"},{"@type":"ListItem","position":3,"name":"SKROSS World Travel Adapter MUV Micro \u2013 universaalne reisadapter"}]},{"@type":"WebSite","@id":"https:\/\/kruze.ee\/et\/#website","url":"https:\/\/kruze.ee\/et\/","name":"Kruze.ee","description":"Reklaamkingitused, tr&uuml;kiga T-s&auml;rgid, fliisid, dressipluused, tekstiil, joped ja paljud teised logoga meened, &Auml;rikingitused sinu partnerile! Telli juba t&auml;na.","potentialAction":[{"@type":"SearchAction","target":{"@type":"EntryPoint","urlTemplate":"https:\/\/kruze.ee\/et\/?s={search_term_string}"},"query-input":{"@type":"PropertyValueSpecification","valueRequired":true,"valueName":"search_term_string"}}],"inLanguage":"et"}]}},"_links":{"self":[{"href":"https:\/\/kruze.ee\/et\/wp-json\/wp\/v2\/product\/1443268","targetHints":{"allow":["GET"]}}],"collection":[{"href":"https:\/\/kruze.ee\/et\/wp-json\/wp\/v2\/product"}],"about":[{"href":"https:\/\/kruze.ee\/et\/wp-json\/wp\/v2\/types\/product"}],"wp:attachment":[{"href":"https:\/\/kruze.ee\/et\/wp-json\/wp\/v2\/media?parent=1443268"}],"wp:term":[{"taxonomy":"product_brand","embeddable":true,"href":"https:\/\/kruze.ee\/et\/wp-json\/wp\/v2\/product_brand?post=1443268"},{"taxonomy":"product_cat","embeddable":true,"href":"https:\/\/kruze.ee\/et\/wp-json\/wp\/v2\/product_cat?post=1443268"},{"taxonomy":"product_tag","embeddable":true,"href":"https:\/\/kruze.ee\/et\/wp-json\/wp\/v2\/product_tag?post=1443268"}],"curies":[{"name":"wp","href":"https:\/\/api.w.org\/{rel}","templated":true}]}}