{"id":1443254,"date":"2026-02-05T17:58:32","date_gmt":"2026-02-05T14:58:32","guid":{"rendered":"https:\/\/kruze.ee\/product\/vinga-erie-rcs-taaskasutatud-roostevabast-terasest-vajutusmehhanismiga-termokruus-350-ml\/"},"modified":"2026-03-17T01:47:31","modified_gmt":"2026-03-16T22:47:31","slug":"vinga-erie-rcs-taaskasutatud-roostevabast-terasest-vajutusmehhanismiga-termokruus-350-ml","status":"publish","type":"product","link":"https:\/\/kruze.ee\/et\/toode\/vinga-erie-rcs-taaskasutatud-roostevabast-terasest-vajutusmehhanismiga-termokruus-350-ml\/","title":{"rendered":"VINGA Erie RCS taaskasutatud roostevabast terasest vajutusmehhanismiga termokruus 350 ml"},"content":{"rendered":"<p>Taaskasutatud roostevabast terasest valmistatud Erie on ideaalne termokruus mugavaks kasutamiseks liikvel olles. Lihtne, kuid funktsionaalne disain teeb sellest t\u00e4iusliku kaaslase igap\u00e4evasteks toimetusteks. Innovaatiline kl\u00f5psuga kaas ehk \u00fclaosas paiknev praktiline vajutusnupp v\u00f5imaldab mugavat \u00fche k\u00e4ega kasutamist. Erie hoiab joogid k\u00fclmana kuni 15 tundi ja soojana kuni 5 tundi. Lekkekindel. Ei sobi n\u00f5udepesumasinasse ega mikrolaineahju \u2013 ainult k\u00e4sipesu. Komplektis FSC\u00ae-sertifikaadiga kraftpakend. RCS (Recycled Claim Standard) sertifikaat tagab, et kogu taaskasutatud materjalide tarneahel on sertifitseeritud. Taaskasutatud materjali osakaal p\u00f5hineb toote kogukaalul. Toode sisaldab 58% RCS-sertifikaadiga taaskasutatud roostevaba terast.<\/p>\n","protected":false},"excerpt":{"rendered":"<p>Taaskasutatud roostevabast terasest valmistatud Erie on ideaalne termokruus mugavaks kasutamiseks liikvel olles. Lihtne, kuid funktsionaalne disain teeb&#8230;<\/p>\n","protected":false},"featured_media":0,"template":"","meta":[],"product_brand":[],"product_cat":[15071],"product_tag":[],"class_list":{"0":"post-1443254","1":"product","2":"type-product","3":"status-publish","5":"product_cat-termoskruusid","6":"pa_brand-vinga-2","7":"pa_color-hall","8":"pa_color-hobe","9":"pa_color-black-2","10":"pa_color-roheline","11":"pa_color-tumesinine","12":"pa_color-valge","13":"pa_gender-uniseks","14":"pa_gender-unisex","17":"pa_material-recycled-stainless-steel","19":"first","20":"instock","21":"taxable","22":"shipping-taxable","23":"purchasable","24":"product-type-variable"},"acf":[],"yoast_head":"<!-- This site is optimized with the Yoast SEO plugin v26.0 - https:\/\/yoast.com\/wordpress\/plugins\/seo\/ -->\n<title>VINGA Erie RCS taaskasutatud roostevabast terasest vajutusmehhanismiga termokruus 350 ml - Kruze.ee<\/title>\n<meta name=\"robots\" content=\"index, follow, max-snippet:-1, max-image-preview:large, max-video-preview:-1\" \/>\n<link rel=\"canonical\" href=\"https:\/\/kruze.ee\/et\/toode\/vinga-erie-rcs-taaskasutatud-roostevabast-terasest-vajutusmehhanismiga-termokruus-350-ml\/\" \/>\n<meta property=\"og:locale\" content=\"et_EE\" \/>\n<meta property=\"og:type\" content=\"article\" \/>\n<meta property=\"og:title\" content=\"VINGA Erie RCS taaskasutatud roostevabast terasest vajutusmehhanismiga termokruus 350 ml - Kruze.ee\" \/>\n<meta property=\"og:description\" content=\"Taaskasutatud roostevabast terasest valmistatud Erie on ideaalne termokruus mugavaks kasutamiseks liikvel olles. Lihtne, kuid funktsionaalne disain teeb...\" \/>\n<meta property=\"og:url\" content=\"https:\/\/kruze.ee\/et\/toode\/vinga-erie-rcs-taaskasutatud-roostevabast-terasest-vajutusmehhanismiga-termokruus-350-ml\/\" \/>\n<meta property=\"og:site_name\" content=\"Kruze.ee\" \/>\n<meta property=\"article:modified_time\" content=\"2026-03-16T22:47:31+00:00\" \/>\n<meta name=\"twitter:card\" content=\"summary_large_image\" \/>\n<script type=\"application\/ld+json\" class=\"yoast-schema-graph\">{\"@context\":\"https:\/\/schema.org\",\"@graph\":[{\"@type\":\"WebPage\",\"@id\":\"https:\/\/kruze.ee\/et\/toode\/vinga-erie-rcs-taaskasutatud-roostevabast-terasest-vajutusmehhanismiga-termokruus-350-ml\/\",\"url\":\"https:\/\/kruze.ee\/et\/toode\/vinga-erie-rcs-taaskasutatud-roostevabast-terasest-vajutusmehhanismiga-termokruus-350-ml\/\",\"name\":\"VINGA Erie RCS taaskasutatud roostevabast terasest vajutusmehhanismiga termokruus 350 ml - Kruze.ee\",\"isPartOf\":{\"@id\":\"https:\/\/kruze.ee\/et\/#website\"},\"datePublished\":\"2026-02-05T14:58:32+00:00\",\"dateModified\":\"2026-03-16T22:47:31+00:00\",\"breadcrumb\":{\"@id\":\"https:\/\/kruze.ee\/et\/toode\/vinga-erie-rcs-taaskasutatud-roostevabast-terasest-vajutusmehhanismiga-termokruus-350-ml\/#breadcrumb\"},\"inLanguage\":\"et\",\"potentialAction\":[{\"@type\":\"ReadAction\",\"target\":[\"https:\/\/kruze.ee\/et\/toode\/vinga-erie-rcs-taaskasutatud-roostevabast-terasest-vajutusmehhanismiga-termokruus-350-ml\/\"]}]},{\"@type\":\"BreadcrumbList\",\"@id\":\"https:\/\/kruze.ee\/et\/toode\/vinga-erie-rcs-taaskasutatud-roostevabast-terasest-vajutusmehhanismiga-termokruus-350-ml\/#breadcrumb\",\"itemListElement\":[{\"@type\":\"ListItem\",\"position\":1,\"name\":\"Home\",\"item\":\"https:\/\/kruze.ee\/et\/\"},{\"@type\":\"ListItem\",\"position\":2,\"name\":\"Tooted\",\"item\":\"https:\/\/kruze.ee\/et\/tooted\/\"},{\"@type\":\"ListItem\",\"position\":3,\"name\":\"VINGA Erie RCS taaskasutatud roostevabast terasest vajutusmehhanismiga termokruus 350 ml\"}]},{\"@type\":\"WebSite\",\"@id\":\"https:\/\/kruze.ee\/et\/#website\",\"url\":\"https:\/\/kruze.ee\/et\/\",\"name\":\"Kruze.ee\",\"description\":\"Reklaamkingitused, tr&uuml;kiga T-s&auml;rgid, fliisid, dressipluused, tekstiil, joped ja paljud teised logoga meened, &Auml;rikingitused sinu partnerile! Telli juba t&auml;na.\",\"potentialAction\":[{\"@type\":\"SearchAction\",\"target\":{\"@type\":\"EntryPoint\",\"urlTemplate\":\"https:\/\/kruze.ee\/et\/?s={search_term_string}\"},\"query-input\":{\"@type\":\"PropertyValueSpecification\",\"valueRequired\":true,\"valueName\":\"search_term_string\"}}],\"inLanguage\":\"et\"}]}<\/script>\n<!-- \/ Yoast SEO plugin. -->","yoast_head_json":{"title":"VINGA Erie RCS taaskasutatud roostevabast terasest vajutusmehhanismiga termokruus 350 ml - Kruze.ee","robots":{"index":"index","follow":"follow","max-snippet":"max-snippet:-1","max-image-preview":"max-image-preview:large","max-video-preview":"max-video-preview:-1"},"canonical":"https:\/\/kruze.ee\/et\/toode\/vinga-erie-rcs-taaskasutatud-roostevabast-terasest-vajutusmehhanismiga-termokruus-350-ml\/","og_locale":"et_EE","og_type":"article","og_title":"VINGA Erie RCS taaskasutatud roostevabast terasest vajutusmehhanismiga termokruus 350 ml - Kruze.ee","og_description":"Taaskasutatud roostevabast terasest valmistatud Erie on ideaalne termokruus mugavaks kasutamiseks liikvel olles. Lihtne, kuid funktsionaalne disain teeb...","og_url":"https:\/\/kruze.ee\/et\/toode\/vinga-erie-rcs-taaskasutatud-roostevabast-terasest-vajutusmehhanismiga-termokruus-350-ml\/","og_site_name":"Kruze.ee","article_modified_time":"2026-03-16T22:47:31+00:00","twitter_card":"summary_large_image","schema":{"@context":"https:\/\/schema.org","@graph":[{"@type":"WebPage","@id":"https:\/\/kruze.ee\/et\/toode\/vinga-erie-rcs-taaskasutatud-roostevabast-terasest-vajutusmehhanismiga-termokruus-350-ml\/","url":"https:\/\/kruze.ee\/et\/toode\/vinga-erie-rcs-taaskasutatud-roostevabast-terasest-vajutusmehhanismiga-termokruus-350-ml\/","name":"VINGA Erie RCS taaskasutatud roostevabast terasest vajutusmehhanismiga termokruus 350 ml - Kruze.ee","isPartOf":{"@id":"https:\/\/kruze.ee\/et\/#website"},"datePublished":"2026-02-05T14:58:32+00:00","dateModified":"2026-03-16T22:47:31+00:00","breadcrumb":{"@id":"https:\/\/kruze.ee\/et\/toode\/vinga-erie-rcs-taaskasutatud-roostevabast-terasest-vajutusmehhanismiga-termokruus-350-ml\/#breadcrumb"},"inLanguage":"et","potentialAction":[{"@type":"ReadAction","target":["https:\/\/kruze.ee\/et\/toode\/vinga-erie-rcs-taaskasutatud-roostevabast-terasest-vajutusmehhanismiga-termokruus-350-ml\/"]}]},{"@type":"BreadcrumbList","@id":"https:\/\/kruze.ee\/et\/toode\/vinga-erie-rcs-taaskasutatud-roostevabast-terasest-vajutusmehhanismiga-termokruus-350-ml\/#breadcrumb","itemListElement":[{"@type":"ListItem","position":1,"name":"Home","item":"https:\/\/kruze.ee\/et\/"},{"@type":"ListItem","position":2,"name":"Tooted","item":"https:\/\/kruze.ee\/et\/tooted\/"},{"@type":"ListItem","position":3,"name":"VINGA Erie RCS taaskasutatud roostevabast terasest vajutusmehhanismiga termokruus 350 ml"}]},{"@type":"WebSite","@id":"https:\/\/kruze.ee\/et\/#website","url":"https:\/\/kruze.ee\/et\/","name":"Kruze.ee","description":"Reklaamkingitused, tr&uuml;kiga T-s&auml;rgid, fliisid, dressipluused, tekstiil, joped ja paljud teised logoga meened, &Auml;rikingitused sinu partnerile! Telli juba t&auml;na.","potentialAction":[{"@type":"SearchAction","target":{"@type":"EntryPoint","urlTemplate":"https:\/\/kruze.ee\/et\/?s={search_term_string}"},"query-input":{"@type":"PropertyValueSpecification","valueRequired":true,"valueName":"search_term_string"}}],"inLanguage":"et"}]}},"_links":{"self":[{"href":"https:\/\/kruze.ee\/et\/wp-json\/wp\/v2\/product\/1443254","targetHints":{"allow":["GET"]}}],"collection":[{"href":"https:\/\/kruze.ee\/et\/wp-json\/wp\/v2\/product"}],"about":[{"href":"https:\/\/kruze.ee\/et\/wp-json\/wp\/v2\/types\/product"}],"wp:attachment":[{"href":"https:\/\/kruze.ee\/et\/wp-json\/wp\/v2\/media?parent=1443254"}],"wp:term":[{"taxonomy":"product_brand","embeddable":true,"href":"https:\/\/kruze.ee\/et\/wp-json\/wp\/v2\/product_brand?post=1443254"},{"taxonomy":"product_cat","embeddable":true,"href":"https:\/\/kruze.ee\/et\/wp-json\/wp\/v2\/product_cat?post=1443254"},{"taxonomy":"product_tag","embeddable":true,"href":"https:\/\/kruze.ee\/et\/wp-json\/wp\/v2\/product_tag?post=1443254"}],"curies":[{"name":"wp","href":"https:\/\/api.w.org\/{rel}","templated":true}]}}