{"id":1443242,"date":"2026-02-05T17:55:21","date_gmt":"2026-02-05T14:55:21","guid":{"rendered":"https:\/\/kruze.ee\/product\/xd-collection-simplistic-antimikroobse-kattega-kohvitermoskruus\/"},"modified":"2026-03-17T00:52:16","modified_gmt":"2026-03-16T21:52:16","slug":"xd-collection-simplistic-antimikroobse-kattega-kohvitermoskruus","status":"publish","type":"product","link":"https:\/\/kruze.ee\/et\/toode\/xd-collection-simplistic-antimikroobse-kattega-kohvitermoskruus\/","title":{"rendered":"XD Collection Simplistic antimikroobse kattega kohvitermoskruus"},"content":{"rendered":"<p>See minimalistliku disainiga roostevabast terasest termokruus ei ole mitte ainult esteetiliselt kaunis, vaid on kaitstud ka Biomaster antimikroobse tehnoloogiaga, mis pakub t\u00e4iendavat kaitset kahjulike bakterite vastu. Nii korpus kui ka kaas on t\u00f6\u00f6deldud ning kaitseaine asub materjali sees, mitte pinnal, tagades p\u00fcsiva kaitse. Toode on testitud vastavalt ISO 22196 standardile antimikroobse toime t\u00f5endamiseks. Biomaster ei m\u00f5juta toote taaskasutatavust. Lisaks sisaldab toode Verimasteri unikaalset j\u00e4litusmarkerit, mis on materjali sisse integreeritud ja t\u00f5endab Biomasteri kasutamist. Suletava kaanega. Sisemine osa PP-plastikust, v\u00e4limine osa roostevabast terasest. Maht 250 ml. BPA-vaba.<\/p>\n","protected":false},"excerpt":{"rendered":"<p>See minimalistliku disainiga roostevabast terasest termokruus ei ole mitte ainult esteetiliselt kaunis, vaid on kaitstud ka Biomaster antimikroobse&#8230;<\/p>\n","protected":false},"featured_media":0,"template":"","meta":[],"product_brand":[],"product_cat":[15071],"product_tag":[],"class_list":{"0":"post-1443242","1":"product","2":"type-product","3":"status-publish","5":"product_cat-termoskruusid","6":"pa_gender-uniseks","7":"pa_gender-unisex","11":"first","12":"instock","13":"purchasable","14":"product-type-simple"},"acf":[],"yoast_head":"<!-- This site is optimized with the Yoast SEO plugin v26.0 - https:\/\/yoast.com\/wordpress\/plugins\/seo\/ -->\n<title>XD Collection Simplistic antimikroobse kattega kohvitermoskruus - Kruze.ee<\/title>\n<meta name=\"robots\" content=\"index, follow, max-snippet:-1, max-image-preview:large, max-video-preview:-1\" \/>\n<link rel=\"canonical\" href=\"https:\/\/kruze.ee\/et\/toode\/xd-collection-simplistic-antimikroobse-kattega-kohvitermoskruus\/\" \/>\n<meta property=\"og:locale\" content=\"et_EE\" \/>\n<meta property=\"og:type\" content=\"article\" \/>\n<meta property=\"og:title\" content=\"XD Collection Simplistic antimikroobse kattega kohvitermoskruus - Kruze.ee\" \/>\n<meta property=\"og:description\" content=\"See minimalistliku disainiga roostevabast terasest termokruus ei ole mitte ainult esteetiliselt kaunis, vaid on kaitstud ka Biomaster antimikroobse...\" \/>\n<meta property=\"og:url\" content=\"https:\/\/kruze.ee\/et\/toode\/xd-collection-simplistic-antimikroobse-kattega-kohvitermoskruus\/\" \/>\n<meta property=\"og:site_name\" content=\"Kruze.ee\" \/>\n<meta property=\"article:modified_time\" content=\"2026-03-16T21:52:16+00:00\" \/>\n<meta name=\"twitter:card\" content=\"summary_large_image\" \/>\n<script type=\"application\/ld+json\" class=\"yoast-schema-graph\">{\"@context\":\"https:\/\/schema.org\",\"@graph\":[{\"@type\":\"WebPage\",\"@id\":\"https:\/\/kruze.ee\/et\/toode\/xd-collection-simplistic-antimikroobse-kattega-kohvitermoskruus\/\",\"url\":\"https:\/\/kruze.ee\/et\/toode\/xd-collection-simplistic-antimikroobse-kattega-kohvitermoskruus\/\",\"name\":\"XD Collection Simplistic antimikroobse kattega kohvitermoskruus - Kruze.ee\",\"isPartOf\":{\"@id\":\"https:\/\/kruze.ee\/et\/#website\"},\"datePublished\":\"2026-02-05T14:55:21+00:00\",\"dateModified\":\"2026-03-16T21:52:16+00:00\",\"breadcrumb\":{\"@id\":\"https:\/\/kruze.ee\/et\/toode\/xd-collection-simplistic-antimikroobse-kattega-kohvitermoskruus\/#breadcrumb\"},\"inLanguage\":\"et\",\"potentialAction\":[{\"@type\":\"ReadAction\",\"target\":[\"https:\/\/kruze.ee\/et\/toode\/xd-collection-simplistic-antimikroobse-kattega-kohvitermoskruus\/\"]}]},{\"@type\":\"BreadcrumbList\",\"@id\":\"https:\/\/kruze.ee\/et\/toode\/xd-collection-simplistic-antimikroobse-kattega-kohvitermoskruus\/#breadcrumb\",\"itemListElement\":[{\"@type\":\"ListItem\",\"position\":1,\"name\":\"Home\",\"item\":\"https:\/\/kruze.ee\/et\/\"},{\"@type\":\"ListItem\",\"position\":2,\"name\":\"Tooted\",\"item\":\"https:\/\/kruze.ee\/et\/tooted\/\"},{\"@type\":\"ListItem\",\"position\":3,\"name\":\"XD Collection Simplistic antimikroobse kattega kohvitermoskruus\"}]},{\"@type\":\"WebSite\",\"@id\":\"https:\/\/kruze.ee\/et\/#website\",\"url\":\"https:\/\/kruze.ee\/et\/\",\"name\":\"Kruze.ee\",\"description\":\"Reklaamkingitused, tr&uuml;kiga T-s&auml;rgid, fliisid, dressipluused, tekstiil, joped ja paljud teised logoga meened, &Auml;rikingitused sinu partnerile! Telli juba t&auml;na.\",\"potentialAction\":[{\"@type\":\"SearchAction\",\"target\":{\"@type\":\"EntryPoint\",\"urlTemplate\":\"https:\/\/kruze.ee\/et\/?s={search_term_string}\"},\"query-input\":{\"@type\":\"PropertyValueSpecification\",\"valueRequired\":true,\"valueName\":\"search_term_string\"}}],\"inLanguage\":\"et\"}]}<\/script>\n<!-- \/ Yoast SEO plugin. -->","yoast_head_json":{"title":"XD Collection Simplistic antimikroobse kattega kohvitermoskruus - Kruze.ee","robots":{"index":"index","follow":"follow","max-snippet":"max-snippet:-1","max-image-preview":"max-image-preview:large","max-video-preview":"max-video-preview:-1"},"canonical":"https:\/\/kruze.ee\/et\/toode\/xd-collection-simplistic-antimikroobse-kattega-kohvitermoskruus\/","og_locale":"et_EE","og_type":"article","og_title":"XD Collection Simplistic antimikroobse kattega kohvitermoskruus - Kruze.ee","og_description":"See minimalistliku disainiga roostevabast terasest termokruus ei ole mitte ainult esteetiliselt kaunis, vaid on kaitstud ka Biomaster antimikroobse...","og_url":"https:\/\/kruze.ee\/et\/toode\/xd-collection-simplistic-antimikroobse-kattega-kohvitermoskruus\/","og_site_name":"Kruze.ee","article_modified_time":"2026-03-16T21:52:16+00:00","twitter_card":"summary_large_image","schema":{"@context":"https:\/\/schema.org","@graph":[{"@type":"WebPage","@id":"https:\/\/kruze.ee\/et\/toode\/xd-collection-simplistic-antimikroobse-kattega-kohvitermoskruus\/","url":"https:\/\/kruze.ee\/et\/toode\/xd-collection-simplistic-antimikroobse-kattega-kohvitermoskruus\/","name":"XD Collection Simplistic antimikroobse kattega kohvitermoskruus - Kruze.ee","isPartOf":{"@id":"https:\/\/kruze.ee\/et\/#website"},"datePublished":"2026-02-05T14:55:21+00:00","dateModified":"2026-03-16T21:52:16+00:00","breadcrumb":{"@id":"https:\/\/kruze.ee\/et\/toode\/xd-collection-simplistic-antimikroobse-kattega-kohvitermoskruus\/#breadcrumb"},"inLanguage":"et","potentialAction":[{"@type":"ReadAction","target":["https:\/\/kruze.ee\/et\/toode\/xd-collection-simplistic-antimikroobse-kattega-kohvitermoskruus\/"]}]},{"@type":"BreadcrumbList","@id":"https:\/\/kruze.ee\/et\/toode\/xd-collection-simplistic-antimikroobse-kattega-kohvitermoskruus\/#breadcrumb","itemListElement":[{"@type":"ListItem","position":1,"name":"Home","item":"https:\/\/kruze.ee\/et\/"},{"@type":"ListItem","position":2,"name":"Tooted","item":"https:\/\/kruze.ee\/et\/tooted\/"},{"@type":"ListItem","position":3,"name":"XD Collection Simplistic antimikroobse kattega kohvitermoskruus"}]},{"@type":"WebSite","@id":"https:\/\/kruze.ee\/et\/#website","url":"https:\/\/kruze.ee\/et\/","name":"Kruze.ee","description":"Reklaamkingitused, tr&uuml;kiga T-s&auml;rgid, fliisid, dressipluused, tekstiil, joped ja paljud teised logoga meened, &Auml;rikingitused sinu partnerile! Telli juba t&auml;na.","potentialAction":[{"@type":"SearchAction","target":{"@type":"EntryPoint","urlTemplate":"https:\/\/kruze.ee\/et\/?s={search_term_string}"},"query-input":{"@type":"PropertyValueSpecification","valueRequired":true,"valueName":"search_term_string"}}],"inLanguage":"et"}]}},"_links":{"self":[{"href":"https:\/\/kruze.ee\/et\/wp-json\/wp\/v2\/product\/1443242","targetHints":{"allow":["GET"]}}],"collection":[{"href":"https:\/\/kruze.ee\/et\/wp-json\/wp\/v2\/product"}],"about":[{"href":"https:\/\/kruze.ee\/et\/wp-json\/wp\/v2\/types\/product"}],"wp:attachment":[{"href":"https:\/\/kruze.ee\/et\/wp-json\/wp\/v2\/media?parent=1443242"}],"wp:term":[{"taxonomy":"product_brand","embeddable":true,"href":"https:\/\/kruze.ee\/et\/wp-json\/wp\/v2\/product_brand?post=1443242"},{"taxonomy":"product_cat","embeddable":true,"href":"https:\/\/kruze.ee\/et\/wp-json\/wp\/v2\/product_cat?post=1443242"},{"taxonomy":"product_tag","embeddable":true,"href":"https:\/\/kruze.ee\/et\/wp-json\/wp\/v2\/product_tag?post=1443242"}],"curies":[{"name":"wp","href":"https:\/\/api.w.org\/{rel}","templated":true}]}}