{"id":1443240,"date":"2026-02-05T17:55:19","date_gmt":"2026-02-05T14:55:19","guid":{"rendered":"https:\/\/kruze.ee\/product\/xd-design-dia-termoskrus\/"},"modified":"2026-03-17T00:52:16","modified_gmt":"2026-03-16T21:52:16","slug":"xd-design-dia-termoskrus","status":"publish","type":"product","link":"https:\/\/kruze.ee\/et\/toode\/xd-design-dia-termoskrus\/","title":{"rendered":"XD Design Dia termoskrus"},"content":{"rendered":"<p>Dia on kahekordse seinaga termokruus, mille sisemine kiht on valmistatud vastupidavast 304 roostevabast terasest. Kahekordne sein ja liugkaan v\u00f5imaldavad mugavalt kaasas kanda nii kuumi kui k\u00fclmi jooke mahuga kuni 350 ml. Dia on disainitud nii, et seda on lihtne osadeks v\u00f5tta ja taaskasutusse suunata, aidates sellega panustada puhtamasse maailma. BPA-vaba ja sobib k\u00e4sipesuks. Registreeritud disain\u00ae.<\/p>\n","protected":false},"excerpt":{"rendered":"<p>Dia on kahekordse seinaga termokruus, mille sisemine kiht on valmistatud vastupidavast 304 roostevabast terasest. Kahekordne sein ja liugkaan v\u00f5imaldavad&#8230;<\/p>\n","protected":false},"featured_media":0,"template":"","meta":[],"product_brand":[],"product_cat":[15071],"product_tag":[],"class_list":{"0":"post-1443240","1":"product","2":"type-product","3":"status-publish","5":"product_cat-termoskruusid","6":"pa_gender-uniseks","7":"pa_gender-unisex","11":"first","12":"instock","13":"purchasable","14":"product-type-simple"},"acf":[],"yoast_head":"<!-- This site is optimized with the Yoast SEO plugin v26.0 - https:\/\/yoast.com\/wordpress\/plugins\/seo\/ -->\n<title>XD Design Dia termoskrus - Kruze.ee<\/title>\n<meta name=\"robots\" content=\"index, follow, max-snippet:-1, max-image-preview:large, max-video-preview:-1\" \/>\n<link rel=\"canonical\" href=\"https:\/\/kruze.ee\/et\/toode\/xd-design-dia-termoskrus\/\" \/>\n<meta property=\"og:locale\" content=\"et_EE\" \/>\n<meta property=\"og:type\" content=\"article\" \/>\n<meta property=\"og:title\" content=\"XD Design Dia termoskrus - Kruze.ee\" \/>\n<meta property=\"og:description\" content=\"Dia on kahekordse seinaga termokruus, mille sisemine kiht on valmistatud vastupidavast 304 roostevabast terasest. Kahekordne sein ja liugkaan v\u00f5imaldavad...\" \/>\n<meta property=\"og:url\" content=\"https:\/\/kruze.ee\/et\/toode\/xd-design-dia-termoskrus\/\" \/>\n<meta property=\"og:site_name\" content=\"Kruze.ee\" \/>\n<meta property=\"article:modified_time\" content=\"2026-03-16T21:52:16+00:00\" \/>\n<meta name=\"twitter:card\" content=\"summary_large_image\" \/>\n<script type=\"application\/ld+json\" class=\"yoast-schema-graph\">{\"@context\":\"https:\/\/schema.org\",\"@graph\":[{\"@type\":\"WebPage\",\"@id\":\"https:\/\/kruze.ee\/et\/toode\/xd-design-dia-termoskrus\/\",\"url\":\"https:\/\/kruze.ee\/et\/toode\/xd-design-dia-termoskrus\/\",\"name\":\"XD Design Dia termoskrus - Kruze.ee\",\"isPartOf\":{\"@id\":\"https:\/\/kruze.ee\/et\/#website\"},\"datePublished\":\"2026-02-05T14:55:19+00:00\",\"dateModified\":\"2026-03-16T21:52:16+00:00\",\"breadcrumb\":{\"@id\":\"https:\/\/kruze.ee\/et\/toode\/xd-design-dia-termoskrus\/#breadcrumb\"},\"inLanguage\":\"et\",\"potentialAction\":[{\"@type\":\"ReadAction\",\"target\":[\"https:\/\/kruze.ee\/et\/toode\/xd-design-dia-termoskrus\/\"]}]},{\"@type\":\"BreadcrumbList\",\"@id\":\"https:\/\/kruze.ee\/et\/toode\/xd-design-dia-termoskrus\/#breadcrumb\",\"itemListElement\":[{\"@type\":\"ListItem\",\"position\":1,\"name\":\"Home\",\"item\":\"https:\/\/kruze.ee\/et\/\"},{\"@type\":\"ListItem\",\"position\":2,\"name\":\"Tooted\",\"item\":\"https:\/\/kruze.ee\/et\/tooted\/\"},{\"@type\":\"ListItem\",\"position\":3,\"name\":\"XD Design Dia termoskrus\"}]},{\"@type\":\"WebSite\",\"@id\":\"https:\/\/kruze.ee\/et\/#website\",\"url\":\"https:\/\/kruze.ee\/et\/\",\"name\":\"Kruze.ee\",\"description\":\"Reklaamkingitused, tr&uuml;kiga T-s&auml;rgid, fliisid, dressipluused, tekstiil, joped ja paljud teised logoga meened, &Auml;rikingitused sinu partnerile! Telli juba t&auml;na.\",\"potentialAction\":[{\"@type\":\"SearchAction\",\"target\":{\"@type\":\"EntryPoint\",\"urlTemplate\":\"https:\/\/kruze.ee\/et\/?s={search_term_string}\"},\"query-input\":{\"@type\":\"PropertyValueSpecification\",\"valueRequired\":true,\"valueName\":\"search_term_string\"}}],\"inLanguage\":\"et\"}]}<\/script>\n<!-- \/ Yoast SEO plugin. -->","yoast_head_json":{"title":"XD Design Dia termoskrus - Kruze.ee","robots":{"index":"index","follow":"follow","max-snippet":"max-snippet:-1","max-image-preview":"max-image-preview:large","max-video-preview":"max-video-preview:-1"},"canonical":"https:\/\/kruze.ee\/et\/toode\/xd-design-dia-termoskrus\/","og_locale":"et_EE","og_type":"article","og_title":"XD Design Dia termoskrus - Kruze.ee","og_description":"Dia on kahekordse seinaga termokruus, mille sisemine kiht on valmistatud vastupidavast 304 roostevabast terasest. Kahekordne sein ja liugkaan v\u00f5imaldavad...","og_url":"https:\/\/kruze.ee\/et\/toode\/xd-design-dia-termoskrus\/","og_site_name":"Kruze.ee","article_modified_time":"2026-03-16T21:52:16+00:00","twitter_card":"summary_large_image","schema":{"@context":"https:\/\/schema.org","@graph":[{"@type":"WebPage","@id":"https:\/\/kruze.ee\/et\/toode\/xd-design-dia-termoskrus\/","url":"https:\/\/kruze.ee\/et\/toode\/xd-design-dia-termoskrus\/","name":"XD Design Dia termoskrus - Kruze.ee","isPartOf":{"@id":"https:\/\/kruze.ee\/et\/#website"},"datePublished":"2026-02-05T14:55:19+00:00","dateModified":"2026-03-16T21:52:16+00:00","breadcrumb":{"@id":"https:\/\/kruze.ee\/et\/toode\/xd-design-dia-termoskrus\/#breadcrumb"},"inLanguage":"et","potentialAction":[{"@type":"ReadAction","target":["https:\/\/kruze.ee\/et\/toode\/xd-design-dia-termoskrus\/"]}]},{"@type":"BreadcrumbList","@id":"https:\/\/kruze.ee\/et\/toode\/xd-design-dia-termoskrus\/#breadcrumb","itemListElement":[{"@type":"ListItem","position":1,"name":"Home","item":"https:\/\/kruze.ee\/et\/"},{"@type":"ListItem","position":2,"name":"Tooted","item":"https:\/\/kruze.ee\/et\/tooted\/"},{"@type":"ListItem","position":3,"name":"XD Design Dia termoskrus"}]},{"@type":"WebSite","@id":"https:\/\/kruze.ee\/et\/#website","url":"https:\/\/kruze.ee\/et\/","name":"Kruze.ee","description":"Reklaamkingitused, tr&uuml;kiga T-s&auml;rgid, fliisid, dressipluused, tekstiil, joped ja paljud teised logoga meened, &Auml;rikingitused sinu partnerile! Telli juba t&auml;na.","potentialAction":[{"@type":"SearchAction","target":{"@type":"EntryPoint","urlTemplate":"https:\/\/kruze.ee\/et\/?s={search_term_string}"},"query-input":{"@type":"PropertyValueSpecification","valueRequired":true,"valueName":"search_term_string"}}],"inLanguage":"et"}]}},"_links":{"self":[{"href":"https:\/\/kruze.ee\/et\/wp-json\/wp\/v2\/product\/1443240","targetHints":{"allow":["GET"]}}],"collection":[{"href":"https:\/\/kruze.ee\/et\/wp-json\/wp\/v2\/product"}],"about":[{"href":"https:\/\/kruze.ee\/et\/wp-json\/wp\/v2\/types\/product"}],"wp:attachment":[{"href":"https:\/\/kruze.ee\/et\/wp-json\/wp\/v2\/media?parent=1443240"}],"wp:term":[{"taxonomy":"product_brand","embeddable":true,"href":"https:\/\/kruze.ee\/et\/wp-json\/wp\/v2\/product_brand?post=1443240"},{"taxonomy":"product_cat","embeddable":true,"href":"https:\/\/kruze.ee\/et\/wp-json\/wp\/v2\/product_cat?post=1443240"},{"taxonomy":"product_tag","embeddable":true,"href":"https:\/\/kruze.ee\/et\/wp-json\/wp\/v2\/product_tag?post=1443240"}],"curies":[{"name":"wp","href":"https:\/\/api.w.org\/{rel}","templated":true}]}}