{"id":1443232,"date":"2026-02-05T17:54:20","date_gmt":"2026-02-05T14:54:20","guid":{"rendered":"https:\/\/kruze.ee\/product\/blackblum-termokruus-600ml\/"},"modified":"2026-03-17T00:54:34","modified_gmt":"2026-03-16T21:54:34","slug":"blackblum-termokruus-600ml","status":"publish","type":"product","link":"https:\/\/kruze.ee\/et\/toode\/blackblum-termokruus-600ml\/","title":{"rendered":"Black+Blum termokruus 600ml"},"content":{"rendered":"<p>Valmistatud kvaliteetsest kahekordse seinaga roostevabast terasest \u2013 ideaalne k\u00f5ige jaoks, mida parajasti naudid. Olgu selleks kohv, \u00f5lu, kokteil v\u00f5i tee \u2013 hoiab joogid kuumana kuni 5 tundi ja k\u00fclmana kuni 8 tundi. Kaas on 100% lekkekindel ning avaneb \u00fche k\u00e4ega, mis teeb selle eriti mugavaks liikvel olles ja mitut asja korraga tehes. Lukustatav kaas ning lihtsasti lahtiv\u00f5etav konstruktsioon h\u00f5lbustavad puhastamist. Tugev, vastupidav ja funktsionaalse disainiga termokruus, mis on loodud kestma aastaid. Ainult k\u00e4sipesu.<\/p>\n","protected":false},"excerpt":{"rendered":"<p>Valmistatud kvaliteetsest kahekordse seinaga roostevabast terasest \u2013 ideaalne k\u00f5ige jaoks, mida parajasti naudid. Olgu selleks kohv, \u00f5lu, kokteil v\u00f5i tee \u2013&#8230;<\/p>\n","protected":false},"featured_media":0,"template":"","meta":[],"product_brand":[],"product_cat":[15071],"product_tag":[],"class_list":{"0":"post-1443232","1":"product","2":"type-product","3":"status-publish","5":"product_cat-termoskruusid","6":"pa_brand-black-blum","7":"pa_color-oranz","8":"pa_color-blue-2","9":"pa_gender-uniseks","10":"pa_gender-unisex","13":"pa_material-stainless-steeltritan","15":"first","16":"instock","17":"taxable","18":"shipping-taxable","19":"purchasable","20":"product-type-variable"},"acf":[],"yoast_head":"<!-- This site is optimized with the Yoast SEO plugin v26.0 - https:\/\/yoast.com\/wordpress\/plugins\/seo\/ -->\n<title>Black+Blum termokruus 600ml - Kruze.ee<\/title>\n<meta name=\"robots\" content=\"index, follow, max-snippet:-1, max-image-preview:large, max-video-preview:-1\" \/>\n<link rel=\"canonical\" href=\"https:\/\/kruze.ee\/et\/toode\/blackblum-termokruus-600ml\/\" \/>\n<meta property=\"og:locale\" content=\"et_EE\" \/>\n<meta property=\"og:type\" content=\"article\" \/>\n<meta property=\"og:title\" content=\"Black+Blum termokruus 600ml - Kruze.ee\" \/>\n<meta property=\"og:description\" content=\"Valmistatud kvaliteetsest kahekordse seinaga roostevabast terasest \u2013 ideaalne k\u00f5ige jaoks, mida parajasti naudid. Olgu selleks kohv, \u00f5lu, kokteil v\u00f5i tee \u2013...\" \/>\n<meta property=\"og:url\" content=\"https:\/\/kruze.ee\/et\/toode\/blackblum-termokruus-600ml\/\" \/>\n<meta property=\"og:site_name\" content=\"Kruze.ee\" \/>\n<meta property=\"article:modified_time\" content=\"2026-03-16T21:54:34+00:00\" \/>\n<meta name=\"twitter:card\" content=\"summary_large_image\" \/>\n<script type=\"application\/ld+json\" class=\"yoast-schema-graph\">{\"@context\":\"https:\/\/schema.org\",\"@graph\":[{\"@type\":\"WebPage\",\"@id\":\"https:\/\/kruze.ee\/et\/toode\/blackblum-termokruus-600ml\/\",\"url\":\"https:\/\/kruze.ee\/et\/toode\/blackblum-termokruus-600ml\/\",\"name\":\"Black+Blum termokruus 600ml - Kruze.ee\",\"isPartOf\":{\"@id\":\"https:\/\/kruze.ee\/et\/#website\"},\"datePublished\":\"2026-02-05T14:54:20+00:00\",\"dateModified\":\"2026-03-16T21:54:34+00:00\",\"breadcrumb\":{\"@id\":\"https:\/\/kruze.ee\/et\/toode\/blackblum-termokruus-600ml\/#breadcrumb\"},\"inLanguage\":\"et\",\"potentialAction\":[{\"@type\":\"ReadAction\",\"target\":[\"https:\/\/kruze.ee\/et\/toode\/blackblum-termokruus-600ml\/\"]}]},{\"@type\":\"BreadcrumbList\",\"@id\":\"https:\/\/kruze.ee\/et\/toode\/blackblum-termokruus-600ml\/#breadcrumb\",\"itemListElement\":[{\"@type\":\"ListItem\",\"position\":1,\"name\":\"Home\",\"item\":\"https:\/\/kruze.ee\/et\/\"},{\"@type\":\"ListItem\",\"position\":2,\"name\":\"Tooted\",\"item\":\"https:\/\/kruze.ee\/et\/tooted\/\"},{\"@type\":\"ListItem\",\"position\":3,\"name\":\"Black+Blum termokruus 600ml\"}]},{\"@type\":\"WebSite\",\"@id\":\"https:\/\/kruze.ee\/et\/#website\",\"url\":\"https:\/\/kruze.ee\/et\/\",\"name\":\"Kruze.ee\",\"description\":\"Reklaamkingitused, tr&uuml;kiga T-s&auml;rgid, fliisid, dressipluused, tekstiil, joped ja paljud teised logoga meened, &Auml;rikingitused sinu partnerile! Telli juba t&auml;na.\",\"potentialAction\":[{\"@type\":\"SearchAction\",\"target\":{\"@type\":\"EntryPoint\",\"urlTemplate\":\"https:\/\/kruze.ee\/et\/?s={search_term_string}\"},\"query-input\":{\"@type\":\"PropertyValueSpecification\",\"valueRequired\":true,\"valueName\":\"search_term_string\"}}],\"inLanguage\":\"et\"}]}<\/script>\n<!-- \/ Yoast SEO plugin. -->","yoast_head_json":{"title":"Black+Blum termokruus 600ml - Kruze.ee","robots":{"index":"index","follow":"follow","max-snippet":"max-snippet:-1","max-image-preview":"max-image-preview:large","max-video-preview":"max-video-preview:-1"},"canonical":"https:\/\/kruze.ee\/et\/toode\/blackblum-termokruus-600ml\/","og_locale":"et_EE","og_type":"article","og_title":"Black+Blum termokruus 600ml - Kruze.ee","og_description":"Valmistatud kvaliteetsest kahekordse seinaga roostevabast terasest \u2013 ideaalne k\u00f5ige jaoks, mida parajasti naudid. Olgu selleks kohv, \u00f5lu, kokteil v\u00f5i tee \u2013...","og_url":"https:\/\/kruze.ee\/et\/toode\/blackblum-termokruus-600ml\/","og_site_name":"Kruze.ee","article_modified_time":"2026-03-16T21:54:34+00:00","twitter_card":"summary_large_image","schema":{"@context":"https:\/\/schema.org","@graph":[{"@type":"WebPage","@id":"https:\/\/kruze.ee\/et\/toode\/blackblum-termokruus-600ml\/","url":"https:\/\/kruze.ee\/et\/toode\/blackblum-termokruus-600ml\/","name":"Black+Blum termokruus 600ml - Kruze.ee","isPartOf":{"@id":"https:\/\/kruze.ee\/et\/#website"},"datePublished":"2026-02-05T14:54:20+00:00","dateModified":"2026-03-16T21:54:34+00:00","breadcrumb":{"@id":"https:\/\/kruze.ee\/et\/toode\/blackblum-termokruus-600ml\/#breadcrumb"},"inLanguage":"et","potentialAction":[{"@type":"ReadAction","target":["https:\/\/kruze.ee\/et\/toode\/blackblum-termokruus-600ml\/"]}]},{"@type":"BreadcrumbList","@id":"https:\/\/kruze.ee\/et\/toode\/blackblum-termokruus-600ml\/#breadcrumb","itemListElement":[{"@type":"ListItem","position":1,"name":"Home","item":"https:\/\/kruze.ee\/et\/"},{"@type":"ListItem","position":2,"name":"Tooted","item":"https:\/\/kruze.ee\/et\/tooted\/"},{"@type":"ListItem","position":3,"name":"Black+Blum termokruus 600ml"}]},{"@type":"WebSite","@id":"https:\/\/kruze.ee\/et\/#website","url":"https:\/\/kruze.ee\/et\/","name":"Kruze.ee","description":"Reklaamkingitused, tr&uuml;kiga T-s&auml;rgid, fliisid, dressipluused, tekstiil, joped ja paljud teised logoga meened, &Auml;rikingitused sinu partnerile! Telli juba t&auml;na.","potentialAction":[{"@type":"SearchAction","target":{"@type":"EntryPoint","urlTemplate":"https:\/\/kruze.ee\/et\/?s={search_term_string}"},"query-input":{"@type":"PropertyValueSpecification","valueRequired":true,"valueName":"search_term_string"}}],"inLanguage":"et"}]}},"_links":{"self":[{"href":"https:\/\/kruze.ee\/et\/wp-json\/wp\/v2\/product\/1443232","targetHints":{"allow":["GET"]}}],"collection":[{"href":"https:\/\/kruze.ee\/et\/wp-json\/wp\/v2\/product"}],"about":[{"href":"https:\/\/kruze.ee\/et\/wp-json\/wp\/v2\/types\/product"}],"wp:attachment":[{"href":"https:\/\/kruze.ee\/et\/wp-json\/wp\/v2\/media?parent=1443232"}],"wp:term":[{"taxonomy":"product_brand","embeddable":true,"href":"https:\/\/kruze.ee\/et\/wp-json\/wp\/v2\/product_brand?post=1443232"},{"taxonomy":"product_cat","embeddable":true,"href":"https:\/\/kruze.ee\/et\/wp-json\/wp\/v2\/product_cat?post=1443232"},{"taxonomy":"product_tag","embeddable":true,"href":"https:\/\/kruze.ee\/et\/wp-json\/wp\/v2\/product_tag?post=1443232"}],"curies":[{"name":"wp","href":"https:\/\/api.w.org\/{rel}","templated":true}]}}