{"id":1443224,"date":"2026-02-05T17:54:16","date_gmt":"2026-02-05T14:54:16","guid":{"rendered":"https:\/\/kruze.ee\/product\/avira-alix-rcs-taaskasutatud-roostevabast-terasest-klopskorgiga-termoskruus-400ml\/"},"modified":"2026-03-17T00:54:22","modified_gmt":"2026-03-16T21:54:22","slug":"avira-alix-rcs-taaskasutatud-roostevabast-terasest-klopskorgiga-termoskruus-400ml","status":"publish","type":"product","link":"https:\/\/kruze.ee\/et\/toode\/avira-alix-rcs-taaskasutatud-roostevabast-terasest-klopskorgiga-termoskruus-400ml\/","title":{"rendered":"Avira Alix RCS-taaskasutatud roostevabast terasest kl\u00f5pskorgiga termoskruus 400ml"},"content":{"rendered":"<p>Tutvu Alixiga \u2013 ideaalne kohvikaaslane neile, kes elavad liikuvat elu. \u00dche kl\u00f5psuga ja \u00fche k\u00e4ega avatav mehhanism v\u00f5imaldab kiireid lonkse, muutes selle t\u00e4iuslikuks hommikuseks autos\u00f5iduks v\u00f5i igap\u00e4evaseks t\u00f6\u00f6les\u00f5iduks. Stiilne ja h\u00f5lpsasti puhastatav kaas t\u00e4iendab korpust, mis on valmistatud kvaliteetsest RCS-sertifikaadiga taaskasutatud terasest, \u00fchendades v\u00e4iksema keskkonnam\u00f5ju ja modernse disaini. 400 ml mahutavus on ideaalne sinu lemmik kuumade jookide jaoks. Pakendatud keskkonnas\u00f5bralikku FSC\u00ae-sertifikaadiga kraftkarpi, mis ei ole pelgalt pakend \u2013 sellest saab nutikas telefonihoidja, pliiatsitops v\u00f5i isegi v\u00e4ike lillepott. Taaskasutatud materjali osakaal on 66% toote kogukaalust. 2% iga m\u00fc\u00fcdud Impact-toote tulust annetatakse Water.org organisatsioonile.<\/p>\n","protected":false},"excerpt":{"rendered":"<p>Tutvu Alixiga \u2013 ideaalne kohvikaaslane neile, kes elavad liikuvat elu. \u00dche kl\u00f5psuga ja \u00fche k\u00e4ega avatav mehhanism v\u00f5imaldab kiireid lonkse, muutes selle&#8230;<\/p>\n","protected":false},"featured_media":0,"template":"","meta":[],"product_brand":[],"product_cat":[15071],"product_tag":[],"class_list":{"0":"post-1443224","1":"product","2":"type-product","3":"status-publish","5":"product_cat-termoskruusid","6":"pa_brand-avira-2","7":"pa_color-hobe","8":"pa_color-black-2","9":"pa_color-blue-2","10":"pa_color-valge","11":"pa_gender-uniseks","12":"pa_gender-unisex","15":"pa_material-recycled-stainless-steelpolypropylene","17":"first","18":"instock","19":"taxable","20":"shipping-taxable","21":"purchasable","22":"product-type-variable"},"acf":[],"yoast_head":"<!-- This site is optimized with the Yoast SEO plugin v26.0 - https:\/\/yoast.com\/wordpress\/plugins\/seo\/ -->\n<title>Avira Alix RCS-taaskasutatud roostevabast terasest kl\u00f5pskorgiga termoskruus 400ml - Kruze.ee<\/title>\n<meta name=\"robots\" content=\"index, follow, max-snippet:-1, max-image-preview:large, max-video-preview:-1\" \/>\n<link rel=\"canonical\" href=\"https:\/\/kruze.ee\/et\/toode\/avira-alix-rcs-taaskasutatud-roostevabast-terasest-klopskorgiga-termoskruus-400ml\/\" \/>\n<meta property=\"og:locale\" content=\"et_EE\" \/>\n<meta property=\"og:type\" content=\"article\" \/>\n<meta property=\"og:title\" content=\"Avira Alix RCS-taaskasutatud roostevabast terasest kl\u00f5pskorgiga termoskruus 400ml - Kruze.ee\" \/>\n<meta property=\"og:description\" content=\"Tutvu Alixiga \u2013 ideaalne kohvikaaslane neile, kes elavad liikuvat elu. \u00dche kl\u00f5psuga ja \u00fche k\u00e4ega avatav mehhanism v\u00f5imaldab kiireid lonkse, muutes selle...\" \/>\n<meta property=\"og:url\" content=\"https:\/\/kruze.ee\/et\/toode\/avira-alix-rcs-taaskasutatud-roostevabast-terasest-klopskorgiga-termoskruus-400ml\/\" \/>\n<meta property=\"og:site_name\" content=\"Kruze.ee\" \/>\n<meta property=\"article:modified_time\" content=\"2026-03-16T21:54:22+00:00\" \/>\n<meta name=\"twitter:card\" content=\"summary_large_image\" \/>\n<meta name=\"twitter:label1\" content=\"Est. reading time\" \/>\n\t<meta name=\"twitter:data1\" content=\"1 minut\" \/>\n<script type=\"application\/ld+json\" class=\"yoast-schema-graph\">{\"@context\":\"https:\/\/schema.org\",\"@graph\":[{\"@type\":\"WebPage\",\"@id\":\"https:\/\/kruze.ee\/et\/toode\/avira-alix-rcs-taaskasutatud-roostevabast-terasest-klopskorgiga-termoskruus-400ml\/\",\"url\":\"https:\/\/kruze.ee\/et\/toode\/avira-alix-rcs-taaskasutatud-roostevabast-terasest-klopskorgiga-termoskruus-400ml\/\",\"name\":\"Avira Alix RCS-taaskasutatud roostevabast terasest kl\u00f5pskorgiga termoskruus 400ml - Kruze.ee\",\"isPartOf\":{\"@id\":\"https:\/\/kruze.ee\/et\/#website\"},\"datePublished\":\"2026-02-05T14:54:16+00:00\",\"dateModified\":\"2026-03-16T21:54:22+00:00\",\"breadcrumb\":{\"@id\":\"https:\/\/kruze.ee\/et\/toode\/avira-alix-rcs-taaskasutatud-roostevabast-terasest-klopskorgiga-termoskruus-400ml\/#breadcrumb\"},\"inLanguage\":\"et\",\"potentialAction\":[{\"@type\":\"ReadAction\",\"target\":[\"https:\/\/kruze.ee\/et\/toode\/avira-alix-rcs-taaskasutatud-roostevabast-terasest-klopskorgiga-termoskruus-400ml\/\"]}]},{\"@type\":\"BreadcrumbList\",\"@id\":\"https:\/\/kruze.ee\/et\/toode\/avira-alix-rcs-taaskasutatud-roostevabast-terasest-klopskorgiga-termoskruus-400ml\/#breadcrumb\",\"itemListElement\":[{\"@type\":\"ListItem\",\"position\":1,\"name\":\"Home\",\"item\":\"https:\/\/kruze.ee\/et\/\"},{\"@type\":\"ListItem\",\"position\":2,\"name\":\"Tooted\",\"item\":\"https:\/\/kruze.ee\/et\/tooted\/\"},{\"@type\":\"ListItem\",\"position\":3,\"name\":\"Avira Alix RCS-taaskasutatud roostevabast terasest kl\u00f5pskorgiga termoskruus 400ml\"}]},{\"@type\":\"WebSite\",\"@id\":\"https:\/\/kruze.ee\/et\/#website\",\"url\":\"https:\/\/kruze.ee\/et\/\",\"name\":\"Kruze.ee\",\"description\":\"Reklaamkingitused, tr&uuml;kiga T-s&auml;rgid, fliisid, dressipluused, tekstiil, joped ja paljud teised logoga meened, &Auml;rikingitused sinu partnerile! Telli juba t&auml;na.\",\"potentialAction\":[{\"@type\":\"SearchAction\",\"target\":{\"@type\":\"EntryPoint\",\"urlTemplate\":\"https:\/\/kruze.ee\/et\/?s={search_term_string}\"},\"query-input\":{\"@type\":\"PropertyValueSpecification\",\"valueRequired\":true,\"valueName\":\"search_term_string\"}}],\"inLanguage\":\"et\"}]}<\/script>\n<!-- \/ Yoast SEO plugin. -->","yoast_head_json":{"title":"Avira Alix RCS-taaskasutatud roostevabast terasest kl\u00f5pskorgiga termoskruus 400ml - Kruze.ee","robots":{"index":"index","follow":"follow","max-snippet":"max-snippet:-1","max-image-preview":"max-image-preview:large","max-video-preview":"max-video-preview:-1"},"canonical":"https:\/\/kruze.ee\/et\/toode\/avira-alix-rcs-taaskasutatud-roostevabast-terasest-klopskorgiga-termoskruus-400ml\/","og_locale":"et_EE","og_type":"article","og_title":"Avira Alix RCS-taaskasutatud roostevabast terasest kl\u00f5pskorgiga termoskruus 400ml - Kruze.ee","og_description":"Tutvu Alixiga \u2013 ideaalne kohvikaaslane neile, kes elavad liikuvat elu. \u00dche kl\u00f5psuga ja \u00fche k\u00e4ega avatav mehhanism v\u00f5imaldab kiireid lonkse, muutes selle...","og_url":"https:\/\/kruze.ee\/et\/toode\/avira-alix-rcs-taaskasutatud-roostevabast-terasest-klopskorgiga-termoskruus-400ml\/","og_site_name":"Kruze.ee","article_modified_time":"2026-03-16T21:54:22+00:00","twitter_card":"summary_large_image","twitter_misc":{"Est. reading time":"1 minut"},"schema":{"@context":"https:\/\/schema.org","@graph":[{"@type":"WebPage","@id":"https:\/\/kruze.ee\/et\/toode\/avira-alix-rcs-taaskasutatud-roostevabast-terasest-klopskorgiga-termoskruus-400ml\/","url":"https:\/\/kruze.ee\/et\/toode\/avira-alix-rcs-taaskasutatud-roostevabast-terasest-klopskorgiga-termoskruus-400ml\/","name":"Avira Alix RCS-taaskasutatud roostevabast terasest kl\u00f5pskorgiga termoskruus 400ml - Kruze.ee","isPartOf":{"@id":"https:\/\/kruze.ee\/et\/#website"},"datePublished":"2026-02-05T14:54:16+00:00","dateModified":"2026-03-16T21:54:22+00:00","breadcrumb":{"@id":"https:\/\/kruze.ee\/et\/toode\/avira-alix-rcs-taaskasutatud-roostevabast-terasest-klopskorgiga-termoskruus-400ml\/#breadcrumb"},"inLanguage":"et","potentialAction":[{"@type":"ReadAction","target":["https:\/\/kruze.ee\/et\/toode\/avira-alix-rcs-taaskasutatud-roostevabast-terasest-klopskorgiga-termoskruus-400ml\/"]}]},{"@type":"BreadcrumbList","@id":"https:\/\/kruze.ee\/et\/toode\/avira-alix-rcs-taaskasutatud-roostevabast-terasest-klopskorgiga-termoskruus-400ml\/#breadcrumb","itemListElement":[{"@type":"ListItem","position":1,"name":"Home","item":"https:\/\/kruze.ee\/et\/"},{"@type":"ListItem","position":2,"name":"Tooted","item":"https:\/\/kruze.ee\/et\/tooted\/"},{"@type":"ListItem","position":3,"name":"Avira Alix RCS-taaskasutatud roostevabast terasest kl\u00f5pskorgiga termoskruus 400ml"}]},{"@type":"WebSite","@id":"https:\/\/kruze.ee\/et\/#website","url":"https:\/\/kruze.ee\/et\/","name":"Kruze.ee","description":"Reklaamkingitused, tr&uuml;kiga T-s&auml;rgid, fliisid, dressipluused, tekstiil, joped ja paljud teised logoga meened, &Auml;rikingitused sinu partnerile! Telli juba t&auml;na.","potentialAction":[{"@type":"SearchAction","target":{"@type":"EntryPoint","urlTemplate":"https:\/\/kruze.ee\/et\/?s={search_term_string}"},"query-input":{"@type":"PropertyValueSpecification","valueRequired":true,"valueName":"search_term_string"}}],"inLanguage":"et"}]}},"_links":{"self":[{"href":"https:\/\/kruze.ee\/et\/wp-json\/wp\/v2\/product\/1443224","targetHints":{"allow":["GET"]}}],"collection":[{"href":"https:\/\/kruze.ee\/et\/wp-json\/wp\/v2\/product"}],"about":[{"href":"https:\/\/kruze.ee\/et\/wp-json\/wp\/v2\/types\/product"}],"wp:attachment":[{"href":"https:\/\/kruze.ee\/et\/wp-json\/wp\/v2\/media?parent=1443224"}],"wp:term":[{"taxonomy":"product_brand","embeddable":true,"href":"https:\/\/kruze.ee\/et\/wp-json\/wp\/v2\/product_brand?post=1443224"},{"taxonomy":"product_cat","embeddable":true,"href":"https:\/\/kruze.ee\/et\/wp-json\/wp\/v2\/product_cat?post=1443224"},{"taxonomy":"product_tag","embeddable":true,"href":"https:\/\/kruze.ee\/et\/wp-json\/wp\/v2\/product_tag?post=1443224"}],"curies":[{"name":"wp","href":"https:\/\/api.w.org\/{rel}","templated":true}]}}