{"id":1443206,"date":"2026-02-05T17:54:11","date_gmt":"2026-02-05T14:54:11","guid":{"rendered":"https:\/\/kruze.ee\/product\/avira-avira-alya-rcs-taaskasutatud-roostevabast-terasest-termokruus-300ml\/"},"modified":"2026-03-17T00:54:10","modified_gmt":"2026-03-16T21:54:10","slug":"avira-avira-alya-rcs-taaskasutatud-roostevabast-terasest-termokruus-300ml","status":"publish","type":"product","link":"https:\/\/kruze.ee\/et\/toode\/avira-avira-alya-rcs-taaskasutatud-roostevabast-terasest-termokruus-300ml\/","title":{"rendered":"Avira Avira Alya RCS taaskasutatud roostevabast terasest termokruus 300ml"},"content":{"rendered":"<p>T\u00f5sta oma igap\u00e4evane joomiskogemus uuele tasemele ja t\u00e4ida oma h\u00fcdreerimiseesm\u00e4rgid stiilse Alya termokruusiga. Kahekordse seinaga vaakumisolatsiooniga roostevabast terasest korpus hoiab lemmikjoogi soojana kuni 6 tundi ja v\u00e4rskendava vee k\u00fclmana kuni 8 tundi. P\u00f5hjal on libisemisvastane silikoonpadi. Valmistatud RCS-sertifikaadiga taaskasutatud roostevabast terasest. RCS (Recycled Claim Standard) standard kinnitab taaskasutatud materjali osakaalu kogu tarneahela ulatuses. Taaskasutatud materjali sisaldus on 71% toote kogukaalust. BPA-vaba. Maht 300 ml. Komplektis FSC\u00ae-sertifikaadiga kraftpakend. \u00c4ra viska karpi \u00e4ra \u2013 kasuta seda uuesti n\u00e4iteks telefonihoidja, pliiatsitopsi v\u00f5i lillepotina. 2% iga m\u00fc\u00fcdud Impact-toote tulust annetatakse heategevuseks.<\/p>\n","protected":false},"excerpt":{"rendered":"<p>T\u00f5sta oma igap\u00e4evane joomiskogemus uuele tasemele ja t\u00e4ida oma h\u00fcdreerimiseesm\u00e4rgid stiilse Alya termokruusiga. Kahekordse seinaga vaakumisolatsiooniga&#8230;<\/p>\n","protected":false},"featured_media":0,"template":"","meta":[],"product_brand":[],"product_cat":[15071],"product_tag":[],"class_list":{"0":"post-1443206","1":"product","2":"type-product","3":"status-publish","5":"product_cat-termoskruusid","6":"pa_brand-avira-2","7":"pa_color-hobe","8":"pa_color-purple-2","9":"pa_color-black-2","10":"pa_color-roheline","11":"pa_color-blue-2","12":"pa_color-tumesinine","13":"pa_color-valge","14":"pa_gender-uniseks","15":"pa_gender-unisex","18":"pa_material-recycled-stainless-steelrecycled-polypropylene","20":"first","21":"instock","22":"taxable","23":"shipping-taxable","24":"purchasable","25":"product-type-variable"},"acf":[],"yoast_head":"<!-- This site is optimized with the Yoast SEO plugin v26.0 - https:\/\/yoast.com\/wordpress\/plugins\/seo\/ -->\n<title>Avira Avira Alya RCS taaskasutatud roostevabast terasest termokruus 300ml - Kruze.ee<\/title>\n<meta name=\"robots\" content=\"index, follow, max-snippet:-1, max-image-preview:large, max-video-preview:-1\" \/>\n<link rel=\"canonical\" href=\"https:\/\/kruze.ee\/et\/toode\/avira-avira-alya-rcs-taaskasutatud-roostevabast-terasest-termokruus-300ml\/\" \/>\n<meta property=\"og:locale\" content=\"et_EE\" \/>\n<meta property=\"og:type\" content=\"article\" \/>\n<meta property=\"og:title\" content=\"Avira Avira Alya RCS taaskasutatud roostevabast terasest termokruus 300ml - Kruze.ee\" \/>\n<meta property=\"og:description\" content=\"T\u00f5sta oma igap\u00e4evane joomiskogemus uuele tasemele ja t\u00e4ida oma h\u00fcdreerimiseesm\u00e4rgid stiilse Alya termokruusiga. Kahekordse seinaga vaakumisolatsiooniga...\" \/>\n<meta property=\"og:url\" content=\"https:\/\/kruze.ee\/et\/toode\/avira-avira-alya-rcs-taaskasutatud-roostevabast-terasest-termokruus-300ml\/\" \/>\n<meta property=\"og:site_name\" content=\"Kruze.ee\" \/>\n<meta property=\"article:modified_time\" content=\"2026-03-16T21:54:10+00:00\" \/>\n<meta name=\"twitter:card\" content=\"summary_large_image\" \/>\n<script type=\"application\/ld+json\" class=\"yoast-schema-graph\">{\"@context\":\"https:\/\/schema.org\",\"@graph\":[{\"@type\":\"WebPage\",\"@id\":\"https:\/\/kruze.ee\/et\/toode\/avira-avira-alya-rcs-taaskasutatud-roostevabast-terasest-termokruus-300ml\/\",\"url\":\"https:\/\/kruze.ee\/et\/toode\/avira-avira-alya-rcs-taaskasutatud-roostevabast-terasest-termokruus-300ml\/\",\"name\":\"Avira Avira Alya RCS taaskasutatud roostevabast terasest termokruus 300ml - Kruze.ee\",\"isPartOf\":{\"@id\":\"https:\/\/kruze.ee\/et\/#website\"},\"datePublished\":\"2026-02-05T14:54:11+00:00\",\"dateModified\":\"2026-03-16T21:54:10+00:00\",\"breadcrumb\":{\"@id\":\"https:\/\/kruze.ee\/et\/toode\/avira-avira-alya-rcs-taaskasutatud-roostevabast-terasest-termokruus-300ml\/#breadcrumb\"},\"inLanguage\":\"et\",\"potentialAction\":[{\"@type\":\"ReadAction\",\"target\":[\"https:\/\/kruze.ee\/et\/toode\/avira-avira-alya-rcs-taaskasutatud-roostevabast-terasest-termokruus-300ml\/\"]}]},{\"@type\":\"BreadcrumbList\",\"@id\":\"https:\/\/kruze.ee\/et\/toode\/avira-avira-alya-rcs-taaskasutatud-roostevabast-terasest-termokruus-300ml\/#breadcrumb\",\"itemListElement\":[{\"@type\":\"ListItem\",\"position\":1,\"name\":\"Home\",\"item\":\"https:\/\/kruze.ee\/et\/\"},{\"@type\":\"ListItem\",\"position\":2,\"name\":\"Tooted\",\"item\":\"https:\/\/kruze.ee\/et\/tooted\/\"},{\"@type\":\"ListItem\",\"position\":3,\"name\":\"Avira Avira Alya RCS taaskasutatud roostevabast terasest termokruus 300ml\"}]},{\"@type\":\"WebSite\",\"@id\":\"https:\/\/kruze.ee\/et\/#website\",\"url\":\"https:\/\/kruze.ee\/et\/\",\"name\":\"Kruze.ee\",\"description\":\"Reklaamkingitused, tr&uuml;kiga T-s&auml;rgid, fliisid, dressipluused, tekstiil, joped ja paljud teised logoga meened, &Auml;rikingitused sinu partnerile! Telli juba t&auml;na.\",\"potentialAction\":[{\"@type\":\"SearchAction\",\"target\":{\"@type\":\"EntryPoint\",\"urlTemplate\":\"https:\/\/kruze.ee\/et\/?s={search_term_string}\"},\"query-input\":{\"@type\":\"PropertyValueSpecification\",\"valueRequired\":true,\"valueName\":\"search_term_string\"}}],\"inLanguage\":\"et\"}]}<\/script>\n<!-- \/ Yoast SEO plugin. -->","yoast_head_json":{"title":"Avira Avira Alya RCS taaskasutatud roostevabast terasest termokruus 300ml - Kruze.ee","robots":{"index":"index","follow":"follow","max-snippet":"max-snippet:-1","max-image-preview":"max-image-preview:large","max-video-preview":"max-video-preview:-1"},"canonical":"https:\/\/kruze.ee\/et\/toode\/avira-avira-alya-rcs-taaskasutatud-roostevabast-terasest-termokruus-300ml\/","og_locale":"et_EE","og_type":"article","og_title":"Avira Avira Alya RCS taaskasutatud roostevabast terasest termokruus 300ml - Kruze.ee","og_description":"T\u00f5sta oma igap\u00e4evane joomiskogemus uuele tasemele ja t\u00e4ida oma h\u00fcdreerimiseesm\u00e4rgid stiilse Alya termokruusiga. Kahekordse seinaga vaakumisolatsiooniga...","og_url":"https:\/\/kruze.ee\/et\/toode\/avira-avira-alya-rcs-taaskasutatud-roostevabast-terasest-termokruus-300ml\/","og_site_name":"Kruze.ee","article_modified_time":"2026-03-16T21:54:10+00:00","twitter_card":"summary_large_image","schema":{"@context":"https:\/\/schema.org","@graph":[{"@type":"WebPage","@id":"https:\/\/kruze.ee\/et\/toode\/avira-avira-alya-rcs-taaskasutatud-roostevabast-terasest-termokruus-300ml\/","url":"https:\/\/kruze.ee\/et\/toode\/avira-avira-alya-rcs-taaskasutatud-roostevabast-terasest-termokruus-300ml\/","name":"Avira Avira Alya RCS taaskasutatud roostevabast terasest termokruus 300ml - Kruze.ee","isPartOf":{"@id":"https:\/\/kruze.ee\/et\/#website"},"datePublished":"2026-02-05T14:54:11+00:00","dateModified":"2026-03-16T21:54:10+00:00","breadcrumb":{"@id":"https:\/\/kruze.ee\/et\/toode\/avira-avira-alya-rcs-taaskasutatud-roostevabast-terasest-termokruus-300ml\/#breadcrumb"},"inLanguage":"et","potentialAction":[{"@type":"ReadAction","target":["https:\/\/kruze.ee\/et\/toode\/avira-avira-alya-rcs-taaskasutatud-roostevabast-terasest-termokruus-300ml\/"]}]},{"@type":"BreadcrumbList","@id":"https:\/\/kruze.ee\/et\/toode\/avira-avira-alya-rcs-taaskasutatud-roostevabast-terasest-termokruus-300ml\/#breadcrumb","itemListElement":[{"@type":"ListItem","position":1,"name":"Home","item":"https:\/\/kruze.ee\/et\/"},{"@type":"ListItem","position":2,"name":"Tooted","item":"https:\/\/kruze.ee\/et\/tooted\/"},{"@type":"ListItem","position":3,"name":"Avira Avira Alya RCS taaskasutatud roostevabast terasest termokruus 300ml"}]},{"@type":"WebSite","@id":"https:\/\/kruze.ee\/et\/#website","url":"https:\/\/kruze.ee\/et\/","name":"Kruze.ee","description":"Reklaamkingitused, tr&uuml;kiga T-s&auml;rgid, fliisid, dressipluused, tekstiil, joped ja paljud teised logoga meened, &Auml;rikingitused sinu partnerile! Telli juba t&auml;na.","potentialAction":[{"@type":"SearchAction","target":{"@type":"EntryPoint","urlTemplate":"https:\/\/kruze.ee\/et\/?s={search_term_string}"},"query-input":{"@type":"PropertyValueSpecification","valueRequired":true,"valueName":"search_term_string"}}],"inLanguage":"et"}]}},"_links":{"self":[{"href":"https:\/\/kruze.ee\/et\/wp-json\/wp\/v2\/product\/1443206","targetHints":{"allow":["GET"]}}],"collection":[{"href":"https:\/\/kruze.ee\/et\/wp-json\/wp\/v2\/product"}],"about":[{"href":"https:\/\/kruze.ee\/et\/wp-json\/wp\/v2\/types\/product"}],"wp:attachment":[{"href":"https:\/\/kruze.ee\/et\/wp-json\/wp\/v2\/media?parent=1443206"}],"wp:term":[{"taxonomy":"product_brand","embeddable":true,"href":"https:\/\/kruze.ee\/et\/wp-json\/wp\/v2\/product_brand?post=1443206"},{"taxonomy":"product_cat","embeddable":true,"href":"https:\/\/kruze.ee\/et\/wp-json\/wp\/v2\/product_cat?post=1443206"},{"taxonomy":"product_tag","embeddable":true,"href":"https:\/\/kruze.ee\/et\/wp-json\/wp\/v2\/product_tag?post=1443206"}],"curies":[{"name":"wp","href":"https:\/\/api.w.org\/{rel}","templated":true}]}}