{"id":1443192,"date":"2026-02-05T17:54:03","date_gmt":"2026-02-05T14:54:03","guid":{"rendered":"https:\/\/kruze.ee\/product\/xd-collection-peakflow-rcs-taaskasutatud-terasest-termoskruus-1200ml\/"},"modified":"2026-03-17T00:53:55","modified_gmt":"2026-03-16T21:53:55","slug":"xd-collection-peakflow-rcs-taaskasutatud-terasest-termoskruus-1200ml","status":"publish","type":"product","link":"https:\/\/kruze.ee\/et\/toode\/xd-collection-peakflow-rcs-taaskasutatud-terasest-termoskruus-1200ml\/","title":{"rendered":"XD Collection Peakflow RCS-taaskasutatud terasest termoskruus 1200ml"},"content":{"rendered":"<p>Tutvu Peakflow\u2019ga \u2013 1200 ml mahutavusega termokruus neile, kes vajavad veidi enamat. Mugava haardega k\u00e4epide ja kitsas p\u00f5hi muudavad selle lihtsasti kaasaskantavaks ning sobivaks enamiku topsihoidjatega, hoides sind liikvel olles h\u00fcdreerituna. V\u00e4liskorpus on valmistatud vastupidavast taaskasutatud roostevabast terasest ning kahekordse seinaga vaakumisolatsioon hoiab joogid ideaalsel temperatuuril. Lekkekindlal kaanel on kaks funktsiooni \u2013 saad juua otse v\u00f5i kasutada komplektis olevat taaskasutatud plastist k\u00f5rt. RCS-sertifikaadiga, taaskasutatud materjali osakaal 29%, BPA-vaba. Praktiline ja v\u00e4iksema keskkonnam\u00f5juga valik \u2013 soovitame k\u00e4sipesu. Tarnitakse hulgipakendis.<\/p>\n","protected":false},"excerpt":{"rendered":"<p>Tutvu Peakflow\u2019ga \u2013 1200 ml mahutavusega termokruus neile, kes vajavad veidi enamat. Mugava haardega k\u00e4epide ja kitsas p\u00f5hi muudavad selle lihtsasti&#8230;<\/p>\n","protected":false},"featured_media":0,"template":"","meta":[],"product_brand":[],"product_cat":[15071],"product_tag":[],"class_list":{"0":"post-1443192","1":"product","2":"type-product","3":"status-publish","5":"product_cat-termoskruusid","6":"pa_brand-xd-collection","7":"pa_color-black-2","8":"pa_color-blue-2","9":"pa_color-soe-pruun","10":"pa_color-valge","11":"pa_gender-uniseks","12":"pa_gender-unisex","15":"pa_material-recycled-stainless-steelpolypropylene","17":"first","18":"instock","19":"taxable","20":"shipping-taxable","21":"purchasable","22":"product-type-variable"},"acf":[],"yoast_head":"<!-- This site is optimized with the Yoast SEO plugin v26.0 - https:\/\/yoast.com\/wordpress\/plugins\/seo\/ -->\n<title>XD Collection Peakflow RCS-taaskasutatud terasest termoskruus 1200ml - Kruze.ee<\/title>\n<meta name=\"robots\" content=\"index, follow, max-snippet:-1, max-image-preview:large, max-video-preview:-1\" \/>\n<link rel=\"canonical\" href=\"https:\/\/kruze.ee\/et\/toode\/xd-collection-peakflow-rcs-taaskasutatud-terasest-termoskruus-1200ml\/\" \/>\n<meta property=\"og:locale\" content=\"et_EE\" \/>\n<meta property=\"og:type\" content=\"article\" \/>\n<meta property=\"og:title\" content=\"XD Collection Peakflow RCS-taaskasutatud terasest termoskruus 1200ml - Kruze.ee\" \/>\n<meta property=\"og:description\" content=\"Tutvu Peakflow\u2019ga \u2013 1200 ml mahutavusega termokruus neile, kes vajavad veidi enamat. Mugava haardega k\u00e4epide ja kitsas p\u00f5hi muudavad selle lihtsasti...\" \/>\n<meta property=\"og:url\" content=\"https:\/\/kruze.ee\/et\/toode\/xd-collection-peakflow-rcs-taaskasutatud-terasest-termoskruus-1200ml\/\" \/>\n<meta property=\"og:site_name\" content=\"Kruze.ee\" \/>\n<meta property=\"article:modified_time\" content=\"2026-03-16T21:53:55+00:00\" \/>\n<meta name=\"twitter:card\" content=\"summary_large_image\" \/>\n<script type=\"application\/ld+json\" class=\"yoast-schema-graph\">{\"@context\":\"https:\/\/schema.org\",\"@graph\":[{\"@type\":\"WebPage\",\"@id\":\"https:\/\/kruze.ee\/et\/toode\/xd-collection-peakflow-rcs-taaskasutatud-terasest-termoskruus-1200ml\/\",\"url\":\"https:\/\/kruze.ee\/et\/toode\/xd-collection-peakflow-rcs-taaskasutatud-terasest-termoskruus-1200ml\/\",\"name\":\"XD Collection Peakflow RCS-taaskasutatud terasest termoskruus 1200ml - Kruze.ee\",\"isPartOf\":{\"@id\":\"https:\/\/kruze.ee\/et\/#website\"},\"datePublished\":\"2026-02-05T14:54:03+00:00\",\"dateModified\":\"2026-03-16T21:53:55+00:00\",\"breadcrumb\":{\"@id\":\"https:\/\/kruze.ee\/et\/toode\/xd-collection-peakflow-rcs-taaskasutatud-terasest-termoskruus-1200ml\/#breadcrumb\"},\"inLanguage\":\"et\",\"potentialAction\":[{\"@type\":\"ReadAction\",\"target\":[\"https:\/\/kruze.ee\/et\/toode\/xd-collection-peakflow-rcs-taaskasutatud-terasest-termoskruus-1200ml\/\"]}]},{\"@type\":\"BreadcrumbList\",\"@id\":\"https:\/\/kruze.ee\/et\/toode\/xd-collection-peakflow-rcs-taaskasutatud-terasest-termoskruus-1200ml\/#breadcrumb\",\"itemListElement\":[{\"@type\":\"ListItem\",\"position\":1,\"name\":\"Home\",\"item\":\"https:\/\/kruze.ee\/et\/\"},{\"@type\":\"ListItem\",\"position\":2,\"name\":\"Tooted\",\"item\":\"https:\/\/kruze.ee\/et\/tooted\/\"},{\"@type\":\"ListItem\",\"position\":3,\"name\":\"XD Collection Peakflow RCS-taaskasutatud terasest termoskruus 1200ml\"}]},{\"@type\":\"WebSite\",\"@id\":\"https:\/\/kruze.ee\/et\/#website\",\"url\":\"https:\/\/kruze.ee\/et\/\",\"name\":\"Kruze.ee\",\"description\":\"Reklaamkingitused, tr&uuml;kiga T-s&auml;rgid, fliisid, dressipluused, tekstiil, joped ja paljud teised logoga meened, &Auml;rikingitused sinu partnerile! Telli juba t&auml;na.\",\"potentialAction\":[{\"@type\":\"SearchAction\",\"target\":{\"@type\":\"EntryPoint\",\"urlTemplate\":\"https:\/\/kruze.ee\/et\/?s={search_term_string}\"},\"query-input\":{\"@type\":\"PropertyValueSpecification\",\"valueRequired\":true,\"valueName\":\"search_term_string\"}}],\"inLanguage\":\"et\"}]}<\/script>\n<!-- \/ Yoast SEO plugin. -->","yoast_head_json":{"title":"XD Collection Peakflow RCS-taaskasutatud terasest termoskruus 1200ml - Kruze.ee","robots":{"index":"index","follow":"follow","max-snippet":"max-snippet:-1","max-image-preview":"max-image-preview:large","max-video-preview":"max-video-preview:-1"},"canonical":"https:\/\/kruze.ee\/et\/toode\/xd-collection-peakflow-rcs-taaskasutatud-terasest-termoskruus-1200ml\/","og_locale":"et_EE","og_type":"article","og_title":"XD Collection Peakflow RCS-taaskasutatud terasest termoskruus 1200ml - Kruze.ee","og_description":"Tutvu Peakflow\u2019ga \u2013 1200 ml mahutavusega termokruus neile, kes vajavad veidi enamat. Mugava haardega k\u00e4epide ja kitsas p\u00f5hi muudavad selle lihtsasti...","og_url":"https:\/\/kruze.ee\/et\/toode\/xd-collection-peakflow-rcs-taaskasutatud-terasest-termoskruus-1200ml\/","og_site_name":"Kruze.ee","article_modified_time":"2026-03-16T21:53:55+00:00","twitter_card":"summary_large_image","schema":{"@context":"https:\/\/schema.org","@graph":[{"@type":"WebPage","@id":"https:\/\/kruze.ee\/et\/toode\/xd-collection-peakflow-rcs-taaskasutatud-terasest-termoskruus-1200ml\/","url":"https:\/\/kruze.ee\/et\/toode\/xd-collection-peakflow-rcs-taaskasutatud-terasest-termoskruus-1200ml\/","name":"XD Collection Peakflow RCS-taaskasutatud terasest termoskruus 1200ml - Kruze.ee","isPartOf":{"@id":"https:\/\/kruze.ee\/et\/#website"},"datePublished":"2026-02-05T14:54:03+00:00","dateModified":"2026-03-16T21:53:55+00:00","breadcrumb":{"@id":"https:\/\/kruze.ee\/et\/toode\/xd-collection-peakflow-rcs-taaskasutatud-terasest-termoskruus-1200ml\/#breadcrumb"},"inLanguage":"et","potentialAction":[{"@type":"ReadAction","target":["https:\/\/kruze.ee\/et\/toode\/xd-collection-peakflow-rcs-taaskasutatud-terasest-termoskruus-1200ml\/"]}]},{"@type":"BreadcrumbList","@id":"https:\/\/kruze.ee\/et\/toode\/xd-collection-peakflow-rcs-taaskasutatud-terasest-termoskruus-1200ml\/#breadcrumb","itemListElement":[{"@type":"ListItem","position":1,"name":"Home","item":"https:\/\/kruze.ee\/et\/"},{"@type":"ListItem","position":2,"name":"Tooted","item":"https:\/\/kruze.ee\/et\/tooted\/"},{"@type":"ListItem","position":3,"name":"XD Collection Peakflow RCS-taaskasutatud terasest termoskruus 1200ml"}]},{"@type":"WebSite","@id":"https:\/\/kruze.ee\/et\/#website","url":"https:\/\/kruze.ee\/et\/","name":"Kruze.ee","description":"Reklaamkingitused, tr&uuml;kiga T-s&auml;rgid, fliisid, dressipluused, tekstiil, joped ja paljud teised logoga meened, &Auml;rikingitused sinu partnerile! Telli juba t&auml;na.","potentialAction":[{"@type":"SearchAction","target":{"@type":"EntryPoint","urlTemplate":"https:\/\/kruze.ee\/et\/?s={search_term_string}"},"query-input":{"@type":"PropertyValueSpecification","valueRequired":true,"valueName":"search_term_string"}}],"inLanguage":"et"}]}},"_links":{"self":[{"href":"https:\/\/kruze.ee\/et\/wp-json\/wp\/v2\/product\/1443192","targetHints":{"allow":["GET"]}}],"collection":[{"href":"https:\/\/kruze.ee\/et\/wp-json\/wp\/v2\/product"}],"about":[{"href":"https:\/\/kruze.ee\/et\/wp-json\/wp\/v2\/types\/product"}],"wp:attachment":[{"href":"https:\/\/kruze.ee\/et\/wp-json\/wp\/v2\/media?parent=1443192"}],"wp:term":[{"taxonomy":"product_brand","embeddable":true,"href":"https:\/\/kruze.ee\/et\/wp-json\/wp\/v2\/product_brand?post=1443192"},{"taxonomy":"product_cat","embeddable":true,"href":"https:\/\/kruze.ee\/et\/wp-json\/wp\/v2\/product_cat?post=1443192"},{"taxonomy":"product_tag","embeddable":true,"href":"https:\/\/kruze.ee\/et\/wp-json\/wp\/v2\/product_tag?post=1443192"}],"curies":[{"name":"wp","href":"https:\/\/api.w.org\/{rel}","templated":true}]}}