{"id":1443186,"date":"2026-02-05T17:54:00","date_gmt":"2026-02-05T14:54:00","guid":{"rendered":"https:\/\/kruze.ee\/product\/xd-collection-graphic-360-rcs-sertifitseeritud-taaskasutatud-terasest-termoskruus-900ml\/"},"modified":"2026-03-17T00:53:53","modified_gmt":"2026-03-16T21:53:53","slug":"xd-collection-graphic-360-rcs-sertifitseeritud-taaskasutatud-terasest-termoskruus-900ml","status":"publish","type":"product","link":"https:\/\/kruze.ee\/et\/toode\/xd-collection-graphic-360-rcs-sertifitseeritud-taaskasutatud-terasest-termoskruus-900ml\/","title":{"rendered":"XD Collection Graphic 360 RCS-sertifitseeritud taaskasutatud terasest termoskruus 900ml"},"content":{"rendered":"<p>K\u00f5ige populaarsem termokruus, n\u00fc\u00fcd sobiv t\u00e4iuslikuks 360\u00b0 \u00fcmberringi tr\u00fckiks. 900 ml mahutavusega kruus on loodud keskkonnas\u00f5bralikuks kasutamiseks ning valmistatud taaskasutatud materjalidest. Olgu t\u00f6\u00f6, treening v\u00f5i reisimine \u2013 see termokruus on sinu ideaalne kaaslane. Innovaatilisel kaanel on p\u00f6\u00f6ratav \u00fclaosa kolme asendiga: lekkevastane k\u00f5rreava, joomisava ning t\u00e4ielikult suletud asend. Ergonoomiline k\u00e4epide mugavate haardesisudega tagab lihtsa kaasaskandmise ning kitsas p\u00f5hi sobitub enamiku auto topsihoidjatega. Ainult k\u00e4sipesu. BPA-vaba. Maht 900 ml. Komplektis FSC\u00ae-sertifikaadiga kraft kinkepakend. Taaskasutatud materjali osakaal on 36% toote kogukaalust.<\/p>\n","protected":false},"excerpt":{"rendered":"<p>K\u00f5ige populaarsem termokruus, n\u00fc\u00fcd sobiv t\u00e4iuslikuks 360\u00b0 \u00fcmberringi tr\u00fckiks. 900 ml mahutavusega kruus on loodud keskkonnas\u00f5bralikuks kasutamiseks ning&#8230;<\/p>\n","protected":false},"featured_media":0,"template":"","meta":[],"product_brand":[],"product_cat":[15071],"product_tag":[],"class_list":{"0":"post-1443186","1":"product","2":"type-product","3":"status-publish","5":"product_cat-termoskruusid","6":"pa_brand-xd-collection","7":"pa_color-black-2","8":"pa_color-blue-2","9":"pa_color-valge","10":"pa_gender-uniseks","11":"pa_gender-unisex","14":"pa_material-recycled-stainless-steelpolypropylene","16":"first","17":"instock","18":"taxable","19":"shipping-taxable","20":"purchasable","21":"product-type-variable"},"acf":[],"yoast_head":"<!-- This site is optimized with the Yoast SEO plugin v26.0 - https:\/\/yoast.com\/wordpress\/plugins\/seo\/ -->\n<title>XD Collection Graphic 360 RCS-sertifitseeritud taaskasutatud terasest termoskruus 900ml - Kruze.ee<\/title>\n<meta name=\"robots\" content=\"index, follow, max-snippet:-1, max-image-preview:large, max-video-preview:-1\" \/>\n<link rel=\"canonical\" href=\"https:\/\/kruze.ee\/et\/toode\/xd-collection-graphic-360-rcs-sertifitseeritud-taaskasutatud-terasest-termoskruus-900ml\/\" \/>\n<meta property=\"og:locale\" content=\"et_EE\" \/>\n<meta property=\"og:type\" content=\"article\" \/>\n<meta property=\"og:title\" content=\"XD Collection Graphic 360 RCS-sertifitseeritud taaskasutatud terasest termoskruus 900ml - Kruze.ee\" \/>\n<meta property=\"og:description\" content=\"K\u00f5ige populaarsem termokruus, n\u00fc\u00fcd sobiv t\u00e4iuslikuks 360\u00b0 \u00fcmberringi tr\u00fckiks. 900 ml mahutavusega kruus on loodud keskkonnas\u00f5bralikuks kasutamiseks ning...\" \/>\n<meta property=\"og:url\" content=\"https:\/\/kruze.ee\/et\/toode\/xd-collection-graphic-360-rcs-sertifitseeritud-taaskasutatud-terasest-termoskruus-900ml\/\" \/>\n<meta property=\"og:site_name\" content=\"Kruze.ee\" \/>\n<meta property=\"article:modified_time\" content=\"2026-03-16T21:53:53+00:00\" \/>\n<meta name=\"twitter:card\" content=\"summary_large_image\" \/>\n<script type=\"application\/ld+json\" class=\"yoast-schema-graph\">{\"@context\":\"https:\/\/schema.org\",\"@graph\":[{\"@type\":\"WebPage\",\"@id\":\"https:\/\/kruze.ee\/et\/toode\/xd-collection-graphic-360-rcs-sertifitseeritud-taaskasutatud-terasest-termoskruus-900ml\/\",\"url\":\"https:\/\/kruze.ee\/et\/toode\/xd-collection-graphic-360-rcs-sertifitseeritud-taaskasutatud-terasest-termoskruus-900ml\/\",\"name\":\"XD Collection Graphic 360 RCS-sertifitseeritud taaskasutatud terasest termoskruus 900ml - Kruze.ee\",\"isPartOf\":{\"@id\":\"https:\/\/kruze.ee\/et\/#website\"},\"datePublished\":\"2026-02-05T14:54:00+00:00\",\"dateModified\":\"2026-03-16T21:53:53+00:00\",\"breadcrumb\":{\"@id\":\"https:\/\/kruze.ee\/et\/toode\/xd-collection-graphic-360-rcs-sertifitseeritud-taaskasutatud-terasest-termoskruus-900ml\/#breadcrumb\"},\"inLanguage\":\"et\",\"potentialAction\":[{\"@type\":\"ReadAction\",\"target\":[\"https:\/\/kruze.ee\/et\/toode\/xd-collection-graphic-360-rcs-sertifitseeritud-taaskasutatud-terasest-termoskruus-900ml\/\"]}]},{\"@type\":\"BreadcrumbList\",\"@id\":\"https:\/\/kruze.ee\/et\/toode\/xd-collection-graphic-360-rcs-sertifitseeritud-taaskasutatud-terasest-termoskruus-900ml\/#breadcrumb\",\"itemListElement\":[{\"@type\":\"ListItem\",\"position\":1,\"name\":\"Home\",\"item\":\"https:\/\/kruze.ee\/et\/\"},{\"@type\":\"ListItem\",\"position\":2,\"name\":\"Tooted\",\"item\":\"https:\/\/kruze.ee\/et\/tooted\/\"},{\"@type\":\"ListItem\",\"position\":3,\"name\":\"XD Collection Graphic 360 RCS-sertifitseeritud taaskasutatud terasest termoskruus 900ml\"}]},{\"@type\":\"WebSite\",\"@id\":\"https:\/\/kruze.ee\/et\/#website\",\"url\":\"https:\/\/kruze.ee\/et\/\",\"name\":\"Kruze.ee\",\"description\":\"Reklaamkingitused, tr&uuml;kiga T-s&auml;rgid, fliisid, dressipluused, tekstiil, joped ja paljud teised logoga meened, &Auml;rikingitused sinu partnerile! Telli juba t&auml;na.\",\"potentialAction\":[{\"@type\":\"SearchAction\",\"target\":{\"@type\":\"EntryPoint\",\"urlTemplate\":\"https:\/\/kruze.ee\/et\/?s={search_term_string}\"},\"query-input\":{\"@type\":\"PropertyValueSpecification\",\"valueRequired\":true,\"valueName\":\"search_term_string\"}}],\"inLanguage\":\"et\"}]}<\/script>\n<!-- \/ Yoast SEO plugin. -->","yoast_head_json":{"title":"XD Collection Graphic 360 RCS-sertifitseeritud taaskasutatud terasest termoskruus 900ml - Kruze.ee","robots":{"index":"index","follow":"follow","max-snippet":"max-snippet:-1","max-image-preview":"max-image-preview:large","max-video-preview":"max-video-preview:-1"},"canonical":"https:\/\/kruze.ee\/et\/toode\/xd-collection-graphic-360-rcs-sertifitseeritud-taaskasutatud-terasest-termoskruus-900ml\/","og_locale":"et_EE","og_type":"article","og_title":"XD Collection Graphic 360 RCS-sertifitseeritud taaskasutatud terasest termoskruus 900ml - Kruze.ee","og_description":"K\u00f5ige populaarsem termokruus, n\u00fc\u00fcd sobiv t\u00e4iuslikuks 360\u00b0 \u00fcmberringi tr\u00fckiks. 900 ml mahutavusega kruus on loodud keskkonnas\u00f5bralikuks kasutamiseks ning...","og_url":"https:\/\/kruze.ee\/et\/toode\/xd-collection-graphic-360-rcs-sertifitseeritud-taaskasutatud-terasest-termoskruus-900ml\/","og_site_name":"Kruze.ee","article_modified_time":"2026-03-16T21:53:53+00:00","twitter_card":"summary_large_image","schema":{"@context":"https:\/\/schema.org","@graph":[{"@type":"WebPage","@id":"https:\/\/kruze.ee\/et\/toode\/xd-collection-graphic-360-rcs-sertifitseeritud-taaskasutatud-terasest-termoskruus-900ml\/","url":"https:\/\/kruze.ee\/et\/toode\/xd-collection-graphic-360-rcs-sertifitseeritud-taaskasutatud-terasest-termoskruus-900ml\/","name":"XD Collection Graphic 360 RCS-sertifitseeritud taaskasutatud terasest termoskruus 900ml - Kruze.ee","isPartOf":{"@id":"https:\/\/kruze.ee\/et\/#website"},"datePublished":"2026-02-05T14:54:00+00:00","dateModified":"2026-03-16T21:53:53+00:00","breadcrumb":{"@id":"https:\/\/kruze.ee\/et\/toode\/xd-collection-graphic-360-rcs-sertifitseeritud-taaskasutatud-terasest-termoskruus-900ml\/#breadcrumb"},"inLanguage":"et","potentialAction":[{"@type":"ReadAction","target":["https:\/\/kruze.ee\/et\/toode\/xd-collection-graphic-360-rcs-sertifitseeritud-taaskasutatud-terasest-termoskruus-900ml\/"]}]},{"@type":"BreadcrumbList","@id":"https:\/\/kruze.ee\/et\/toode\/xd-collection-graphic-360-rcs-sertifitseeritud-taaskasutatud-terasest-termoskruus-900ml\/#breadcrumb","itemListElement":[{"@type":"ListItem","position":1,"name":"Home","item":"https:\/\/kruze.ee\/et\/"},{"@type":"ListItem","position":2,"name":"Tooted","item":"https:\/\/kruze.ee\/et\/tooted\/"},{"@type":"ListItem","position":3,"name":"XD Collection Graphic 360 RCS-sertifitseeritud taaskasutatud terasest termoskruus 900ml"}]},{"@type":"WebSite","@id":"https:\/\/kruze.ee\/et\/#website","url":"https:\/\/kruze.ee\/et\/","name":"Kruze.ee","description":"Reklaamkingitused, tr&uuml;kiga T-s&auml;rgid, fliisid, dressipluused, tekstiil, joped ja paljud teised logoga meened, &Auml;rikingitused sinu partnerile! Telli juba t&auml;na.","potentialAction":[{"@type":"SearchAction","target":{"@type":"EntryPoint","urlTemplate":"https:\/\/kruze.ee\/et\/?s={search_term_string}"},"query-input":{"@type":"PropertyValueSpecification","valueRequired":true,"valueName":"search_term_string"}}],"inLanguage":"et"}]}},"_links":{"self":[{"href":"https:\/\/kruze.ee\/et\/wp-json\/wp\/v2\/product\/1443186","targetHints":{"allow":["GET"]}}],"collection":[{"href":"https:\/\/kruze.ee\/et\/wp-json\/wp\/v2\/product"}],"about":[{"href":"https:\/\/kruze.ee\/et\/wp-json\/wp\/v2\/types\/product"}],"wp:attachment":[{"href":"https:\/\/kruze.ee\/et\/wp-json\/wp\/v2\/media?parent=1443186"}],"wp:term":[{"taxonomy":"product_brand","embeddable":true,"href":"https:\/\/kruze.ee\/et\/wp-json\/wp\/v2\/product_brand?post=1443186"},{"taxonomy":"product_cat","embeddable":true,"href":"https:\/\/kruze.ee\/et\/wp-json\/wp\/v2\/product_cat?post=1443186"},{"taxonomy":"product_tag","embeddable":true,"href":"https:\/\/kruze.ee\/et\/wp-json\/wp\/v2\/product_tag?post=1443186"}],"curies":[{"name":"wp","href":"https:\/\/api.w.org\/{rel}","templated":true}]}}