{"id":1443172,"date":"2026-02-05T17:53:55","date_gmt":"2026-02-05T14:53:55","guid":{"rendered":"https:\/\/kruze.ee\/product\/xd-collection-embrace-deluxe-rcs-taaskasutatud-roostevabast-terasest-termoskruus-900ml\/"},"modified":"2026-03-17T00:53:52","modified_gmt":"2026-03-16T21:53:52","slug":"xd-collection-embrace-deluxe-rcs-taaskasutatud-roostevabast-terasest-termoskruus-900ml","status":"publish","type":"product","link":"https:\/\/kruze.ee\/et\/toode\/xd-collection-embrace-deluxe-rcs-taaskasutatud-roostevabast-terasest-termoskruus-900ml\/","title":{"rendered":"XD Collection Embrace Deluxe RCS-taaskasutatud roostevabast terasest termoskruus 900ml"},"content":{"rendered":"<p>Koge meie mahuka, kuid samas mugavalt kaasaskantava termokruusi praktilisust \u2013 mitte liiga suur ega liiga v\u00e4ike. Mugava haardega k\u00e4epide ja kitsas p\u00f5hi sobituvad enamiku topsihoidjatega, aidates sul p\u00fcsida v\u00e4rskena nii pikkadel koosolekup\u00e4evadel, intensiivses s\u00f5udetrennis kui ka linnast v\u00e4ljas\u00f5idul. Vastupidavast taaskasutatud roostevabast terasest valmistatud 900 ml termokruus vastab ka k\u00f5ige n\u00f5udlikumale h\u00fcdreerimisvajadusele. Kahekordse seinaga vaakumisolatsiooniga kruus on varustatud lekkekindla kaanega, taaskasutatud terasest k\u00f5rrega ja silikoonist k\u00f5rreotsikuga. Kruvitaval kaanel on kaks funktsiooni \u2013 mugav joomisava v\u00f5i v\u00f5imalus kasutada k\u00f5rt. Soovitame k\u00e4sipesu. RCS-sertifikaat tagab t\u00e4ielikult sertifitseeritud tarneahela taaskasutatud materjalide osas. Taaskasutatud materjali osakaal on 70% toote kogukaalust.<\/p>\n","protected":false},"excerpt":{"rendered":"<p>Koge meie mahuka, kuid samas mugavalt kaasaskantava termokruusi praktilisust \u2013 mitte liiga suur ega liiga v\u00e4ike. Mugava haardega k\u00e4epide ja kitsas p\u00f5hi&#8230;<\/p>\n","protected":false},"featured_media":0,"template":"","meta":[],"product_brand":[],"product_cat":[15071],"product_tag":[],"class_list":{"0":"post-1443172","1":"product","2":"type-product","3":"status-publish","5":"product_cat-termoskruusid","6":"pa_brand-xd-collection","7":"pa_color-beez","8":"pa_color-hobe","9":"pa_color-black-2","10":"pa_color-roosa","11":"pa_color-blue-2","12":"pa_color-valge","13":"pa_gender-uniseks","14":"pa_gender-unisex","17":"pa_material-recycled-stainless-steelpolypropylene","19":"first","20":"instock","21":"taxable","22":"shipping-taxable","23":"purchasable","24":"product-type-variable"},"acf":[],"yoast_head":"<!-- This site is optimized with the Yoast SEO plugin v26.0 - https:\/\/yoast.com\/wordpress\/plugins\/seo\/ -->\n<title>XD Collection Embrace Deluxe RCS-taaskasutatud roostevabast terasest termoskruus 900ml - Kruze.ee<\/title>\n<meta name=\"robots\" content=\"index, follow, max-snippet:-1, max-image-preview:large, max-video-preview:-1\" \/>\n<link rel=\"canonical\" href=\"https:\/\/kruze.ee\/et\/toode\/xd-collection-embrace-deluxe-rcs-taaskasutatud-roostevabast-terasest-termoskruus-900ml\/\" \/>\n<meta property=\"og:locale\" content=\"et_EE\" \/>\n<meta property=\"og:type\" content=\"article\" \/>\n<meta property=\"og:title\" content=\"XD Collection Embrace Deluxe RCS-taaskasutatud roostevabast terasest termoskruus 900ml - Kruze.ee\" \/>\n<meta property=\"og:description\" content=\"Koge meie mahuka, kuid samas mugavalt kaasaskantava termokruusi praktilisust \u2013 mitte liiga suur ega liiga v\u00e4ike. Mugava haardega k\u00e4epide ja kitsas p\u00f5hi...\" \/>\n<meta property=\"og:url\" content=\"https:\/\/kruze.ee\/et\/toode\/xd-collection-embrace-deluxe-rcs-taaskasutatud-roostevabast-terasest-termoskruus-900ml\/\" \/>\n<meta property=\"og:site_name\" content=\"Kruze.ee\" \/>\n<meta property=\"article:modified_time\" content=\"2026-03-16T21:53:52+00:00\" \/>\n<meta name=\"twitter:card\" content=\"summary_large_image\" \/>\n<meta name=\"twitter:label1\" content=\"Est. reading time\" \/>\n\t<meta name=\"twitter:data1\" content=\"1 minut\" \/>\n<script type=\"application\/ld+json\" class=\"yoast-schema-graph\">{\"@context\":\"https:\/\/schema.org\",\"@graph\":[{\"@type\":\"WebPage\",\"@id\":\"https:\/\/kruze.ee\/et\/toode\/xd-collection-embrace-deluxe-rcs-taaskasutatud-roostevabast-terasest-termoskruus-900ml\/\",\"url\":\"https:\/\/kruze.ee\/et\/toode\/xd-collection-embrace-deluxe-rcs-taaskasutatud-roostevabast-terasest-termoskruus-900ml\/\",\"name\":\"XD Collection Embrace Deluxe RCS-taaskasutatud roostevabast terasest termoskruus 900ml - Kruze.ee\",\"isPartOf\":{\"@id\":\"https:\/\/kruze.ee\/et\/#website\"},\"datePublished\":\"2026-02-05T14:53:55+00:00\",\"dateModified\":\"2026-03-16T21:53:52+00:00\",\"breadcrumb\":{\"@id\":\"https:\/\/kruze.ee\/et\/toode\/xd-collection-embrace-deluxe-rcs-taaskasutatud-roostevabast-terasest-termoskruus-900ml\/#breadcrumb\"},\"inLanguage\":\"et\",\"potentialAction\":[{\"@type\":\"ReadAction\",\"target\":[\"https:\/\/kruze.ee\/et\/toode\/xd-collection-embrace-deluxe-rcs-taaskasutatud-roostevabast-terasest-termoskruus-900ml\/\"]}]},{\"@type\":\"BreadcrumbList\",\"@id\":\"https:\/\/kruze.ee\/et\/toode\/xd-collection-embrace-deluxe-rcs-taaskasutatud-roostevabast-terasest-termoskruus-900ml\/#breadcrumb\",\"itemListElement\":[{\"@type\":\"ListItem\",\"position\":1,\"name\":\"Home\",\"item\":\"https:\/\/kruze.ee\/et\/\"},{\"@type\":\"ListItem\",\"position\":2,\"name\":\"Tooted\",\"item\":\"https:\/\/kruze.ee\/et\/tooted\/\"},{\"@type\":\"ListItem\",\"position\":3,\"name\":\"XD Collection Embrace Deluxe RCS-taaskasutatud roostevabast terasest termoskruus 900ml\"}]},{\"@type\":\"WebSite\",\"@id\":\"https:\/\/kruze.ee\/et\/#website\",\"url\":\"https:\/\/kruze.ee\/et\/\",\"name\":\"Kruze.ee\",\"description\":\"Reklaamkingitused, tr&uuml;kiga T-s&auml;rgid, fliisid, dressipluused, tekstiil, joped ja paljud teised logoga meened, &Auml;rikingitused sinu partnerile! Telli juba t&auml;na.\",\"potentialAction\":[{\"@type\":\"SearchAction\",\"target\":{\"@type\":\"EntryPoint\",\"urlTemplate\":\"https:\/\/kruze.ee\/et\/?s={search_term_string}\"},\"query-input\":{\"@type\":\"PropertyValueSpecification\",\"valueRequired\":true,\"valueName\":\"search_term_string\"}}],\"inLanguage\":\"et\"}]}<\/script>\n<!-- \/ Yoast SEO plugin. -->","yoast_head_json":{"title":"XD Collection Embrace Deluxe RCS-taaskasutatud roostevabast terasest termoskruus 900ml - Kruze.ee","robots":{"index":"index","follow":"follow","max-snippet":"max-snippet:-1","max-image-preview":"max-image-preview:large","max-video-preview":"max-video-preview:-1"},"canonical":"https:\/\/kruze.ee\/et\/toode\/xd-collection-embrace-deluxe-rcs-taaskasutatud-roostevabast-terasest-termoskruus-900ml\/","og_locale":"et_EE","og_type":"article","og_title":"XD Collection Embrace Deluxe RCS-taaskasutatud roostevabast terasest termoskruus 900ml - Kruze.ee","og_description":"Koge meie mahuka, kuid samas mugavalt kaasaskantava termokruusi praktilisust \u2013 mitte liiga suur ega liiga v\u00e4ike. Mugava haardega k\u00e4epide ja kitsas p\u00f5hi...","og_url":"https:\/\/kruze.ee\/et\/toode\/xd-collection-embrace-deluxe-rcs-taaskasutatud-roostevabast-terasest-termoskruus-900ml\/","og_site_name":"Kruze.ee","article_modified_time":"2026-03-16T21:53:52+00:00","twitter_card":"summary_large_image","twitter_misc":{"Est. reading time":"1 minut"},"schema":{"@context":"https:\/\/schema.org","@graph":[{"@type":"WebPage","@id":"https:\/\/kruze.ee\/et\/toode\/xd-collection-embrace-deluxe-rcs-taaskasutatud-roostevabast-terasest-termoskruus-900ml\/","url":"https:\/\/kruze.ee\/et\/toode\/xd-collection-embrace-deluxe-rcs-taaskasutatud-roostevabast-terasest-termoskruus-900ml\/","name":"XD Collection Embrace Deluxe RCS-taaskasutatud roostevabast terasest termoskruus 900ml - Kruze.ee","isPartOf":{"@id":"https:\/\/kruze.ee\/et\/#website"},"datePublished":"2026-02-05T14:53:55+00:00","dateModified":"2026-03-16T21:53:52+00:00","breadcrumb":{"@id":"https:\/\/kruze.ee\/et\/toode\/xd-collection-embrace-deluxe-rcs-taaskasutatud-roostevabast-terasest-termoskruus-900ml\/#breadcrumb"},"inLanguage":"et","potentialAction":[{"@type":"ReadAction","target":["https:\/\/kruze.ee\/et\/toode\/xd-collection-embrace-deluxe-rcs-taaskasutatud-roostevabast-terasest-termoskruus-900ml\/"]}]},{"@type":"BreadcrumbList","@id":"https:\/\/kruze.ee\/et\/toode\/xd-collection-embrace-deluxe-rcs-taaskasutatud-roostevabast-terasest-termoskruus-900ml\/#breadcrumb","itemListElement":[{"@type":"ListItem","position":1,"name":"Home","item":"https:\/\/kruze.ee\/et\/"},{"@type":"ListItem","position":2,"name":"Tooted","item":"https:\/\/kruze.ee\/et\/tooted\/"},{"@type":"ListItem","position":3,"name":"XD Collection Embrace Deluxe RCS-taaskasutatud roostevabast terasest termoskruus 900ml"}]},{"@type":"WebSite","@id":"https:\/\/kruze.ee\/et\/#website","url":"https:\/\/kruze.ee\/et\/","name":"Kruze.ee","description":"Reklaamkingitused, tr&uuml;kiga T-s&auml;rgid, fliisid, dressipluused, tekstiil, joped ja paljud teised logoga meened, &Auml;rikingitused sinu partnerile! Telli juba t&auml;na.","potentialAction":[{"@type":"SearchAction","target":{"@type":"EntryPoint","urlTemplate":"https:\/\/kruze.ee\/et\/?s={search_term_string}"},"query-input":{"@type":"PropertyValueSpecification","valueRequired":true,"valueName":"search_term_string"}}],"inLanguage":"et"}]}},"_links":{"self":[{"href":"https:\/\/kruze.ee\/et\/wp-json\/wp\/v2\/product\/1443172","targetHints":{"allow":["GET"]}}],"collection":[{"href":"https:\/\/kruze.ee\/et\/wp-json\/wp\/v2\/product"}],"about":[{"href":"https:\/\/kruze.ee\/et\/wp-json\/wp\/v2\/types\/product"}],"wp:attachment":[{"href":"https:\/\/kruze.ee\/et\/wp-json\/wp\/v2\/media?parent=1443172"}],"wp:term":[{"taxonomy":"product_brand","embeddable":true,"href":"https:\/\/kruze.ee\/et\/wp-json\/wp\/v2\/product_brand?post=1443172"},{"taxonomy":"product_cat","embeddable":true,"href":"https:\/\/kruze.ee\/et\/wp-json\/wp\/v2\/product_cat?post=1443172"},{"taxonomy":"product_tag","embeddable":true,"href":"https:\/\/kruze.ee\/et\/wp-json\/wp\/v2\/product_tag?post=1443172"}],"curies":[{"name":"wp","href":"https:\/\/api.w.org\/{rel}","templated":true}]}}