{"id":1443162,"date":"2026-02-05T17:53:51","date_gmt":"2026-02-05T14:53:51","guid":{"rendered":"https:\/\/kruze.ee\/product\/xd-collection-cruiser-rcs-taaskasutatud-lekkekindel-kompaktne-termoskruus-480ml\/"},"modified":"2026-03-17T00:53:50","modified_gmt":"2026-03-16T21:53:50","slug":"xd-collection-cruiser-rcs-taaskasutatud-lekkekindel-kompaktne-termoskruus-480ml","status":"publish","type":"product","link":"https:\/\/kruze.ee\/et\/toode\/xd-collection-cruiser-rcs-taaskasutatud-lekkekindel-kompaktne-termoskruus-480ml\/","title":{"rendered":"XD Collection Cruiser RCS-taaskasutatud lekkekindel kompaktne termoskruus 480ml"},"content":{"rendered":"<p>Tutvustame Cruiserit \u2013 ideaalset kaaslast liikuvaks eluviisiks. Unikaalne lekkekindel kaanedisain. 480 ml mahutavusega ning valmistatud 73% taaskasutatud roostevabast terasest. Olgu ees t\u00f6\u00f6les\u00f5it, j\u00f5usaal v\u00f5i t\u00f6\u00f6p\u00e4ev laua taga \u2013 Cruiser hoiab sind h\u00fcdreerituna kogu p\u00e4eva v\u00e4ltel. Mugav haardega k\u00e4epide ja kitsas profiil sobituvad enamiku topsihoidjatega, samas kui vastupidav kahekordse seinaga vaakumisolatsioon hoiab joogid ideaalsel temperatuuril. Varustatud lekkekindla kruvitava kaanega \u2013 saad juua otse v\u00f5i kasutada komplektis olevat taaskasutatud plastist k\u00f5rt.<\/p>\n","protected":false},"excerpt":{"rendered":"<p>Tutvustame Cruiserit \u2013 ideaalset kaaslast liikuvaks eluviisiks. Unikaalne lekkekindel kaanedisain. 480 ml mahutavusega ning valmistatud 73% taaskasutatud&#8230;<\/p>\n","protected":false},"featured_media":0,"template":"","meta":[],"product_brand":[],"product_cat":[15071],"product_tag":[],"class_list":{"0":"post-1443162","1":"product","2":"type-product","3":"status-publish","5":"product_cat-termoskruusid","6":"pa_brand-xd-collection","7":"pa_color-black-2","8":"pa_color-blue-2","9":"pa_color-soe-pruun","10":"pa_color-valge","11":"pa_gender-uniseks","12":"pa_gender-unisex","15":"pa_material-recycled-stainless-steelpolypropylene","17":"first","18":"instock","19":"taxable","20":"shipping-taxable","21":"purchasable","22":"product-type-variable"},"acf":[],"yoast_head":"<!-- This site is optimized with the Yoast SEO plugin v26.0 - https:\/\/yoast.com\/wordpress\/plugins\/seo\/ -->\n<title>XD Collection Cruiser RCS-taaskasutatud lekkekindel kompaktne termoskruus 480ml - Kruze.ee<\/title>\n<meta name=\"robots\" content=\"index, follow, max-snippet:-1, max-image-preview:large, max-video-preview:-1\" \/>\n<link rel=\"canonical\" href=\"https:\/\/kruze.ee\/et\/toode\/xd-collection-cruiser-rcs-taaskasutatud-lekkekindel-kompaktne-termoskruus-480ml\/\" \/>\n<meta property=\"og:locale\" content=\"et_EE\" \/>\n<meta property=\"og:type\" content=\"article\" \/>\n<meta property=\"og:title\" content=\"XD Collection Cruiser RCS-taaskasutatud lekkekindel kompaktne termoskruus 480ml - Kruze.ee\" \/>\n<meta property=\"og:description\" content=\"Tutvustame Cruiserit \u2013 ideaalset kaaslast liikuvaks eluviisiks. Unikaalne lekkekindel kaanedisain. 480 ml mahutavusega ning valmistatud 73% taaskasutatud...\" \/>\n<meta property=\"og:url\" content=\"https:\/\/kruze.ee\/et\/toode\/xd-collection-cruiser-rcs-taaskasutatud-lekkekindel-kompaktne-termoskruus-480ml\/\" \/>\n<meta property=\"og:site_name\" content=\"Kruze.ee\" \/>\n<meta property=\"article:modified_time\" content=\"2026-03-16T21:53:50+00:00\" \/>\n<meta name=\"twitter:card\" content=\"summary_large_image\" \/>\n<script type=\"application\/ld+json\" class=\"yoast-schema-graph\">{\"@context\":\"https:\/\/schema.org\",\"@graph\":[{\"@type\":\"WebPage\",\"@id\":\"https:\/\/kruze.ee\/et\/toode\/xd-collection-cruiser-rcs-taaskasutatud-lekkekindel-kompaktne-termoskruus-480ml\/\",\"url\":\"https:\/\/kruze.ee\/et\/toode\/xd-collection-cruiser-rcs-taaskasutatud-lekkekindel-kompaktne-termoskruus-480ml\/\",\"name\":\"XD Collection Cruiser RCS-taaskasutatud lekkekindel kompaktne termoskruus 480ml - Kruze.ee\",\"isPartOf\":{\"@id\":\"https:\/\/kruze.ee\/et\/#website\"},\"datePublished\":\"2026-02-05T14:53:51+00:00\",\"dateModified\":\"2026-03-16T21:53:50+00:00\",\"breadcrumb\":{\"@id\":\"https:\/\/kruze.ee\/et\/toode\/xd-collection-cruiser-rcs-taaskasutatud-lekkekindel-kompaktne-termoskruus-480ml\/#breadcrumb\"},\"inLanguage\":\"et\",\"potentialAction\":[{\"@type\":\"ReadAction\",\"target\":[\"https:\/\/kruze.ee\/et\/toode\/xd-collection-cruiser-rcs-taaskasutatud-lekkekindel-kompaktne-termoskruus-480ml\/\"]}]},{\"@type\":\"BreadcrumbList\",\"@id\":\"https:\/\/kruze.ee\/et\/toode\/xd-collection-cruiser-rcs-taaskasutatud-lekkekindel-kompaktne-termoskruus-480ml\/#breadcrumb\",\"itemListElement\":[{\"@type\":\"ListItem\",\"position\":1,\"name\":\"Home\",\"item\":\"https:\/\/kruze.ee\/et\/\"},{\"@type\":\"ListItem\",\"position\":2,\"name\":\"Tooted\",\"item\":\"https:\/\/kruze.ee\/et\/tooted\/\"},{\"@type\":\"ListItem\",\"position\":3,\"name\":\"XD Collection Cruiser RCS-taaskasutatud lekkekindel kompaktne termoskruus 480ml\"}]},{\"@type\":\"WebSite\",\"@id\":\"https:\/\/kruze.ee\/et\/#website\",\"url\":\"https:\/\/kruze.ee\/et\/\",\"name\":\"Kruze.ee\",\"description\":\"Reklaamkingitused, tr&uuml;kiga T-s&auml;rgid, fliisid, dressipluused, tekstiil, joped ja paljud teised logoga meened, &Auml;rikingitused sinu partnerile! Telli juba t&auml;na.\",\"potentialAction\":[{\"@type\":\"SearchAction\",\"target\":{\"@type\":\"EntryPoint\",\"urlTemplate\":\"https:\/\/kruze.ee\/et\/?s={search_term_string}\"},\"query-input\":{\"@type\":\"PropertyValueSpecification\",\"valueRequired\":true,\"valueName\":\"search_term_string\"}}],\"inLanguage\":\"et\"}]}<\/script>\n<!-- \/ Yoast SEO plugin. -->","yoast_head_json":{"title":"XD Collection Cruiser RCS-taaskasutatud lekkekindel kompaktne termoskruus 480ml - Kruze.ee","robots":{"index":"index","follow":"follow","max-snippet":"max-snippet:-1","max-image-preview":"max-image-preview:large","max-video-preview":"max-video-preview:-1"},"canonical":"https:\/\/kruze.ee\/et\/toode\/xd-collection-cruiser-rcs-taaskasutatud-lekkekindel-kompaktne-termoskruus-480ml\/","og_locale":"et_EE","og_type":"article","og_title":"XD Collection Cruiser RCS-taaskasutatud lekkekindel kompaktne termoskruus 480ml - Kruze.ee","og_description":"Tutvustame Cruiserit \u2013 ideaalset kaaslast liikuvaks eluviisiks. Unikaalne lekkekindel kaanedisain. 480 ml mahutavusega ning valmistatud 73% taaskasutatud...","og_url":"https:\/\/kruze.ee\/et\/toode\/xd-collection-cruiser-rcs-taaskasutatud-lekkekindel-kompaktne-termoskruus-480ml\/","og_site_name":"Kruze.ee","article_modified_time":"2026-03-16T21:53:50+00:00","twitter_card":"summary_large_image","schema":{"@context":"https:\/\/schema.org","@graph":[{"@type":"WebPage","@id":"https:\/\/kruze.ee\/et\/toode\/xd-collection-cruiser-rcs-taaskasutatud-lekkekindel-kompaktne-termoskruus-480ml\/","url":"https:\/\/kruze.ee\/et\/toode\/xd-collection-cruiser-rcs-taaskasutatud-lekkekindel-kompaktne-termoskruus-480ml\/","name":"XD Collection Cruiser RCS-taaskasutatud lekkekindel kompaktne termoskruus 480ml - Kruze.ee","isPartOf":{"@id":"https:\/\/kruze.ee\/et\/#website"},"datePublished":"2026-02-05T14:53:51+00:00","dateModified":"2026-03-16T21:53:50+00:00","breadcrumb":{"@id":"https:\/\/kruze.ee\/et\/toode\/xd-collection-cruiser-rcs-taaskasutatud-lekkekindel-kompaktne-termoskruus-480ml\/#breadcrumb"},"inLanguage":"et","potentialAction":[{"@type":"ReadAction","target":["https:\/\/kruze.ee\/et\/toode\/xd-collection-cruiser-rcs-taaskasutatud-lekkekindel-kompaktne-termoskruus-480ml\/"]}]},{"@type":"BreadcrumbList","@id":"https:\/\/kruze.ee\/et\/toode\/xd-collection-cruiser-rcs-taaskasutatud-lekkekindel-kompaktne-termoskruus-480ml\/#breadcrumb","itemListElement":[{"@type":"ListItem","position":1,"name":"Home","item":"https:\/\/kruze.ee\/et\/"},{"@type":"ListItem","position":2,"name":"Tooted","item":"https:\/\/kruze.ee\/et\/tooted\/"},{"@type":"ListItem","position":3,"name":"XD Collection Cruiser RCS-taaskasutatud lekkekindel kompaktne termoskruus 480ml"}]},{"@type":"WebSite","@id":"https:\/\/kruze.ee\/et\/#website","url":"https:\/\/kruze.ee\/et\/","name":"Kruze.ee","description":"Reklaamkingitused, tr&uuml;kiga T-s&auml;rgid, fliisid, dressipluused, tekstiil, joped ja paljud teised logoga meened, &Auml;rikingitused sinu partnerile! Telli juba t&auml;na.","potentialAction":[{"@type":"SearchAction","target":{"@type":"EntryPoint","urlTemplate":"https:\/\/kruze.ee\/et\/?s={search_term_string}"},"query-input":{"@type":"PropertyValueSpecification","valueRequired":true,"valueName":"search_term_string"}}],"inLanguage":"et"}]}},"_links":{"self":[{"href":"https:\/\/kruze.ee\/et\/wp-json\/wp\/v2\/product\/1443162","targetHints":{"allow":["GET"]}}],"collection":[{"href":"https:\/\/kruze.ee\/et\/wp-json\/wp\/v2\/product"}],"about":[{"href":"https:\/\/kruze.ee\/et\/wp-json\/wp\/v2\/types\/product"}],"wp:attachment":[{"href":"https:\/\/kruze.ee\/et\/wp-json\/wp\/v2\/media?parent=1443162"}],"wp:term":[{"taxonomy":"product_brand","embeddable":true,"href":"https:\/\/kruze.ee\/et\/wp-json\/wp\/v2\/product_brand?post=1443162"},{"taxonomy":"product_cat","embeddable":true,"href":"https:\/\/kruze.ee\/et\/wp-json\/wp\/v2\/product_cat?post=1443162"},{"taxonomy":"product_tag","embeddable":true,"href":"https:\/\/kruze.ee\/et\/wp-json\/wp\/v2\/product_tag?post=1443162"}],"curies":[{"name":"wp","href":"https:\/\/api.w.org\/{rel}","templated":true}]}}