{"id":1443156,"date":"2026-02-05T17:53:47","date_gmt":"2026-02-05T14:53:47","guid":{"rendered":"https:\/\/kruze.ee\/product\/xd-collection-java-rcs-taaskasutatud-topeltseinaga-termoskruus-350ml\/"},"modified":"2026-03-17T00:53:48","modified_gmt":"2026-03-16T21:53:48","slug":"xd-collection-java-rcs-taaskasutatud-topeltseinaga-termoskruus-350ml","status":"publish","type":"product","link":"https:\/\/kruze.ee\/et\/toode\/xd-collection-java-rcs-taaskasutatud-topeltseinaga-termoskruus-350ml\/","title":{"rendered":"XD Collection Java RCS-taaskasutatud topeltseinaga termoskruus 350ml"},"content":{"rendered":"<p>Tutvustame ideaalset kohvikaaslast sinu tegusaks p\u00e4evaks! Meie kaasaskantav kohvitermokruus on loodud liikvel eluks \u2013 kerge ja lekkekindel. Olgu ees t\u00f6\u00f6les\u00f5it, lemmikkohvikus t\u00e4itmine v\u00f5i kiire lonks autos, see kruus hoiab kohvi kuumana ja k\u00e4ed jahedana. Keskkonnas\u00f5bralik, korduvkasutatav ja valmis sind kogu p\u00e4eva saatma. Ainult k\u00e4sipesu. Taaskasutatud materjali osakaal on 36% toote kogukaalust. V\u00e4lissein RPP-materjalist. BPA-vaba. Maht 350 ml.<\/p>\n","protected":false},"excerpt":{"rendered":"<p>Tutvustame ideaalset kohvikaaslast sinu tegusaks p\u00e4evaks! Meie kaasaskantav kohvitermokruus on loodud liikvel eluks \u2013 kerge ja lekkekindel. Olgu ees t\u00f6\u00f6les\u00f5it,&#8230;<\/p>\n","protected":false},"featured_media":0,"template":"","meta":[],"product_brand":[],"product_cat":[15071],"product_tag":[],"class_list":{"0":"post-1443156","1":"product","2":"type-product","3":"status-publish","5":"product_cat-termoskruusid","6":"pa_brand-xd-collection","7":"pa_color-black-2","8":"pa_color-blue-2","9":"pa_color-valge","10":"pa_gender-uniseks","11":"pa_gender-unisex","14":"pa_material-recycled-polypropylenepolypropylene","16":"first","17":"instock","18":"taxable","19":"shipping-taxable","20":"purchasable","21":"product-type-variable"},"acf":[],"yoast_head":"<!-- This site is optimized with the Yoast SEO plugin v26.0 - https:\/\/yoast.com\/wordpress\/plugins\/seo\/ -->\n<title>XD Collection Java RCS-taaskasutatud topeltseinaga termoskruus 350ml - Kruze.ee<\/title>\n<meta name=\"robots\" content=\"index, follow, max-snippet:-1, max-image-preview:large, max-video-preview:-1\" \/>\n<link rel=\"canonical\" href=\"https:\/\/kruze.ee\/et\/toode\/xd-collection-java-rcs-taaskasutatud-topeltseinaga-termoskruus-350ml\/\" \/>\n<meta property=\"og:locale\" content=\"et_EE\" \/>\n<meta property=\"og:type\" content=\"article\" \/>\n<meta property=\"og:title\" content=\"XD Collection Java RCS-taaskasutatud topeltseinaga termoskruus 350ml - Kruze.ee\" \/>\n<meta property=\"og:description\" content=\"Tutvustame ideaalset kohvikaaslast sinu tegusaks p\u00e4evaks! Meie kaasaskantav kohvitermokruus on loodud liikvel eluks \u2013 kerge ja lekkekindel. Olgu ees t\u00f6\u00f6les\u00f5it,...\" \/>\n<meta property=\"og:url\" content=\"https:\/\/kruze.ee\/et\/toode\/xd-collection-java-rcs-taaskasutatud-topeltseinaga-termoskruus-350ml\/\" \/>\n<meta property=\"og:site_name\" content=\"Kruze.ee\" \/>\n<meta property=\"article:modified_time\" content=\"2026-03-16T21:53:48+00:00\" \/>\n<meta name=\"twitter:card\" content=\"summary_large_image\" \/>\n<script type=\"application\/ld+json\" class=\"yoast-schema-graph\">{\"@context\":\"https:\/\/schema.org\",\"@graph\":[{\"@type\":\"WebPage\",\"@id\":\"https:\/\/kruze.ee\/et\/toode\/xd-collection-java-rcs-taaskasutatud-topeltseinaga-termoskruus-350ml\/\",\"url\":\"https:\/\/kruze.ee\/et\/toode\/xd-collection-java-rcs-taaskasutatud-topeltseinaga-termoskruus-350ml\/\",\"name\":\"XD Collection Java RCS-taaskasutatud topeltseinaga termoskruus 350ml - Kruze.ee\",\"isPartOf\":{\"@id\":\"https:\/\/kruze.ee\/et\/#website\"},\"datePublished\":\"2026-02-05T14:53:47+00:00\",\"dateModified\":\"2026-03-16T21:53:48+00:00\",\"breadcrumb\":{\"@id\":\"https:\/\/kruze.ee\/et\/toode\/xd-collection-java-rcs-taaskasutatud-topeltseinaga-termoskruus-350ml\/#breadcrumb\"},\"inLanguage\":\"et\",\"potentialAction\":[{\"@type\":\"ReadAction\",\"target\":[\"https:\/\/kruze.ee\/et\/toode\/xd-collection-java-rcs-taaskasutatud-topeltseinaga-termoskruus-350ml\/\"]}]},{\"@type\":\"BreadcrumbList\",\"@id\":\"https:\/\/kruze.ee\/et\/toode\/xd-collection-java-rcs-taaskasutatud-topeltseinaga-termoskruus-350ml\/#breadcrumb\",\"itemListElement\":[{\"@type\":\"ListItem\",\"position\":1,\"name\":\"Home\",\"item\":\"https:\/\/kruze.ee\/et\/\"},{\"@type\":\"ListItem\",\"position\":2,\"name\":\"Tooted\",\"item\":\"https:\/\/kruze.ee\/et\/tooted\/\"},{\"@type\":\"ListItem\",\"position\":3,\"name\":\"XD Collection Java RCS-taaskasutatud topeltseinaga termoskruus 350ml\"}]},{\"@type\":\"WebSite\",\"@id\":\"https:\/\/kruze.ee\/et\/#website\",\"url\":\"https:\/\/kruze.ee\/et\/\",\"name\":\"Kruze.ee\",\"description\":\"Reklaamkingitused, tr&uuml;kiga T-s&auml;rgid, fliisid, dressipluused, tekstiil, joped ja paljud teised logoga meened, &Auml;rikingitused sinu partnerile! Telli juba t&auml;na.\",\"potentialAction\":[{\"@type\":\"SearchAction\",\"target\":{\"@type\":\"EntryPoint\",\"urlTemplate\":\"https:\/\/kruze.ee\/et\/?s={search_term_string}\"},\"query-input\":{\"@type\":\"PropertyValueSpecification\",\"valueRequired\":true,\"valueName\":\"search_term_string\"}}],\"inLanguage\":\"et\"}]}<\/script>\n<!-- \/ Yoast SEO plugin. -->","yoast_head_json":{"title":"XD Collection Java RCS-taaskasutatud topeltseinaga termoskruus 350ml - Kruze.ee","robots":{"index":"index","follow":"follow","max-snippet":"max-snippet:-1","max-image-preview":"max-image-preview:large","max-video-preview":"max-video-preview:-1"},"canonical":"https:\/\/kruze.ee\/et\/toode\/xd-collection-java-rcs-taaskasutatud-topeltseinaga-termoskruus-350ml\/","og_locale":"et_EE","og_type":"article","og_title":"XD Collection Java RCS-taaskasutatud topeltseinaga termoskruus 350ml - Kruze.ee","og_description":"Tutvustame ideaalset kohvikaaslast sinu tegusaks p\u00e4evaks! Meie kaasaskantav kohvitermokruus on loodud liikvel eluks \u2013 kerge ja lekkekindel. Olgu ees t\u00f6\u00f6les\u00f5it,...","og_url":"https:\/\/kruze.ee\/et\/toode\/xd-collection-java-rcs-taaskasutatud-topeltseinaga-termoskruus-350ml\/","og_site_name":"Kruze.ee","article_modified_time":"2026-03-16T21:53:48+00:00","twitter_card":"summary_large_image","schema":{"@context":"https:\/\/schema.org","@graph":[{"@type":"WebPage","@id":"https:\/\/kruze.ee\/et\/toode\/xd-collection-java-rcs-taaskasutatud-topeltseinaga-termoskruus-350ml\/","url":"https:\/\/kruze.ee\/et\/toode\/xd-collection-java-rcs-taaskasutatud-topeltseinaga-termoskruus-350ml\/","name":"XD Collection Java RCS-taaskasutatud topeltseinaga termoskruus 350ml - Kruze.ee","isPartOf":{"@id":"https:\/\/kruze.ee\/et\/#website"},"datePublished":"2026-02-05T14:53:47+00:00","dateModified":"2026-03-16T21:53:48+00:00","breadcrumb":{"@id":"https:\/\/kruze.ee\/et\/toode\/xd-collection-java-rcs-taaskasutatud-topeltseinaga-termoskruus-350ml\/#breadcrumb"},"inLanguage":"et","potentialAction":[{"@type":"ReadAction","target":["https:\/\/kruze.ee\/et\/toode\/xd-collection-java-rcs-taaskasutatud-topeltseinaga-termoskruus-350ml\/"]}]},{"@type":"BreadcrumbList","@id":"https:\/\/kruze.ee\/et\/toode\/xd-collection-java-rcs-taaskasutatud-topeltseinaga-termoskruus-350ml\/#breadcrumb","itemListElement":[{"@type":"ListItem","position":1,"name":"Home","item":"https:\/\/kruze.ee\/et\/"},{"@type":"ListItem","position":2,"name":"Tooted","item":"https:\/\/kruze.ee\/et\/tooted\/"},{"@type":"ListItem","position":3,"name":"XD Collection Java RCS-taaskasutatud topeltseinaga termoskruus 350ml"}]},{"@type":"WebSite","@id":"https:\/\/kruze.ee\/et\/#website","url":"https:\/\/kruze.ee\/et\/","name":"Kruze.ee","description":"Reklaamkingitused, tr&uuml;kiga T-s&auml;rgid, fliisid, dressipluused, tekstiil, joped ja paljud teised logoga meened, &Auml;rikingitused sinu partnerile! Telli juba t&auml;na.","potentialAction":[{"@type":"SearchAction","target":{"@type":"EntryPoint","urlTemplate":"https:\/\/kruze.ee\/et\/?s={search_term_string}"},"query-input":{"@type":"PropertyValueSpecification","valueRequired":true,"valueName":"search_term_string"}}],"inLanguage":"et"}]}},"_links":{"self":[{"href":"https:\/\/kruze.ee\/et\/wp-json\/wp\/v2\/product\/1443156","targetHints":{"allow":["GET"]}}],"collection":[{"href":"https:\/\/kruze.ee\/et\/wp-json\/wp\/v2\/product"}],"about":[{"href":"https:\/\/kruze.ee\/et\/wp-json\/wp\/v2\/types\/product"}],"wp:attachment":[{"href":"https:\/\/kruze.ee\/et\/wp-json\/wp\/v2\/media?parent=1443156"}],"wp:term":[{"taxonomy":"product_brand","embeddable":true,"href":"https:\/\/kruze.ee\/et\/wp-json\/wp\/v2\/product_brand?post=1443156"},{"taxonomy":"product_cat","embeddable":true,"href":"https:\/\/kruze.ee\/et\/wp-json\/wp\/v2\/product_cat?post=1443156"},{"taxonomy":"product_tag","embeddable":true,"href":"https:\/\/kruze.ee\/et\/wp-json\/wp\/v2\/product_tag?post=1443156"}],"curies":[{"name":"wp","href":"https:\/\/api.w.org\/{rel}","templated":true}]}}