{"id":1443134,"date":"2026-02-05T17:53:39","date_gmt":"2026-02-05T14:53:39","guid":{"rendered":"https:\/\/kruze.ee\/product\/xd-collection-tana-rcs-taaskasutatud-plastist-sangaga-termoskruus-750ml\/"},"modified":"2026-03-17T00:53:45","modified_gmt":"2026-03-16T21:53:45","slug":"xd-collection-tana-rcs-taaskasutatud-plastist-sangaga-termoskruus-750ml","status":"publish","type":"product","link":"https:\/\/kruze.ee\/et\/toode\/xd-collection-tana-rcs-taaskasutatud-plastist-sangaga-termoskruus-750ml\/","title":{"rendered":"XD Collection Tana RCS-taaskasutatud plastist sangaga termoskruus 750ml"},"content":{"rendered":"<p>Kahekordse seinaga plastist termokruus\u2013 750 ml mahutavusega joogianumat, mis on valmistatud 42% ulatuses taaskasutatud materjalist, pakkudes v\u00e4iksema keskkonnam\u00f5juga niisutust. Olgu t\u00f6\u00f6, treening v\u00f5i reisimine \u2013 see termokruus on ideaalne kaaslane. Uuenduslikul kaanel on p\u00f6\u00f6ratav \u00fclaosa kolme asendiga: lekkevastane k\u00f5rreava, joomisava ning t\u00e4ielikult suletud asend. Ergonoomiline k\u00e4epide mugavate haardesisudega tagab lihtsa kaasaskandmise ning kitsas p\u00f5hi sobitub enamiku auto topsihoidjatega. Ainult k\u00e4sipesu. Taaskasutatud materjali osakaal on 42% toote kogukaalust. BPA-vaba. Maht 750 ml. Komplektis FSC\u00ae-sertifikaadiga kraft kinkepakend.<\/p>\n","protected":false},"excerpt":{"rendered":"<p>Kahekordse seinaga plastist termokruus\u2013 750 ml mahutavusega joogianumat, mis on valmistatud 42% ulatuses taaskasutatud materjalist, pakkudes v\u00e4iksema&#8230;<\/p>\n","protected":false},"featured_media":0,"template":"","meta":[],"product_brand":[],"product_cat":[15071],"product_tag":[],"class_list":{"0":"post-1443134","1":"product","2":"type-product","3":"status-publish","5":"product_cat-termoskruusid","6":"pa_brand-xd-collection","7":"pa_color-beez","8":"pa_color-helesinine","9":"pa_color-black-2","10":"pa_color-roosa","11":"pa_color-tumesinine","12":"pa_color-valge","13":"pa_gender-uniseks","14":"pa_gender-unisex","17":"pa_material-polypropyleneacrylonitrile-styrene-as","19":"first","20":"instock","21":"taxable","22":"shipping-taxable","23":"purchasable","24":"product-type-variable"},"acf":[],"yoast_head":"<!-- This site is optimized with the Yoast SEO plugin v26.0 - https:\/\/yoast.com\/wordpress\/plugins\/seo\/ -->\n<title>XD Collection Tana RCS-taaskasutatud plastist sangaga termoskruus 750ml - Kruze.ee<\/title>\n<meta name=\"robots\" content=\"index, follow, max-snippet:-1, max-image-preview:large, max-video-preview:-1\" \/>\n<link rel=\"canonical\" href=\"https:\/\/kruze.ee\/et\/toode\/xd-collection-tana-rcs-taaskasutatud-plastist-sangaga-termoskruus-750ml\/\" \/>\n<meta property=\"og:locale\" content=\"et_EE\" \/>\n<meta property=\"og:type\" content=\"article\" \/>\n<meta property=\"og:title\" content=\"XD Collection Tana RCS-taaskasutatud plastist sangaga termoskruus 750ml - Kruze.ee\" \/>\n<meta property=\"og:description\" content=\"Kahekordse seinaga plastist termokruus\u2013 750 ml mahutavusega joogianumat, mis on valmistatud 42% ulatuses taaskasutatud materjalist, pakkudes v\u00e4iksema...\" \/>\n<meta property=\"og:url\" content=\"https:\/\/kruze.ee\/et\/toode\/xd-collection-tana-rcs-taaskasutatud-plastist-sangaga-termoskruus-750ml\/\" \/>\n<meta property=\"og:site_name\" content=\"Kruze.ee\" \/>\n<meta property=\"article:modified_time\" content=\"2026-03-16T21:53:45+00:00\" \/>\n<meta name=\"twitter:card\" content=\"summary_large_image\" \/>\n<script type=\"application\/ld+json\" class=\"yoast-schema-graph\">{\"@context\":\"https:\/\/schema.org\",\"@graph\":[{\"@type\":\"WebPage\",\"@id\":\"https:\/\/kruze.ee\/et\/toode\/xd-collection-tana-rcs-taaskasutatud-plastist-sangaga-termoskruus-750ml\/\",\"url\":\"https:\/\/kruze.ee\/et\/toode\/xd-collection-tana-rcs-taaskasutatud-plastist-sangaga-termoskruus-750ml\/\",\"name\":\"XD Collection Tana RCS-taaskasutatud plastist sangaga termoskruus 750ml - Kruze.ee\",\"isPartOf\":{\"@id\":\"https:\/\/kruze.ee\/et\/#website\"},\"datePublished\":\"2026-02-05T14:53:39+00:00\",\"dateModified\":\"2026-03-16T21:53:45+00:00\",\"breadcrumb\":{\"@id\":\"https:\/\/kruze.ee\/et\/toode\/xd-collection-tana-rcs-taaskasutatud-plastist-sangaga-termoskruus-750ml\/#breadcrumb\"},\"inLanguage\":\"et\",\"potentialAction\":[{\"@type\":\"ReadAction\",\"target\":[\"https:\/\/kruze.ee\/et\/toode\/xd-collection-tana-rcs-taaskasutatud-plastist-sangaga-termoskruus-750ml\/\"]}]},{\"@type\":\"BreadcrumbList\",\"@id\":\"https:\/\/kruze.ee\/et\/toode\/xd-collection-tana-rcs-taaskasutatud-plastist-sangaga-termoskruus-750ml\/#breadcrumb\",\"itemListElement\":[{\"@type\":\"ListItem\",\"position\":1,\"name\":\"Home\",\"item\":\"https:\/\/kruze.ee\/et\/\"},{\"@type\":\"ListItem\",\"position\":2,\"name\":\"Tooted\",\"item\":\"https:\/\/kruze.ee\/et\/tooted\/\"},{\"@type\":\"ListItem\",\"position\":3,\"name\":\"XD Collection Tana RCS-taaskasutatud plastist sangaga termoskruus 750ml\"}]},{\"@type\":\"WebSite\",\"@id\":\"https:\/\/kruze.ee\/et\/#website\",\"url\":\"https:\/\/kruze.ee\/et\/\",\"name\":\"Kruze.ee\",\"description\":\"Reklaamkingitused, tr&uuml;kiga T-s&auml;rgid, fliisid, dressipluused, tekstiil, joped ja paljud teised logoga meened, &Auml;rikingitused sinu partnerile! Telli juba t&auml;na.\",\"potentialAction\":[{\"@type\":\"SearchAction\",\"target\":{\"@type\":\"EntryPoint\",\"urlTemplate\":\"https:\/\/kruze.ee\/et\/?s={search_term_string}\"},\"query-input\":{\"@type\":\"PropertyValueSpecification\",\"valueRequired\":true,\"valueName\":\"search_term_string\"}}],\"inLanguage\":\"et\"}]}<\/script>\n<!-- \/ Yoast SEO plugin. -->","yoast_head_json":{"title":"XD Collection Tana RCS-taaskasutatud plastist sangaga termoskruus 750ml - Kruze.ee","robots":{"index":"index","follow":"follow","max-snippet":"max-snippet:-1","max-image-preview":"max-image-preview:large","max-video-preview":"max-video-preview:-1"},"canonical":"https:\/\/kruze.ee\/et\/toode\/xd-collection-tana-rcs-taaskasutatud-plastist-sangaga-termoskruus-750ml\/","og_locale":"et_EE","og_type":"article","og_title":"XD Collection Tana RCS-taaskasutatud plastist sangaga termoskruus 750ml - Kruze.ee","og_description":"Kahekordse seinaga plastist termokruus\u2013 750 ml mahutavusega joogianumat, mis on valmistatud 42% ulatuses taaskasutatud materjalist, pakkudes v\u00e4iksema...","og_url":"https:\/\/kruze.ee\/et\/toode\/xd-collection-tana-rcs-taaskasutatud-plastist-sangaga-termoskruus-750ml\/","og_site_name":"Kruze.ee","article_modified_time":"2026-03-16T21:53:45+00:00","twitter_card":"summary_large_image","schema":{"@context":"https:\/\/schema.org","@graph":[{"@type":"WebPage","@id":"https:\/\/kruze.ee\/et\/toode\/xd-collection-tana-rcs-taaskasutatud-plastist-sangaga-termoskruus-750ml\/","url":"https:\/\/kruze.ee\/et\/toode\/xd-collection-tana-rcs-taaskasutatud-plastist-sangaga-termoskruus-750ml\/","name":"XD Collection Tana RCS-taaskasutatud plastist sangaga termoskruus 750ml - Kruze.ee","isPartOf":{"@id":"https:\/\/kruze.ee\/et\/#website"},"datePublished":"2026-02-05T14:53:39+00:00","dateModified":"2026-03-16T21:53:45+00:00","breadcrumb":{"@id":"https:\/\/kruze.ee\/et\/toode\/xd-collection-tana-rcs-taaskasutatud-plastist-sangaga-termoskruus-750ml\/#breadcrumb"},"inLanguage":"et","potentialAction":[{"@type":"ReadAction","target":["https:\/\/kruze.ee\/et\/toode\/xd-collection-tana-rcs-taaskasutatud-plastist-sangaga-termoskruus-750ml\/"]}]},{"@type":"BreadcrumbList","@id":"https:\/\/kruze.ee\/et\/toode\/xd-collection-tana-rcs-taaskasutatud-plastist-sangaga-termoskruus-750ml\/#breadcrumb","itemListElement":[{"@type":"ListItem","position":1,"name":"Home","item":"https:\/\/kruze.ee\/et\/"},{"@type":"ListItem","position":2,"name":"Tooted","item":"https:\/\/kruze.ee\/et\/tooted\/"},{"@type":"ListItem","position":3,"name":"XD Collection Tana RCS-taaskasutatud plastist sangaga termoskruus 750ml"}]},{"@type":"WebSite","@id":"https:\/\/kruze.ee\/et\/#website","url":"https:\/\/kruze.ee\/et\/","name":"Kruze.ee","description":"Reklaamkingitused, tr&uuml;kiga T-s&auml;rgid, fliisid, dressipluused, tekstiil, joped ja paljud teised logoga meened, &Auml;rikingitused sinu partnerile! Telli juba t&auml;na.","potentialAction":[{"@type":"SearchAction","target":{"@type":"EntryPoint","urlTemplate":"https:\/\/kruze.ee\/et\/?s={search_term_string}"},"query-input":{"@type":"PropertyValueSpecification","valueRequired":true,"valueName":"search_term_string"}}],"inLanguage":"et"}]}},"_links":{"self":[{"href":"https:\/\/kruze.ee\/et\/wp-json\/wp\/v2\/product\/1443134","targetHints":{"allow":["GET"]}}],"collection":[{"href":"https:\/\/kruze.ee\/et\/wp-json\/wp\/v2\/product"}],"about":[{"href":"https:\/\/kruze.ee\/et\/wp-json\/wp\/v2\/types\/product"}],"wp:attachment":[{"href":"https:\/\/kruze.ee\/et\/wp-json\/wp\/v2\/media?parent=1443134"}],"wp:term":[{"taxonomy":"product_brand","embeddable":true,"href":"https:\/\/kruze.ee\/et\/wp-json\/wp\/v2\/product_brand?post=1443134"},{"taxonomy":"product_cat","embeddable":true,"href":"https:\/\/kruze.ee\/et\/wp-json\/wp\/v2\/product_cat?post=1443134"},{"taxonomy":"product_tag","embeddable":true,"href":"https:\/\/kruze.ee\/et\/wp-json\/wp\/v2\/product_tag?post=1443134"}],"curies":[{"name":"wp","href":"https:\/\/api.w.org\/{rel}","templated":true}]}}