{"id":1442872,"date":"2026-02-04T13:48:45","date_gmt":"2026-02-04T10:48:45","guid":{"rendered":"https:\/\/kruze.ee\/product\/craft-core-kerge-voodriga-meeste-jope\/"},"modified":"2026-03-17T01:47:06","modified_gmt":"2026-03-16T22:47:06","slug":"craft-core-kerge-voodriga-meeste-jope","status":"publish","type":"product","link":"https:\/\/kruze.ee\/et\/toode\/craft-core-kerge-voodriga-meeste-jope\/","title":{"rendered":"Craft CORE kerge voodriga meeste jope"},"content":{"rendered":"<p>CORE Light Padded Jacket on mitmek\u00fclgne ja kokkupakitav kergelt soojustatud jope, mis sobib igap\u00e4evaseks kasutamiseks. Jope on valmistatud taaskasutatud pol\u00fcestrist ning sellel on soojustatud krae, sisetasku, lukuga rinnatasku ja kaks lukuga k\u00fcljetaskut. Sobib kandmiseks nii pealisjopena kui ka soojustava vahekihina k\u00fclmades tingimustes. \u2022 Taaskasutatud pol\u00fcester \u2022 Kergelt soojustatud krae lisasoojuse ja mugavuse tagamiseks \u2022 Pakitav oma k\u00fcljetaskusse \u2022 Varrukaotste soonikud hoiavad tuule eemal \u2022 Diskreetne lukuga rinnatasku \u2022 Kaks lukuga k\u00fcljetaskut \u2022 Sisetasku<\/p>\n","protected":false},"excerpt":{"rendered":"<p>CORE Light Padded Jacket on mitmek\u00fclgne ja kokkupakitav kergelt soojustatud jope, mis sobib igap\u00e4evaseks kasutamiseks. Jope on valmistatud taaskasutatud&#8230;<\/p>\n","protected":false},"featured_media":0,"template":"","meta":[],"product_brand":[],"product_cat":[5383],"product_tag":[],"class_list":{"0":"post-1442872","1":"product","2":"type-product","3":"status-publish","5":"product_cat-joped-logoga-funktsionaalsed-ja-vastupidavad","6":"pa_brand-craft","7":"pa_color-blaze","8":"pa_color-black-2","9":"pa_color-rift","10":"pa_gender-mehed","11":"pa_gender-men","12":"pa_material-body-100-polyamide-recycled-padding-100-polyester-recycled","13":"pa_size-s","14":"pa_size-m","15":"pa_size-l","16":"pa_size-xl","17":"pa_size-2xl","18":"pa_size-3xl","19":"pa_size-4xl","21":"first","22":"instock","23":"taxable","24":"shipping-taxable","25":"purchasable","26":"product-type-variable"},"acf":[],"yoast_head":"<!-- This site is optimized with the Yoast SEO plugin v26.0 - https:\/\/yoast.com\/wordpress\/plugins\/seo\/ -->\n<title>Craft CORE kerge voodriga meeste jope - Kruze.ee<\/title>\n<meta name=\"robots\" content=\"index, follow, max-snippet:-1, max-image-preview:large, max-video-preview:-1\" \/>\n<link rel=\"canonical\" href=\"https:\/\/kruze.ee\/et\/toode\/craft-core-kerge-voodriga-meeste-jope\/\" \/>\n<meta property=\"og:locale\" content=\"et_EE\" \/>\n<meta property=\"og:type\" content=\"article\" \/>\n<meta property=\"og:title\" content=\"Craft CORE kerge voodriga meeste jope - Kruze.ee\" \/>\n<meta property=\"og:description\" content=\"CORE Light Padded Jacket on mitmek\u00fclgne ja kokkupakitav kergelt soojustatud jope, mis sobib igap\u00e4evaseks kasutamiseks. Jope on valmistatud taaskasutatud...\" \/>\n<meta property=\"og:url\" content=\"https:\/\/kruze.ee\/et\/toode\/craft-core-kerge-voodriga-meeste-jope\/\" \/>\n<meta property=\"og:site_name\" content=\"Kruze.ee\" \/>\n<meta property=\"article:modified_time\" content=\"2026-03-16T22:47:06+00:00\" \/>\n<meta name=\"twitter:card\" content=\"summary_large_image\" \/>\n<script type=\"application\/ld+json\" class=\"yoast-schema-graph\">{\"@context\":\"https:\/\/schema.org\",\"@graph\":[{\"@type\":\"WebPage\",\"@id\":\"https:\/\/kruze.ee\/et\/toode\/craft-core-kerge-voodriga-meeste-jope\/\",\"url\":\"https:\/\/kruze.ee\/et\/toode\/craft-core-kerge-voodriga-meeste-jope\/\",\"name\":\"Craft CORE kerge voodriga meeste jope - Kruze.ee\",\"isPartOf\":{\"@id\":\"https:\/\/kruze.ee\/et\/#website\"},\"datePublished\":\"2026-02-04T10:48:45+00:00\",\"dateModified\":\"2026-03-16T22:47:06+00:00\",\"breadcrumb\":{\"@id\":\"https:\/\/kruze.ee\/et\/toode\/craft-core-kerge-voodriga-meeste-jope\/#breadcrumb\"},\"inLanguage\":\"et\",\"potentialAction\":[{\"@type\":\"ReadAction\",\"target\":[\"https:\/\/kruze.ee\/et\/toode\/craft-core-kerge-voodriga-meeste-jope\/\"]}]},{\"@type\":\"BreadcrumbList\",\"@id\":\"https:\/\/kruze.ee\/et\/toode\/craft-core-kerge-voodriga-meeste-jope\/#breadcrumb\",\"itemListElement\":[{\"@type\":\"ListItem\",\"position\":1,\"name\":\"Home\",\"item\":\"https:\/\/kruze.ee\/et\/\"},{\"@type\":\"ListItem\",\"position\":2,\"name\":\"Tooted\",\"item\":\"https:\/\/kruze.ee\/et\/tooted\/\"},{\"@type\":\"ListItem\",\"position\":3,\"name\":\"Craft CORE kerge voodriga meeste jope\"}]},{\"@type\":\"WebSite\",\"@id\":\"https:\/\/kruze.ee\/et\/#website\",\"url\":\"https:\/\/kruze.ee\/et\/\",\"name\":\"Kruze.ee\",\"description\":\"Reklaamkingitused, tr&uuml;kiga T-s&auml;rgid, fliisid, dressipluused, tekstiil, joped ja paljud teised logoga meened, &Auml;rikingitused sinu partnerile! Telli juba t&auml;na.\",\"potentialAction\":[{\"@type\":\"SearchAction\",\"target\":{\"@type\":\"EntryPoint\",\"urlTemplate\":\"https:\/\/kruze.ee\/et\/?s={search_term_string}\"},\"query-input\":{\"@type\":\"PropertyValueSpecification\",\"valueRequired\":true,\"valueName\":\"search_term_string\"}}],\"inLanguage\":\"et\"}]}<\/script>\n<!-- \/ Yoast SEO plugin. -->","yoast_head_json":{"title":"Craft CORE kerge voodriga meeste jope - Kruze.ee","robots":{"index":"index","follow":"follow","max-snippet":"max-snippet:-1","max-image-preview":"max-image-preview:large","max-video-preview":"max-video-preview:-1"},"canonical":"https:\/\/kruze.ee\/et\/toode\/craft-core-kerge-voodriga-meeste-jope\/","og_locale":"et_EE","og_type":"article","og_title":"Craft CORE kerge voodriga meeste jope - Kruze.ee","og_description":"CORE Light Padded Jacket on mitmek\u00fclgne ja kokkupakitav kergelt soojustatud jope, mis sobib igap\u00e4evaseks kasutamiseks. Jope on valmistatud taaskasutatud...","og_url":"https:\/\/kruze.ee\/et\/toode\/craft-core-kerge-voodriga-meeste-jope\/","og_site_name":"Kruze.ee","article_modified_time":"2026-03-16T22:47:06+00:00","twitter_card":"summary_large_image","schema":{"@context":"https:\/\/schema.org","@graph":[{"@type":"WebPage","@id":"https:\/\/kruze.ee\/et\/toode\/craft-core-kerge-voodriga-meeste-jope\/","url":"https:\/\/kruze.ee\/et\/toode\/craft-core-kerge-voodriga-meeste-jope\/","name":"Craft CORE kerge voodriga meeste jope - Kruze.ee","isPartOf":{"@id":"https:\/\/kruze.ee\/et\/#website"},"datePublished":"2026-02-04T10:48:45+00:00","dateModified":"2026-03-16T22:47:06+00:00","breadcrumb":{"@id":"https:\/\/kruze.ee\/et\/toode\/craft-core-kerge-voodriga-meeste-jope\/#breadcrumb"},"inLanguage":"et","potentialAction":[{"@type":"ReadAction","target":["https:\/\/kruze.ee\/et\/toode\/craft-core-kerge-voodriga-meeste-jope\/"]}]},{"@type":"BreadcrumbList","@id":"https:\/\/kruze.ee\/et\/toode\/craft-core-kerge-voodriga-meeste-jope\/#breadcrumb","itemListElement":[{"@type":"ListItem","position":1,"name":"Home","item":"https:\/\/kruze.ee\/et\/"},{"@type":"ListItem","position":2,"name":"Tooted","item":"https:\/\/kruze.ee\/et\/tooted\/"},{"@type":"ListItem","position":3,"name":"Craft CORE kerge voodriga meeste jope"}]},{"@type":"WebSite","@id":"https:\/\/kruze.ee\/et\/#website","url":"https:\/\/kruze.ee\/et\/","name":"Kruze.ee","description":"Reklaamkingitused, tr&uuml;kiga T-s&auml;rgid, fliisid, dressipluused, tekstiil, joped ja paljud teised logoga meened, &Auml;rikingitused sinu partnerile! Telli juba t&auml;na.","potentialAction":[{"@type":"SearchAction","target":{"@type":"EntryPoint","urlTemplate":"https:\/\/kruze.ee\/et\/?s={search_term_string}"},"query-input":{"@type":"PropertyValueSpecification","valueRequired":true,"valueName":"search_term_string"}}],"inLanguage":"et"}]}},"_links":{"self":[{"href":"https:\/\/kruze.ee\/et\/wp-json\/wp\/v2\/product\/1442872","targetHints":{"allow":["GET"]}}],"collection":[{"href":"https:\/\/kruze.ee\/et\/wp-json\/wp\/v2\/product"}],"about":[{"href":"https:\/\/kruze.ee\/et\/wp-json\/wp\/v2\/types\/product"}],"wp:attachment":[{"href":"https:\/\/kruze.ee\/et\/wp-json\/wp\/v2\/media?parent=1442872"}],"wp:term":[{"taxonomy":"product_brand","embeddable":true,"href":"https:\/\/kruze.ee\/et\/wp-json\/wp\/v2\/product_brand?post=1442872"},{"taxonomy":"product_cat","embeddable":true,"href":"https:\/\/kruze.ee\/et\/wp-json\/wp\/v2\/product_cat?post=1442872"},{"taxonomy":"product_tag","embeddable":true,"href":"https:\/\/kruze.ee\/et\/wp-json\/wp\/v2\/product_tag?post=1442872"}],"curies":[{"name":"wp","href":"https:\/\/api.w.org\/{rel}","templated":true}]}}