{"id":1442836,"date":"2026-02-04T13:48:35","date_gmt":"2026-02-04T10:48:35","guid":{"rendered":"https:\/\/kruze.ee\/product\/craft-core-kerge-voodriga-naiste-vest\/"},"modified":"2026-03-17T01:46:59","modified_gmt":"2026-03-16T22:46:59","slug":"craft-core-kerge-voodriga-naiste-vest","status":"publish","type":"product","link":"https:\/\/kruze.ee\/et\/toode\/craft-core-kerge-voodriga-naiste-vest\/","title":{"rendered":"Craft CORE kerge voodriga naiste vest"},"content":{"rendered":"<p>CORE Light Padded Vest on \u00f5huke kergelt polsterdatud vest, mis sobib ideaalselt olukordadesse, kus on vaja kiiresti kohaneda muutuvate temperatuuridega. See mitmek\u00fclgne vest on valmistatud taaskasutatud pol\u00fcamiidist pealiskangast ning taaskasutatud pol\u00fcestrist t\u00e4idisest. Lisaks on vestil pehme soonikkoes krae ja kaks k\u00fcljetaskut. \u2022 Pealiskangas taaskasutatud pol\u00fcamiidist \u2022 T\u00e4idis taaskasutatud pol\u00fcestrist \u2022 Kaks k\u00fcljetaskut \u2022 Pehme soonikkoes krae \u2022 Sirge l\u00f5ige<\/p>\n","protected":false},"excerpt":{"rendered":"<p>CORE Light Padded Vest on \u00f5huke kergelt polsterdatud vest, mis sobib ideaalselt olukordadesse, kus on vaja kiiresti kohaneda muutuvate temperatuuridega. See&#8230;<\/p>\n","protected":false},"featured_media":0,"template":"","meta":[],"product_brand":[],"product_cat":[5381],"product_tag":[],"class_list":{"0":"post-1442836","1":"product","2":"type-product","3":"status-publish","5":"product_cat-vestid-tikandiga","6":"pa_brand-craft","7":"pa_color-blaze","8":"pa_color-black-2","9":"pa_color-rift","10":"pa_gender-naised","11":"pa_gender-women","12":"pa_material-body-100-polyamide-recycled-padding-100-polyester-recycled","13":"pa_size-xs","14":"pa_size-s","15":"pa_size-m","16":"pa_size-l","17":"pa_size-xl","18":"pa_size-2xl","20":"first","21":"instock","22":"taxable","23":"shipping-taxable","24":"purchasable","25":"product-type-variable"},"acf":[],"yoast_head":"<!-- This site is optimized with the Yoast SEO plugin v26.0 - https:\/\/yoast.com\/wordpress\/plugins\/seo\/ -->\n<title>Craft CORE kerge voodriga naiste vest - Kruze.ee<\/title>\n<meta name=\"robots\" content=\"index, follow, max-snippet:-1, max-image-preview:large, max-video-preview:-1\" \/>\n<link rel=\"canonical\" href=\"https:\/\/kruze.ee\/et\/toode\/craft-core-kerge-voodriga-naiste-vest\/\" \/>\n<meta property=\"og:locale\" content=\"et_EE\" \/>\n<meta property=\"og:type\" content=\"article\" \/>\n<meta property=\"og:title\" content=\"Craft CORE kerge voodriga naiste vest - Kruze.ee\" \/>\n<meta property=\"og:description\" content=\"CORE Light Padded Vest on \u00f5huke kergelt polsterdatud vest, mis sobib ideaalselt olukordadesse, kus on vaja kiiresti kohaneda muutuvate temperatuuridega. See...\" \/>\n<meta property=\"og:url\" content=\"https:\/\/kruze.ee\/et\/toode\/craft-core-kerge-voodriga-naiste-vest\/\" \/>\n<meta property=\"og:site_name\" content=\"Kruze.ee\" \/>\n<meta property=\"article:modified_time\" content=\"2026-03-16T22:46:59+00:00\" \/>\n<meta name=\"twitter:card\" content=\"summary_large_image\" \/>\n<script type=\"application\/ld+json\" class=\"yoast-schema-graph\">{\"@context\":\"https:\/\/schema.org\",\"@graph\":[{\"@type\":\"WebPage\",\"@id\":\"https:\/\/kruze.ee\/et\/toode\/craft-core-kerge-voodriga-naiste-vest\/\",\"url\":\"https:\/\/kruze.ee\/et\/toode\/craft-core-kerge-voodriga-naiste-vest\/\",\"name\":\"Craft CORE kerge voodriga naiste vest - Kruze.ee\",\"isPartOf\":{\"@id\":\"https:\/\/kruze.ee\/et\/#website\"},\"datePublished\":\"2026-02-04T10:48:35+00:00\",\"dateModified\":\"2026-03-16T22:46:59+00:00\",\"breadcrumb\":{\"@id\":\"https:\/\/kruze.ee\/et\/toode\/craft-core-kerge-voodriga-naiste-vest\/#breadcrumb\"},\"inLanguage\":\"et\",\"potentialAction\":[{\"@type\":\"ReadAction\",\"target\":[\"https:\/\/kruze.ee\/et\/toode\/craft-core-kerge-voodriga-naiste-vest\/\"]}]},{\"@type\":\"BreadcrumbList\",\"@id\":\"https:\/\/kruze.ee\/et\/toode\/craft-core-kerge-voodriga-naiste-vest\/#breadcrumb\",\"itemListElement\":[{\"@type\":\"ListItem\",\"position\":1,\"name\":\"Home\",\"item\":\"https:\/\/kruze.ee\/et\/\"},{\"@type\":\"ListItem\",\"position\":2,\"name\":\"Tooted\",\"item\":\"https:\/\/kruze.ee\/et\/tooted\/\"},{\"@type\":\"ListItem\",\"position\":3,\"name\":\"Craft CORE kerge voodriga naiste vest\"}]},{\"@type\":\"WebSite\",\"@id\":\"https:\/\/kruze.ee\/et\/#website\",\"url\":\"https:\/\/kruze.ee\/et\/\",\"name\":\"Kruze.ee\",\"description\":\"Reklaamkingitused, tr&uuml;kiga T-s&auml;rgid, fliisid, dressipluused, tekstiil, joped ja paljud teised logoga meened, &Auml;rikingitused sinu partnerile! Telli juba t&auml;na.\",\"potentialAction\":[{\"@type\":\"SearchAction\",\"target\":{\"@type\":\"EntryPoint\",\"urlTemplate\":\"https:\/\/kruze.ee\/et\/?s={search_term_string}\"},\"query-input\":{\"@type\":\"PropertyValueSpecification\",\"valueRequired\":true,\"valueName\":\"search_term_string\"}}],\"inLanguage\":\"et\"}]}<\/script>\n<!-- \/ Yoast SEO plugin. -->","yoast_head_json":{"title":"Craft CORE kerge voodriga naiste vest - Kruze.ee","robots":{"index":"index","follow":"follow","max-snippet":"max-snippet:-1","max-image-preview":"max-image-preview:large","max-video-preview":"max-video-preview:-1"},"canonical":"https:\/\/kruze.ee\/et\/toode\/craft-core-kerge-voodriga-naiste-vest\/","og_locale":"et_EE","og_type":"article","og_title":"Craft CORE kerge voodriga naiste vest - Kruze.ee","og_description":"CORE Light Padded Vest on \u00f5huke kergelt polsterdatud vest, mis sobib ideaalselt olukordadesse, kus on vaja kiiresti kohaneda muutuvate temperatuuridega. See...","og_url":"https:\/\/kruze.ee\/et\/toode\/craft-core-kerge-voodriga-naiste-vest\/","og_site_name":"Kruze.ee","article_modified_time":"2026-03-16T22:46:59+00:00","twitter_card":"summary_large_image","schema":{"@context":"https:\/\/schema.org","@graph":[{"@type":"WebPage","@id":"https:\/\/kruze.ee\/et\/toode\/craft-core-kerge-voodriga-naiste-vest\/","url":"https:\/\/kruze.ee\/et\/toode\/craft-core-kerge-voodriga-naiste-vest\/","name":"Craft CORE kerge voodriga naiste vest - Kruze.ee","isPartOf":{"@id":"https:\/\/kruze.ee\/et\/#website"},"datePublished":"2026-02-04T10:48:35+00:00","dateModified":"2026-03-16T22:46:59+00:00","breadcrumb":{"@id":"https:\/\/kruze.ee\/et\/toode\/craft-core-kerge-voodriga-naiste-vest\/#breadcrumb"},"inLanguage":"et","potentialAction":[{"@type":"ReadAction","target":["https:\/\/kruze.ee\/et\/toode\/craft-core-kerge-voodriga-naiste-vest\/"]}]},{"@type":"BreadcrumbList","@id":"https:\/\/kruze.ee\/et\/toode\/craft-core-kerge-voodriga-naiste-vest\/#breadcrumb","itemListElement":[{"@type":"ListItem","position":1,"name":"Home","item":"https:\/\/kruze.ee\/et\/"},{"@type":"ListItem","position":2,"name":"Tooted","item":"https:\/\/kruze.ee\/et\/tooted\/"},{"@type":"ListItem","position":3,"name":"Craft CORE kerge voodriga naiste vest"}]},{"@type":"WebSite","@id":"https:\/\/kruze.ee\/et\/#website","url":"https:\/\/kruze.ee\/et\/","name":"Kruze.ee","description":"Reklaamkingitused, tr&uuml;kiga T-s&auml;rgid, fliisid, dressipluused, tekstiil, joped ja paljud teised logoga meened, &Auml;rikingitused sinu partnerile! Telli juba t&auml;na.","potentialAction":[{"@type":"SearchAction","target":{"@type":"EntryPoint","urlTemplate":"https:\/\/kruze.ee\/et\/?s={search_term_string}"},"query-input":{"@type":"PropertyValueSpecification","valueRequired":true,"valueName":"search_term_string"}}],"inLanguage":"et"}]}},"_links":{"self":[{"href":"https:\/\/kruze.ee\/et\/wp-json\/wp\/v2\/product\/1442836","targetHints":{"allow":["GET"]}}],"collection":[{"href":"https:\/\/kruze.ee\/et\/wp-json\/wp\/v2\/product"}],"about":[{"href":"https:\/\/kruze.ee\/et\/wp-json\/wp\/v2\/types\/product"}],"wp:attachment":[{"href":"https:\/\/kruze.ee\/et\/wp-json\/wp\/v2\/media?parent=1442836"}],"wp:term":[{"taxonomy":"product_brand","embeddable":true,"href":"https:\/\/kruze.ee\/et\/wp-json\/wp\/v2\/product_brand?post=1442836"},{"taxonomy":"product_cat","embeddable":true,"href":"https:\/\/kruze.ee\/et\/wp-json\/wp\/v2\/product_cat?post=1442836"},{"taxonomy":"product_tag","embeddable":true,"href":"https:\/\/kruze.ee\/et\/wp-json\/wp\/v2\/product_tag?post=1442836"}],"curies":[{"name":"wp","href":"https:\/\/api.w.org\/{rel}","templated":true}]}}