{"id":1442734,"date":"2026-02-04T13:48:10","date_gmt":"2026-02-04T10:48:10","guid":{"rendered":"https:\/\/kruze.ee\/product\/craft-adv-explore-kerge-naiste-jope\/"},"modified":"2026-03-17T01:46:44","modified_gmt":"2026-03-16T22:46:44","slug":"craft-adv-explore-kerge-naiste-jope","status":"publish","type":"product","link":"https:\/\/kruze.ee\/et\/toode\/craft-adv-explore-kerge-naiste-jope\/","title":{"rendered":"Craft ADV Explore kerge naiste jope"},"content":{"rendered":"<p>ADV Explore Lightweight Jacket on kerge ja kokkupakitav PrimaLoft-soojustusega jope, mis sobib ideaalselt pealisjopena m\u00f5\u00f5dukates temperatuurides v\u00f5i vahekihina kestjope all k\u00fclmemates tingimustes. See mitmek\u00fclgne jope on valmistatud taaskasutatud pol\u00fcamiidist ning kvaliteetsest PrimaLoft-soojustusest, mis tagavad suurep\u00e4rase soojuse ja kaalu suhte ning vastupidavuse. Lisaks aitavad kaenlaalused venivad ventilatsioonipaneelid t\u00f5husalt reguleerida kehatemperatuuri, pakkudes maksimaalset mugavust intensiivsete matkade, suusamatkade ja sarnaste tegevuste ajal. Jopel on ka soojustatud kapuuts ja kaks lukuga taskut. \u2022 Vastupidav pealiskangas taaskasutatud pol\u00fcamiidist \u2022 PrimaLoft-soojustus \u2022 Kaenlaalused venivad ventilatsioonipaneelid \u2022 Kapuuts \u2022 Kaks lukuga taskut \u2022 Tavaline l\u00f5ige<\/p>\n","protected":false},"excerpt":{"rendered":"<p>ADV Explore Lightweight Jacket on kerge ja kokkupakitav PrimaLoft-soojustusega jope, mis sobib ideaalselt pealisjopena m\u00f5\u00f5dukates temperatuurides v\u00f5i&#8230;<\/p>\n","protected":false},"featured_media":0,"template":"","meta":[],"product_brand":[],"product_cat":[5383],"product_tag":[],"class_list":{"0":"post-1442734","1":"product","2":"type-product","3":"status-publish","5":"product_cat-joped-logoga-funktsionaalsed-ja-vastupidavad","6":"pa_brand-craft","7":"pa_color-blaze","8":"pa_color-flow","9":"pa_color-kastan","10":"pa_color-black-2","11":"pa_gender-naised","12":"pa_gender-women","13":"pa_material-body-45-polyester-recycled-55-polyester-side-panels-88-polyester-recycled-12-elastane-lining-45-polyester-recycled-55-polyester-padding-100-polyester-recycled","14":"pa_size-xs","15":"pa_size-s","16":"pa_size-m","17":"pa_size-l","18":"pa_size-xl","19":"pa_size-2xl","21":"first","22":"instock","23":"taxable","24":"shipping-taxable","25":"purchasable","26":"product-type-variable"},"acf":[],"yoast_head":"<!-- This site is optimized with the Yoast SEO plugin v26.0 - https:\/\/yoast.com\/wordpress\/plugins\/seo\/ -->\n<title>Craft ADV Explore kerge naiste jope - Kruze.ee<\/title>\n<meta name=\"robots\" content=\"index, follow, max-snippet:-1, max-image-preview:large, max-video-preview:-1\" \/>\n<link rel=\"canonical\" href=\"https:\/\/kruze.ee\/et\/toode\/craft-adv-explore-kerge-naiste-jope\/\" \/>\n<meta property=\"og:locale\" content=\"et_EE\" \/>\n<meta property=\"og:type\" content=\"article\" \/>\n<meta property=\"og:title\" content=\"Craft ADV Explore kerge naiste jope - Kruze.ee\" \/>\n<meta property=\"og:description\" content=\"ADV Explore Lightweight Jacket on kerge ja kokkupakitav PrimaLoft-soojustusega jope, mis sobib ideaalselt pealisjopena m\u00f5\u00f5dukates temperatuurides v\u00f5i...\" \/>\n<meta property=\"og:url\" content=\"https:\/\/kruze.ee\/et\/toode\/craft-adv-explore-kerge-naiste-jope\/\" \/>\n<meta property=\"og:site_name\" content=\"Kruze.ee\" \/>\n<meta property=\"article:modified_time\" content=\"2026-03-16T22:46:44+00:00\" \/>\n<meta name=\"twitter:card\" content=\"summary_large_image\" \/>\n<script type=\"application\/ld+json\" class=\"yoast-schema-graph\">{\"@context\":\"https:\/\/schema.org\",\"@graph\":[{\"@type\":\"WebPage\",\"@id\":\"https:\/\/kruze.ee\/et\/toode\/craft-adv-explore-kerge-naiste-jope\/\",\"url\":\"https:\/\/kruze.ee\/et\/toode\/craft-adv-explore-kerge-naiste-jope\/\",\"name\":\"Craft ADV Explore kerge naiste jope - Kruze.ee\",\"isPartOf\":{\"@id\":\"https:\/\/kruze.ee\/et\/#website\"},\"datePublished\":\"2026-02-04T10:48:10+00:00\",\"dateModified\":\"2026-03-16T22:46:44+00:00\",\"breadcrumb\":{\"@id\":\"https:\/\/kruze.ee\/et\/toode\/craft-adv-explore-kerge-naiste-jope\/#breadcrumb\"},\"inLanguage\":\"et\",\"potentialAction\":[{\"@type\":\"ReadAction\",\"target\":[\"https:\/\/kruze.ee\/et\/toode\/craft-adv-explore-kerge-naiste-jope\/\"]}]},{\"@type\":\"BreadcrumbList\",\"@id\":\"https:\/\/kruze.ee\/et\/toode\/craft-adv-explore-kerge-naiste-jope\/#breadcrumb\",\"itemListElement\":[{\"@type\":\"ListItem\",\"position\":1,\"name\":\"Home\",\"item\":\"https:\/\/kruze.ee\/et\/\"},{\"@type\":\"ListItem\",\"position\":2,\"name\":\"Tooted\",\"item\":\"https:\/\/kruze.ee\/et\/tooted\/\"},{\"@type\":\"ListItem\",\"position\":3,\"name\":\"Craft ADV Explore kerge naiste jope\"}]},{\"@type\":\"WebSite\",\"@id\":\"https:\/\/kruze.ee\/et\/#website\",\"url\":\"https:\/\/kruze.ee\/et\/\",\"name\":\"Kruze.ee\",\"description\":\"Reklaamkingitused, tr&uuml;kiga T-s&auml;rgid, fliisid, dressipluused, tekstiil, joped ja paljud teised logoga meened, &Auml;rikingitused sinu partnerile! Telli juba t&auml;na.\",\"potentialAction\":[{\"@type\":\"SearchAction\",\"target\":{\"@type\":\"EntryPoint\",\"urlTemplate\":\"https:\/\/kruze.ee\/et\/?s={search_term_string}\"},\"query-input\":{\"@type\":\"PropertyValueSpecification\",\"valueRequired\":true,\"valueName\":\"search_term_string\"}}],\"inLanguage\":\"et\"}]}<\/script>\n<!-- \/ Yoast SEO plugin. -->","yoast_head_json":{"title":"Craft ADV Explore kerge naiste jope - Kruze.ee","robots":{"index":"index","follow":"follow","max-snippet":"max-snippet:-1","max-image-preview":"max-image-preview:large","max-video-preview":"max-video-preview:-1"},"canonical":"https:\/\/kruze.ee\/et\/toode\/craft-adv-explore-kerge-naiste-jope\/","og_locale":"et_EE","og_type":"article","og_title":"Craft ADV Explore kerge naiste jope - Kruze.ee","og_description":"ADV Explore Lightweight Jacket on kerge ja kokkupakitav PrimaLoft-soojustusega jope, mis sobib ideaalselt pealisjopena m\u00f5\u00f5dukates temperatuurides v\u00f5i...","og_url":"https:\/\/kruze.ee\/et\/toode\/craft-adv-explore-kerge-naiste-jope\/","og_site_name":"Kruze.ee","article_modified_time":"2026-03-16T22:46:44+00:00","twitter_card":"summary_large_image","schema":{"@context":"https:\/\/schema.org","@graph":[{"@type":"WebPage","@id":"https:\/\/kruze.ee\/et\/toode\/craft-adv-explore-kerge-naiste-jope\/","url":"https:\/\/kruze.ee\/et\/toode\/craft-adv-explore-kerge-naiste-jope\/","name":"Craft ADV Explore kerge naiste jope - Kruze.ee","isPartOf":{"@id":"https:\/\/kruze.ee\/et\/#website"},"datePublished":"2026-02-04T10:48:10+00:00","dateModified":"2026-03-16T22:46:44+00:00","breadcrumb":{"@id":"https:\/\/kruze.ee\/et\/toode\/craft-adv-explore-kerge-naiste-jope\/#breadcrumb"},"inLanguage":"et","potentialAction":[{"@type":"ReadAction","target":["https:\/\/kruze.ee\/et\/toode\/craft-adv-explore-kerge-naiste-jope\/"]}]},{"@type":"BreadcrumbList","@id":"https:\/\/kruze.ee\/et\/toode\/craft-adv-explore-kerge-naiste-jope\/#breadcrumb","itemListElement":[{"@type":"ListItem","position":1,"name":"Home","item":"https:\/\/kruze.ee\/et\/"},{"@type":"ListItem","position":2,"name":"Tooted","item":"https:\/\/kruze.ee\/et\/tooted\/"},{"@type":"ListItem","position":3,"name":"Craft ADV Explore kerge naiste jope"}]},{"@type":"WebSite","@id":"https:\/\/kruze.ee\/et\/#website","url":"https:\/\/kruze.ee\/et\/","name":"Kruze.ee","description":"Reklaamkingitused, tr&uuml;kiga T-s&auml;rgid, fliisid, dressipluused, tekstiil, joped ja paljud teised logoga meened, &Auml;rikingitused sinu partnerile! Telli juba t&auml;na.","potentialAction":[{"@type":"SearchAction","target":{"@type":"EntryPoint","urlTemplate":"https:\/\/kruze.ee\/et\/?s={search_term_string}"},"query-input":{"@type":"PropertyValueSpecification","valueRequired":true,"valueName":"search_term_string"}}],"inLanguage":"et"}]}},"_links":{"self":[{"href":"https:\/\/kruze.ee\/et\/wp-json\/wp\/v2\/product\/1442734","targetHints":{"allow":["GET"]}}],"collection":[{"href":"https:\/\/kruze.ee\/et\/wp-json\/wp\/v2\/product"}],"about":[{"href":"https:\/\/kruze.ee\/et\/wp-json\/wp\/v2\/types\/product"}],"wp:attachment":[{"href":"https:\/\/kruze.ee\/et\/wp-json\/wp\/v2\/media?parent=1442734"}],"wp:term":[{"taxonomy":"product_brand","embeddable":true,"href":"https:\/\/kruze.ee\/et\/wp-json\/wp\/v2\/product_brand?post=1442734"},{"taxonomy":"product_cat","embeddable":true,"href":"https:\/\/kruze.ee\/et\/wp-json\/wp\/v2\/product_cat?post=1442734"},{"taxonomy":"product_tag","embeddable":true,"href":"https:\/\/kruze.ee\/et\/wp-json\/wp\/v2\/product_tag?post=1442734"}],"curies":[{"name":"wp","href":"https:\/\/api.w.org\/{rel}","templated":true}]}}