{"id":1442666,"date":"2026-02-04T13:47:51","date_gmt":"2026-02-04T10:47:51","guid":{"rendered":"https:\/\/kruze.ee\/product\/craft-adv-explore-meeste-softshell-2-0\/"},"modified":"2026-03-17T01:46:31","modified_gmt":"2026-03-16T22:46:31","slug":"craft-adv-explore-meeste-softshell-2-0","status":"publish","type":"product","link":"https:\/\/kruze.ee\/et\/toode\/craft-adv-explore-meeste-softshell-2-0\/","title":{"rendered":"Craft ADV Explore meeste softshell 2.0"},"content":{"rendered":"<p>ADV Explore Softshell Jacket 2 on t\u00e4iustatud softshell-jope, mis sobib nii erinevateks v\u00e4litegevusteks kui ka igap\u00e4evaseks kandmiseks. See mitmek\u00fclgne v\u00e4lijope on valmistatud tuulekindlast ja vetth\u00fclgavast pehmest ning elastse struktuuriga softshell-kangast, mille sisek\u00fclg on harjatud. Materjal pakub kaitset kerge vihma, tuule ja lume eest. Jopel on reguleeritav kapuuts, lukuga rinnatasku ning kaks lukuga k\u00fcljetaskut GPS-seadme, v\u00f5tmete, telefoni, energiabatooni jms turvaliseks hoiustamiseks. Ilmastikukindlus, hingavus, elastsus ja mitmek\u00fclgsus teevad sellest asendamatu osa v\u00e4livarustusest, mis tagab mugavuse v\u00e4ga erinevates tingimustes. Sobib kandmiseks iseseisva pealiskihina leebemates oludes v\u00f5i kihilise riietuse osana k\u00fclmema ilmaga. \u2022 Tuulekindel ja vetth\u00fclgav, pehme ja elastne harjatud sisek\u00fcljega kangas \u2022 Kangas taaskasutatud pol\u00fcestrist ja elastaanist \u2022 Kapuuts reguleeritav nii eest kui tagant \u2022 Kergelt pikendatud seljaosa \u2022 Kaks lukuga k\u00fcljetaskut \u2022 Lukuga rinnatasku \u2022 Tavaline l\u00f5ige<\/p>\n","protected":false},"excerpt":{"rendered":"<p>ADV Explore Softshell Jacket 2 on t\u00e4iustatud softshell-jope, mis sobib nii erinevateks v\u00e4litegevusteks kui ka igap\u00e4evaseks kandmiseks. See mitmek\u00fclgne v\u00e4lijope&#8230;<\/p>\n","protected":false},"featured_media":0,"template":"","meta":[],"product_brand":[],"product_cat":[5383],"product_tag":[],"class_list":{"0":"post-1442666","1":"product","2":"type-product","3":"status-publish","5":"product_cat-joped-logoga-funktsionaalsed-ja-vastupidavad","6":"pa_brand-craft","7":"pa_color-blaze","8":"pa_color-black-2","9":"pa_color-raw","10":"pa_gender-mehed","11":"pa_gender-men","12":"pa_material-body-92-polyester-recycled-8-elastane-side-panels-100-polyester-recycled","13":"pa_size-s","14":"pa_size-m","15":"pa_size-l","16":"pa_size-xl","17":"pa_size-2xl","18":"pa_size-3xl","20":"first","21":"instock","22":"taxable","23":"shipping-taxable","24":"purchasable","25":"product-type-variable"},"acf":[],"yoast_head":"<!-- This site is optimized with the Yoast SEO plugin v26.0 - https:\/\/yoast.com\/wordpress\/plugins\/seo\/ -->\n<title>Craft ADV Explore meeste softshell 2.0 - Kruze.ee<\/title>\n<meta name=\"robots\" content=\"index, follow, max-snippet:-1, max-image-preview:large, max-video-preview:-1\" \/>\n<link rel=\"canonical\" href=\"https:\/\/kruze.ee\/et\/toode\/craft-adv-explore-meeste-softshell-2-0\/\" \/>\n<meta property=\"og:locale\" content=\"et_EE\" \/>\n<meta property=\"og:type\" content=\"article\" \/>\n<meta property=\"og:title\" content=\"Craft ADV Explore meeste softshell 2.0 - Kruze.ee\" \/>\n<meta property=\"og:description\" content=\"ADV Explore Softshell Jacket 2 on t\u00e4iustatud softshell-jope, mis sobib nii erinevateks v\u00e4litegevusteks kui ka igap\u00e4evaseks kandmiseks. See mitmek\u00fclgne v\u00e4lijope...\" \/>\n<meta property=\"og:url\" content=\"https:\/\/kruze.ee\/et\/toode\/craft-adv-explore-meeste-softshell-2-0\/\" \/>\n<meta property=\"og:site_name\" content=\"Kruze.ee\" \/>\n<meta property=\"article:modified_time\" content=\"2026-03-16T22:46:31+00:00\" \/>\n<meta name=\"twitter:card\" content=\"summary_large_image\" \/>\n<meta name=\"twitter:label1\" content=\"Est. reading time\" \/>\n\t<meta name=\"twitter:data1\" content=\"1 minut\" \/>\n<script type=\"application\/ld+json\" class=\"yoast-schema-graph\">{\"@context\":\"https:\/\/schema.org\",\"@graph\":[{\"@type\":\"WebPage\",\"@id\":\"https:\/\/kruze.ee\/et\/toode\/craft-adv-explore-meeste-softshell-2-0\/\",\"url\":\"https:\/\/kruze.ee\/et\/toode\/craft-adv-explore-meeste-softshell-2-0\/\",\"name\":\"Craft ADV Explore meeste softshell 2.0 - Kruze.ee\",\"isPartOf\":{\"@id\":\"https:\/\/kruze.ee\/et\/#website\"},\"datePublished\":\"2026-02-04T10:47:51+00:00\",\"dateModified\":\"2026-03-16T22:46:31+00:00\",\"breadcrumb\":{\"@id\":\"https:\/\/kruze.ee\/et\/toode\/craft-adv-explore-meeste-softshell-2-0\/#breadcrumb\"},\"inLanguage\":\"et\",\"potentialAction\":[{\"@type\":\"ReadAction\",\"target\":[\"https:\/\/kruze.ee\/et\/toode\/craft-adv-explore-meeste-softshell-2-0\/\"]}]},{\"@type\":\"BreadcrumbList\",\"@id\":\"https:\/\/kruze.ee\/et\/toode\/craft-adv-explore-meeste-softshell-2-0\/#breadcrumb\",\"itemListElement\":[{\"@type\":\"ListItem\",\"position\":1,\"name\":\"Home\",\"item\":\"https:\/\/kruze.ee\/et\/\"},{\"@type\":\"ListItem\",\"position\":2,\"name\":\"Tooted\",\"item\":\"https:\/\/kruze.ee\/et\/tooted\/\"},{\"@type\":\"ListItem\",\"position\":3,\"name\":\"Craft ADV Explore meeste softshell 2.0\"}]},{\"@type\":\"WebSite\",\"@id\":\"https:\/\/kruze.ee\/et\/#website\",\"url\":\"https:\/\/kruze.ee\/et\/\",\"name\":\"Kruze.ee\",\"description\":\"Reklaamkingitused, tr&uuml;kiga T-s&auml;rgid, fliisid, dressipluused, tekstiil, joped ja paljud teised logoga meened, &Auml;rikingitused sinu partnerile! Telli juba t&auml;na.\",\"potentialAction\":[{\"@type\":\"SearchAction\",\"target\":{\"@type\":\"EntryPoint\",\"urlTemplate\":\"https:\/\/kruze.ee\/et\/?s={search_term_string}\"},\"query-input\":{\"@type\":\"PropertyValueSpecification\",\"valueRequired\":true,\"valueName\":\"search_term_string\"}}],\"inLanguage\":\"et\"}]}<\/script>\n<!-- \/ Yoast SEO plugin. -->","yoast_head_json":{"title":"Craft ADV Explore meeste softshell 2.0 - Kruze.ee","robots":{"index":"index","follow":"follow","max-snippet":"max-snippet:-1","max-image-preview":"max-image-preview:large","max-video-preview":"max-video-preview:-1"},"canonical":"https:\/\/kruze.ee\/et\/toode\/craft-adv-explore-meeste-softshell-2-0\/","og_locale":"et_EE","og_type":"article","og_title":"Craft ADV Explore meeste softshell 2.0 - Kruze.ee","og_description":"ADV Explore Softshell Jacket 2 on t\u00e4iustatud softshell-jope, mis sobib nii erinevateks v\u00e4litegevusteks kui ka igap\u00e4evaseks kandmiseks. See mitmek\u00fclgne v\u00e4lijope...","og_url":"https:\/\/kruze.ee\/et\/toode\/craft-adv-explore-meeste-softshell-2-0\/","og_site_name":"Kruze.ee","article_modified_time":"2026-03-16T22:46:31+00:00","twitter_card":"summary_large_image","twitter_misc":{"Est. reading time":"1 minut"},"schema":{"@context":"https:\/\/schema.org","@graph":[{"@type":"WebPage","@id":"https:\/\/kruze.ee\/et\/toode\/craft-adv-explore-meeste-softshell-2-0\/","url":"https:\/\/kruze.ee\/et\/toode\/craft-adv-explore-meeste-softshell-2-0\/","name":"Craft ADV Explore meeste softshell 2.0 - Kruze.ee","isPartOf":{"@id":"https:\/\/kruze.ee\/et\/#website"},"datePublished":"2026-02-04T10:47:51+00:00","dateModified":"2026-03-16T22:46:31+00:00","breadcrumb":{"@id":"https:\/\/kruze.ee\/et\/toode\/craft-adv-explore-meeste-softshell-2-0\/#breadcrumb"},"inLanguage":"et","potentialAction":[{"@type":"ReadAction","target":["https:\/\/kruze.ee\/et\/toode\/craft-adv-explore-meeste-softshell-2-0\/"]}]},{"@type":"BreadcrumbList","@id":"https:\/\/kruze.ee\/et\/toode\/craft-adv-explore-meeste-softshell-2-0\/#breadcrumb","itemListElement":[{"@type":"ListItem","position":1,"name":"Home","item":"https:\/\/kruze.ee\/et\/"},{"@type":"ListItem","position":2,"name":"Tooted","item":"https:\/\/kruze.ee\/et\/tooted\/"},{"@type":"ListItem","position":3,"name":"Craft ADV Explore meeste softshell 2.0"}]},{"@type":"WebSite","@id":"https:\/\/kruze.ee\/et\/#website","url":"https:\/\/kruze.ee\/et\/","name":"Kruze.ee","description":"Reklaamkingitused, tr&uuml;kiga T-s&auml;rgid, fliisid, dressipluused, tekstiil, joped ja paljud teised logoga meened, &Auml;rikingitused sinu partnerile! Telli juba t&auml;na.","potentialAction":[{"@type":"SearchAction","target":{"@type":"EntryPoint","urlTemplate":"https:\/\/kruze.ee\/et\/?s={search_term_string}"},"query-input":{"@type":"PropertyValueSpecification","valueRequired":true,"valueName":"search_term_string"}}],"inLanguage":"et"}]}},"_links":{"self":[{"href":"https:\/\/kruze.ee\/et\/wp-json\/wp\/v2\/product\/1442666","targetHints":{"allow":["GET"]}}],"collection":[{"href":"https:\/\/kruze.ee\/et\/wp-json\/wp\/v2\/product"}],"about":[{"href":"https:\/\/kruze.ee\/et\/wp-json\/wp\/v2\/types\/product"}],"wp:attachment":[{"href":"https:\/\/kruze.ee\/et\/wp-json\/wp\/v2\/media?parent=1442666"}],"wp:term":[{"taxonomy":"product_brand","embeddable":true,"href":"https:\/\/kruze.ee\/et\/wp-json\/wp\/v2\/product_brand?post=1442666"},{"taxonomy":"product_cat","embeddable":true,"href":"https:\/\/kruze.ee\/et\/wp-json\/wp\/v2\/product_cat?post=1442666"},{"taxonomy":"product_tag","embeddable":true,"href":"https:\/\/kruze.ee\/et\/wp-json\/wp\/v2\/product_tag?post=1442666"}],"curies":[{"name":"wp","href":"https:\/\/api.w.org\/{rel}","templated":true}]}}