{"id":1442604,"date":"2026-02-04T13:47:32","date_gmt":"2026-02-04T10:47:32","guid":{"rendered":"https:\/\/kruze.ee\/product\/craft-adv-join-meeste-tuulejope\/"},"modified":"2026-03-17T01:46:20","modified_gmt":"2026-03-16T22:46:20","slug":"craft-adv-join-meeste-tuulejope","status":"publish","type":"product","link":"https:\/\/kruze.ee\/et\/toode\/craft-adv-join-meeste-tuulejope\/","title":{"rendered":"Craft ADV Join meeste tuulejope"},"content":{"rendered":"<p>ADV Join Windbreaker on stiilne ja kerge tuulejakk, mis sobib sujuvalt nii tempokaks k\u00f5nnitreeninguks kui ka igap\u00e4evasteks toimetusteks. See kaasaegne tuulejakk on valmistatud \u00f5hukesest ja kergest kootud kangast ning sellel on funktsionaalne v\u00f5rkkangasvooder, mis tagab t\u00f5husa niiskuse \u00e4rajuhtimise ja optimaalse mugavuse. Lai l\u00f5ige koos v\u00f6\u00f6kohal oleva elastse n\u00f6\u00f6riga ning all\u00e4\u00e4res liibuva jersey-mansetiga loob kauni ja naiseliku silueti. Lisaks on jakil reguleeritava n\u00f6\u00f6riga kapuuts ning kaks varjatud lukuga k\u00fcljetaskut v\u00f5tmete ja muude vajalike esemete turvaliseks hoiustamiseks. \u2022 \u00d5huke, kerge ja tuulekindel kootud kangas \u2022 Kangas taaskasutatud pol\u00fcestrist \u2022 Funktsionaalne v\u00f5rkkangasvooder \u2022 All\u00e4\u00e4res liibuv jersey-mansett \u2022 V\u00f6\u00f6kohal reguleeritav elastne n\u00f6\u00f6r \u2022 Reguleeritava n\u00f6\u00f6riga kapuuts \u2022 Varjatud lukuga k\u00fcljetaskud \u2022 Vaba l\u00f5ige<\/p>\n","protected":false},"excerpt":{"rendered":"<p>ADV Join Windbreaker on stiilne ja kerge tuulejakk, mis sobib sujuvalt nii tempokaks k\u00f5nnitreeninguks kui ka igap\u00e4evasteks toimetusteks. See kaasaegne&#8230;<\/p>\n","protected":false},"featured_media":0,"template":"","meta":[],"product_brand":[],"product_cat":[5383],"product_tag":[],"class_list":{"0":"post-1442604","1":"product","2":"type-product","3":"status-publish","5":"product_cat-joped-logoga-funktsionaalsed-ja-vastupidavad","6":"pa_brand-craft","7":"pa_color-leaf","8":"pa_color-black-2","9":"pa_gender-mehed","10":"pa_gender-men","11":"pa_material-body-100-polyester-recycled-lining-body-100-polyester-recycled","12":"pa_size-s","13":"pa_size-m","14":"pa_size-l","15":"pa_size-xl","16":"pa_size-2xl","17":"pa_size-3xl","18":"pa_size-4xl","20":"first","21":"instock","22":"taxable","23":"shipping-taxable","24":"purchasable","25":"product-type-variable"},"acf":[],"yoast_head":"<!-- This site is optimized with the Yoast SEO plugin v26.0 - https:\/\/yoast.com\/wordpress\/plugins\/seo\/ -->\n<title>Craft ADV Join meeste tuulejope - Kruze.ee<\/title>\n<meta name=\"robots\" content=\"index, follow, max-snippet:-1, max-image-preview:large, max-video-preview:-1\" \/>\n<link rel=\"canonical\" href=\"https:\/\/kruze.ee\/et\/toode\/craft-adv-join-meeste-tuulejope\/\" \/>\n<meta property=\"og:locale\" content=\"et_EE\" \/>\n<meta property=\"og:type\" content=\"article\" \/>\n<meta property=\"og:title\" content=\"Craft ADV Join meeste tuulejope - Kruze.ee\" \/>\n<meta property=\"og:description\" content=\"ADV Join Windbreaker on stiilne ja kerge tuulejakk, mis sobib sujuvalt nii tempokaks k\u00f5nnitreeninguks kui ka igap\u00e4evasteks toimetusteks. See kaasaegne...\" \/>\n<meta property=\"og:url\" content=\"https:\/\/kruze.ee\/et\/toode\/craft-adv-join-meeste-tuulejope\/\" \/>\n<meta property=\"og:site_name\" content=\"Kruze.ee\" \/>\n<meta property=\"article:modified_time\" content=\"2026-03-16T22:46:20+00:00\" \/>\n<meta name=\"twitter:card\" content=\"summary_large_image\" \/>\n<meta name=\"twitter:label1\" content=\"Est. reading time\" \/>\n\t<meta name=\"twitter:data1\" content=\"1 minut\" \/>\n<script type=\"application\/ld+json\" class=\"yoast-schema-graph\">{\"@context\":\"https:\/\/schema.org\",\"@graph\":[{\"@type\":\"WebPage\",\"@id\":\"https:\/\/kruze.ee\/et\/toode\/craft-adv-join-meeste-tuulejope\/\",\"url\":\"https:\/\/kruze.ee\/et\/toode\/craft-adv-join-meeste-tuulejope\/\",\"name\":\"Craft ADV Join meeste tuulejope - Kruze.ee\",\"isPartOf\":{\"@id\":\"https:\/\/kruze.ee\/et\/#website\"},\"datePublished\":\"2026-02-04T10:47:32+00:00\",\"dateModified\":\"2026-03-16T22:46:20+00:00\",\"breadcrumb\":{\"@id\":\"https:\/\/kruze.ee\/et\/toode\/craft-adv-join-meeste-tuulejope\/#breadcrumb\"},\"inLanguage\":\"et\",\"potentialAction\":[{\"@type\":\"ReadAction\",\"target\":[\"https:\/\/kruze.ee\/et\/toode\/craft-adv-join-meeste-tuulejope\/\"]}]},{\"@type\":\"BreadcrumbList\",\"@id\":\"https:\/\/kruze.ee\/et\/toode\/craft-adv-join-meeste-tuulejope\/#breadcrumb\",\"itemListElement\":[{\"@type\":\"ListItem\",\"position\":1,\"name\":\"Home\",\"item\":\"https:\/\/kruze.ee\/et\/\"},{\"@type\":\"ListItem\",\"position\":2,\"name\":\"Tooted\",\"item\":\"https:\/\/kruze.ee\/et\/tooted\/\"},{\"@type\":\"ListItem\",\"position\":3,\"name\":\"Craft ADV Join meeste tuulejope\"}]},{\"@type\":\"WebSite\",\"@id\":\"https:\/\/kruze.ee\/et\/#website\",\"url\":\"https:\/\/kruze.ee\/et\/\",\"name\":\"Kruze.ee\",\"description\":\"Reklaamkingitused, tr&uuml;kiga T-s&auml;rgid, fliisid, dressipluused, tekstiil, joped ja paljud teised logoga meened, &Auml;rikingitused sinu partnerile! Telli juba t&auml;na.\",\"potentialAction\":[{\"@type\":\"SearchAction\",\"target\":{\"@type\":\"EntryPoint\",\"urlTemplate\":\"https:\/\/kruze.ee\/et\/?s={search_term_string}\"},\"query-input\":{\"@type\":\"PropertyValueSpecification\",\"valueRequired\":true,\"valueName\":\"search_term_string\"}}],\"inLanguage\":\"et\"}]}<\/script>\n<!-- \/ Yoast SEO plugin. -->","yoast_head_json":{"title":"Craft ADV Join meeste tuulejope - Kruze.ee","robots":{"index":"index","follow":"follow","max-snippet":"max-snippet:-1","max-image-preview":"max-image-preview:large","max-video-preview":"max-video-preview:-1"},"canonical":"https:\/\/kruze.ee\/et\/toode\/craft-adv-join-meeste-tuulejope\/","og_locale":"et_EE","og_type":"article","og_title":"Craft ADV Join meeste tuulejope - Kruze.ee","og_description":"ADV Join Windbreaker on stiilne ja kerge tuulejakk, mis sobib sujuvalt nii tempokaks k\u00f5nnitreeninguks kui ka igap\u00e4evasteks toimetusteks. See kaasaegne...","og_url":"https:\/\/kruze.ee\/et\/toode\/craft-adv-join-meeste-tuulejope\/","og_site_name":"Kruze.ee","article_modified_time":"2026-03-16T22:46:20+00:00","twitter_card":"summary_large_image","twitter_misc":{"Est. reading time":"1 minut"},"schema":{"@context":"https:\/\/schema.org","@graph":[{"@type":"WebPage","@id":"https:\/\/kruze.ee\/et\/toode\/craft-adv-join-meeste-tuulejope\/","url":"https:\/\/kruze.ee\/et\/toode\/craft-adv-join-meeste-tuulejope\/","name":"Craft ADV Join meeste tuulejope - Kruze.ee","isPartOf":{"@id":"https:\/\/kruze.ee\/et\/#website"},"datePublished":"2026-02-04T10:47:32+00:00","dateModified":"2026-03-16T22:46:20+00:00","breadcrumb":{"@id":"https:\/\/kruze.ee\/et\/toode\/craft-adv-join-meeste-tuulejope\/#breadcrumb"},"inLanguage":"et","potentialAction":[{"@type":"ReadAction","target":["https:\/\/kruze.ee\/et\/toode\/craft-adv-join-meeste-tuulejope\/"]}]},{"@type":"BreadcrumbList","@id":"https:\/\/kruze.ee\/et\/toode\/craft-adv-join-meeste-tuulejope\/#breadcrumb","itemListElement":[{"@type":"ListItem","position":1,"name":"Home","item":"https:\/\/kruze.ee\/et\/"},{"@type":"ListItem","position":2,"name":"Tooted","item":"https:\/\/kruze.ee\/et\/tooted\/"},{"@type":"ListItem","position":3,"name":"Craft ADV Join meeste tuulejope"}]},{"@type":"WebSite","@id":"https:\/\/kruze.ee\/et\/#website","url":"https:\/\/kruze.ee\/et\/","name":"Kruze.ee","description":"Reklaamkingitused, tr&uuml;kiga T-s&auml;rgid, fliisid, dressipluused, tekstiil, joped ja paljud teised logoga meened, &Auml;rikingitused sinu partnerile! Telli juba t&auml;na.","potentialAction":[{"@type":"SearchAction","target":{"@type":"EntryPoint","urlTemplate":"https:\/\/kruze.ee\/et\/?s={search_term_string}"},"query-input":{"@type":"PropertyValueSpecification","valueRequired":true,"valueName":"search_term_string"}}],"inLanguage":"et"}]}},"_links":{"self":[{"href":"https:\/\/kruze.ee\/et\/wp-json\/wp\/v2\/product\/1442604","targetHints":{"allow":["GET"]}}],"collection":[{"href":"https:\/\/kruze.ee\/et\/wp-json\/wp\/v2\/product"}],"about":[{"href":"https:\/\/kruze.ee\/et\/wp-json\/wp\/v2\/types\/product"}],"wp:attachment":[{"href":"https:\/\/kruze.ee\/et\/wp-json\/wp\/v2\/media?parent=1442604"}],"wp:term":[{"taxonomy":"product_brand","embeddable":true,"href":"https:\/\/kruze.ee\/et\/wp-json\/wp\/v2\/product_brand?post=1442604"},{"taxonomy":"product_cat","embeddable":true,"href":"https:\/\/kruze.ee\/et\/wp-json\/wp\/v2\/product_cat?post=1442604"},{"taxonomy":"product_tag","embeddable":true,"href":"https:\/\/kruze.ee\/et\/wp-json\/wp\/v2\/product_tag?post=1442604"}],"curies":[{"name":"wp","href":"https:\/\/api.w.org\/{rel}","templated":true}]}}