{"id":1442432,"date":"2026-02-04T13:46:48","date_gmt":"2026-02-04T10:46:48","guid":{"rendered":"https:\/\/kruze.ee\/product\/cutter-buck-la-push-pro-meeste-jope\/"},"modified":"2026-03-17T01:45:55","modified_gmt":"2026-03-16T22:45:55","slug":"cutter-buck-la-push-pro-meeste-jope","status":"publish","type":"product","link":"https:\/\/kruze.ee\/et\/toode\/cutter-buck-la-push-pro-meeste-jope\/","title":{"rendered":"Cutter &amp; Buck La Push Pro meeste jope"},"content":{"rendered":"<p>Muuda oma golfielamus paremaks selle kerge tuulejakiga, mis on valmistatud meie CB WeatherTec\u2122 kangast, pakkudes suurep\u00e4rast liikumisvabadust ning kaitset tuule ja kerge vihma eest. Sportlik siluett loob stiilse v\u00e4limuse ning sobib sujuvalt nii golfiv\u00e4ljakule kui ka vabaaja tegemisteks.<\/p>\n","protected":false},"excerpt":{"rendered":"<p>Muuda oma golfielamus paremaks selle kerge tuulejakiga, mis on valmistatud meie CB WeatherTec\u2122 kangast, pakkudes suurep\u00e4rast liikumisvabadust ning kaitset&#8230;<\/p>\n","protected":false},"featured_media":0,"template":"","meta":[],"product_brand":[],"product_cat":[5383],"product_tag":[],"class_list":{"0":"post-1442432","1":"product","2":"type-product","3":"status-publish","5":"product_cat-joped-logoga-funktsionaalsed-ja-vastupidavad","6":"pa_brand-cutter-buck","7":"pa_color-hobe","8":"pa_color-laimiroheline","9":"pa_color-black-2","10":"pa_color-tumesinine","11":"pa_gender-mehed","12":"pa_gender-men","13":"pa_material-86-recycled-nylon-14-elastane","14":"pa_size-s","15":"pa_size-m","16":"pa_size-l","17":"pa_size-xl","18":"pa_size-2xl","19":"pa_size-3xl","20":"pa_size-4xl","22":"first","23":"instock","24":"taxable","25":"shipping-taxable","26":"purchasable","27":"product-type-variable"},"acf":[],"yoast_head":"<!-- This site is optimized with the Yoast SEO plugin v26.0 - https:\/\/yoast.com\/wordpress\/plugins\/seo\/ -->\n<title>Cutter &amp; Buck La Push Pro meeste jope - Kruze.ee<\/title>\n<meta name=\"robots\" content=\"index, follow, max-snippet:-1, max-image-preview:large, max-video-preview:-1\" \/>\n<link rel=\"canonical\" href=\"https:\/\/kruze.ee\/et\/toode\/cutter-buck-la-push-pro-meeste-jope\/\" \/>\n<meta property=\"og:locale\" content=\"et_EE\" \/>\n<meta property=\"og:type\" content=\"article\" \/>\n<meta property=\"og:title\" content=\"Cutter &amp; Buck La Push Pro meeste jope - Kruze.ee\" \/>\n<meta property=\"og:description\" content=\"Muuda oma golfielamus paremaks selle kerge tuulejakiga, mis on valmistatud meie CB WeatherTec\u2122 kangast, pakkudes suurep\u00e4rast liikumisvabadust ning kaitset...\" \/>\n<meta property=\"og:url\" content=\"https:\/\/kruze.ee\/et\/toode\/cutter-buck-la-push-pro-meeste-jope\/\" \/>\n<meta property=\"og:site_name\" content=\"Kruze.ee\" \/>\n<meta property=\"article:modified_time\" content=\"2026-03-16T22:45:55+00:00\" \/>\n<meta name=\"twitter:card\" content=\"summary_large_image\" \/>\n<meta name=\"twitter:label1\" content=\"Est. reading time\" \/>\n\t<meta name=\"twitter:data1\" content=\"1 minut\" \/>\n<script type=\"application\/ld+json\" class=\"yoast-schema-graph\">{\"@context\":\"https:\/\/schema.org\",\"@graph\":[{\"@type\":\"WebPage\",\"@id\":\"https:\/\/kruze.ee\/et\/toode\/cutter-buck-la-push-pro-meeste-jope\/\",\"url\":\"https:\/\/kruze.ee\/et\/toode\/cutter-buck-la-push-pro-meeste-jope\/\",\"name\":\"Cutter &amp; Buck La Push Pro meeste jope - Kruze.ee\",\"isPartOf\":{\"@id\":\"https:\/\/kruze.ee\/et\/#website\"},\"datePublished\":\"2026-02-04T10:46:48+00:00\",\"dateModified\":\"2026-03-16T22:45:55+00:00\",\"breadcrumb\":{\"@id\":\"https:\/\/kruze.ee\/et\/toode\/cutter-buck-la-push-pro-meeste-jope\/#breadcrumb\"},\"inLanguage\":\"et\",\"potentialAction\":[{\"@type\":\"ReadAction\",\"target\":[\"https:\/\/kruze.ee\/et\/toode\/cutter-buck-la-push-pro-meeste-jope\/\"]}]},{\"@type\":\"BreadcrumbList\",\"@id\":\"https:\/\/kruze.ee\/et\/toode\/cutter-buck-la-push-pro-meeste-jope\/#breadcrumb\",\"itemListElement\":[{\"@type\":\"ListItem\",\"position\":1,\"name\":\"Home\",\"item\":\"https:\/\/kruze.ee\/et\/\"},{\"@type\":\"ListItem\",\"position\":2,\"name\":\"Tooted\",\"item\":\"https:\/\/kruze.ee\/et\/tooted\/\"},{\"@type\":\"ListItem\",\"position\":3,\"name\":\"Cutter &amp; Buck La Push Pro meeste jope\"}]},{\"@type\":\"WebSite\",\"@id\":\"https:\/\/kruze.ee\/et\/#website\",\"url\":\"https:\/\/kruze.ee\/et\/\",\"name\":\"Kruze.ee\",\"description\":\"Reklaamkingitused, tr&uuml;kiga T-s&auml;rgid, fliisid, dressipluused, tekstiil, joped ja paljud teised logoga meened, &Auml;rikingitused sinu partnerile! Telli juba t&auml;na.\",\"potentialAction\":[{\"@type\":\"SearchAction\",\"target\":{\"@type\":\"EntryPoint\",\"urlTemplate\":\"https:\/\/kruze.ee\/et\/?s={search_term_string}\"},\"query-input\":{\"@type\":\"PropertyValueSpecification\",\"valueRequired\":true,\"valueName\":\"search_term_string\"}}],\"inLanguage\":\"et\"}]}<\/script>\n<!-- \/ Yoast SEO plugin. -->","yoast_head_json":{"title":"Cutter &amp; Buck La Push Pro meeste jope - Kruze.ee","robots":{"index":"index","follow":"follow","max-snippet":"max-snippet:-1","max-image-preview":"max-image-preview:large","max-video-preview":"max-video-preview:-1"},"canonical":"https:\/\/kruze.ee\/et\/toode\/cutter-buck-la-push-pro-meeste-jope\/","og_locale":"et_EE","og_type":"article","og_title":"Cutter &amp; Buck La Push Pro meeste jope - Kruze.ee","og_description":"Muuda oma golfielamus paremaks selle kerge tuulejakiga, mis on valmistatud meie CB WeatherTec\u2122 kangast, pakkudes suurep\u00e4rast liikumisvabadust ning kaitset...","og_url":"https:\/\/kruze.ee\/et\/toode\/cutter-buck-la-push-pro-meeste-jope\/","og_site_name":"Kruze.ee","article_modified_time":"2026-03-16T22:45:55+00:00","twitter_card":"summary_large_image","twitter_misc":{"Est. reading time":"1 minut"},"schema":{"@context":"https:\/\/schema.org","@graph":[{"@type":"WebPage","@id":"https:\/\/kruze.ee\/et\/toode\/cutter-buck-la-push-pro-meeste-jope\/","url":"https:\/\/kruze.ee\/et\/toode\/cutter-buck-la-push-pro-meeste-jope\/","name":"Cutter &amp; Buck La Push Pro meeste jope - Kruze.ee","isPartOf":{"@id":"https:\/\/kruze.ee\/et\/#website"},"datePublished":"2026-02-04T10:46:48+00:00","dateModified":"2026-03-16T22:45:55+00:00","breadcrumb":{"@id":"https:\/\/kruze.ee\/et\/toode\/cutter-buck-la-push-pro-meeste-jope\/#breadcrumb"},"inLanguage":"et","potentialAction":[{"@type":"ReadAction","target":["https:\/\/kruze.ee\/et\/toode\/cutter-buck-la-push-pro-meeste-jope\/"]}]},{"@type":"BreadcrumbList","@id":"https:\/\/kruze.ee\/et\/toode\/cutter-buck-la-push-pro-meeste-jope\/#breadcrumb","itemListElement":[{"@type":"ListItem","position":1,"name":"Home","item":"https:\/\/kruze.ee\/et\/"},{"@type":"ListItem","position":2,"name":"Tooted","item":"https:\/\/kruze.ee\/et\/tooted\/"},{"@type":"ListItem","position":3,"name":"Cutter &amp; Buck La Push Pro meeste jope"}]},{"@type":"WebSite","@id":"https:\/\/kruze.ee\/et\/#website","url":"https:\/\/kruze.ee\/et\/","name":"Kruze.ee","description":"Reklaamkingitused, tr&uuml;kiga T-s&auml;rgid, fliisid, dressipluused, tekstiil, joped ja paljud teised logoga meened, &Auml;rikingitused sinu partnerile! Telli juba t&auml;na.","potentialAction":[{"@type":"SearchAction","target":{"@type":"EntryPoint","urlTemplate":"https:\/\/kruze.ee\/et\/?s={search_term_string}"},"query-input":{"@type":"PropertyValueSpecification","valueRequired":true,"valueName":"search_term_string"}}],"inLanguage":"et"}]}},"_links":{"self":[{"href":"https:\/\/kruze.ee\/et\/wp-json\/wp\/v2\/product\/1442432","targetHints":{"allow":["GET"]}}],"collection":[{"href":"https:\/\/kruze.ee\/et\/wp-json\/wp\/v2\/product"}],"about":[{"href":"https:\/\/kruze.ee\/et\/wp-json\/wp\/v2\/types\/product"}],"wp:attachment":[{"href":"https:\/\/kruze.ee\/et\/wp-json\/wp\/v2\/media?parent=1442432"}],"wp:term":[{"taxonomy":"product_brand","embeddable":true,"href":"https:\/\/kruze.ee\/et\/wp-json\/wp\/v2\/product_brand?post=1442432"},{"taxonomy":"product_cat","embeddable":true,"href":"https:\/\/kruze.ee\/et\/wp-json\/wp\/v2\/product_cat?post=1442432"},{"taxonomy":"product_tag","embeddable":true,"href":"https:\/\/kruze.ee\/et\/wp-json\/wp\/v2\/product_tag?post=1442432"}],"curies":[{"name":"wp","href":"https:\/\/api.w.org\/{rel}","templated":true}]}}