{"id":1442328,"date":"2026-02-04T13:46:24","date_gmt":"2026-02-04T10:46:24","guid":{"rendered":"https:\/\/kruze.ee\/product\/craft-core-explore-meeste-pealisjope\/"},"modified":"2026-03-17T01:45:38","modified_gmt":"2026-03-16T22:45:38","slug":"craft-core-explore-meeste-pealisjope","status":"publish","type":"product","link":"https:\/\/kruze.ee\/et\/toode\/craft-core-explore-meeste-pealisjope\/","title":{"rendered":"Craft CORE Explore meeste pealisjope"},"content":{"rendered":"<p>CORE Explore Shell Jacket on funktsionaalne ja mitmek\u00fclgne kestjope, mis on loodud kergemateks matkadeks ja sarnasteks igap\u00e4evasteks tegevusteks k\u00fclmemates tingimustes. See universaalne kestjope on valmistatud kahekihilisest tuule- ja veekindlast kangast ning sellel on v\u00f5rkkangasvooder t\u00f5husaks niiskuse \u00e4rajuhtimiseks ja teibitud \u00f5mblused olulistes kohtades parema ilmastikukaitse tagamiseks. Lisaks on jopel vetth\u00fclgavad t\u00f5mblukud, reguleeritav ja eemaldatav kapuuts, reguleeritavad takjakinnitusega varrukaotsad ning kaks lukuga k\u00fcljetaskut. Pikendatud seljaosa pakub lisakaitset. \u2022 Kahekihiline kangas taaskasutatud pol\u00fcestrist (veepidavus 8 000 mm \/ hingavus 8 000 g\/m\u00b2\/24h) \u2022 V\u00f5rkkangasvooder \u2022 Teibitud \u00f5mblused olulistes kohtades \u2022 Vetth\u00fclgavad t\u00f5mblukud \u2022 Reguleeritav ja eemaldatav kapuuts \u2022 Reguleeritavad takjakinnitusega varrukaotsad \u2022 Kaks lukuga k\u00fcljetaskut \u2022 Pikendatud seljaosa \u2022 Tavaline l\u00f5ige<\/p>\n","protected":false},"excerpt":{"rendered":"<p>CORE Explore Shell Jacket on funktsionaalne ja mitmek\u00fclgne kestjope, mis on loodud kergemateks matkadeks ja sarnasteks igap\u00e4evasteks tegevusteks k\u00fclmemates&#8230;<\/p>\n","protected":false},"featured_media":0,"template":"","meta":[],"product_brand":[],"product_cat":[5383],"product_tag":[],"class_list":{"0":"post-1442328","1":"product","2":"type-product","3":"status-publish","5":"product_cat-joped-logoga-funktsionaalsed-ja-vastupidavad","6":"pa_brand-craft","7":"pa_color-blaze","8":"pa_color-black-2","9":"pa_color-rift","10":"pa_gender-mehed","11":"pa_gender-men","12":"pa_material-body-face-100-polyester-recycled-back-100-polyurethane-lining-100-polyester-recycled","13":"pa_size-s","14":"pa_size-m","15":"pa_size-l","16":"pa_size-xl","17":"pa_size-2xl","18":"pa_size-3xl","19":"pa_size-4xl","21":"first","22":"instock","23":"taxable","24":"shipping-taxable","25":"purchasable","26":"product-type-variable"},"acf":[],"yoast_head":"<!-- This site is optimized with the Yoast SEO plugin v26.0 - https:\/\/yoast.com\/wordpress\/plugins\/seo\/ -->\n<title>Craft CORE Explore meeste pealisjope - Kruze.ee<\/title>\n<meta name=\"robots\" content=\"index, follow, max-snippet:-1, max-image-preview:large, max-video-preview:-1\" \/>\n<link rel=\"canonical\" href=\"https:\/\/kruze.ee\/et\/toode\/craft-core-explore-meeste-pealisjope\/\" \/>\n<meta property=\"og:locale\" content=\"et_EE\" \/>\n<meta property=\"og:type\" content=\"article\" \/>\n<meta property=\"og:title\" content=\"Craft CORE Explore meeste pealisjope - Kruze.ee\" \/>\n<meta property=\"og:description\" content=\"CORE Explore Shell Jacket on funktsionaalne ja mitmek\u00fclgne kestjope, mis on loodud kergemateks matkadeks ja sarnasteks igap\u00e4evasteks tegevusteks k\u00fclmemates...\" \/>\n<meta property=\"og:url\" content=\"https:\/\/kruze.ee\/et\/toode\/craft-core-explore-meeste-pealisjope\/\" \/>\n<meta property=\"og:site_name\" content=\"Kruze.ee\" \/>\n<meta property=\"article:modified_time\" content=\"2026-03-16T22:45:38+00:00\" \/>\n<meta name=\"twitter:card\" content=\"summary_large_image\" \/>\n<meta name=\"twitter:label1\" content=\"Est. reading time\" \/>\n\t<meta name=\"twitter:data1\" content=\"1 minut\" \/>\n<script type=\"application\/ld+json\" class=\"yoast-schema-graph\">{\"@context\":\"https:\/\/schema.org\",\"@graph\":[{\"@type\":\"WebPage\",\"@id\":\"https:\/\/kruze.ee\/et\/toode\/craft-core-explore-meeste-pealisjope\/\",\"url\":\"https:\/\/kruze.ee\/et\/toode\/craft-core-explore-meeste-pealisjope\/\",\"name\":\"Craft CORE Explore meeste pealisjope - Kruze.ee\",\"isPartOf\":{\"@id\":\"https:\/\/kruze.ee\/et\/#website\"},\"datePublished\":\"2026-02-04T10:46:24+00:00\",\"dateModified\":\"2026-03-16T22:45:38+00:00\",\"breadcrumb\":{\"@id\":\"https:\/\/kruze.ee\/et\/toode\/craft-core-explore-meeste-pealisjope\/#breadcrumb\"},\"inLanguage\":\"et\",\"potentialAction\":[{\"@type\":\"ReadAction\",\"target\":[\"https:\/\/kruze.ee\/et\/toode\/craft-core-explore-meeste-pealisjope\/\"]}]},{\"@type\":\"BreadcrumbList\",\"@id\":\"https:\/\/kruze.ee\/et\/toode\/craft-core-explore-meeste-pealisjope\/#breadcrumb\",\"itemListElement\":[{\"@type\":\"ListItem\",\"position\":1,\"name\":\"Home\",\"item\":\"https:\/\/kruze.ee\/et\/\"},{\"@type\":\"ListItem\",\"position\":2,\"name\":\"Tooted\",\"item\":\"https:\/\/kruze.ee\/et\/tooted\/\"},{\"@type\":\"ListItem\",\"position\":3,\"name\":\"Craft CORE Explore meeste pealisjope\"}]},{\"@type\":\"WebSite\",\"@id\":\"https:\/\/kruze.ee\/et\/#website\",\"url\":\"https:\/\/kruze.ee\/et\/\",\"name\":\"Kruze.ee\",\"description\":\"Reklaamkingitused, tr&uuml;kiga T-s&auml;rgid, fliisid, dressipluused, tekstiil, joped ja paljud teised logoga meened, &Auml;rikingitused sinu partnerile! Telli juba t&auml;na.\",\"potentialAction\":[{\"@type\":\"SearchAction\",\"target\":{\"@type\":\"EntryPoint\",\"urlTemplate\":\"https:\/\/kruze.ee\/et\/?s={search_term_string}\"},\"query-input\":{\"@type\":\"PropertyValueSpecification\",\"valueRequired\":true,\"valueName\":\"search_term_string\"}}],\"inLanguage\":\"et\"}]}<\/script>\n<!-- \/ Yoast SEO plugin. -->","yoast_head_json":{"title":"Craft CORE Explore meeste pealisjope - Kruze.ee","robots":{"index":"index","follow":"follow","max-snippet":"max-snippet:-1","max-image-preview":"max-image-preview:large","max-video-preview":"max-video-preview:-1"},"canonical":"https:\/\/kruze.ee\/et\/toode\/craft-core-explore-meeste-pealisjope\/","og_locale":"et_EE","og_type":"article","og_title":"Craft CORE Explore meeste pealisjope - Kruze.ee","og_description":"CORE Explore Shell Jacket on funktsionaalne ja mitmek\u00fclgne kestjope, mis on loodud kergemateks matkadeks ja sarnasteks igap\u00e4evasteks tegevusteks k\u00fclmemates...","og_url":"https:\/\/kruze.ee\/et\/toode\/craft-core-explore-meeste-pealisjope\/","og_site_name":"Kruze.ee","article_modified_time":"2026-03-16T22:45:38+00:00","twitter_card":"summary_large_image","twitter_misc":{"Est. reading time":"1 minut"},"schema":{"@context":"https:\/\/schema.org","@graph":[{"@type":"WebPage","@id":"https:\/\/kruze.ee\/et\/toode\/craft-core-explore-meeste-pealisjope\/","url":"https:\/\/kruze.ee\/et\/toode\/craft-core-explore-meeste-pealisjope\/","name":"Craft CORE Explore meeste pealisjope - Kruze.ee","isPartOf":{"@id":"https:\/\/kruze.ee\/et\/#website"},"datePublished":"2026-02-04T10:46:24+00:00","dateModified":"2026-03-16T22:45:38+00:00","breadcrumb":{"@id":"https:\/\/kruze.ee\/et\/toode\/craft-core-explore-meeste-pealisjope\/#breadcrumb"},"inLanguage":"et","potentialAction":[{"@type":"ReadAction","target":["https:\/\/kruze.ee\/et\/toode\/craft-core-explore-meeste-pealisjope\/"]}]},{"@type":"BreadcrumbList","@id":"https:\/\/kruze.ee\/et\/toode\/craft-core-explore-meeste-pealisjope\/#breadcrumb","itemListElement":[{"@type":"ListItem","position":1,"name":"Home","item":"https:\/\/kruze.ee\/et\/"},{"@type":"ListItem","position":2,"name":"Tooted","item":"https:\/\/kruze.ee\/et\/tooted\/"},{"@type":"ListItem","position":3,"name":"Craft CORE Explore meeste pealisjope"}]},{"@type":"WebSite","@id":"https:\/\/kruze.ee\/et\/#website","url":"https:\/\/kruze.ee\/et\/","name":"Kruze.ee","description":"Reklaamkingitused, tr&uuml;kiga T-s&auml;rgid, fliisid, dressipluused, tekstiil, joped ja paljud teised logoga meened, &Auml;rikingitused sinu partnerile! Telli juba t&auml;na.","potentialAction":[{"@type":"SearchAction","target":{"@type":"EntryPoint","urlTemplate":"https:\/\/kruze.ee\/et\/?s={search_term_string}"},"query-input":{"@type":"PropertyValueSpecification","valueRequired":true,"valueName":"search_term_string"}}],"inLanguage":"et"}]}},"_links":{"self":[{"href":"https:\/\/kruze.ee\/et\/wp-json\/wp\/v2\/product\/1442328","targetHints":{"allow":["GET"]}}],"collection":[{"href":"https:\/\/kruze.ee\/et\/wp-json\/wp\/v2\/product"}],"about":[{"href":"https:\/\/kruze.ee\/et\/wp-json\/wp\/v2\/types\/product"}],"wp:attachment":[{"href":"https:\/\/kruze.ee\/et\/wp-json\/wp\/v2\/media?parent=1442328"}],"wp:term":[{"taxonomy":"product_brand","embeddable":true,"href":"https:\/\/kruze.ee\/et\/wp-json\/wp\/v2\/product_brand?post=1442328"},{"taxonomy":"product_cat","embeddable":true,"href":"https:\/\/kruze.ee\/et\/wp-json\/wp\/v2\/product_cat?post=1442328"},{"taxonomy":"product_tag","embeddable":true,"href":"https:\/\/kruze.ee\/et\/wp-json\/wp\/v2\/product_tag?post=1442328"}],"curies":[{"name":"wp","href":"https:\/\/api.w.org\/{rel}","templated":true}]}}