{"id":1442222,"date":"2026-02-04T13:45:53","date_gmt":"2026-02-04T10:45:53","guid":{"rendered":"https:\/\/kruze.ee\/product\/craft-adv-unify-hybrid-meeste-jope\/"},"modified":"2026-03-17T01:45:17","modified_gmt":"2026-03-16T22:45:17","slug":"craft-adv-unify-hybrid-meeste-jope","status":"publish","type":"product","link":"https:\/\/kruze.ee\/et\/toode\/craft-adv-unify-hybrid-meeste-jope\/","title":{"rendered":"Craft ADV Unify Hybrid meeste jope"},"content":{"rendered":"<p>ADV Unify Hybrid Jacket on mitmek\u00fclgne jope, mis on valmistatud pehmest, elastsest ja funktsionaalsest taaskasutatud pol\u00fcestrist. Jope esiosal on tuulekindel liimkanalitega kangas ning seda saab kanda nii pealiskihina kui ka k\u00fclmematel p\u00e4evadel kestjope all vahekihina. Jopel on rinnatasku ja kaks k\u00fcljetaskut. \u2022 Pehme ja funktsionaalne kangas taaskasutatud pol\u00fcestrist \u2022 Tuulekindel liimkanalitega esiosa \u2022 Ergonoomiline ja elastne istuvus \u2022 Kaks k\u00fcljetaskut \u2022 Rinnatasku<\/p>\n","protected":false},"excerpt":{"rendered":"<p>ADV Unify Hybrid Jacket on mitmek\u00fclgne jope, mis on valmistatud pehmest, elastsest ja funktsionaalsest taaskasutatud pol\u00fcestrist. Jope esiosal on tuulekindel&#8230;<\/p>\n","protected":false},"featured_media":0,"template":"","meta":[],"product_brand":[],"product_cat":[5383],"product_tag":[],"class_list":{"0":"post-1442222","1":"product","2":"type-product","3":"status-publish","5":"product_cat-joped-logoga-funktsionaalsed-ja-vastupidavad","6":"pa_brand-craft","7":"pa_color-black-2","8":"pa_color-navymust","9":"pa_gender-mehed","10":"pa_gender-men","11":"pa_material-60-polyester-recycled-40-polyester","12":"pa_size-s","13":"pa_size-m","14":"pa_size-l","15":"pa_size-xl","16":"pa_size-2xl","17":"pa_size-3xl","18":"pa_size-4xl","20":"first","21":"instock","22":"taxable","23":"shipping-taxable","24":"purchasable","25":"product-type-variable"},"acf":[],"yoast_head":"<!-- This site is optimized with the Yoast SEO plugin v26.0 - https:\/\/yoast.com\/wordpress\/plugins\/seo\/ -->\n<title>Craft ADV Unify Hybrid meeste jope - Kruze.ee<\/title>\n<meta name=\"robots\" content=\"index, follow, max-snippet:-1, max-image-preview:large, max-video-preview:-1\" \/>\n<link rel=\"canonical\" href=\"https:\/\/kruze.ee\/et\/toode\/craft-adv-unify-hybrid-meeste-jope\/\" \/>\n<meta property=\"og:locale\" content=\"et_EE\" \/>\n<meta property=\"og:type\" content=\"article\" \/>\n<meta property=\"og:title\" content=\"Craft ADV Unify Hybrid meeste jope - Kruze.ee\" \/>\n<meta property=\"og:description\" content=\"ADV Unify Hybrid Jacket on mitmek\u00fclgne jope, mis on valmistatud pehmest, elastsest ja funktsionaalsest taaskasutatud pol\u00fcestrist. Jope esiosal on tuulekindel...\" \/>\n<meta property=\"og:url\" content=\"https:\/\/kruze.ee\/et\/toode\/craft-adv-unify-hybrid-meeste-jope\/\" \/>\n<meta property=\"og:site_name\" content=\"Kruze.ee\" \/>\n<meta property=\"article:modified_time\" content=\"2026-03-16T22:45:17+00:00\" \/>\n<meta name=\"twitter:card\" content=\"summary_large_image\" \/>\n<meta name=\"twitter:label1\" content=\"Est. reading time\" \/>\n\t<meta name=\"twitter:data1\" content=\"1 minut\" \/>\n<script type=\"application\/ld+json\" class=\"yoast-schema-graph\">{\"@context\":\"https:\/\/schema.org\",\"@graph\":[{\"@type\":\"WebPage\",\"@id\":\"https:\/\/kruze.ee\/et\/toode\/craft-adv-unify-hybrid-meeste-jope\/\",\"url\":\"https:\/\/kruze.ee\/et\/toode\/craft-adv-unify-hybrid-meeste-jope\/\",\"name\":\"Craft ADV Unify Hybrid meeste jope - Kruze.ee\",\"isPartOf\":{\"@id\":\"https:\/\/kruze.ee\/et\/#website\"},\"datePublished\":\"2026-02-04T10:45:53+00:00\",\"dateModified\":\"2026-03-16T22:45:17+00:00\",\"breadcrumb\":{\"@id\":\"https:\/\/kruze.ee\/et\/toode\/craft-adv-unify-hybrid-meeste-jope\/#breadcrumb\"},\"inLanguage\":\"et\",\"potentialAction\":[{\"@type\":\"ReadAction\",\"target\":[\"https:\/\/kruze.ee\/et\/toode\/craft-adv-unify-hybrid-meeste-jope\/\"]}]},{\"@type\":\"BreadcrumbList\",\"@id\":\"https:\/\/kruze.ee\/et\/toode\/craft-adv-unify-hybrid-meeste-jope\/#breadcrumb\",\"itemListElement\":[{\"@type\":\"ListItem\",\"position\":1,\"name\":\"Home\",\"item\":\"https:\/\/kruze.ee\/et\/\"},{\"@type\":\"ListItem\",\"position\":2,\"name\":\"Tooted\",\"item\":\"https:\/\/kruze.ee\/et\/tooted\/\"},{\"@type\":\"ListItem\",\"position\":3,\"name\":\"Craft ADV Unify Hybrid meeste jope\"}]},{\"@type\":\"WebSite\",\"@id\":\"https:\/\/kruze.ee\/et\/#website\",\"url\":\"https:\/\/kruze.ee\/et\/\",\"name\":\"Kruze.ee\",\"description\":\"Reklaamkingitused, tr&uuml;kiga T-s&auml;rgid, fliisid, dressipluused, tekstiil, joped ja paljud teised logoga meened, &Auml;rikingitused sinu partnerile! Telli juba t&auml;na.\",\"potentialAction\":[{\"@type\":\"SearchAction\",\"target\":{\"@type\":\"EntryPoint\",\"urlTemplate\":\"https:\/\/kruze.ee\/et\/?s={search_term_string}\"},\"query-input\":{\"@type\":\"PropertyValueSpecification\",\"valueRequired\":true,\"valueName\":\"search_term_string\"}}],\"inLanguage\":\"et\"}]}<\/script>\n<!-- \/ Yoast SEO plugin. -->","yoast_head_json":{"title":"Craft ADV Unify Hybrid meeste jope - Kruze.ee","robots":{"index":"index","follow":"follow","max-snippet":"max-snippet:-1","max-image-preview":"max-image-preview:large","max-video-preview":"max-video-preview:-1"},"canonical":"https:\/\/kruze.ee\/et\/toode\/craft-adv-unify-hybrid-meeste-jope\/","og_locale":"et_EE","og_type":"article","og_title":"Craft ADV Unify Hybrid meeste jope - Kruze.ee","og_description":"ADV Unify Hybrid Jacket on mitmek\u00fclgne jope, mis on valmistatud pehmest, elastsest ja funktsionaalsest taaskasutatud pol\u00fcestrist. Jope esiosal on tuulekindel...","og_url":"https:\/\/kruze.ee\/et\/toode\/craft-adv-unify-hybrid-meeste-jope\/","og_site_name":"Kruze.ee","article_modified_time":"2026-03-16T22:45:17+00:00","twitter_card":"summary_large_image","twitter_misc":{"Est. reading time":"1 minut"},"schema":{"@context":"https:\/\/schema.org","@graph":[{"@type":"WebPage","@id":"https:\/\/kruze.ee\/et\/toode\/craft-adv-unify-hybrid-meeste-jope\/","url":"https:\/\/kruze.ee\/et\/toode\/craft-adv-unify-hybrid-meeste-jope\/","name":"Craft ADV Unify Hybrid meeste jope - Kruze.ee","isPartOf":{"@id":"https:\/\/kruze.ee\/et\/#website"},"datePublished":"2026-02-04T10:45:53+00:00","dateModified":"2026-03-16T22:45:17+00:00","breadcrumb":{"@id":"https:\/\/kruze.ee\/et\/toode\/craft-adv-unify-hybrid-meeste-jope\/#breadcrumb"},"inLanguage":"et","potentialAction":[{"@type":"ReadAction","target":["https:\/\/kruze.ee\/et\/toode\/craft-adv-unify-hybrid-meeste-jope\/"]}]},{"@type":"BreadcrumbList","@id":"https:\/\/kruze.ee\/et\/toode\/craft-adv-unify-hybrid-meeste-jope\/#breadcrumb","itemListElement":[{"@type":"ListItem","position":1,"name":"Home","item":"https:\/\/kruze.ee\/et\/"},{"@type":"ListItem","position":2,"name":"Tooted","item":"https:\/\/kruze.ee\/et\/tooted\/"},{"@type":"ListItem","position":3,"name":"Craft ADV Unify Hybrid meeste jope"}]},{"@type":"WebSite","@id":"https:\/\/kruze.ee\/et\/#website","url":"https:\/\/kruze.ee\/et\/","name":"Kruze.ee","description":"Reklaamkingitused, tr&uuml;kiga T-s&auml;rgid, fliisid, dressipluused, tekstiil, joped ja paljud teised logoga meened, &Auml;rikingitused sinu partnerile! Telli juba t&auml;na.","potentialAction":[{"@type":"SearchAction","target":{"@type":"EntryPoint","urlTemplate":"https:\/\/kruze.ee\/et\/?s={search_term_string}"},"query-input":{"@type":"PropertyValueSpecification","valueRequired":true,"valueName":"search_term_string"}}],"inLanguage":"et"}]}},"_links":{"self":[{"href":"https:\/\/kruze.ee\/et\/wp-json\/wp\/v2\/product\/1442222","targetHints":{"allow":["GET"]}}],"collection":[{"href":"https:\/\/kruze.ee\/et\/wp-json\/wp\/v2\/product"}],"about":[{"href":"https:\/\/kruze.ee\/et\/wp-json\/wp\/v2\/types\/product"}],"wp:attachment":[{"href":"https:\/\/kruze.ee\/et\/wp-json\/wp\/v2\/media?parent=1442222"}],"wp:term":[{"taxonomy":"product_brand","embeddable":true,"href":"https:\/\/kruze.ee\/et\/wp-json\/wp\/v2\/product_brand?post=1442222"},{"taxonomy":"product_cat","embeddable":true,"href":"https:\/\/kruze.ee\/et\/wp-json\/wp\/v2\/product_cat?post=1442222"},{"taxonomy":"product_tag","embeddable":true,"href":"https:\/\/kruze.ee\/et\/wp-json\/wp\/v2\/product_tag?post=1442222"}],"curies":[{"name":"wp","href":"https:\/\/api.w.org\/{rel}","templated":true}]}}