{"id":1442174,"date":"2026-02-04T13:45:43","date_gmt":"2026-02-04T10:45:43","guid":{"rendered":"https:\/\/kruze.ee\/product\/cutter-buck-stealth-naiste-jope\/"},"modified":"2026-03-17T01:45:10","modified_gmt":"2026-03-16T22:45:10","slug":"cutter-buck-stealth-naiste-jope","status":"publish","type":"product","link":"https:\/\/kruze.ee\/et\/toode\/cutter-buck-stealth-naiste-jope\/","title":{"rendered":"Cutter &amp; Buck Stealth naiste jope"},"content":{"rendered":"<p>See jope esindab dressipluusi ja pealisr\u00f5iva tulevikku ning on ideaalne \u00fcleminek spordir\u00f5ivastelt vabaajamoodi. Hingav ja niiskust juhtiv materjal tagab mugavuse. Varrukad ja seljaosa on valmistatud kergest pehmest kangast, mis on kombineeritud kootud vestiosaga, pakkudes kaitset kerge vihma eest. Ees lukuga taskud.<\/p>\n","protected":false},"excerpt":{"rendered":"<p>See jope esindab dressipluusi ja pealisr\u00f5iva tulevikku ning on ideaalne \u00fcleminek spordir\u00f5ivastelt vabaajamoodi. Hingav ja niiskust juhtiv materjal tagab&#8230;<\/p>\n","protected":false},"featured_media":0,"template":"","meta":[],"product_brand":[],"product_cat":[5383],"product_tag":[],"class_list":{"0":"post-1442174","1":"product","2":"type-product","3":"status-publish","5":"product_cat-joped-logoga-funktsionaalsed-ja-vastupidavad","6":"pa_brand-cutter-buck","7":"pa_color-manniroheline","8":"pa_color-black-2","9":"pa_color-tumesinine","10":"pa_color-valge","11":"pa_gender-naised","12":"pa_gender-women","13":"pa_material-front-100-polyester-back-and-sleeves-89-polyester-11-spandex-cb-drytec-2","14":"pa_size-xs","15":"pa_size-s","16":"pa_size-m","17":"pa_size-l","18":"pa_size-xl","19":"pa_size-2xl","21":"first","22":"instock","23":"taxable","24":"shipping-taxable","25":"purchasable","26":"product-type-variable"},"acf":[],"yoast_head":"<!-- This site is optimized with the Yoast SEO plugin v26.0 - https:\/\/yoast.com\/wordpress\/plugins\/seo\/ -->\n<title>Cutter &amp; Buck Stealth naiste jope - Kruze.ee<\/title>\n<meta name=\"robots\" content=\"index, follow, max-snippet:-1, max-image-preview:large, max-video-preview:-1\" \/>\n<link rel=\"canonical\" href=\"https:\/\/kruze.ee\/et\/toode\/cutter-buck-stealth-naiste-jope\/\" \/>\n<meta property=\"og:locale\" content=\"et_EE\" \/>\n<meta property=\"og:type\" content=\"article\" \/>\n<meta property=\"og:title\" content=\"Cutter &amp; Buck Stealth naiste jope - Kruze.ee\" \/>\n<meta property=\"og:description\" content=\"See jope esindab dressipluusi ja pealisr\u00f5iva tulevikku ning on ideaalne \u00fcleminek spordir\u00f5ivastelt vabaajamoodi. Hingav ja niiskust juhtiv materjal tagab...\" \/>\n<meta property=\"og:url\" content=\"https:\/\/kruze.ee\/et\/toode\/cutter-buck-stealth-naiste-jope\/\" \/>\n<meta property=\"og:site_name\" content=\"Kruze.ee\" \/>\n<meta property=\"article:modified_time\" content=\"2026-03-16T22:45:10+00:00\" \/>\n<meta name=\"twitter:card\" content=\"summary_large_image\" \/>\n<meta name=\"twitter:label1\" content=\"Est. reading time\" \/>\n\t<meta name=\"twitter:data1\" content=\"1 minut\" \/>\n<script type=\"application\/ld+json\" class=\"yoast-schema-graph\">{\"@context\":\"https:\/\/schema.org\",\"@graph\":[{\"@type\":\"WebPage\",\"@id\":\"https:\/\/kruze.ee\/et\/toode\/cutter-buck-stealth-naiste-jope\/\",\"url\":\"https:\/\/kruze.ee\/et\/toode\/cutter-buck-stealth-naiste-jope\/\",\"name\":\"Cutter &amp; Buck Stealth naiste jope - Kruze.ee\",\"isPartOf\":{\"@id\":\"https:\/\/kruze.ee\/et\/#website\"},\"datePublished\":\"2026-02-04T10:45:43+00:00\",\"dateModified\":\"2026-03-16T22:45:10+00:00\",\"breadcrumb\":{\"@id\":\"https:\/\/kruze.ee\/et\/toode\/cutter-buck-stealth-naiste-jope\/#breadcrumb\"},\"inLanguage\":\"et\",\"potentialAction\":[{\"@type\":\"ReadAction\",\"target\":[\"https:\/\/kruze.ee\/et\/toode\/cutter-buck-stealth-naiste-jope\/\"]}]},{\"@type\":\"BreadcrumbList\",\"@id\":\"https:\/\/kruze.ee\/et\/toode\/cutter-buck-stealth-naiste-jope\/#breadcrumb\",\"itemListElement\":[{\"@type\":\"ListItem\",\"position\":1,\"name\":\"Home\",\"item\":\"https:\/\/kruze.ee\/et\/\"},{\"@type\":\"ListItem\",\"position\":2,\"name\":\"Tooted\",\"item\":\"https:\/\/kruze.ee\/et\/tooted\/\"},{\"@type\":\"ListItem\",\"position\":3,\"name\":\"Cutter &amp; Buck Stealth naiste jope\"}]},{\"@type\":\"WebSite\",\"@id\":\"https:\/\/kruze.ee\/et\/#website\",\"url\":\"https:\/\/kruze.ee\/et\/\",\"name\":\"Kruze.ee\",\"description\":\"Reklaamkingitused, tr&uuml;kiga T-s&auml;rgid, fliisid, dressipluused, tekstiil, joped ja paljud teised logoga meened, &Auml;rikingitused sinu partnerile! Telli juba t&auml;na.\",\"potentialAction\":[{\"@type\":\"SearchAction\",\"target\":{\"@type\":\"EntryPoint\",\"urlTemplate\":\"https:\/\/kruze.ee\/et\/?s={search_term_string}\"},\"query-input\":{\"@type\":\"PropertyValueSpecification\",\"valueRequired\":true,\"valueName\":\"search_term_string\"}}],\"inLanguage\":\"et\"}]}<\/script>\n<!-- \/ Yoast SEO plugin. -->","yoast_head_json":{"title":"Cutter &amp; Buck Stealth naiste jope - Kruze.ee","robots":{"index":"index","follow":"follow","max-snippet":"max-snippet:-1","max-image-preview":"max-image-preview:large","max-video-preview":"max-video-preview:-1"},"canonical":"https:\/\/kruze.ee\/et\/toode\/cutter-buck-stealth-naiste-jope\/","og_locale":"et_EE","og_type":"article","og_title":"Cutter &amp; Buck Stealth naiste jope - Kruze.ee","og_description":"See jope esindab dressipluusi ja pealisr\u00f5iva tulevikku ning on ideaalne \u00fcleminek spordir\u00f5ivastelt vabaajamoodi. Hingav ja niiskust juhtiv materjal tagab...","og_url":"https:\/\/kruze.ee\/et\/toode\/cutter-buck-stealth-naiste-jope\/","og_site_name":"Kruze.ee","article_modified_time":"2026-03-16T22:45:10+00:00","twitter_card":"summary_large_image","twitter_misc":{"Est. reading time":"1 minut"},"schema":{"@context":"https:\/\/schema.org","@graph":[{"@type":"WebPage","@id":"https:\/\/kruze.ee\/et\/toode\/cutter-buck-stealth-naiste-jope\/","url":"https:\/\/kruze.ee\/et\/toode\/cutter-buck-stealth-naiste-jope\/","name":"Cutter &amp; Buck Stealth naiste jope - Kruze.ee","isPartOf":{"@id":"https:\/\/kruze.ee\/et\/#website"},"datePublished":"2026-02-04T10:45:43+00:00","dateModified":"2026-03-16T22:45:10+00:00","breadcrumb":{"@id":"https:\/\/kruze.ee\/et\/toode\/cutter-buck-stealth-naiste-jope\/#breadcrumb"},"inLanguage":"et","potentialAction":[{"@type":"ReadAction","target":["https:\/\/kruze.ee\/et\/toode\/cutter-buck-stealth-naiste-jope\/"]}]},{"@type":"BreadcrumbList","@id":"https:\/\/kruze.ee\/et\/toode\/cutter-buck-stealth-naiste-jope\/#breadcrumb","itemListElement":[{"@type":"ListItem","position":1,"name":"Home","item":"https:\/\/kruze.ee\/et\/"},{"@type":"ListItem","position":2,"name":"Tooted","item":"https:\/\/kruze.ee\/et\/tooted\/"},{"@type":"ListItem","position":3,"name":"Cutter &amp; Buck Stealth naiste jope"}]},{"@type":"WebSite","@id":"https:\/\/kruze.ee\/et\/#website","url":"https:\/\/kruze.ee\/et\/","name":"Kruze.ee","description":"Reklaamkingitused, tr&uuml;kiga T-s&auml;rgid, fliisid, dressipluused, tekstiil, joped ja paljud teised logoga meened, &Auml;rikingitused sinu partnerile! Telli juba t&auml;na.","potentialAction":[{"@type":"SearchAction","target":{"@type":"EntryPoint","urlTemplate":"https:\/\/kruze.ee\/et\/?s={search_term_string}"},"query-input":{"@type":"PropertyValueSpecification","valueRequired":true,"valueName":"search_term_string"}}],"inLanguage":"et"}]}},"_links":{"self":[{"href":"https:\/\/kruze.ee\/et\/wp-json\/wp\/v2\/product\/1442174","targetHints":{"allow":["GET"]}}],"collection":[{"href":"https:\/\/kruze.ee\/et\/wp-json\/wp\/v2\/product"}],"about":[{"href":"https:\/\/kruze.ee\/et\/wp-json\/wp\/v2\/types\/product"}],"wp:attachment":[{"href":"https:\/\/kruze.ee\/et\/wp-json\/wp\/v2\/media?parent=1442174"}],"wp:term":[{"taxonomy":"product_brand","embeddable":true,"href":"https:\/\/kruze.ee\/et\/wp-json\/wp\/v2\/product_brand?post=1442174"},{"taxonomy":"product_cat","embeddable":true,"href":"https:\/\/kruze.ee\/et\/wp-json\/wp\/v2\/product_cat?post=1442174"},{"taxonomy":"product_tag","embeddable":true,"href":"https:\/\/kruze.ee\/et\/wp-json\/wp\/v2\/product_tag?post=1442174"}],"curies":[{"name":"wp","href":"https:\/\/api.w.org\/{rel}","templated":true}]}}