{"id":1441778,"date":"2026-01-31T17:49:33","date_gmt":"2026-01-31T14:49:33","guid":{"rendered":"https:\/\/kruze.ee\/product\/avira-alcor-rcs-taaskasutatud-terasest-uhekihiline-veepudel-600-ml\/"},"modified":"2026-03-17T00:54:17","modified_gmt":"2026-03-16T21:54:17","slug":"avira-alcor-rcs-taaskasutatud-terasest-uhekihiline-veepudel-600-ml","status":"publish","type":"product","link":"https:\/\/kruze.ee\/et\/toode\/avira-alcor-rcs-taaskasutatud-terasest-uhekihiline-veepudel-600-ml\/","title":{"rendered":"Avira Alcor RCS taaskasutatud terasest \u00fchekihiline veepudel 600 ml"},"content":{"rendered":"<p>Avira Alcor RCS-sertifitseeritud taaskasutatud roostevabast terasest veepudel on usaldusv\u00e4\u00e4rne valik h\u00fcdreerituna p\u00fcsimiseks liikvel olles. Veepudel aitab v\u00e4hendada keskkonnam\u00f5ju ning on m\u00f5eldud pikaajaliseks kasutamiseks. \u00dchekihiline konstruktsioon muudab selle kergeks ja h\u00f5lpsasti kaasaskantavaks ning lekkekindel kaas hoiab joogi turvaliselt pudelis ka liikumise ajal. Valmistatud RCS-sertifitseeritud (Recycled Claim Standard) taaskasutatud materjalidest, mis tagab kogu taaskasutatud materjalide tarneahela t\u00e4ieliku sertifitseerituse. Taaskasutatud materjali osakaal on 75% toote kogukaalust. Mahutavus 600 ml. Pakendatud FSC\u00ae-sertifitseeritud kraftpakendisse, mida saab taaskasutada telefonihoidja, pliiatsihoidja v\u00f5i lillepotina. 2% iga m\u00fc\u00fcdud Impact-toote tulust annetatakse Water.org-ile.<\/p>\n","protected":false},"excerpt":{"rendered":"<p>Avira Alcor RCS-sertifitseeritud taaskasutatud roostevabast terasest veepudel on usaldusv\u00e4\u00e4rne valik h\u00fcdreerituna p\u00fcsimiseks liikvel olles. Veepudel aitab&#8230;<\/p>\n","protected":false},"featured_media":0,"template":"","meta":[],"product_brand":[],"product_cat":[5419],"product_tag":[],"class_list":{"0":"post-1441778","1":"product","2":"type-product","3":"status-publish","5":"product_cat-joogipudelid","6":"pa_brand-avira-2","7":"pa_color-hobe","8":"pa_color-black-2","9":"pa_color-tumesinine","10":"pa_color-valge","11":"pa_gender-uniseks","12":"pa_gender-unisex","15":"pa_material-recycled-stainless-steelbamboo","17":"first","18":"instock","19":"taxable","20":"shipping-taxable","21":"purchasable","22":"product-type-variable"},"acf":[],"yoast_head":"<!-- This site is optimized with the Yoast SEO plugin v26.0 - https:\/\/yoast.com\/wordpress\/plugins\/seo\/ -->\n<title>Avira Alcor RCS taaskasutatud terasest \u00fchekihiline veepudel 600 ml - Kruze.ee<\/title>\n<meta name=\"robots\" content=\"index, follow, max-snippet:-1, max-image-preview:large, max-video-preview:-1\" \/>\n<link rel=\"canonical\" href=\"https:\/\/kruze.ee\/et\/toode\/avira-alcor-rcs-taaskasutatud-terasest-uhekihiline-veepudel-600-ml\/\" \/>\n<meta property=\"og:locale\" content=\"et_EE\" \/>\n<meta property=\"og:type\" content=\"article\" \/>\n<meta property=\"og:title\" content=\"Avira Alcor RCS taaskasutatud terasest \u00fchekihiline veepudel 600 ml - Kruze.ee\" \/>\n<meta property=\"og:description\" content=\"Avira Alcor RCS-sertifitseeritud taaskasutatud roostevabast terasest veepudel on usaldusv\u00e4\u00e4rne valik h\u00fcdreerituna p\u00fcsimiseks liikvel olles. Veepudel aitab...\" \/>\n<meta property=\"og:url\" content=\"https:\/\/kruze.ee\/et\/toode\/avira-alcor-rcs-taaskasutatud-terasest-uhekihiline-veepudel-600-ml\/\" \/>\n<meta property=\"og:site_name\" content=\"Kruze.ee\" \/>\n<meta property=\"article:modified_time\" content=\"2026-03-16T21:54:17+00:00\" \/>\n<meta name=\"twitter:card\" content=\"summary_large_image\" \/>\n<script type=\"application\/ld+json\" class=\"yoast-schema-graph\">{\"@context\":\"https:\/\/schema.org\",\"@graph\":[{\"@type\":\"WebPage\",\"@id\":\"https:\/\/kruze.ee\/et\/toode\/avira-alcor-rcs-taaskasutatud-terasest-uhekihiline-veepudel-600-ml\/\",\"url\":\"https:\/\/kruze.ee\/et\/toode\/avira-alcor-rcs-taaskasutatud-terasest-uhekihiline-veepudel-600-ml\/\",\"name\":\"Avira Alcor RCS taaskasutatud terasest \u00fchekihiline veepudel 600 ml - Kruze.ee\",\"isPartOf\":{\"@id\":\"https:\/\/kruze.ee\/et\/#website\"},\"datePublished\":\"2026-01-31T14:49:33+00:00\",\"dateModified\":\"2026-03-16T21:54:17+00:00\",\"breadcrumb\":{\"@id\":\"https:\/\/kruze.ee\/et\/toode\/avira-alcor-rcs-taaskasutatud-terasest-uhekihiline-veepudel-600-ml\/#breadcrumb\"},\"inLanguage\":\"et\",\"potentialAction\":[{\"@type\":\"ReadAction\",\"target\":[\"https:\/\/kruze.ee\/et\/toode\/avira-alcor-rcs-taaskasutatud-terasest-uhekihiline-veepudel-600-ml\/\"]}]},{\"@type\":\"BreadcrumbList\",\"@id\":\"https:\/\/kruze.ee\/et\/toode\/avira-alcor-rcs-taaskasutatud-terasest-uhekihiline-veepudel-600-ml\/#breadcrumb\",\"itemListElement\":[{\"@type\":\"ListItem\",\"position\":1,\"name\":\"Home\",\"item\":\"https:\/\/kruze.ee\/et\/\"},{\"@type\":\"ListItem\",\"position\":2,\"name\":\"Tooted\",\"item\":\"https:\/\/kruze.ee\/et\/tooted\/\"},{\"@type\":\"ListItem\",\"position\":3,\"name\":\"Avira Alcor RCS taaskasutatud terasest \u00fchekihiline veepudel 600 ml\"}]},{\"@type\":\"WebSite\",\"@id\":\"https:\/\/kruze.ee\/et\/#website\",\"url\":\"https:\/\/kruze.ee\/et\/\",\"name\":\"Kruze.ee\",\"description\":\"Reklaamkingitused, tr&uuml;kiga T-s&auml;rgid, fliisid, dressipluused, tekstiil, joped ja paljud teised logoga meened, &Auml;rikingitused sinu partnerile! Telli juba t&auml;na.\",\"potentialAction\":[{\"@type\":\"SearchAction\",\"target\":{\"@type\":\"EntryPoint\",\"urlTemplate\":\"https:\/\/kruze.ee\/et\/?s={search_term_string}\"},\"query-input\":{\"@type\":\"PropertyValueSpecification\",\"valueRequired\":true,\"valueName\":\"search_term_string\"}}],\"inLanguage\":\"et\"}]}<\/script>\n<!-- \/ Yoast SEO plugin. -->","yoast_head_json":{"title":"Avira Alcor RCS taaskasutatud terasest \u00fchekihiline veepudel 600 ml - Kruze.ee","robots":{"index":"index","follow":"follow","max-snippet":"max-snippet:-1","max-image-preview":"max-image-preview:large","max-video-preview":"max-video-preview:-1"},"canonical":"https:\/\/kruze.ee\/et\/toode\/avira-alcor-rcs-taaskasutatud-terasest-uhekihiline-veepudel-600-ml\/","og_locale":"et_EE","og_type":"article","og_title":"Avira Alcor RCS taaskasutatud terasest \u00fchekihiline veepudel 600 ml - Kruze.ee","og_description":"Avira Alcor RCS-sertifitseeritud taaskasutatud roostevabast terasest veepudel on usaldusv\u00e4\u00e4rne valik h\u00fcdreerituna p\u00fcsimiseks liikvel olles. Veepudel aitab...","og_url":"https:\/\/kruze.ee\/et\/toode\/avira-alcor-rcs-taaskasutatud-terasest-uhekihiline-veepudel-600-ml\/","og_site_name":"Kruze.ee","article_modified_time":"2026-03-16T21:54:17+00:00","twitter_card":"summary_large_image","schema":{"@context":"https:\/\/schema.org","@graph":[{"@type":"WebPage","@id":"https:\/\/kruze.ee\/et\/toode\/avira-alcor-rcs-taaskasutatud-terasest-uhekihiline-veepudel-600-ml\/","url":"https:\/\/kruze.ee\/et\/toode\/avira-alcor-rcs-taaskasutatud-terasest-uhekihiline-veepudel-600-ml\/","name":"Avira Alcor RCS taaskasutatud terasest \u00fchekihiline veepudel 600 ml - Kruze.ee","isPartOf":{"@id":"https:\/\/kruze.ee\/et\/#website"},"datePublished":"2026-01-31T14:49:33+00:00","dateModified":"2026-03-16T21:54:17+00:00","breadcrumb":{"@id":"https:\/\/kruze.ee\/et\/toode\/avira-alcor-rcs-taaskasutatud-terasest-uhekihiline-veepudel-600-ml\/#breadcrumb"},"inLanguage":"et","potentialAction":[{"@type":"ReadAction","target":["https:\/\/kruze.ee\/et\/toode\/avira-alcor-rcs-taaskasutatud-terasest-uhekihiline-veepudel-600-ml\/"]}]},{"@type":"BreadcrumbList","@id":"https:\/\/kruze.ee\/et\/toode\/avira-alcor-rcs-taaskasutatud-terasest-uhekihiline-veepudel-600-ml\/#breadcrumb","itemListElement":[{"@type":"ListItem","position":1,"name":"Home","item":"https:\/\/kruze.ee\/et\/"},{"@type":"ListItem","position":2,"name":"Tooted","item":"https:\/\/kruze.ee\/et\/tooted\/"},{"@type":"ListItem","position":3,"name":"Avira Alcor RCS taaskasutatud terasest \u00fchekihiline veepudel 600 ml"}]},{"@type":"WebSite","@id":"https:\/\/kruze.ee\/et\/#website","url":"https:\/\/kruze.ee\/et\/","name":"Kruze.ee","description":"Reklaamkingitused, tr&uuml;kiga T-s&auml;rgid, fliisid, dressipluused, tekstiil, joped ja paljud teised logoga meened, &Auml;rikingitused sinu partnerile! Telli juba t&auml;na.","potentialAction":[{"@type":"SearchAction","target":{"@type":"EntryPoint","urlTemplate":"https:\/\/kruze.ee\/et\/?s={search_term_string}"},"query-input":{"@type":"PropertyValueSpecification","valueRequired":true,"valueName":"search_term_string"}}],"inLanguage":"et"}]}},"_links":{"self":[{"href":"https:\/\/kruze.ee\/et\/wp-json\/wp\/v2\/product\/1441778","targetHints":{"allow":["GET"]}}],"collection":[{"href":"https:\/\/kruze.ee\/et\/wp-json\/wp\/v2\/product"}],"about":[{"href":"https:\/\/kruze.ee\/et\/wp-json\/wp\/v2\/types\/product"}],"wp:attachment":[{"href":"https:\/\/kruze.ee\/et\/wp-json\/wp\/v2\/media?parent=1441778"}],"wp:term":[{"taxonomy":"product_brand","embeddable":true,"href":"https:\/\/kruze.ee\/et\/wp-json\/wp\/v2\/product_brand?post=1441778"},{"taxonomy":"product_cat","embeddable":true,"href":"https:\/\/kruze.ee\/et\/wp-json\/wp\/v2\/product_cat?post=1441778"},{"taxonomy":"product_tag","embeddable":true,"href":"https:\/\/kruze.ee\/et\/wp-json\/wp\/v2\/product_tag?post=1441778"}],"curies":[{"name":"wp","href":"https:\/\/api.w.org\/{rel}","templated":true}]}}