{"id":1441762,"date":"2026-01-31T17:49:26","date_gmt":"2026-01-31T14:49:26","guid":{"rendered":"https:\/\/kruze.ee\/product\/d-collection-sipnlock-rcs-taaskasutatud-rpet-materjalist-lekkekindel-spordi-veepudel-800-ml\/"},"modified":"2026-03-17T00:54:00","modified_gmt":"2026-03-16T21:54:00","slug":"d-collection-sipnlock-rcs-taaskasutatud-rpet-materjalist-lekkekindel-spordi-veepudel-800-ml","status":"publish","type":"product","link":"https:\/\/kruze.ee\/et\/toode\/d-collection-sipnlock-rcs-taaskasutatud-rpet-materjalist-lekkekindel-spordi-veepudel-800-ml\/","title":{"rendered":"D Collection SipnLock RCS taaskasutatud RPET-materjalist lekkekindel spordi veepudel 800 ml"},"content":{"rendered":"<p>P\u00fcsi liikvel olles h\u00fcdreerituna SipnLocki abil \u2013 see on ideaalne spordiveepudel \u00fche k\u00e4ega kasutamiseks. Lihtsa vajutusega avaneb kaas ja paljastab sisseehitatud joogik\u00f5rre mugavaks joomiseks. Turvaline lukustus hoiab kaane kindlalt suletuna ka kotis ning kandmisrihm lisab kasutusmugavust teel olles. Valmistatud 55% ulatuses RCS-sertifitseeritud taaskasutatud PET-materjalist \u2013 nutikas ja j\u00e4tkusuutlik valik aktiivsele eluviisile.<\/p>\n","protected":false},"excerpt":{"rendered":"<p>P\u00fcsi liikvel olles h\u00fcdreerituna SipnLocki abil \u2013 see on ideaalne spordiveepudel \u00fche k\u00e4ega kasutamiseks. Lihtsa vajutusega avaneb kaas ja paljastab&#8230;<\/p>\n","protected":false},"featured_media":0,"template":"","meta":[],"product_brand":[],"product_cat":[5419],"product_tag":[],"class_list":{"0":"post-1441762","1":"product","2":"type-product","3":"status-publish","5":"product_cat-joogipudelid","6":"pa_brand-xd-collection","7":"pa_color-black-2","8":"pa_color-roheline","9":"pa_color-tumesinine","10":"pa_color-valge","11":"pa_gender-uniseks","12":"pa_gender-unisex","15":"pa_material-rpetpolypropylene","17":"first","18":"instock","19":"taxable","20":"shipping-taxable","21":"purchasable","22":"product-type-variable"},"acf":[],"yoast_head":"<!-- This site is optimized with the Yoast SEO plugin v26.0 - https:\/\/yoast.com\/wordpress\/plugins\/seo\/ -->\n<title>D Collection SipnLock RCS taaskasutatud RPET-materjalist lekkekindel spordi veepudel 800 ml - Kruze.ee<\/title>\n<meta name=\"robots\" content=\"index, follow, max-snippet:-1, max-image-preview:large, max-video-preview:-1\" \/>\n<link rel=\"canonical\" href=\"https:\/\/kruze.ee\/et\/toode\/d-collection-sipnlock-rcs-taaskasutatud-rpet-materjalist-lekkekindel-spordi-veepudel-800-ml\/\" \/>\n<meta property=\"og:locale\" content=\"et_EE\" \/>\n<meta property=\"og:type\" content=\"article\" \/>\n<meta property=\"og:title\" content=\"D Collection SipnLock RCS taaskasutatud RPET-materjalist lekkekindel spordi veepudel 800 ml - Kruze.ee\" \/>\n<meta property=\"og:description\" content=\"P\u00fcsi liikvel olles h\u00fcdreerituna SipnLocki abil \u2013 see on ideaalne spordiveepudel \u00fche k\u00e4ega kasutamiseks. Lihtsa vajutusega avaneb kaas ja paljastab...\" \/>\n<meta property=\"og:url\" content=\"https:\/\/kruze.ee\/et\/toode\/d-collection-sipnlock-rcs-taaskasutatud-rpet-materjalist-lekkekindel-spordi-veepudel-800-ml\/\" \/>\n<meta property=\"og:site_name\" content=\"Kruze.ee\" \/>\n<meta property=\"article:modified_time\" content=\"2026-03-16T21:54:00+00:00\" \/>\n<meta name=\"twitter:card\" content=\"summary_large_image\" \/>\n<script type=\"application\/ld+json\" class=\"yoast-schema-graph\">{\"@context\":\"https:\/\/schema.org\",\"@graph\":[{\"@type\":\"WebPage\",\"@id\":\"https:\/\/kruze.ee\/et\/toode\/d-collection-sipnlock-rcs-taaskasutatud-rpet-materjalist-lekkekindel-spordi-veepudel-800-ml\/\",\"url\":\"https:\/\/kruze.ee\/et\/toode\/d-collection-sipnlock-rcs-taaskasutatud-rpet-materjalist-lekkekindel-spordi-veepudel-800-ml\/\",\"name\":\"D Collection SipnLock RCS taaskasutatud RPET-materjalist lekkekindel spordi veepudel 800 ml - Kruze.ee\",\"isPartOf\":{\"@id\":\"https:\/\/kruze.ee\/et\/#website\"},\"datePublished\":\"2026-01-31T14:49:26+00:00\",\"dateModified\":\"2026-03-16T21:54:00+00:00\",\"breadcrumb\":{\"@id\":\"https:\/\/kruze.ee\/et\/toode\/d-collection-sipnlock-rcs-taaskasutatud-rpet-materjalist-lekkekindel-spordi-veepudel-800-ml\/#breadcrumb\"},\"inLanguage\":\"et\",\"potentialAction\":[{\"@type\":\"ReadAction\",\"target\":[\"https:\/\/kruze.ee\/et\/toode\/d-collection-sipnlock-rcs-taaskasutatud-rpet-materjalist-lekkekindel-spordi-veepudel-800-ml\/\"]}]},{\"@type\":\"BreadcrumbList\",\"@id\":\"https:\/\/kruze.ee\/et\/toode\/d-collection-sipnlock-rcs-taaskasutatud-rpet-materjalist-lekkekindel-spordi-veepudel-800-ml\/#breadcrumb\",\"itemListElement\":[{\"@type\":\"ListItem\",\"position\":1,\"name\":\"Home\",\"item\":\"https:\/\/kruze.ee\/et\/\"},{\"@type\":\"ListItem\",\"position\":2,\"name\":\"Tooted\",\"item\":\"https:\/\/kruze.ee\/et\/tooted\/\"},{\"@type\":\"ListItem\",\"position\":3,\"name\":\"D Collection SipnLock RCS taaskasutatud RPET-materjalist lekkekindel spordi veepudel 800 ml\"}]},{\"@type\":\"WebSite\",\"@id\":\"https:\/\/kruze.ee\/et\/#website\",\"url\":\"https:\/\/kruze.ee\/et\/\",\"name\":\"Kruze.ee\",\"description\":\"Reklaamkingitused, tr&uuml;kiga T-s&auml;rgid, fliisid, dressipluused, tekstiil, joped ja paljud teised logoga meened, &Auml;rikingitused sinu partnerile! Telli juba t&auml;na.\",\"potentialAction\":[{\"@type\":\"SearchAction\",\"target\":{\"@type\":\"EntryPoint\",\"urlTemplate\":\"https:\/\/kruze.ee\/et\/?s={search_term_string}\"},\"query-input\":{\"@type\":\"PropertyValueSpecification\",\"valueRequired\":true,\"valueName\":\"search_term_string\"}}],\"inLanguage\":\"et\"}]}<\/script>\n<!-- \/ Yoast SEO plugin. -->","yoast_head_json":{"title":"D Collection SipnLock RCS taaskasutatud RPET-materjalist lekkekindel spordi veepudel 800 ml - Kruze.ee","robots":{"index":"index","follow":"follow","max-snippet":"max-snippet:-1","max-image-preview":"max-image-preview:large","max-video-preview":"max-video-preview:-1"},"canonical":"https:\/\/kruze.ee\/et\/toode\/d-collection-sipnlock-rcs-taaskasutatud-rpet-materjalist-lekkekindel-spordi-veepudel-800-ml\/","og_locale":"et_EE","og_type":"article","og_title":"D Collection SipnLock RCS taaskasutatud RPET-materjalist lekkekindel spordi veepudel 800 ml - Kruze.ee","og_description":"P\u00fcsi liikvel olles h\u00fcdreerituna SipnLocki abil \u2013 see on ideaalne spordiveepudel \u00fche k\u00e4ega kasutamiseks. Lihtsa vajutusega avaneb kaas ja paljastab...","og_url":"https:\/\/kruze.ee\/et\/toode\/d-collection-sipnlock-rcs-taaskasutatud-rpet-materjalist-lekkekindel-spordi-veepudel-800-ml\/","og_site_name":"Kruze.ee","article_modified_time":"2026-03-16T21:54:00+00:00","twitter_card":"summary_large_image","schema":{"@context":"https:\/\/schema.org","@graph":[{"@type":"WebPage","@id":"https:\/\/kruze.ee\/et\/toode\/d-collection-sipnlock-rcs-taaskasutatud-rpet-materjalist-lekkekindel-spordi-veepudel-800-ml\/","url":"https:\/\/kruze.ee\/et\/toode\/d-collection-sipnlock-rcs-taaskasutatud-rpet-materjalist-lekkekindel-spordi-veepudel-800-ml\/","name":"D Collection SipnLock RCS taaskasutatud RPET-materjalist lekkekindel spordi veepudel 800 ml - Kruze.ee","isPartOf":{"@id":"https:\/\/kruze.ee\/et\/#website"},"datePublished":"2026-01-31T14:49:26+00:00","dateModified":"2026-03-16T21:54:00+00:00","breadcrumb":{"@id":"https:\/\/kruze.ee\/et\/toode\/d-collection-sipnlock-rcs-taaskasutatud-rpet-materjalist-lekkekindel-spordi-veepudel-800-ml\/#breadcrumb"},"inLanguage":"et","potentialAction":[{"@type":"ReadAction","target":["https:\/\/kruze.ee\/et\/toode\/d-collection-sipnlock-rcs-taaskasutatud-rpet-materjalist-lekkekindel-spordi-veepudel-800-ml\/"]}]},{"@type":"BreadcrumbList","@id":"https:\/\/kruze.ee\/et\/toode\/d-collection-sipnlock-rcs-taaskasutatud-rpet-materjalist-lekkekindel-spordi-veepudel-800-ml\/#breadcrumb","itemListElement":[{"@type":"ListItem","position":1,"name":"Home","item":"https:\/\/kruze.ee\/et\/"},{"@type":"ListItem","position":2,"name":"Tooted","item":"https:\/\/kruze.ee\/et\/tooted\/"},{"@type":"ListItem","position":3,"name":"D Collection SipnLock RCS taaskasutatud RPET-materjalist lekkekindel spordi veepudel 800 ml"}]},{"@type":"WebSite","@id":"https:\/\/kruze.ee\/et\/#website","url":"https:\/\/kruze.ee\/et\/","name":"Kruze.ee","description":"Reklaamkingitused, tr&uuml;kiga T-s&auml;rgid, fliisid, dressipluused, tekstiil, joped ja paljud teised logoga meened, &Auml;rikingitused sinu partnerile! Telli juba t&auml;na.","potentialAction":[{"@type":"SearchAction","target":{"@type":"EntryPoint","urlTemplate":"https:\/\/kruze.ee\/et\/?s={search_term_string}"},"query-input":{"@type":"PropertyValueSpecification","valueRequired":true,"valueName":"search_term_string"}}],"inLanguage":"et"}]}},"_links":{"self":[{"href":"https:\/\/kruze.ee\/et\/wp-json\/wp\/v2\/product\/1441762","targetHints":{"allow":["GET"]}}],"collection":[{"href":"https:\/\/kruze.ee\/et\/wp-json\/wp\/v2\/product"}],"about":[{"href":"https:\/\/kruze.ee\/et\/wp-json\/wp\/v2\/types\/product"}],"wp:attachment":[{"href":"https:\/\/kruze.ee\/et\/wp-json\/wp\/v2\/media?parent=1441762"}],"wp:term":[{"taxonomy":"product_brand","embeddable":true,"href":"https:\/\/kruze.ee\/et\/wp-json\/wp\/v2\/product_brand?post=1441762"},{"taxonomy":"product_cat","embeddable":true,"href":"https:\/\/kruze.ee\/et\/wp-json\/wp\/v2\/product_cat?post=1441762"},{"taxonomy":"product_tag","embeddable":true,"href":"https:\/\/kruze.ee\/et\/wp-json\/wp\/v2\/product_tag?post=1441762"}],"curies":[{"name":"wp","href":"https:\/\/api.w.org\/{rel}","templated":true}]}}