{"id":1441756,"date":"2026-01-31T17:49:22","date_gmt":"2026-01-31T14:49:22","guid":{"rendered":"https:\/\/kruze.ee\/product\/xd-collection-omni-sip-rcs-taaskasutatud-rpet-materjalist-veepudel-800-ml\/"},"modified":"2026-03-17T00:53:43","modified_gmt":"2026-03-16T21:53:43","slug":"xd-collection-omni-sip-rcs-taaskasutatud-rpet-materjalist-veepudel-800-ml","status":"publish","type":"product","link":"https:\/\/kruze.ee\/et\/toode\/xd-collection-omni-sip-rcs-taaskasutatud-rpet-materjalist-veepudel-800-ml\/","title":{"rendered":"XD Collection Omni Sip RCS taaskasutatud RPET-materjalist veepudel 800 ml"},"content":{"rendered":"<p>Tutvustame Omni Sip kerget RPET-veepudelit. Sa v\u00e4\u00e4rid paindlikkust oma igap\u00e4evases veetarbimises \u2013 just selleks on loodud Omni Sip. See nutikas veepudel v\u00f5imaldab valida, kuidas juua: kasuta sisseehitatud joogik\u00f5rt pudelit p\u00fcstises asendis hoides v\u00f5i kalluta pudelit ja joo laia avaga suudmest. Alati valmis kasutamiseks \u2013 vajuta nuppu, et kaas avaneks, ja vajuta see tagasi alla, et pudel kindlalt sulgeda ning hoida eemal mustus ja mikroobid. Mahutavus 800 ml, valmistatud RCS-sertifitseeritud taaskasutatud PET-materjalist. Omni Sip on t\u00e4ielikult lekkekindel. Pakendatud FSC-sertifitseeritud kinkekarpi. Taaskasutatud materjali osakaal on 47% toote kogukaalust.<\/p>\n","protected":false},"excerpt":{"rendered":"<p>Tutvustame Omni Sip kerget RPET-veepudelit. Sa v\u00e4\u00e4rid paindlikkust oma igap\u00e4evases veetarbimises \u2013 just selleks on loodud Omni Sip. See nutikas veepudel&#8230;<\/p>\n","protected":false},"featured_media":0,"template":"","meta":[],"product_brand":[],"product_cat":[5419],"product_tag":[],"class_list":{"0":"post-1441756","1":"product","2":"type-product","3":"status-publish","5":"product_cat-joogipudelid","6":"pa_brand-xd-collection","7":"pa_color-black-2","8":"pa_color-blue-2","9":"pa_color-valge","10":"pa_gender-uniseks","11":"pa_gender-unisex","14":"pa_material-rpetpolypropylene","16":"first","17":"instock","18":"taxable","19":"shipping-taxable","20":"purchasable","21":"product-type-variable"},"acf":[],"yoast_head":"<!-- This site is optimized with the Yoast SEO plugin v26.0 - https:\/\/yoast.com\/wordpress\/plugins\/seo\/ -->\n<title>XD Collection Omni Sip RCS taaskasutatud RPET-materjalist veepudel 800 ml - Kruze.ee<\/title>\n<meta name=\"robots\" content=\"index, follow, max-snippet:-1, max-image-preview:large, max-video-preview:-1\" \/>\n<link rel=\"canonical\" href=\"https:\/\/kruze.ee\/et\/toode\/xd-collection-omni-sip-rcs-taaskasutatud-rpet-materjalist-veepudel-800-ml\/\" \/>\n<meta property=\"og:locale\" content=\"et_EE\" \/>\n<meta property=\"og:type\" content=\"article\" \/>\n<meta property=\"og:title\" content=\"XD Collection Omni Sip RCS taaskasutatud RPET-materjalist veepudel 800 ml - Kruze.ee\" \/>\n<meta property=\"og:description\" content=\"Tutvustame Omni Sip kerget RPET-veepudelit. Sa v\u00e4\u00e4rid paindlikkust oma igap\u00e4evases veetarbimises \u2013 just selleks on loodud Omni Sip. See nutikas veepudel...\" \/>\n<meta property=\"og:url\" content=\"https:\/\/kruze.ee\/et\/toode\/xd-collection-omni-sip-rcs-taaskasutatud-rpet-materjalist-veepudel-800-ml\/\" \/>\n<meta property=\"og:site_name\" content=\"Kruze.ee\" \/>\n<meta property=\"article:modified_time\" content=\"2026-03-16T21:53:43+00:00\" \/>\n<meta name=\"twitter:card\" content=\"summary_large_image\" \/>\n<script type=\"application\/ld+json\" class=\"yoast-schema-graph\">{\"@context\":\"https:\/\/schema.org\",\"@graph\":[{\"@type\":\"WebPage\",\"@id\":\"https:\/\/kruze.ee\/et\/toode\/xd-collection-omni-sip-rcs-taaskasutatud-rpet-materjalist-veepudel-800-ml\/\",\"url\":\"https:\/\/kruze.ee\/et\/toode\/xd-collection-omni-sip-rcs-taaskasutatud-rpet-materjalist-veepudel-800-ml\/\",\"name\":\"XD Collection Omni Sip RCS taaskasutatud RPET-materjalist veepudel 800 ml - Kruze.ee\",\"isPartOf\":{\"@id\":\"https:\/\/kruze.ee\/et\/#website\"},\"datePublished\":\"2026-01-31T14:49:22+00:00\",\"dateModified\":\"2026-03-16T21:53:43+00:00\",\"breadcrumb\":{\"@id\":\"https:\/\/kruze.ee\/et\/toode\/xd-collection-omni-sip-rcs-taaskasutatud-rpet-materjalist-veepudel-800-ml\/#breadcrumb\"},\"inLanguage\":\"et\",\"potentialAction\":[{\"@type\":\"ReadAction\",\"target\":[\"https:\/\/kruze.ee\/et\/toode\/xd-collection-omni-sip-rcs-taaskasutatud-rpet-materjalist-veepudel-800-ml\/\"]}]},{\"@type\":\"BreadcrumbList\",\"@id\":\"https:\/\/kruze.ee\/et\/toode\/xd-collection-omni-sip-rcs-taaskasutatud-rpet-materjalist-veepudel-800-ml\/#breadcrumb\",\"itemListElement\":[{\"@type\":\"ListItem\",\"position\":1,\"name\":\"Home\",\"item\":\"https:\/\/kruze.ee\/et\/\"},{\"@type\":\"ListItem\",\"position\":2,\"name\":\"Tooted\",\"item\":\"https:\/\/kruze.ee\/et\/tooted\/\"},{\"@type\":\"ListItem\",\"position\":3,\"name\":\"XD Collection Omni Sip RCS taaskasutatud RPET-materjalist veepudel 800 ml\"}]},{\"@type\":\"WebSite\",\"@id\":\"https:\/\/kruze.ee\/et\/#website\",\"url\":\"https:\/\/kruze.ee\/et\/\",\"name\":\"Kruze.ee\",\"description\":\"Reklaamkingitused, tr&uuml;kiga T-s&auml;rgid, fliisid, dressipluused, tekstiil, joped ja paljud teised logoga meened, &Auml;rikingitused sinu partnerile! Telli juba t&auml;na.\",\"potentialAction\":[{\"@type\":\"SearchAction\",\"target\":{\"@type\":\"EntryPoint\",\"urlTemplate\":\"https:\/\/kruze.ee\/et\/?s={search_term_string}\"},\"query-input\":{\"@type\":\"PropertyValueSpecification\",\"valueRequired\":true,\"valueName\":\"search_term_string\"}}],\"inLanguage\":\"et\"}]}<\/script>\n<!-- \/ Yoast SEO plugin. -->","yoast_head_json":{"title":"XD Collection Omni Sip RCS taaskasutatud RPET-materjalist veepudel 800 ml - Kruze.ee","robots":{"index":"index","follow":"follow","max-snippet":"max-snippet:-1","max-image-preview":"max-image-preview:large","max-video-preview":"max-video-preview:-1"},"canonical":"https:\/\/kruze.ee\/et\/toode\/xd-collection-omni-sip-rcs-taaskasutatud-rpet-materjalist-veepudel-800-ml\/","og_locale":"et_EE","og_type":"article","og_title":"XD Collection Omni Sip RCS taaskasutatud RPET-materjalist veepudel 800 ml - Kruze.ee","og_description":"Tutvustame Omni Sip kerget RPET-veepudelit. Sa v\u00e4\u00e4rid paindlikkust oma igap\u00e4evases veetarbimises \u2013 just selleks on loodud Omni Sip. See nutikas veepudel...","og_url":"https:\/\/kruze.ee\/et\/toode\/xd-collection-omni-sip-rcs-taaskasutatud-rpet-materjalist-veepudel-800-ml\/","og_site_name":"Kruze.ee","article_modified_time":"2026-03-16T21:53:43+00:00","twitter_card":"summary_large_image","schema":{"@context":"https:\/\/schema.org","@graph":[{"@type":"WebPage","@id":"https:\/\/kruze.ee\/et\/toode\/xd-collection-omni-sip-rcs-taaskasutatud-rpet-materjalist-veepudel-800-ml\/","url":"https:\/\/kruze.ee\/et\/toode\/xd-collection-omni-sip-rcs-taaskasutatud-rpet-materjalist-veepudel-800-ml\/","name":"XD Collection Omni Sip RCS taaskasutatud RPET-materjalist veepudel 800 ml - Kruze.ee","isPartOf":{"@id":"https:\/\/kruze.ee\/et\/#website"},"datePublished":"2026-01-31T14:49:22+00:00","dateModified":"2026-03-16T21:53:43+00:00","breadcrumb":{"@id":"https:\/\/kruze.ee\/et\/toode\/xd-collection-omni-sip-rcs-taaskasutatud-rpet-materjalist-veepudel-800-ml\/#breadcrumb"},"inLanguage":"et","potentialAction":[{"@type":"ReadAction","target":["https:\/\/kruze.ee\/et\/toode\/xd-collection-omni-sip-rcs-taaskasutatud-rpet-materjalist-veepudel-800-ml\/"]}]},{"@type":"BreadcrumbList","@id":"https:\/\/kruze.ee\/et\/toode\/xd-collection-omni-sip-rcs-taaskasutatud-rpet-materjalist-veepudel-800-ml\/#breadcrumb","itemListElement":[{"@type":"ListItem","position":1,"name":"Home","item":"https:\/\/kruze.ee\/et\/"},{"@type":"ListItem","position":2,"name":"Tooted","item":"https:\/\/kruze.ee\/et\/tooted\/"},{"@type":"ListItem","position":3,"name":"XD Collection Omni Sip RCS taaskasutatud RPET-materjalist veepudel 800 ml"}]},{"@type":"WebSite","@id":"https:\/\/kruze.ee\/et\/#website","url":"https:\/\/kruze.ee\/et\/","name":"Kruze.ee","description":"Reklaamkingitused, tr&uuml;kiga T-s&auml;rgid, fliisid, dressipluused, tekstiil, joped ja paljud teised logoga meened, &Auml;rikingitused sinu partnerile! Telli juba t&auml;na.","potentialAction":[{"@type":"SearchAction","target":{"@type":"EntryPoint","urlTemplate":"https:\/\/kruze.ee\/et\/?s={search_term_string}"},"query-input":{"@type":"PropertyValueSpecification","valueRequired":true,"valueName":"search_term_string"}}],"inLanguage":"et"}]}},"_links":{"self":[{"href":"https:\/\/kruze.ee\/et\/wp-json\/wp\/v2\/product\/1441756","targetHints":{"allow":["GET"]}}],"collection":[{"href":"https:\/\/kruze.ee\/et\/wp-json\/wp\/v2\/product"}],"about":[{"href":"https:\/\/kruze.ee\/et\/wp-json\/wp\/v2\/types\/product"}],"wp:attachment":[{"href":"https:\/\/kruze.ee\/et\/wp-json\/wp\/v2\/media?parent=1441756"}],"wp:term":[{"taxonomy":"product_brand","embeddable":true,"href":"https:\/\/kruze.ee\/et\/wp-json\/wp\/v2\/product_brand?post=1441756"},{"taxonomy":"product_cat","embeddable":true,"href":"https:\/\/kruze.ee\/et\/wp-json\/wp\/v2\/product_cat?post=1441756"},{"taxonomy":"product_tag","embeddable":true,"href":"https:\/\/kruze.ee\/et\/wp-json\/wp\/v2\/product_tag?post=1441756"}],"curies":[{"name":"wp","href":"https:\/\/api.w.org\/{rel}","templated":true}]}}