{"id":1441696,"date":"2026-01-31T17:48:57","date_gmt":"2026-01-31T14:48:57","guid":{"rendered":"https:\/\/kruze.ee\/product\/xd-collection-impact-rcs-taaskasutatud-pet-materjalist-lekkekindel-veepudel-600-ml\/"},"modified":"2026-03-17T00:53:32","modified_gmt":"2026-03-16T21:53:32","slug":"xd-collection-impact-rcs-taaskasutatud-pet-materjalist-lekkekindel-veepudel-600-ml","status":"publish","type":"product","link":"https:\/\/kruze.ee\/et\/toode\/xd-collection-impact-rcs-taaskasutatud-pet-materjalist-lekkekindel-veepudel-600-ml\/","title":{"rendered":"XD Collection Impact RCS taaskasutatud PET-materjalist lekkekindel veepudel 600 ml"},"content":{"rendered":"<p>V\u00e4henda \u00fchekordsete plastpudelite kasutamist selle taaskasutatud Impact kollektsiooni lekkekindla veepudeliga. V\u00e4rske disaini ja l\u00e4bipaistva korpusega pudel on nii praktiline kui ka visuaalselt kaunis. Kaheosaline korpus teeb puhastamise lihtsaks ning sobib h\u00e4sti ka j\u00e4\u00e4kuubikute lisamiseks. Pudelil on k\u00fcljes rihm mugavaks kaasaskandmiseks. 2% iga m\u00fc\u00fcdud Impact kollektsiooni toote tulust annetatakse Water.org-ile. Ainult k\u00e4sipesu. Sobib ainult k\u00fclmade jookide jaoks. Taaskasutatud materjali osakaal on 96% toote kogukaalust. BPA-vaba. Mahutavus 600 ml. Pakendatud FSC\u00ae-sertifitseeritud kraft kinkepakendisse.<\/p>\n","protected":false},"excerpt":{"rendered":"<p>V\u00e4henda \u00fchekordsete plastpudelite kasutamist selle taaskasutatud Impact kollektsiooni lekkekindla veepudeliga. V\u00e4rske disaini ja l\u00e4bipaistva korpusega pudel on&#8230;<\/p>\n","protected":false},"featured_media":0,"template":"","meta":[],"product_brand":[],"product_cat":[5419],"product_tag":[],"class_list":{"0":"post-1441696","1":"product","2":"type-product","3":"status-publish","5":"product_cat-joogipudelid","6":"pa_brand-xd-collection","7":"pa_color-purple-2","8":"pa_color-black-2","9":"pa_color-punane","10":"pa_color-roheline","11":"pa_color-blue-2","12":"pa_color-tumesinine","13":"pa_color-valge","14":"pa_gender-uniseks","15":"pa_gender-unisex","18":"pa_material-rpetrecycled-polypropylene","20":"first","21":"instock","22":"taxable","23":"shipping-taxable","24":"purchasable","25":"product-type-variable"},"acf":[],"yoast_head":"<!-- This site is optimized with the Yoast SEO plugin v26.0 - https:\/\/yoast.com\/wordpress\/plugins\/seo\/ -->\n<title>XD Collection Impact RCS taaskasutatud PET-materjalist lekkekindel veepudel 600 ml - Kruze.ee<\/title>\n<meta name=\"robots\" content=\"index, follow, max-snippet:-1, max-image-preview:large, max-video-preview:-1\" \/>\n<link rel=\"canonical\" href=\"https:\/\/kruze.ee\/et\/toode\/xd-collection-impact-rcs-taaskasutatud-pet-materjalist-lekkekindel-veepudel-600-ml\/\" \/>\n<meta property=\"og:locale\" content=\"et_EE\" \/>\n<meta property=\"og:type\" content=\"article\" \/>\n<meta property=\"og:title\" content=\"XD Collection Impact RCS taaskasutatud PET-materjalist lekkekindel veepudel 600 ml - Kruze.ee\" \/>\n<meta property=\"og:description\" content=\"V\u00e4henda \u00fchekordsete plastpudelite kasutamist selle taaskasutatud Impact kollektsiooni lekkekindla veepudeliga. V\u00e4rske disaini ja l\u00e4bipaistva korpusega pudel on...\" \/>\n<meta property=\"og:url\" content=\"https:\/\/kruze.ee\/et\/toode\/xd-collection-impact-rcs-taaskasutatud-pet-materjalist-lekkekindel-veepudel-600-ml\/\" \/>\n<meta property=\"og:site_name\" content=\"Kruze.ee\" \/>\n<meta property=\"article:modified_time\" content=\"2026-03-16T21:53:32+00:00\" \/>\n<meta name=\"twitter:card\" content=\"summary_large_image\" \/>\n<script type=\"application\/ld+json\" class=\"yoast-schema-graph\">{\"@context\":\"https:\/\/schema.org\",\"@graph\":[{\"@type\":\"WebPage\",\"@id\":\"https:\/\/kruze.ee\/et\/toode\/xd-collection-impact-rcs-taaskasutatud-pet-materjalist-lekkekindel-veepudel-600-ml\/\",\"url\":\"https:\/\/kruze.ee\/et\/toode\/xd-collection-impact-rcs-taaskasutatud-pet-materjalist-lekkekindel-veepudel-600-ml\/\",\"name\":\"XD Collection Impact RCS taaskasutatud PET-materjalist lekkekindel veepudel 600 ml - Kruze.ee\",\"isPartOf\":{\"@id\":\"https:\/\/kruze.ee\/et\/#website\"},\"datePublished\":\"2026-01-31T14:48:57+00:00\",\"dateModified\":\"2026-03-16T21:53:32+00:00\",\"breadcrumb\":{\"@id\":\"https:\/\/kruze.ee\/et\/toode\/xd-collection-impact-rcs-taaskasutatud-pet-materjalist-lekkekindel-veepudel-600-ml\/#breadcrumb\"},\"inLanguage\":\"et\",\"potentialAction\":[{\"@type\":\"ReadAction\",\"target\":[\"https:\/\/kruze.ee\/et\/toode\/xd-collection-impact-rcs-taaskasutatud-pet-materjalist-lekkekindel-veepudel-600-ml\/\"]}]},{\"@type\":\"BreadcrumbList\",\"@id\":\"https:\/\/kruze.ee\/et\/toode\/xd-collection-impact-rcs-taaskasutatud-pet-materjalist-lekkekindel-veepudel-600-ml\/#breadcrumb\",\"itemListElement\":[{\"@type\":\"ListItem\",\"position\":1,\"name\":\"Home\",\"item\":\"https:\/\/kruze.ee\/et\/\"},{\"@type\":\"ListItem\",\"position\":2,\"name\":\"Tooted\",\"item\":\"https:\/\/kruze.ee\/et\/tooted\/\"},{\"@type\":\"ListItem\",\"position\":3,\"name\":\"XD Collection Impact RCS taaskasutatud PET-materjalist lekkekindel veepudel 600 ml\"}]},{\"@type\":\"WebSite\",\"@id\":\"https:\/\/kruze.ee\/et\/#website\",\"url\":\"https:\/\/kruze.ee\/et\/\",\"name\":\"Kruze.ee\",\"description\":\"Reklaamkingitused, tr&uuml;kiga T-s&auml;rgid, fliisid, dressipluused, tekstiil, joped ja paljud teised logoga meened, &Auml;rikingitused sinu partnerile! Telli juba t&auml;na.\",\"potentialAction\":[{\"@type\":\"SearchAction\",\"target\":{\"@type\":\"EntryPoint\",\"urlTemplate\":\"https:\/\/kruze.ee\/et\/?s={search_term_string}\"},\"query-input\":{\"@type\":\"PropertyValueSpecification\",\"valueRequired\":true,\"valueName\":\"search_term_string\"}}],\"inLanguage\":\"et\"}]}<\/script>\n<!-- \/ Yoast SEO plugin. -->","yoast_head_json":{"title":"XD Collection Impact RCS taaskasutatud PET-materjalist lekkekindel veepudel 600 ml - Kruze.ee","robots":{"index":"index","follow":"follow","max-snippet":"max-snippet:-1","max-image-preview":"max-image-preview:large","max-video-preview":"max-video-preview:-1"},"canonical":"https:\/\/kruze.ee\/et\/toode\/xd-collection-impact-rcs-taaskasutatud-pet-materjalist-lekkekindel-veepudel-600-ml\/","og_locale":"et_EE","og_type":"article","og_title":"XD Collection Impact RCS taaskasutatud PET-materjalist lekkekindel veepudel 600 ml - Kruze.ee","og_description":"V\u00e4henda \u00fchekordsete plastpudelite kasutamist selle taaskasutatud Impact kollektsiooni lekkekindla veepudeliga. V\u00e4rske disaini ja l\u00e4bipaistva korpusega pudel on...","og_url":"https:\/\/kruze.ee\/et\/toode\/xd-collection-impact-rcs-taaskasutatud-pet-materjalist-lekkekindel-veepudel-600-ml\/","og_site_name":"Kruze.ee","article_modified_time":"2026-03-16T21:53:32+00:00","twitter_card":"summary_large_image","schema":{"@context":"https:\/\/schema.org","@graph":[{"@type":"WebPage","@id":"https:\/\/kruze.ee\/et\/toode\/xd-collection-impact-rcs-taaskasutatud-pet-materjalist-lekkekindel-veepudel-600-ml\/","url":"https:\/\/kruze.ee\/et\/toode\/xd-collection-impact-rcs-taaskasutatud-pet-materjalist-lekkekindel-veepudel-600-ml\/","name":"XD Collection Impact RCS taaskasutatud PET-materjalist lekkekindel veepudel 600 ml - Kruze.ee","isPartOf":{"@id":"https:\/\/kruze.ee\/et\/#website"},"datePublished":"2026-01-31T14:48:57+00:00","dateModified":"2026-03-16T21:53:32+00:00","breadcrumb":{"@id":"https:\/\/kruze.ee\/et\/toode\/xd-collection-impact-rcs-taaskasutatud-pet-materjalist-lekkekindel-veepudel-600-ml\/#breadcrumb"},"inLanguage":"et","potentialAction":[{"@type":"ReadAction","target":["https:\/\/kruze.ee\/et\/toode\/xd-collection-impact-rcs-taaskasutatud-pet-materjalist-lekkekindel-veepudel-600-ml\/"]}]},{"@type":"BreadcrumbList","@id":"https:\/\/kruze.ee\/et\/toode\/xd-collection-impact-rcs-taaskasutatud-pet-materjalist-lekkekindel-veepudel-600-ml\/#breadcrumb","itemListElement":[{"@type":"ListItem","position":1,"name":"Home","item":"https:\/\/kruze.ee\/et\/"},{"@type":"ListItem","position":2,"name":"Tooted","item":"https:\/\/kruze.ee\/et\/tooted\/"},{"@type":"ListItem","position":3,"name":"XD Collection Impact RCS taaskasutatud PET-materjalist lekkekindel veepudel 600 ml"}]},{"@type":"WebSite","@id":"https:\/\/kruze.ee\/et\/#website","url":"https:\/\/kruze.ee\/et\/","name":"Kruze.ee","description":"Reklaamkingitused, tr&uuml;kiga T-s&auml;rgid, fliisid, dressipluused, tekstiil, joped ja paljud teised logoga meened, &Auml;rikingitused sinu partnerile! Telli juba t&auml;na.","potentialAction":[{"@type":"SearchAction","target":{"@type":"EntryPoint","urlTemplate":"https:\/\/kruze.ee\/et\/?s={search_term_string}"},"query-input":{"@type":"PropertyValueSpecification","valueRequired":true,"valueName":"search_term_string"}}],"inLanguage":"et"}]}},"_links":{"self":[{"href":"https:\/\/kruze.ee\/et\/wp-json\/wp\/v2\/product\/1441696","targetHints":{"allow":["GET"]}}],"collection":[{"href":"https:\/\/kruze.ee\/et\/wp-json\/wp\/v2\/product"}],"about":[{"href":"https:\/\/kruze.ee\/et\/wp-json\/wp\/v2\/types\/product"}],"wp:attachment":[{"href":"https:\/\/kruze.ee\/et\/wp-json\/wp\/v2\/media?parent=1441696"}],"wp:term":[{"taxonomy":"product_brand","embeddable":true,"href":"https:\/\/kruze.ee\/et\/wp-json\/wp\/v2\/product_brand?post=1441696"},{"taxonomy":"product_cat","embeddable":true,"href":"https:\/\/kruze.ee\/et\/wp-json\/wp\/v2\/product_cat?post=1441696"},{"taxonomy":"product_tag","embeddable":true,"href":"https:\/\/kruze.ee\/et\/wp-json\/wp\/v2\/product_tag?post=1441696"}],"curies":[{"name":"wp","href":"https:\/\/api.w.org\/{rel}","templated":true}]}}