{"id":1441662,"date":"2026-01-31T17:48:31","date_gmt":"2026-01-31T14:48:31","guid":{"rendered":"https:\/\/kruze.ee\/product\/xd-collection-moodne-vaakumisolatsiooniga-roostevabast-terasest-veepudel\/"},"modified":"2026-03-17T00:53:18","modified_gmt":"2026-03-16T21:53:18","slug":"xd-collection-moodne-vaakumisolatsiooniga-roostevabast-terasest-veepudel","status":"publish","type":"product","link":"https:\/\/kruze.ee\/et\/toode\/xd-collection-moodne-vaakumisolatsiooniga-roostevabast-terasest-veepudel\/","title":{"rendered":"XD Collection moodne vaakumisolatsiooniga roostevabast terasest veepudel"},"content":{"rendered":"<p>Kaunis ja kaasaegne vaakumisolatsiooniga roostevabast terasest veepudel, mis paistab silma oma ainulaadse disainiga ja t\u00e4iendab suurep\u00e4raselt sinu igap\u00e4evaseid tarvikuid. Valmistatud kvaliteetsest roostevabast terasest ning varustatud lekkekindla keeratava kaanega. Hoiab joogi k\u00fclmana kuni 15 tundi v\u00f5i kuumana kuni 5 tundi. BPA-vaba.<\/p>\n","protected":false},"excerpt":{"rendered":"<p>Kaunis ja kaasaegne vaakumisolatsiooniga roostevabast terasest veepudel, mis paistab silma oma ainulaadse disainiga ja t\u00e4iendab suurep\u00e4raselt sinu igap\u00e4evaseid&#8230;<\/p>\n","protected":false},"featured_media":0,"template":"","meta":[],"product_brand":[],"product_cat":[5419],"product_tag":[],"class_list":{"0":"post-1441662","1":"product","2":"type-product","3":"status-publish","5":"product_cat-joogipudelid","6":"pa_gender-uniseks","7":"pa_gender-unisex","11":"first","12":"instock","13":"purchasable","14":"product-type-simple"},"acf":[],"yoast_head":"<!-- This site is optimized with the Yoast SEO plugin v26.0 - https:\/\/yoast.com\/wordpress\/plugins\/seo\/ -->\n<title>XD Collection moodne vaakumisolatsiooniga roostevabast terasest veepudel - Kruze.ee<\/title>\n<meta name=\"robots\" content=\"index, follow, max-snippet:-1, max-image-preview:large, max-video-preview:-1\" \/>\n<link rel=\"canonical\" href=\"https:\/\/kruze.ee\/et\/toode\/xd-collection-moodne-vaakumisolatsiooniga-roostevabast-terasest-veepudel\/\" \/>\n<meta property=\"og:locale\" content=\"et_EE\" \/>\n<meta property=\"og:type\" content=\"article\" \/>\n<meta property=\"og:title\" content=\"XD Collection moodne vaakumisolatsiooniga roostevabast terasest veepudel - Kruze.ee\" \/>\n<meta property=\"og:description\" content=\"Kaunis ja kaasaegne vaakumisolatsiooniga roostevabast terasest veepudel, mis paistab silma oma ainulaadse disainiga ja t\u00e4iendab suurep\u00e4raselt sinu igap\u00e4evaseid...\" \/>\n<meta property=\"og:url\" content=\"https:\/\/kruze.ee\/et\/toode\/xd-collection-moodne-vaakumisolatsiooniga-roostevabast-terasest-veepudel\/\" \/>\n<meta property=\"og:site_name\" content=\"Kruze.ee\" \/>\n<meta property=\"article:modified_time\" content=\"2026-03-16T21:53:18+00:00\" \/>\n<meta name=\"twitter:card\" content=\"summary_large_image\" \/>\n<script type=\"application\/ld+json\" class=\"yoast-schema-graph\">{\"@context\":\"https:\/\/schema.org\",\"@graph\":[{\"@type\":\"WebPage\",\"@id\":\"https:\/\/kruze.ee\/et\/toode\/xd-collection-moodne-vaakumisolatsiooniga-roostevabast-terasest-veepudel\/\",\"url\":\"https:\/\/kruze.ee\/et\/toode\/xd-collection-moodne-vaakumisolatsiooniga-roostevabast-terasest-veepudel\/\",\"name\":\"XD Collection moodne vaakumisolatsiooniga roostevabast terasest veepudel - Kruze.ee\",\"isPartOf\":{\"@id\":\"https:\/\/kruze.ee\/et\/#website\"},\"datePublished\":\"2026-01-31T14:48:31+00:00\",\"dateModified\":\"2026-03-16T21:53:18+00:00\",\"breadcrumb\":{\"@id\":\"https:\/\/kruze.ee\/et\/toode\/xd-collection-moodne-vaakumisolatsiooniga-roostevabast-terasest-veepudel\/#breadcrumb\"},\"inLanguage\":\"et\",\"potentialAction\":[{\"@type\":\"ReadAction\",\"target\":[\"https:\/\/kruze.ee\/et\/toode\/xd-collection-moodne-vaakumisolatsiooniga-roostevabast-terasest-veepudel\/\"]}]},{\"@type\":\"BreadcrumbList\",\"@id\":\"https:\/\/kruze.ee\/et\/toode\/xd-collection-moodne-vaakumisolatsiooniga-roostevabast-terasest-veepudel\/#breadcrumb\",\"itemListElement\":[{\"@type\":\"ListItem\",\"position\":1,\"name\":\"Home\",\"item\":\"https:\/\/kruze.ee\/et\/\"},{\"@type\":\"ListItem\",\"position\":2,\"name\":\"Tooted\",\"item\":\"https:\/\/kruze.ee\/et\/tooted\/\"},{\"@type\":\"ListItem\",\"position\":3,\"name\":\"XD Collection moodne vaakumisolatsiooniga roostevabast terasest veepudel\"}]},{\"@type\":\"WebSite\",\"@id\":\"https:\/\/kruze.ee\/et\/#website\",\"url\":\"https:\/\/kruze.ee\/et\/\",\"name\":\"Kruze.ee\",\"description\":\"Reklaamkingitused, tr&uuml;kiga T-s&auml;rgid, fliisid, dressipluused, tekstiil, joped ja paljud teised logoga meened, &Auml;rikingitused sinu partnerile! Telli juba t&auml;na.\",\"potentialAction\":[{\"@type\":\"SearchAction\",\"target\":{\"@type\":\"EntryPoint\",\"urlTemplate\":\"https:\/\/kruze.ee\/et\/?s={search_term_string}\"},\"query-input\":{\"@type\":\"PropertyValueSpecification\",\"valueRequired\":true,\"valueName\":\"search_term_string\"}}],\"inLanguage\":\"et\"}]}<\/script>\n<!-- \/ Yoast SEO plugin. -->","yoast_head_json":{"title":"XD Collection moodne vaakumisolatsiooniga roostevabast terasest veepudel - Kruze.ee","robots":{"index":"index","follow":"follow","max-snippet":"max-snippet:-1","max-image-preview":"max-image-preview:large","max-video-preview":"max-video-preview:-1"},"canonical":"https:\/\/kruze.ee\/et\/toode\/xd-collection-moodne-vaakumisolatsiooniga-roostevabast-terasest-veepudel\/","og_locale":"et_EE","og_type":"article","og_title":"XD Collection moodne vaakumisolatsiooniga roostevabast terasest veepudel - Kruze.ee","og_description":"Kaunis ja kaasaegne vaakumisolatsiooniga roostevabast terasest veepudel, mis paistab silma oma ainulaadse disainiga ja t\u00e4iendab suurep\u00e4raselt sinu igap\u00e4evaseid...","og_url":"https:\/\/kruze.ee\/et\/toode\/xd-collection-moodne-vaakumisolatsiooniga-roostevabast-terasest-veepudel\/","og_site_name":"Kruze.ee","article_modified_time":"2026-03-16T21:53:18+00:00","twitter_card":"summary_large_image","schema":{"@context":"https:\/\/schema.org","@graph":[{"@type":"WebPage","@id":"https:\/\/kruze.ee\/et\/toode\/xd-collection-moodne-vaakumisolatsiooniga-roostevabast-terasest-veepudel\/","url":"https:\/\/kruze.ee\/et\/toode\/xd-collection-moodne-vaakumisolatsiooniga-roostevabast-terasest-veepudel\/","name":"XD Collection moodne vaakumisolatsiooniga roostevabast terasest veepudel - Kruze.ee","isPartOf":{"@id":"https:\/\/kruze.ee\/et\/#website"},"datePublished":"2026-01-31T14:48:31+00:00","dateModified":"2026-03-16T21:53:18+00:00","breadcrumb":{"@id":"https:\/\/kruze.ee\/et\/toode\/xd-collection-moodne-vaakumisolatsiooniga-roostevabast-terasest-veepudel\/#breadcrumb"},"inLanguage":"et","potentialAction":[{"@type":"ReadAction","target":["https:\/\/kruze.ee\/et\/toode\/xd-collection-moodne-vaakumisolatsiooniga-roostevabast-terasest-veepudel\/"]}]},{"@type":"BreadcrumbList","@id":"https:\/\/kruze.ee\/et\/toode\/xd-collection-moodne-vaakumisolatsiooniga-roostevabast-terasest-veepudel\/#breadcrumb","itemListElement":[{"@type":"ListItem","position":1,"name":"Home","item":"https:\/\/kruze.ee\/et\/"},{"@type":"ListItem","position":2,"name":"Tooted","item":"https:\/\/kruze.ee\/et\/tooted\/"},{"@type":"ListItem","position":3,"name":"XD Collection moodne vaakumisolatsiooniga roostevabast terasest veepudel"}]},{"@type":"WebSite","@id":"https:\/\/kruze.ee\/et\/#website","url":"https:\/\/kruze.ee\/et\/","name":"Kruze.ee","description":"Reklaamkingitused, tr&uuml;kiga T-s&auml;rgid, fliisid, dressipluused, tekstiil, joped ja paljud teised logoga meened, &Auml;rikingitused sinu partnerile! Telli juba t&auml;na.","potentialAction":[{"@type":"SearchAction","target":{"@type":"EntryPoint","urlTemplate":"https:\/\/kruze.ee\/et\/?s={search_term_string}"},"query-input":{"@type":"PropertyValueSpecification","valueRequired":true,"valueName":"search_term_string"}}],"inLanguage":"et"}]}},"_links":{"self":[{"href":"https:\/\/kruze.ee\/et\/wp-json\/wp\/v2\/product\/1441662","targetHints":{"allow":["GET"]}}],"collection":[{"href":"https:\/\/kruze.ee\/et\/wp-json\/wp\/v2\/product"}],"about":[{"href":"https:\/\/kruze.ee\/et\/wp-json\/wp\/v2\/types\/product"}],"wp:attachment":[{"href":"https:\/\/kruze.ee\/et\/wp-json\/wp\/v2\/media?parent=1441662"}],"wp:term":[{"taxonomy":"product_brand","embeddable":true,"href":"https:\/\/kruze.ee\/et\/wp-json\/wp\/v2\/product_brand?post=1441662"},{"taxonomy":"product_cat","embeddable":true,"href":"https:\/\/kruze.ee\/et\/wp-json\/wp\/v2\/product_cat?post=1441662"},{"taxonomy":"product_tag","embeddable":true,"href":"https:\/\/kruze.ee\/et\/wp-json\/wp\/v2\/product_tag?post=1441662"}],"curies":[{"name":"wp","href":"https:\/\/api.w.org\/{rel}","templated":true}]}}