{"id":1441656,"date":"2026-01-31T17:16:39","date_gmt":"2026-01-31T14:16:39","guid":{"rendered":"https:\/\/kruze.ee\/product\/armond-aware-rpet-armond-aware-rpet-tualetitarvete-kotttualettkott\/"},"modified":"2026-03-17T01:07:42","modified_gmt":"2026-03-16T22:07:42","slug":"armond-aware-rpet-armond-aware-rpet-tualetitarvete-kotttualettkott","status":"publish","type":"product","link":"https:\/\/kruze.ee\/et\/toode\/armond-aware-rpet-armond-aware-rpet-tualetitarvete-kotttualettkott\/","title":{"rendered":"Armond AWARE\u2122 RPET Armond AWARE\u2122 RPET tualetitarvete kotttualettkott"},"content":{"rendered":"<p>Hoia oma tualetitarbed reisil olles stiilselt ja korrastatult. Mahukas p\u00f5hisahtel pakub rohkelt ruumi k\u00f5igile vajalikele hooldusvahenditele ning eesmine lukuga tasku lisaruumi v\u00e4iksemate esemete jaoks. Varustatud AWARE\u2122 tracer\u2019iga, mis kinnitab taaskasutatud materjalide ehtsat kasutust. 2% iga m\u00fc\u00fcdud AWARE\u2122 toote tulust annetatakse Water.org-ile. PVC-vaba.<\/p>\n","protected":false},"excerpt":{"rendered":"<p>Hoia oma tualetitarbed reisil olles stiilselt ja korrastatult. Mahukas p\u00f5hisahtel pakub rohkelt ruumi k\u00f5igile vajalikele hooldusvahenditele ning eesmine lukuga&#8230;<\/p>\n","protected":false},"featured_media":0,"template":"","meta":[],"product_brand":[],"product_cat":[5395],"product_tag":[],"class_list":{"0":"post-1441656","1":"product","2":"type-product","3":"status-publish","5":"product_cat-tualett-tarvete-kotid","6":"pa_brand-xd-xclusive-2","7":"pa_color-beez","8":"pa_color-black-2","9":"pa_color-blue-2","10":"pa_gender-uniseks","11":"pa_gender-unisex","14":"pa_material-rpetrpet","16":"first","17":"instock","18":"taxable","19":"shipping-taxable","20":"purchasable","21":"product-type-variable"},"acf":[],"yoast_head":"<!-- This site is optimized with the Yoast SEO plugin v26.0 - https:\/\/yoast.com\/wordpress\/plugins\/seo\/ -->\n<title>Armond AWARE\u2122 RPET Armond AWARE\u2122 RPET tualetitarvete kotttualettkott - Kruze.ee<\/title>\n<meta name=\"robots\" content=\"index, follow, max-snippet:-1, max-image-preview:large, max-video-preview:-1\" \/>\n<link rel=\"canonical\" href=\"https:\/\/kruze.ee\/et\/toode\/armond-aware-rpet-armond-aware-rpet-tualetitarvete-kotttualettkott\/\" \/>\n<meta property=\"og:locale\" content=\"et_EE\" \/>\n<meta property=\"og:type\" content=\"article\" \/>\n<meta property=\"og:title\" content=\"Armond AWARE\u2122 RPET Armond AWARE\u2122 RPET tualetitarvete kotttualettkott - Kruze.ee\" \/>\n<meta property=\"og:description\" content=\"Hoia oma tualetitarbed reisil olles stiilselt ja korrastatult. Mahukas p\u00f5hisahtel pakub rohkelt ruumi k\u00f5igile vajalikele hooldusvahenditele ning eesmine lukuga...\" \/>\n<meta property=\"og:url\" content=\"https:\/\/kruze.ee\/et\/toode\/armond-aware-rpet-armond-aware-rpet-tualetitarvete-kotttualettkott\/\" \/>\n<meta property=\"og:site_name\" content=\"Kruze.ee\" \/>\n<meta property=\"article:modified_time\" content=\"2026-03-16T22:07:42+00:00\" \/>\n<meta name=\"twitter:card\" content=\"summary_large_image\" \/>\n<script type=\"application\/ld+json\" class=\"yoast-schema-graph\">{\"@context\":\"https:\/\/schema.org\",\"@graph\":[{\"@type\":\"WebPage\",\"@id\":\"https:\/\/kruze.ee\/et\/toode\/armond-aware-rpet-armond-aware-rpet-tualetitarvete-kotttualettkott\/\",\"url\":\"https:\/\/kruze.ee\/et\/toode\/armond-aware-rpet-armond-aware-rpet-tualetitarvete-kotttualettkott\/\",\"name\":\"Armond AWARE\u2122 RPET Armond AWARE\u2122 RPET tualetitarvete kotttualettkott - Kruze.ee\",\"isPartOf\":{\"@id\":\"https:\/\/kruze.ee\/et\/#website\"},\"datePublished\":\"2026-01-31T14:16:39+00:00\",\"dateModified\":\"2026-03-16T22:07:42+00:00\",\"breadcrumb\":{\"@id\":\"https:\/\/kruze.ee\/et\/toode\/armond-aware-rpet-armond-aware-rpet-tualetitarvete-kotttualettkott\/#breadcrumb\"},\"inLanguage\":\"et\",\"potentialAction\":[{\"@type\":\"ReadAction\",\"target\":[\"https:\/\/kruze.ee\/et\/toode\/armond-aware-rpet-armond-aware-rpet-tualetitarvete-kotttualettkott\/\"]}]},{\"@type\":\"BreadcrumbList\",\"@id\":\"https:\/\/kruze.ee\/et\/toode\/armond-aware-rpet-armond-aware-rpet-tualetitarvete-kotttualettkott\/#breadcrumb\",\"itemListElement\":[{\"@type\":\"ListItem\",\"position\":1,\"name\":\"Home\",\"item\":\"https:\/\/kruze.ee\/et\/\"},{\"@type\":\"ListItem\",\"position\":2,\"name\":\"Tooted\",\"item\":\"https:\/\/kruze.ee\/et\/tooted\/\"},{\"@type\":\"ListItem\",\"position\":3,\"name\":\"Armond AWARE\u2122 RPET Armond AWARE\u2122 RPET tualetitarvete kotttualettkott\"}]},{\"@type\":\"WebSite\",\"@id\":\"https:\/\/kruze.ee\/et\/#website\",\"url\":\"https:\/\/kruze.ee\/et\/\",\"name\":\"Kruze.ee\",\"description\":\"Reklaamkingitused, tr&uuml;kiga T-s&auml;rgid, fliisid, dressipluused, tekstiil, joped ja paljud teised logoga meened, &Auml;rikingitused sinu partnerile! Telli juba t&auml;na.\",\"potentialAction\":[{\"@type\":\"SearchAction\",\"target\":{\"@type\":\"EntryPoint\",\"urlTemplate\":\"https:\/\/kruze.ee\/et\/?s={search_term_string}\"},\"query-input\":{\"@type\":\"PropertyValueSpecification\",\"valueRequired\":true,\"valueName\":\"search_term_string\"}}],\"inLanguage\":\"et\"}]}<\/script>\n<!-- \/ Yoast SEO plugin. -->","yoast_head_json":{"title":"Armond AWARE\u2122 RPET Armond AWARE\u2122 RPET tualetitarvete kotttualettkott - Kruze.ee","robots":{"index":"index","follow":"follow","max-snippet":"max-snippet:-1","max-image-preview":"max-image-preview:large","max-video-preview":"max-video-preview:-1"},"canonical":"https:\/\/kruze.ee\/et\/toode\/armond-aware-rpet-armond-aware-rpet-tualetitarvete-kotttualettkott\/","og_locale":"et_EE","og_type":"article","og_title":"Armond AWARE\u2122 RPET Armond AWARE\u2122 RPET tualetitarvete kotttualettkott - Kruze.ee","og_description":"Hoia oma tualetitarbed reisil olles stiilselt ja korrastatult. Mahukas p\u00f5hisahtel pakub rohkelt ruumi k\u00f5igile vajalikele hooldusvahenditele ning eesmine lukuga...","og_url":"https:\/\/kruze.ee\/et\/toode\/armond-aware-rpet-armond-aware-rpet-tualetitarvete-kotttualettkott\/","og_site_name":"Kruze.ee","article_modified_time":"2026-03-16T22:07:42+00:00","twitter_card":"summary_large_image","schema":{"@context":"https:\/\/schema.org","@graph":[{"@type":"WebPage","@id":"https:\/\/kruze.ee\/et\/toode\/armond-aware-rpet-armond-aware-rpet-tualetitarvete-kotttualettkott\/","url":"https:\/\/kruze.ee\/et\/toode\/armond-aware-rpet-armond-aware-rpet-tualetitarvete-kotttualettkott\/","name":"Armond AWARE\u2122 RPET Armond AWARE\u2122 RPET tualetitarvete kotttualettkott - Kruze.ee","isPartOf":{"@id":"https:\/\/kruze.ee\/et\/#website"},"datePublished":"2026-01-31T14:16:39+00:00","dateModified":"2026-03-16T22:07:42+00:00","breadcrumb":{"@id":"https:\/\/kruze.ee\/et\/toode\/armond-aware-rpet-armond-aware-rpet-tualetitarvete-kotttualettkott\/#breadcrumb"},"inLanguage":"et","potentialAction":[{"@type":"ReadAction","target":["https:\/\/kruze.ee\/et\/toode\/armond-aware-rpet-armond-aware-rpet-tualetitarvete-kotttualettkott\/"]}]},{"@type":"BreadcrumbList","@id":"https:\/\/kruze.ee\/et\/toode\/armond-aware-rpet-armond-aware-rpet-tualetitarvete-kotttualettkott\/#breadcrumb","itemListElement":[{"@type":"ListItem","position":1,"name":"Home","item":"https:\/\/kruze.ee\/et\/"},{"@type":"ListItem","position":2,"name":"Tooted","item":"https:\/\/kruze.ee\/et\/tooted\/"},{"@type":"ListItem","position":3,"name":"Armond AWARE\u2122 RPET Armond AWARE\u2122 RPET tualetitarvete kotttualettkott"}]},{"@type":"WebSite","@id":"https:\/\/kruze.ee\/et\/#website","url":"https:\/\/kruze.ee\/et\/","name":"Kruze.ee","description":"Reklaamkingitused, tr&uuml;kiga T-s&auml;rgid, fliisid, dressipluused, tekstiil, joped ja paljud teised logoga meened, &Auml;rikingitused sinu partnerile! Telli juba t&auml;na.","potentialAction":[{"@type":"SearchAction","target":{"@type":"EntryPoint","urlTemplate":"https:\/\/kruze.ee\/et\/?s={search_term_string}"},"query-input":{"@type":"PropertyValueSpecification","valueRequired":true,"valueName":"search_term_string"}}],"inLanguage":"et"}]}},"_links":{"self":[{"href":"https:\/\/kruze.ee\/et\/wp-json\/wp\/v2\/product\/1441656","targetHints":{"allow":["GET"]}}],"collection":[{"href":"https:\/\/kruze.ee\/et\/wp-json\/wp\/v2\/product"}],"about":[{"href":"https:\/\/kruze.ee\/et\/wp-json\/wp\/v2\/types\/product"}],"wp:attachment":[{"href":"https:\/\/kruze.ee\/et\/wp-json\/wp\/v2\/media?parent=1441656"}],"wp:term":[{"taxonomy":"product_brand","embeddable":true,"href":"https:\/\/kruze.ee\/et\/wp-json\/wp\/v2\/product_brand?post=1441656"},{"taxonomy":"product_cat","embeddable":true,"href":"https:\/\/kruze.ee\/et\/wp-json\/wp\/v2\/product_cat?post=1441656"},{"taxonomy":"product_tag","embeddable":true,"href":"https:\/\/kruze.ee\/et\/wp-json\/wp\/v2\/product_tag?post=1441656"}],"curies":[{"name":"wp","href":"https:\/\/api.w.org\/{rel}","templated":true}]}}