{"id":1441646,"date":"2026-01-31T17:16:34","date_gmt":"2026-01-31T14:16:34","guid":{"rendered":"https:\/\/kruze.ee\/product\/impact-aware-285-g-m%c2%b2-varvimata-taaskasutatud-kangast-tualetitarvete-kott\/"},"modified":"2026-03-17T01:07:40","modified_gmt":"2026-03-16T22:07:40","slug":"impact-aware-285-g-m%c2%b2-varvimata-taaskasutatud-kangast-tualetitarvete-kott","status":"publish","type":"product","link":"https:\/\/kruze.ee\/et\/toode\/impact-aware-285-g-m%c2%b2-varvimata-taaskasutatud-kangast-tualetitarvete-kott\/","title":{"rendered":"Impact AWARE\u2122 285 g\/m\u00b2 v\u00e4rvimata taaskasutatud kangast  tualetitarvete kott"},"content":{"rendered":"<p>Klassikaline Impact AWARE\u2122 285 g\/m\u00b2 taaskasutatud kangast tualetitarvete kott k\u00f5igi sinu vajalike esemete jaoks. Hoia oma ilutarbed \u00fches mahukas p\u00f5hisahtlis. Varustatud AWARE\u2122 tracer\u2019iga, mis kinnitab taaskasutatud materjalide ehtsat kasutust. Taaskasutatud kangas on v\u00e4rvimata ja kasutatud naturaalsel kujul, ilma v\u00e4rvimisel v\u00f5i pleegitamisel kasutatavate kemikaalideta. 2% iga m\u00fc\u00fcdud AWARE\u2122 toote tulust annetatakse Water.org-ile.<\/p>\n","protected":false},"excerpt":{"rendered":"<p>Klassikaline Impact AWARE\u2122 285 g\/m\u00b2 taaskasutatud kangast tualetitarvete kott k\u00f5igi sinu vajalike esemete jaoks. Hoia oma ilutarbed \u00fches mahukas p\u00f5hisahtlis&#8230;.<\/p>\n","protected":false},"featured_media":0,"template":"","meta":[],"product_brand":[],"product_cat":[5395],"product_tag":[],"class_list":{"0":"post-1441646","1":"product","2":"type-product","3":"status-publish","5":"product_cat-tualett-tarvete-kotid","6":"pa_brand-xd-collection","7":"pa_color-hall","8":"pa_color-black-2","9":"pa_color-blue-2","10":"pa_color-valge","11":"pa_gender-uniseks","12":"pa_gender-unisex","15":"pa_material-recycled-canvas","17":"first","18":"instock","19":"taxable","20":"shipping-taxable","21":"purchasable","22":"product-type-variable"},"acf":[],"yoast_head":"<!-- This site is optimized with the Yoast SEO plugin v26.0 - https:\/\/yoast.com\/wordpress\/plugins\/seo\/ -->\n<title>Impact AWARE\u2122 285 g\/m\u00b2 v\u00e4rvimata taaskasutatud kangast tualetitarvete kott - Kruze.ee<\/title>\n<meta name=\"robots\" content=\"index, follow, max-snippet:-1, max-image-preview:large, max-video-preview:-1\" \/>\n<link rel=\"canonical\" href=\"https:\/\/kruze.ee\/et\/toode\/impact-aware-285-g-m\u00b2-varvimata-taaskasutatud-kangast-tualetitarvete-kott\/\" \/>\n<meta property=\"og:locale\" content=\"et_EE\" \/>\n<meta property=\"og:type\" content=\"article\" \/>\n<meta property=\"og:title\" content=\"Impact AWARE\u2122 285 g\/m\u00b2 v\u00e4rvimata taaskasutatud kangast tualetitarvete kott - Kruze.ee\" \/>\n<meta property=\"og:description\" content=\"Klassikaline Impact AWARE\u2122 285 g\/m\u00b2 taaskasutatud kangast tualetitarvete kott k\u00f5igi sinu vajalike esemete jaoks. Hoia oma ilutarbed \u00fches mahukas p\u00f5hisahtlis....\" \/>\n<meta property=\"og:url\" content=\"https:\/\/kruze.ee\/et\/toode\/impact-aware-285-g-m\u00b2-varvimata-taaskasutatud-kangast-tualetitarvete-kott\/\" \/>\n<meta property=\"og:site_name\" content=\"Kruze.ee\" \/>\n<meta property=\"article:modified_time\" content=\"2026-03-16T22:07:40+00:00\" \/>\n<meta name=\"twitter:card\" content=\"summary_large_image\" \/>\n<script type=\"application\/ld+json\" class=\"yoast-schema-graph\">{\"@context\":\"https:\/\/schema.org\",\"@graph\":[{\"@type\":\"WebPage\",\"@id\":\"https:\/\/kruze.ee\/et\/toode\/impact-aware-285-g-m%c2%b2-varvimata-taaskasutatud-kangast-tualetitarvete-kott\/\",\"url\":\"https:\/\/kruze.ee\/et\/toode\/impact-aware-285-g-m%c2%b2-varvimata-taaskasutatud-kangast-tualetitarvete-kott\/\",\"name\":\"Impact AWARE\u2122 285 g\/m\u00b2 v\u00e4rvimata taaskasutatud kangast tualetitarvete kott - Kruze.ee\",\"isPartOf\":{\"@id\":\"https:\/\/kruze.ee\/et\/#website\"},\"datePublished\":\"2026-01-31T14:16:34+00:00\",\"dateModified\":\"2026-03-16T22:07:40+00:00\",\"breadcrumb\":{\"@id\":\"https:\/\/kruze.ee\/et\/toode\/impact-aware-285-g-m%c2%b2-varvimata-taaskasutatud-kangast-tualetitarvete-kott\/#breadcrumb\"},\"inLanguage\":\"et\",\"potentialAction\":[{\"@type\":\"ReadAction\",\"target\":[\"https:\/\/kruze.ee\/et\/toode\/impact-aware-285-g-m%c2%b2-varvimata-taaskasutatud-kangast-tualetitarvete-kott\/\"]}]},{\"@type\":\"BreadcrumbList\",\"@id\":\"https:\/\/kruze.ee\/et\/toode\/impact-aware-285-g-m%c2%b2-varvimata-taaskasutatud-kangast-tualetitarvete-kott\/#breadcrumb\",\"itemListElement\":[{\"@type\":\"ListItem\",\"position\":1,\"name\":\"Home\",\"item\":\"https:\/\/kruze.ee\/et\/\"},{\"@type\":\"ListItem\",\"position\":2,\"name\":\"Tooted\",\"item\":\"https:\/\/kruze.ee\/et\/tooted\/\"},{\"@type\":\"ListItem\",\"position\":3,\"name\":\"Impact AWARE\u2122 285 g\/m\u00b2 v\u00e4rvimata taaskasutatud kangast tualetitarvete kott\"}]},{\"@type\":\"WebSite\",\"@id\":\"https:\/\/kruze.ee\/et\/#website\",\"url\":\"https:\/\/kruze.ee\/et\/\",\"name\":\"Kruze.ee\",\"description\":\"Reklaamkingitused, tr&uuml;kiga T-s&auml;rgid, fliisid, dressipluused, tekstiil, joped ja paljud teised logoga meened, &Auml;rikingitused sinu partnerile! Telli juba t&auml;na.\",\"potentialAction\":[{\"@type\":\"SearchAction\",\"target\":{\"@type\":\"EntryPoint\",\"urlTemplate\":\"https:\/\/kruze.ee\/et\/?s={search_term_string}\"},\"query-input\":{\"@type\":\"PropertyValueSpecification\",\"valueRequired\":true,\"valueName\":\"search_term_string\"}}],\"inLanguage\":\"et\"}]}<\/script>\n<!-- \/ Yoast SEO plugin. -->","yoast_head_json":{"title":"Impact AWARE\u2122 285 g\/m\u00b2 v\u00e4rvimata taaskasutatud kangast tualetitarvete kott - Kruze.ee","robots":{"index":"index","follow":"follow","max-snippet":"max-snippet:-1","max-image-preview":"max-image-preview:large","max-video-preview":"max-video-preview:-1"},"canonical":"https:\/\/kruze.ee\/et\/toode\/impact-aware-285-g-m\u00b2-varvimata-taaskasutatud-kangast-tualetitarvete-kott\/","og_locale":"et_EE","og_type":"article","og_title":"Impact AWARE\u2122 285 g\/m\u00b2 v\u00e4rvimata taaskasutatud kangast tualetitarvete kott - Kruze.ee","og_description":"Klassikaline Impact AWARE\u2122 285 g\/m\u00b2 taaskasutatud kangast tualetitarvete kott k\u00f5igi sinu vajalike esemete jaoks. Hoia oma ilutarbed \u00fches mahukas p\u00f5hisahtlis....","og_url":"https:\/\/kruze.ee\/et\/toode\/impact-aware-285-g-m\u00b2-varvimata-taaskasutatud-kangast-tualetitarvete-kott\/","og_site_name":"Kruze.ee","article_modified_time":"2026-03-16T22:07:40+00:00","twitter_card":"summary_large_image","schema":{"@context":"https:\/\/schema.org","@graph":[{"@type":"WebPage","@id":"https:\/\/kruze.ee\/et\/toode\/impact-aware-285-g-m%c2%b2-varvimata-taaskasutatud-kangast-tualetitarvete-kott\/","url":"https:\/\/kruze.ee\/et\/toode\/impact-aware-285-g-m%c2%b2-varvimata-taaskasutatud-kangast-tualetitarvete-kott\/","name":"Impact AWARE\u2122 285 g\/m\u00b2 v\u00e4rvimata taaskasutatud kangast tualetitarvete kott - Kruze.ee","isPartOf":{"@id":"https:\/\/kruze.ee\/et\/#website"},"datePublished":"2026-01-31T14:16:34+00:00","dateModified":"2026-03-16T22:07:40+00:00","breadcrumb":{"@id":"https:\/\/kruze.ee\/et\/toode\/impact-aware-285-g-m%c2%b2-varvimata-taaskasutatud-kangast-tualetitarvete-kott\/#breadcrumb"},"inLanguage":"et","potentialAction":[{"@type":"ReadAction","target":["https:\/\/kruze.ee\/et\/toode\/impact-aware-285-g-m%c2%b2-varvimata-taaskasutatud-kangast-tualetitarvete-kott\/"]}]},{"@type":"BreadcrumbList","@id":"https:\/\/kruze.ee\/et\/toode\/impact-aware-285-g-m%c2%b2-varvimata-taaskasutatud-kangast-tualetitarvete-kott\/#breadcrumb","itemListElement":[{"@type":"ListItem","position":1,"name":"Home","item":"https:\/\/kruze.ee\/et\/"},{"@type":"ListItem","position":2,"name":"Tooted","item":"https:\/\/kruze.ee\/et\/tooted\/"},{"@type":"ListItem","position":3,"name":"Impact AWARE\u2122 285 g\/m\u00b2 v\u00e4rvimata taaskasutatud kangast tualetitarvete kott"}]},{"@type":"WebSite","@id":"https:\/\/kruze.ee\/et\/#website","url":"https:\/\/kruze.ee\/et\/","name":"Kruze.ee","description":"Reklaamkingitused, tr&uuml;kiga T-s&auml;rgid, fliisid, dressipluused, tekstiil, joped ja paljud teised logoga meened, &Auml;rikingitused sinu partnerile! Telli juba t&auml;na.","potentialAction":[{"@type":"SearchAction","target":{"@type":"EntryPoint","urlTemplate":"https:\/\/kruze.ee\/et\/?s={search_term_string}"},"query-input":{"@type":"PropertyValueSpecification","valueRequired":true,"valueName":"search_term_string"}}],"inLanguage":"et"}]}},"_links":{"self":[{"href":"https:\/\/kruze.ee\/et\/wp-json\/wp\/v2\/product\/1441646","targetHints":{"allow":["GET"]}}],"collection":[{"href":"https:\/\/kruze.ee\/et\/wp-json\/wp\/v2\/product"}],"about":[{"href":"https:\/\/kruze.ee\/et\/wp-json\/wp\/v2\/types\/product"}],"wp:attachment":[{"href":"https:\/\/kruze.ee\/et\/wp-json\/wp\/v2\/media?parent=1441646"}],"wp:term":[{"taxonomy":"product_brand","embeddable":true,"href":"https:\/\/kruze.ee\/et\/wp-json\/wp\/v2\/product_brand?post=1441646"},{"taxonomy":"product_cat","embeddable":true,"href":"https:\/\/kruze.ee\/et\/wp-json\/wp\/v2\/product_cat?post=1441646"},{"taxonomy":"product_tag","embeddable":true,"href":"https:\/\/kruze.ee\/et\/wp-json\/wp\/v2\/product_tag?post=1441646"}],"curies":[{"name":"wp","href":"https:\/\/api.w.org\/{rel}","templated":true}]}}