{"id":1441644,"date":"2026-01-31T17:16:31","date_gmt":"2026-01-31T14:16:31","guid":{"rendered":"https:\/\/kruze.ee\/product\/impact-aware-basic-rpet-tualetitarvete-kott\/"},"modified":"2026-03-17T01:07:38","modified_gmt":"2026-03-16T22:07:38","slug":"impact-aware-basic-rpet-tualetitarvete-kott","status":"publish","type":"product","link":"https:\/\/kruze.ee\/et\/toode\/impact-aware-basic-rpet-tualetitarvete-kott\/","title":{"rendered":"Impact AWARE\u2122 Basic RPET tualetitarvete kott"},"content":{"rendered":"<p>Ei mingit rohepesu, vaid aus lugu j\u00e4tkusuutlikkusest! See Impact tualetitarvete kott on valmistatud 300D RPET-materjalist ning varustatud AWARE\u2122 tracer\u2019iga. AWARE\u2122 tehnoloogia abil on tagatud ehtsate taaskasutatud kangaste kasutus ja vees\u00e4\u00e4stu m\u00f5juv\u00e4ited, kasutades uuenduslikku f\u00fc\u00fcsilist tracer\u2019it ja plokiahela tehnoloogiat. S\u00e4\u00e4sta vett ja kasuta t\u00f5eliselt taaskasutatud materjale. Vee teemale keskendudes annetatakse 2% iga m\u00fc\u00fcdud Impact-toote tulust Water.org-ile. See tualetitarvete kott mahutab mugavalt k\u00f5ik sinu igap\u00e4evased tarvikud ka liikvel olles. Kotil on lihtne ja minimalistlik disain.<\/p>\n","protected":false},"excerpt":{"rendered":"<p>Ei mingit rohepesu, vaid aus lugu j\u00e4tkusuutlikkusest! See Impact tualetitarvete kott on valmistatud 300D RPET-materjalist ning varustatud AWARE\u2122 tracer\u2019iga&#8230;.<\/p>\n","protected":false},"featured_media":0,"template":"","meta":[],"product_brand":[],"product_cat":[5395],"product_tag":[],"class_list":{"0":"post-1441644","1":"product","2":"type-product","3":"status-publish","5":"product_cat-tualett-tarvete-kotid","6":"pa_gender-uniseks","7":"pa_gender-unisex","11":"first","12":"instock","13":"purchasable","14":"product-type-simple"},"acf":[],"yoast_head":"<!-- This site is optimized with the Yoast SEO plugin v26.0 - https:\/\/yoast.com\/wordpress\/plugins\/seo\/ -->\n<title>Impact AWARE\u2122 Basic RPET tualetitarvete kott - Kruze.ee<\/title>\n<meta name=\"robots\" content=\"index, follow, max-snippet:-1, max-image-preview:large, max-video-preview:-1\" \/>\n<link rel=\"canonical\" href=\"https:\/\/kruze.ee\/et\/toode\/impact-aware-basic-rpet-tualetitarvete-kott\/\" \/>\n<meta property=\"og:locale\" content=\"et_EE\" \/>\n<meta property=\"og:type\" content=\"article\" \/>\n<meta property=\"og:title\" content=\"Impact AWARE\u2122 Basic RPET tualetitarvete kott - Kruze.ee\" \/>\n<meta property=\"og:description\" content=\"Ei mingit rohepesu, vaid aus lugu j\u00e4tkusuutlikkusest! See Impact tualetitarvete kott on valmistatud 300D RPET-materjalist ning varustatud AWARE\u2122 tracer\u2019iga....\" \/>\n<meta property=\"og:url\" content=\"https:\/\/kruze.ee\/et\/toode\/impact-aware-basic-rpet-tualetitarvete-kott\/\" \/>\n<meta property=\"og:site_name\" content=\"Kruze.ee\" \/>\n<meta property=\"article:modified_time\" content=\"2026-03-16T22:07:38+00:00\" \/>\n<meta name=\"twitter:card\" content=\"summary_large_image\" \/>\n<script type=\"application\/ld+json\" class=\"yoast-schema-graph\">{\"@context\":\"https:\/\/schema.org\",\"@graph\":[{\"@type\":\"WebPage\",\"@id\":\"https:\/\/kruze.ee\/et\/toode\/impact-aware-basic-rpet-tualetitarvete-kott\/\",\"url\":\"https:\/\/kruze.ee\/et\/toode\/impact-aware-basic-rpet-tualetitarvete-kott\/\",\"name\":\"Impact AWARE\u2122 Basic RPET tualetitarvete kott - Kruze.ee\",\"isPartOf\":{\"@id\":\"https:\/\/kruze.ee\/et\/#website\"},\"datePublished\":\"2026-01-31T14:16:31+00:00\",\"dateModified\":\"2026-03-16T22:07:38+00:00\",\"breadcrumb\":{\"@id\":\"https:\/\/kruze.ee\/et\/toode\/impact-aware-basic-rpet-tualetitarvete-kott\/#breadcrumb\"},\"inLanguage\":\"et\",\"potentialAction\":[{\"@type\":\"ReadAction\",\"target\":[\"https:\/\/kruze.ee\/et\/toode\/impact-aware-basic-rpet-tualetitarvete-kott\/\"]}]},{\"@type\":\"BreadcrumbList\",\"@id\":\"https:\/\/kruze.ee\/et\/toode\/impact-aware-basic-rpet-tualetitarvete-kott\/#breadcrumb\",\"itemListElement\":[{\"@type\":\"ListItem\",\"position\":1,\"name\":\"Home\",\"item\":\"https:\/\/kruze.ee\/et\/\"},{\"@type\":\"ListItem\",\"position\":2,\"name\":\"Tooted\",\"item\":\"https:\/\/kruze.ee\/et\/tooted\/\"},{\"@type\":\"ListItem\",\"position\":3,\"name\":\"Impact AWARE\u2122 Basic RPET tualetitarvete kott\"}]},{\"@type\":\"WebSite\",\"@id\":\"https:\/\/kruze.ee\/et\/#website\",\"url\":\"https:\/\/kruze.ee\/et\/\",\"name\":\"Kruze.ee\",\"description\":\"Reklaamkingitused, tr&uuml;kiga T-s&auml;rgid, fliisid, dressipluused, tekstiil, joped ja paljud teised logoga meened, &Auml;rikingitused sinu partnerile! Telli juba t&auml;na.\",\"potentialAction\":[{\"@type\":\"SearchAction\",\"target\":{\"@type\":\"EntryPoint\",\"urlTemplate\":\"https:\/\/kruze.ee\/et\/?s={search_term_string}\"},\"query-input\":{\"@type\":\"PropertyValueSpecification\",\"valueRequired\":true,\"valueName\":\"search_term_string\"}}],\"inLanguage\":\"et\"}]}<\/script>\n<!-- \/ Yoast SEO plugin. -->","yoast_head_json":{"title":"Impact AWARE\u2122 Basic RPET tualetitarvete kott - Kruze.ee","robots":{"index":"index","follow":"follow","max-snippet":"max-snippet:-1","max-image-preview":"max-image-preview:large","max-video-preview":"max-video-preview:-1"},"canonical":"https:\/\/kruze.ee\/et\/toode\/impact-aware-basic-rpet-tualetitarvete-kott\/","og_locale":"et_EE","og_type":"article","og_title":"Impact AWARE\u2122 Basic RPET tualetitarvete kott - Kruze.ee","og_description":"Ei mingit rohepesu, vaid aus lugu j\u00e4tkusuutlikkusest! See Impact tualetitarvete kott on valmistatud 300D RPET-materjalist ning varustatud AWARE\u2122 tracer\u2019iga....","og_url":"https:\/\/kruze.ee\/et\/toode\/impact-aware-basic-rpet-tualetitarvete-kott\/","og_site_name":"Kruze.ee","article_modified_time":"2026-03-16T22:07:38+00:00","twitter_card":"summary_large_image","schema":{"@context":"https:\/\/schema.org","@graph":[{"@type":"WebPage","@id":"https:\/\/kruze.ee\/et\/toode\/impact-aware-basic-rpet-tualetitarvete-kott\/","url":"https:\/\/kruze.ee\/et\/toode\/impact-aware-basic-rpet-tualetitarvete-kott\/","name":"Impact AWARE\u2122 Basic RPET tualetitarvete kott - Kruze.ee","isPartOf":{"@id":"https:\/\/kruze.ee\/et\/#website"},"datePublished":"2026-01-31T14:16:31+00:00","dateModified":"2026-03-16T22:07:38+00:00","breadcrumb":{"@id":"https:\/\/kruze.ee\/et\/toode\/impact-aware-basic-rpet-tualetitarvete-kott\/#breadcrumb"},"inLanguage":"et","potentialAction":[{"@type":"ReadAction","target":["https:\/\/kruze.ee\/et\/toode\/impact-aware-basic-rpet-tualetitarvete-kott\/"]}]},{"@type":"BreadcrumbList","@id":"https:\/\/kruze.ee\/et\/toode\/impact-aware-basic-rpet-tualetitarvete-kott\/#breadcrumb","itemListElement":[{"@type":"ListItem","position":1,"name":"Home","item":"https:\/\/kruze.ee\/et\/"},{"@type":"ListItem","position":2,"name":"Tooted","item":"https:\/\/kruze.ee\/et\/tooted\/"},{"@type":"ListItem","position":3,"name":"Impact AWARE\u2122 Basic RPET tualetitarvete kott"}]},{"@type":"WebSite","@id":"https:\/\/kruze.ee\/et\/#website","url":"https:\/\/kruze.ee\/et\/","name":"Kruze.ee","description":"Reklaamkingitused, tr&uuml;kiga T-s&auml;rgid, fliisid, dressipluused, tekstiil, joped ja paljud teised logoga meened, &Auml;rikingitused sinu partnerile! Telli juba t&auml;na.","potentialAction":[{"@type":"SearchAction","target":{"@type":"EntryPoint","urlTemplate":"https:\/\/kruze.ee\/et\/?s={search_term_string}"},"query-input":{"@type":"PropertyValueSpecification","valueRequired":true,"valueName":"search_term_string"}}],"inLanguage":"et"}]}},"_links":{"self":[{"href":"https:\/\/kruze.ee\/et\/wp-json\/wp\/v2\/product\/1441644","targetHints":{"allow":["GET"]}}],"collection":[{"href":"https:\/\/kruze.ee\/et\/wp-json\/wp\/v2\/product"}],"about":[{"href":"https:\/\/kruze.ee\/et\/wp-json\/wp\/v2\/types\/product"}],"wp:attachment":[{"href":"https:\/\/kruze.ee\/et\/wp-json\/wp\/v2\/media?parent=1441644"}],"wp:term":[{"taxonomy":"product_brand","embeddable":true,"href":"https:\/\/kruze.ee\/et\/wp-json\/wp\/v2\/product_brand?post=1441644"},{"taxonomy":"product_cat","embeddable":true,"href":"https:\/\/kruze.ee\/et\/wp-json\/wp\/v2\/product_cat?post=1441644"},{"taxonomy":"product_tag","embeddable":true,"href":"https:\/\/kruze.ee\/et\/wp-json\/wp\/v2\/product_tag?post=1441644"}],"curies":[{"name":"wp","href":"https:\/\/api.w.org\/{rel}","templated":true}]}}