{"id":1441630,"date":"2026-01-31T16:55:10","date_gmt":"2026-01-31T13:55:10","guid":{"rendered":"https:\/\/kruze.ee\/product\/xd-collection-impact-aware-deluxe-300d-lukuga-mapp\/"},"modified":"2026-03-17T00:59:04","modified_gmt":"2026-03-16T21:59:04","slug":"xd-collection-impact-aware-deluxe-300d-lukuga-mapp","status":"publish","type":"product","link":"https:\/\/kruze.ee\/et\/toode\/xd-collection-impact-aware-deluxe-300d-lukuga-mapp\/","title":{"rendered":"XD Collection Impact AWARE\u2122 deluxe 300D lukuga mapp"},"content":{"rendered":"<p>See A4 Impact AWARE\u2122 deluxe 300D lukuga tehnoloogiamapp lisab sinu t\u00f6\u00f6le elegantsi ja professionaalsust. Hoia k\u00f5ik olulised dokumendid, kaardid ja m\u00e4rkmed mugavalt \u00fches kohas. Mapi sees on jooneline m\u00e4rkmik 20 lehega, valmistatud 64 g\/m\u00b2 FSC-sertifitseeritud paberist. Lisaks on sees \u00fcks telefoni suurune tasku, telefonihoidik, pastaka aas ja kaks visiitkaarditaskut. Varustatud AWARE\u2122 tracer\u2019iga, mis kinnitab taaskasutatud materjalide ehtsat kasutust. Iga mapp on valmistatud 8 taaskasutatud 0,5-liitrisest PET-pudelist. 2% iga m\u00fc\u00fcdud Impact-toote tulust annetatakse Water.org-ile. PVC-vaba.<\/p>\n","protected":false},"excerpt":{"rendered":"<p>See A4 Impact AWARE\u2122 deluxe 300D lukuga tehnoloogiamapp lisab sinu t\u00f6\u00f6le elegantsi ja professionaalsust. Hoia k\u00f5ik olulised dokumendid, kaardid ja m\u00e4rkmed&#8230;<\/p>\n","protected":false},"featured_media":0,"template":"","meta":[],"product_brand":[],"product_cat":[5405],"product_tag":[],"class_list":{"0":"post-1441630","1":"product","2":"type-product","3":"status-publish","5":"product_cat-mapid","6":"pa_brand-xd-collection","7":"pa_color-black-2","8":"pa_color-roheline","9":"pa_color-tumesinine","10":"pa_gender-uniseks","11":"pa_gender-unisex","14":"pa_material-rpetpaper","16":"first","17":"instock","18":"taxable","19":"shipping-taxable","20":"purchasable","21":"product-type-variable"},"acf":[],"yoast_head":"<!-- This site is optimized with the Yoast SEO plugin v26.0 - https:\/\/yoast.com\/wordpress\/plugins\/seo\/ -->\n<title>XD Collection Impact AWARE\u2122 deluxe 300D lukuga mapp - Kruze.ee<\/title>\n<meta name=\"robots\" content=\"index, follow, max-snippet:-1, max-image-preview:large, max-video-preview:-1\" \/>\n<link rel=\"canonical\" href=\"https:\/\/kruze.ee\/et\/toode\/xd-collection-impact-aware-deluxe-300d-lukuga-mapp\/\" \/>\n<meta property=\"og:locale\" content=\"et_EE\" \/>\n<meta property=\"og:type\" content=\"article\" \/>\n<meta property=\"og:title\" content=\"XD Collection Impact AWARE\u2122 deluxe 300D lukuga mapp - Kruze.ee\" \/>\n<meta property=\"og:description\" content=\"See A4 Impact AWARE\u2122 deluxe 300D lukuga tehnoloogiamapp lisab sinu t\u00f6\u00f6le elegantsi ja professionaalsust. Hoia k\u00f5ik olulised dokumendid, kaardid ja m\u00e4rkmed...\" \/>\n<meta property=\"og:url\" content=\"https:\/\/kruze.ee\/et\/toode\/xd-collection-impact-aware-deluxe-300d-lukuga-mapp\/\" \/>\n<meta property=\"og:site_name\" content=\"Kruze.ee\" \/>\n<meta property=\"article:modified_time\" content=\"2026-03-16T21:59:04+00:00\" \/>\n<meta name=\"twitter:card\" content=\"summary_large_image\" \/>\n<script type=\"application\/ld+json\" class=\"yoast-schema-graph\">{\"@context\":\"https:\/\/schema.org\",\"@graph\":[{\"@type\":\"WebPage\",\"@id\":\"https:\/\/kruze.ee\/et\/toode\/xd-collection-impact-aware-deluxe-300d-lukuga-mapp\/\",\"url\":\"https:\/\/kruze.ee\/et\/toode\/xd-collection-impact-aware-deluxe-300d-lukuga-mapp\/\",\"name\":\"XD Collection Impact AWARE\u2122 deluxe 300D lukuga mapp - Kruze.ee\",\"isPartOf\":{\"@id\":\"https:\/\/kruze.ee\/et\/#website\"},\"datePublished\":\"2026-01-31T13:55:10+00:00\",\"dateModified\":\"2026-03-16T21:59:04+00:00\",\"breadcrumb\":{\"@id\":\"https:\/\/kruze.ee\/et\/toode\/xd-collection-impact-aware-deluxe-300d-lukuga-mapp\/#breadcrumb\"},\"inLanguage\":\"et\",\"potentialAction\":[{\"@type\":\"ReadAction\",\"target\":[\"https:\/\/kruze.ee\/et\/toode\/xd-collection-impact-aware-deluxe-300d-lukuga-mapp\/\"]}]},{\"@type\":\"BreadcrumbList\",\"@id\":\"https:\/\/kruze.ee\/et\/toode\/xd-collection-impact-aware-deluxe-300d-lukuga-mapp\/#breadcrumb\",\"itemListElement\":[{\"@type\":\"ListItem\",\"position\":1,\"name\":\"Home\",\"item\":\"https:\/\/kruze.ee\/et\/\"},{\"@type\":\"ListItem\",\"position\":2,\"name\":\"Tooted\",\"item\":\"https:\/\/kruze.ee\/et\/tooted\/\"},{\"@type\":\"ListItem\",\"position\":3,\"name\":\"XD Collection Impact AWARE\u2122 deluxe 300D lukuga mapp\"}]},{\"@type\":\"WebSite\",\"@id\":\"https:\/\/kruze.ee\/et\/#website\",\"url\":\"https:\/\/kruze.ee\/et\/\",\"name\":\"Kruze.ee\",\"description\":\"Reklaamkingitused, tr&uuml;kiga T-s&auml;rgid, fliisid, dressipluused, tekstiil, joped ja paljud teised logoga meened, &Auml;rikingitused sinu partnerile! Telli juba t&auml;na.\",\"potentialAction\":[{\"@type\":\"SearchAction\",\"target\":{\"@type\":\"EntryPoint\",\"urlTemplate\":\"https:\/\/kruze.ee\/et\/?s={search_term_string}\"},\"query-input\":{\"@type\":\"PropertyValueSpecification\",\"valueRequired\":true,\"valueName\":\"search_term_string\"}}],\"inLanguage\":\"et\"}]}<\/script>\n<!-- \/ Yoast SEO plugin. -->","yoast_head_json":{"title":"XD Collection Impact AWARE\u2122 deluxe 300D lukuga mapp - Kruze.ee","robots":{"index":"index","follow":"follow","max-snippet":"max-snippet:-1","max-image-preview":"max-image-preview:large","max-video-preview":"max-video-preview:-1"},"canonical":"https:\/\/kruze.ee\/et\/toode\/xd-collection-impact-aware-deluxe-300d-lukuga-mapp\/","og_locale":"et_EE","og_type":"article","og_title":"XD Collection Impact AWARE\u2122 deluxe 300D lukuga mapp - Kruze.ee","og_description":"See A4 Impact AWARE\u2122 deluxe 300D lukuga tehnoloogiamapp lisab sinu t\u00f6\u00f6le elegantsi ja professionaalsust. Hoia k\u00f5ik olulised dokumendid, kaardid ja m\u00e4rkmed...","og_url":"https:\/\/kruze.ee\/et\/toode\/xd-collection-impact-aware-deluxe-300d-lukuga-mapp\/","og_site_name":"Kruze.ee","article_modified_time":"2026-03-16T21:59:04+00:00","twitter_card":"summary_large_image","schema":{"@context":"https:\/\/schema.org","@graph":[{"@type":"WebPage","@id":"https:\/\/kruze.ee\/et\/toode\/xd-collection-impact-aware-deluxe-300d-lukuga-mapp\/","url":"https:\/\/kruze.ee\/et\/toode\/xd-collection-impact-aware-deluxe-300d-lukuga-mapp\/","name":"XD Collection Impact AWARE\u2122 deluxe 300D lukuga mapp - Kruze.ee","isPartOf":{"@id":"https:\/\/kruze.ee\/et\/#website"},"datePublished":"2026-01-31T13:55:10+00:00","dateModified":"2026-03-16T21:59:04+00:00","breadcrumb":{"@id":"https:\/\/kruze.ee\/et\/toode\/xd-collection-impact-aware-deluxe-300d-lukuga-mapp\/#breadcrumb"},"inLanguage":"et","potentialAction":[{"@type":"ReadAction","target":["https:\/\/kruze.ee\/et\/toode\/xd-collection-impact-aware-deluxe-300d-lukuga-mapp\/"]}]},{"@type":"BreadcrumbList","@id":"https:\/\/kruze.ee\/et\/toode\/xd-collection-impact-aware-deluxe-300d-lukuga-mapp\/#breadcrumb","itemListElement":[{"@type":"ListItem","position":1,"name":"Home","item":"https:\/\/kruze.ee\/et\/"},{"@type":"ListItem","position":2,"name":"Tooted","item":"https:\/\/kruze.ee\/et\/tooted\/"},{"@type":"ListItem","position":3,"name":"XD Collection Impact AWARE\u2122 deluxe 300D lukuga mapp"}]},{"@type":"WebSite","@id":"https:\/\/kruze.ee\/et\/#website","url":"https:\/\/kruze.ee\/et\/","name":"Kruze.ee","description":"Reklaamkingitused, tr&uuml;kiga T-s&auml;rgid, fliisid, dressipluused, tekstiil, joped ja paljud teised logoga meened, &Auml;rikingitused sinu partnerile! Telli juba t&auml;na.","potentialAction":[{"@type":"SearchAction","target":{"@type":"EntryPoint","urlTemplate":"https:\/\/kruze.ee\/et\/?s={search_term_string}"},"query-input":{"@type":"PropertyValueSpecification","valueRequired":true,"valueName":"search_term_string"}}],"inLanguage":"et"}]}},"_links":{"self":[{"href":"https:\/\/kruze.ee\/et\/wp-json\/wp\/v2\/product\/1441630","targetHints":{"allow":["GET"]}}],"collection":[{"href":"https:\/\/kruze.ee\/et\/wp-json\/wp\/v2\/product"}],"about":[{"href":"https:\/\/kruze.ee\/et\/wp-json\/wp\/v2\/types\/product"}],"wp:attachment":[{"href":"https:\/\/kruze.ee\/et\/wp-json\/wp\/v2\/media?parent=1441630"}],"wp:term":[{"taxonomy":"product_brand","embeddable":true,"href":"https:\/\/kruze.ee\/et\/wp-json\/wp\/v2\/product_brand?post=1441630"},{"taxonomy":"product_cat","embeddable":true,"href":"https:\/\/kruze.ee\/et\/wp-json\/wp\/v2\/product_cat?post=1441630"},{"taxonomy":"product_tag","embeddable":true,"href":"https:\/\/kruze.ee\/et\/wp-json\/wp\/v2\/product_tag?post=1441630"}],"curies":[{"name":"wp","href":"https:\/\/api.w.org\/{rel}","templated":true}]}}