{"id":1441620,"date":"2026-01-31T16:48:32","date_gmt":"2026-01-31T13:48:32","guid":{"rendered":"https:\/\/kruze.ee\/product\/xd-collection-stoneleaf-a5-korgist-ja-kivipaberist-markmik\/"},"modified":"2026-03-17T00:59:23","modified_gmt":"2026-03-16T21:59:23","slug":"xd-collection-stoneleaf-a5-korgist-ja-kivipaberist-markmik","status":"publish","type":"product","link":"https:\/\/kruze.ee\/et\/toode\/xd-collection-stoneleaf-a5-korgist-ja-kivipaberist-markmik\/","title":{"rendered":"XD Collection Stoneleaf A5 korgist ja kivipaberist m\u00e4rkmik"},"content":{"rendered":"<p>Stoneleaf A5 m\u00e4rkmik on valmistatud FSC\u00ae-sertifitseeritud korgist ning selle lehed on tehtud kivipaberist, pakkudes loodusl\u00e4hedast v\u00e4limust ja v\u00e4iksema keskkonnam\u00f5juga funktsionaalsust. M\u00e4rkmikul on must k\u00f6ide, j\u00e4rjehoidjapael ja vastupidav k\u00f5vakaaneline kate. Sees on 80 lehte (160 lehek\u00fclge) kvaliteetset valget kivipaberit joonelise formaadiga ja grammkaaluga 120 g\/m\u00b2. Pakendatud FSC\u00ae mix kraft\u00fcmbrisesse.<\/p>\n","protected":false},"excerpt":{"rendered":"<p>Stoneleaf A5 m\u00e4rkmik on valmistatud FSC\u00ae-sertifitseeritud korgist ning selle lehed on tehtud kivipaberist, pakkudes loodusl\u00e4hedast v\u00e4limust ja v\u00e4iksema&#8230;<\/p>\n","protected":false},"featured_media":0,"template":"","meta":[],"product_brand":[],"product_cat":[5406],"product_tag":[],"class_list":{"0":"post-1441620","1":"product","2":"type-product","3":"status-publish","5":"product_cat-markmikud","6":"pa_gender-uniseks","7":"pa_gender-unisex","11":"first","12":"instock","13":"purchasable","14":"product-type-simple"},"acf":[],"yoast_head":"<!-- This site is optimized with the Yoast SEO plugin v26.0 - https:\/\/yoast.com\/wordpress\/plugins\/seo\/ -->\n<title>XD Collection Stoneleaf A5 korgist ja kivipaberist m\u00e4rkmik - Kruze.ee<\/title>\n<meta name=\"robots\" content=\"index, follow, max-snippet:-1, max-image-preview:large, max-video-preview:-1\" \/>\n<link rel=\"canonical\" href=\"https:\/\/kruze.ee\/et\/toode\/xd-collection-stoneleaf-a5-korgist-ja-kivipaberist-markmik\/\" \/>\n<meta property=\"og:locale\" content=\"et_EE\" \/>\n<meta property=\"og:type\" content=\"article\" \/>\n<meta property=\"og:title\" content=\"XD Collection Stoneleaf A5 korgist ja kivipaberist m\u00e4rkmik - Kruze.ee\" \/>\n<meta property=\"og:description\" content=\"Stoneleaf A5 m\u00e4rkmik on valmistatud FSC\u00ae-sertifitseeritud korgist ning selle lehed on tehtud kivipaberist, pakkudes loodusl\u00e4hedast v\u00e4limust ja v\u00e4iksema...\" \/>\n<meta property=\"og:url\" content=\"https:\/\/kruze.ee\/et\/toode\/xd-collection-stoneleaf-a5-korgist-ja-kivipaberist-markmik\/\" \/>\n<meta property=\"og:site_name\" content=\"Kruze.ee\" \/>\n<meta property=\"article:modified_time\" content=\"2026-03-16T21:59:23+00:00\" \/>\n<meta name=\"twitter:card\" content=\"summary_large_image\" \/>\n<script type=\"application\/ld+json\" class=\"yoast-schema-graph\">{\"@context\":\"https:\/\/schema.org\",\"@graph\":[{\"@type\":\"WebPage\",\"@id\":\"https:\/\/kruze.ee\/et\/toode\/xd-collection-stoneleaf-a5-korgist-ja-kivipaberist-markmik\/\",\"url\":\"https:\/\/kruze.ee\/et\/toode\/xd-collection-stoneleaf-a5-korgist-ja-kivipaberist-markmik\/\",\"name\":\"XD Collection Stoneleaf A5 korgist ja kivipaberist m\u00e4rkmik - Kruze.ee\",\"isPartOf\":{\"@id\":\"https:\/\/kruze.ee\/et\/#website\"},\"datePublished\":\"2026-01-31T13:48:32+00:00\",\"dateModified\":\"2026-03-16T21:59:23+00:00\",\"breadcrumb\":{\"@id\":\"https:\/\/kruze.ee\/et\/toode\/xd-collection-stoneleaf-a5-korgist-ja-kivipaberist-markmik\/#breadcrumb\"},\"inLanguage\":\"et\",\"potentialAction\":[{\"@type\":\"ReadAction\",\"target\":[\"https:\/\/kruze.ee\/et\/toode\/xd-collection-stoneleaf-a5-korgist-ja-kivipaberist-markmik\/\"]}]},{\"@type\":\"BreadcrumbList\",\"@id\":\"https:\/\/kruze.ee\/et\/toode\/xd-collection-stoneleaf-a5-korgist-ja-kivipaberist-markmik\/#breadcrumb\",\"itemListElement\":[{\"@type\":\"ListItem\",\"position\":1,\"name\":\"Home\",\"item\":\"https:\/\/kruze.ee\/et\/\"},{\"@type\":\"ListItem\",\"position\":2,\"name\":\"Tooted\",\"item\":\"https:\/\/kruze.ee\/et\/tooted\/\"},{\"@type\":\"ListItem\",\"position\":3,\"name\":\"XD Collection Stoneleaf A5 korgist ja kivipaberist m\u00e4rkmik\"}]},{\"@type\":\"WebSite\",\"@id\":\"https:\/\/kruze.ee\/et\/#website\",\"url\":\"https:\/\/kruze.ee\/et\/\",\"name\":\"Kruze.ee\",\"description\":\"Reklaamkingitused, tr&uuml;kiga T-s&auml;rgid, fliisid, dressipluused, tekstiil, joped ja paljud teised logoga meened, &Auml;rikingitused sinu partnerile! Telli juba t&auml;na.\",\"potentialAction\":[{\"@type\":\"SearchAction\",\"target\":{\"@type\":\"EntryPoint\",\"urlTemplate\":\"https:\/\/kruze.ee\/et\/?s={search_term_string}\"},\"query-input\":{\"@type\":\"PropertyValueSpecification\",\"valueRequired\":true,\"valueName\":\"search_term_string\"}}],\"inLanguage\":\"et\"}]}<\/script>\n<!-- \/ Yoast SEO plugin. -->","yoast_head_json":{"title":"XD Collection Stoneleaf A5 korgist ja kivipaberist m\u00e4rkmik - Kruze.ee","robots":{"index":"index","follow":"follow","max-snippet":"max-snippet:-1","max-image-preview":"max-image-preview:large","max-video-preview":"max-video-preview:-1"},"canonical":"https:\/\/kruze.ee\/et\/toode\/xd-collection-stoneleaf-a5-korgist-ja-kivipaberist-markmik\/","og_locale":"et_EE","og_type":"article","og_title":"XD Collection Stoneleaf A5 korgist ja kivipaberist m\u00e4rkmik - Kruze.ee","og_description":"Stoneleaf A5 m\u00e4rkmik on valmistatud FSC\u00ae-sertifitseeritud korgist ning selle lehed on tehtud kivipaberist, pakkudes loodusl\u00e4hedast v\u00e4limust ja v\u00e4iksema...","og_url":"https:\/\/kruze.ee\/et\/toode\/xd-collection-stoneleaf-a5-korgist-ja-kivipaberist-markmik\/","og_site_name":"Kruze.ee","article_modified_time":"2026-03-16T21:59:23+00:00","twitter_card":"summary_large_image","schema":{"@context":"https:\/\/schema.org","@graph":[{"@type":"WebPage","@id":"https:\/\/kruze.ee\/et\/toode\/xd-collection-stoneleaf-a5-korgist-ja-kivipaberist-markmik\/","url":"https:\/\/kruze.ee\/et\/toode\/xd-collection-stoneleaf-a5-korgist-ja-kivipaberist-markmik\/","name":"XD Collection Stoneleaf A5 korgist ja kivipaberist m\u00e4rkmik - Kruze.ee","isPartOf":{"@id":"https:\/\/kruze.ee\/et\/#website"},"datePublished":"2026-01-31T13:48:32+00:00","dateModified":"2026-03-16T21:59:23+00:00","breadcrumb":{"@id":"https:\/\/kruze.ee\/et\/toode\/xd-collection-stoneleaf-a5-korgist-ja-kivipaberist-markmik\/#breadcrumb"},"inLanguage":"et","potentialAction":[{"@type":"ReadAction","target":["https:\/\/kruze.ee\/et\/toode\/xd-collection-stoneleaf-a5-korgist-ja-kivipaberist-markmik\/"]}]},{"@type":"BreadcrumbList","@id":"https:\/\/kruze.ee\/et\/toode\/xd-collection-stoneleaf-a5-korgist-ja-kivipaberist-markmik\/#breadcrumb","itemListElement":[{"@type":"ListItem","position":1,"name":"Home","item":"https:\/\/kruze.ee\/et\/"},{"@type":"ListItem","position":2,"name":"Tooted","item":"https:\/\/kruze.ee\/et\/tooted\/"},{"@type":"ListItem","position":3,"name":"XD Collection Stoneleaf A5 korgist ja kivipaberist m\u00e4rkmik"}]},{"@type":"WebSite","@id":"https:\/\/kruze.ee\/et\/#website","url":"https:\/\/kruze.ee\/et\/","name":"Kruze.ee","description":"Reklaamkingitused, tr&uuml;kiga T-s&auml;rgid, fliisid, dressipluused, tekstiil, joped ja paljud teised logoga meened, &Auml;rikingitused sinu partnerile! Telli juba t&auml;na.","potentialAction":[{"@type":"SearchAction","target":{"@type":"EntryPoint","urlTemplate":"https:\/\/kruze.ee\/et\/?s={search_term_string}"},"query-input":{"@type":"PropertyValueSpecification","valueRequired":true,"valueName":"search_term_string"}}],"inLanguage":"et"}]}},"_links":{"self":[{"href":"https:\/\/kruze.ee\/et\/wp-json\/wp\/v2\/product\/1441620","targetHints":{"allow":["GET"]}}],"collection":[{"href":"https:\/\/kruze.ee\/et\/wp-json\/wp\/v2\/product"}],"about":[{"href":"https:\/\/kruze.ee\/et\/wp-json\/wp\/v2\/types\/product"}],"wp:attachment":[{"href":"https:\/\/kruze.ee\/et\/wp-json\/wp\/v2\/media?parent=1441620"}],"wp:term":[{"taxonomy":"product_brand","embeddable":true,"href":"https:\/\/kruze.ee\/et\/wp-json\/wp\/v2\/product_brand?post=1441620"},{"taxonomy":"product_cat","embeddable":true,"href":"https:\/\/kruze.ee\/et\/wp-json\/wp\/v2\/product_cat?post=1441620"},{"taxonomy":"product_tag","embeddable":true,"href":"https:\/\/kruze.ee\/et\/wp-json\/wp\/v2\/product_tag?post=1441620"}],"curies":[{"name":"wp","href":"https:\/\/api.w.org\/{rel}","templated":true}]}}