{"id":1441610,"date":"2026-01-31T16:48:26","date_gmt":"2026-01-31T13:48:26","guid":{"rendered":"https:\/\/kruze.ee\/product\/xd-collection-stylo-a5-suhkruroopaberist-markmik\/"},"modified":"2026-03-17T00:59:21","modified_gmt":"2026-03-16T21:59:21","slug":"xd-collection-stylo-a5-suhkruroopaberist-markmik","status":"publish","type":"product","link":"https:\/\/kruze.ee\/et\/toode\/xd-collection-stylo-a5-suhkruroopaberist-markmik\/","title":{"rendered":"XD Collection Stylo A5 suhkruroopaberist m\u00e4rkmik"},"content":{"rendered":"<p>Kaunis m\u00e4rkmik naturaalse suhkruroost kaanega, ideaalne neile, kes soovivad oma m\u00f5tted paberile panna. Ka sisulehed on valmistatud suhkruroopaberist. M\u00e4rkmikus on 80 lehte (160 lehek\u00fclge) kreemikat tooni joonelist paberit grammkaaluga 80 g\/m\u00b2.<\/p>\n","protected":false},"excerpt":{"rendered":"<p>Kaunis m\u00e4rkmik naturaalse suhkruroost kaanega, ideaalne neile, kes soovivad oma m\u00f5tted paberile panna. Ka sisulehed on valmistatud suhkruroopaberist. M\u00e4rkmikus&#8230;<\/p>\n","protected":false},"featured_media":0,"template":"","meta":[],"product_brand":[],"product_cat":[5406],"product_tag":[],"class_list":{"0":"post-1441610","1":"product","2":"type-product","3":"status-publish","5":"product_cat-markmikud","6":"pa_brand-xd-collection","7":"pa_color-brown-2","8":"pa_color-roheline","9":"pa_color-blue-2","10":"pa_gender-uniseks","11":"pa_gender-unisex","14":"pa_material-bagasse-paperbagasse-paper","16":"first","17":"instock","18":"taxable","19":"shipping-taxable","20":"purchasable","21":"product-type-variable"},"acf":[],"yoast_head":"<!-- This site is optimized with the Yoast SEO plugin v26.0 - https:\/\/yoast.com\/wordpress\/plugins\/seo\/ -->\n<title>XD Collection Stylo A5 suhkruroopaberist m\u00e4rkmik - Kruze.ee<\/title>\n<meta name=\"robots\" content=\"index, follow, max-snippet:-1, max-image-preview:large, max-video-preview:-1\" \/>\n<link rel=\"canonical\" href=\"https:\/\/kruze.ee\/et\/toode\/xd-collection-stylo-a5-suhkruroopaberist-markmik\/\" \/>\n<meta property=\"og:locale\" content=\"et_EE\" \/>\n<meta property=\"og:type\" content=\"article\" \/>\n<meta property=\"og:title\" content=\"XD Collection Stylo A5 suhkruroopaberist m\u00e4rkmik - Kruze.ee\" \/>\n<meta property=\"og:description\" content=\"Kaunis m\u00e4rkmik naturaalse suhkruroost kaanega, ideaalne neile, kes soovivad oma m\u00f5tted paberile panna. Ka sisulehed on valmistatud suhkruroopaberist. M\u00e4rkmikus...\" \/>\n<meta property=\"og:url\" content=\"https:\/\/kruze.ee\/et\/toode\/xd-collection-stylo-a5-suhkruroopaberist-markmik\/\" \/>\n<meta property=\"og:site_name\" content=\"Kruze.ee\" \/>\n<meta property=\"article:modified_time\" content=\"2026-03-16T21:59:21+00:00\" \/>\n<meta name=\"twitter:card\" content=\"summary_large_image\" \/>\n<script type=\"application\/ld+json\" class=\"yoast-schema-graph\">{\"@context\":\"https:\/\/schema.org\",\"@graph\":[{\"@type\":\"WebPage\",\"@id\":\"https:\/\/kruze.ee\/et\/toode\/xd-collection-stylo-a5-suhkruroopaberist-markmik\/\",\"url\":\"https:\/\/kruze.ee\/et\/toode\/xd-collection-stylo-a5-suhkruroopaberist-markmik\/\",\"name\":\"XD Collection Stylo A5 suhkruroopaberist m\u00e4rkmik - Kruze.ee\",\"isPartOf\":{\"@id\":\"https:\/\/kruze.ee\/et\/#website\"},\"datePublished\":\"2026-01-31T13:48:26+00:00\",\"dateModified\":\"2026-03-16T21:59:21+00:00\",\"breadcrumb\":{\"@id\":\"https:\/\/kruze.ee\/et\/toode\/xd-collection-stylo-a5-suhkruroopaberist-markmik\/#breadcrumb\"},\"inLanguage\":\"et\",\"potentialAction\":[{\"@type\":\"ReadAction\",\"target\":[\"https:\/\/kruze.ee\/et\/toode\/xd-collection-stylo-a5-suhkruroopaberist-markmik\/\"]}]},{\"@type\":\"BreadcrumbList\",\"@id\":\"https:\/\/kruze.ee\/et\/toode\/xd-collection-stylo-a5-suhkruroopaberist-markmik\/#breadcrumb\",\"itemListElement\":[{\"@type\":\"ListItem\",\"position\":1,\"name\":\"Home\",\"item\":\"https:\/\/kruze.ee\/et\/\"},{\"@type\":\"ListItem\",\"position\":2,\"name\":\"Tooted\",\"item\":\"https:\/\/kruze.ee\/et\/tooted\/\"},{\"@type\":\"ListItem\",\"position\":3,\"name\":\"XD Collection Stylo A5 suhkruroopaberist m\u00e4rkmik\"}]},{\"@type\":\"WebSite\",\"@id\":\"https:\/\/kruze.ee\/et\/#website\",\"url\":\"https:\/\/kruze.ee\/et\/\",\"name\":\"Kruze.ee\",\"description\":\"Reklaamkingitused, tr&uuml;kiga T-s&auml;rgid, fliisid, dressipluused, tekstiil, joped ja paljud teised logoga meened, &Auml;rikingitused sinu partnerile! Telli juba t&auml;na.\",\"potentialAction\":[{\"@type\":\"SearchAction\",\"target\":{\"@type\":\"EntryPoint\",\"urlTemplate\":\"https:\/\/kruze.ee\/et\/?s={search_term_string}\"},\"query-input\":{\"@type\":\"PropertyValueSpecification\",\"valueRequired\":true,\"valueName\":\"search_term_string\"}}],\"inLanguage\":\"et\"}]}<\/script>\n<!-- \/ Yoast SEO plugin. -->","yoast_head_json":{"title":"XD Collection Stylo A5 suhkruroopaberist m\u00e4rkmik - Kruze.ee","robots":{"index":"index","follow":"follow","max-snippet":"max-snippet:-1","max-image-preview":"max-image-preview:large","max-video-preview":"max-video-preview:-1"},"canonical":"https:\/\/kruze.ee\/et\/toode\/xd-collection-stylo-a5-suhkruroopaberist-markmik\/","og_locale":"et_EE","og_type":"article","og_title":"XD Collection Stylo A5 suhkruroopaberist m\u00e4rkmik - Kruze.ee","og_description":"Kaunis m\u00e4rkmik naturaalse suhkruroost kaanega, ideaalne neile, kes soovivad oma m\u00f5tted paberile panna. Ka sisulehed on valmistatud suhkruroopaberist. M\u00e4rkmikus...","og_url":"https:\/\/kruze.ee\/et\/toode\/xd-collection-stylo-a5-suhkruroopaberist-markmik\/","og_site_name":"Kruze.ee","article_modified_time":"2026-03-16T21:59:21+00:00","twitter_card":"summary_large_image","schema":{"@context":"https:\/\/schema.org","@graph":[{"@type":"WebPage","@id":"https:\/\/kruze.ee\/et\/toode\/xd-collection-stylo-a5-suhkruroopaberist-markmik\/","url":"https:\/\/kruze.ee\/et\/toode\/xd-collection-stylo-a5-suhkruroopaberist-markmik\/","name":"XD Collection Stylo A5 suhkruroopaberist m\u00e4rkmik - Kruze.ee","isPartOf":{"@id":"https:\/\/kruze.ee\/et\/#website"},"datePublished":"2026-01-31T13:48:26+00:00","dateModified":"2026-03-16T21:59:21+00:00","breadcrumb":{"@id":"https:\/\/kruze.ee\/et\/toode\/xd-collection-stylo-a5-suhkruroopaberist-markmik\/#breadcrumb"},"inLanguage":"et","potentialAction":[{"@type":"ReadAction","target":["https:\/\/kruze.ee\/et\/toode\/xd-collection-stylo-a5-suhkruroopaberist-markmik\/"]}]},{"@type":"BreadcrumbList","@id":"https:\/\/kruze.ee\/et\/toode\/xd-collection-stylo-a5-suhkruroopaberist-markmik\/#breadcrumb","itemListElement":[{"@type":"ListItem","position":1,"name":"Home","item":"https:\/\/kruze.ee\/et\/"},{"@type":"ListItem","position":2,"name":"Tooted","item":"https:\/\/kruze.ee\/et\/tooted\/"},{"@type":"ListItem","position":3,"name":"XD Collection Stylo A5 suhkruroopaberist m\u00e4rkmik"}]},{"@type":"WebSite","@id":"https:\/\/kruze.ee\/et\/#website","url":"https:\/\/kruze.ee\/et\/","name":"Kruze.ee","description":"Reklaamkingitused, tr&uuml;kiga T-s&auml;rgid, fliisid, dressipluused, tekstiil, joped ja paljud teised logoga meened, &Auml;rikingitused sinu partnerile! Telli juba t&auml;na.","potentialAction":[{"@type":"SearchAction","target":{"@type":"EntryPoint","urlTemplate":"https:\/\/kruze.ee\/et\/?s={search_term_string}"},"query-input":{"@type":"PropertyValueSpecification","valueRequired":true,"valueName":"search_term_string"}}],"inLanguage":"et"}]}},"_links":{"self":[{"href":"https:\/\/kruze.ee\/et\/wp-json\/wp\/v2\/product\/1441610","targetHints":{"allow":["GET"]}}],"collection":[{"href":"https:\/\/kruze.ee\/et\/wp-json\/wp\/v2\/product"}],"about":[{"href":"https:\/\/kruze.ee\/et\/wp-json\/wp\/v2\/types\/product"}],"wp:attachment":[{"href":"https:\/\/kruze.ee\/et\/wp-json\/wp\/v2\/media?parent=1441610"}],"wp:term":[{"taxonomy":"product_brand","embeddable":true,"href":"https:\/\/kruze.ee\/et\/wp-json\/wp\/v2\/product_brand?post=1441610"},{"taxonomy":"product_cat","embeddable":true,"href":"https:\/\/kruze.ee\/et\/wp-json\/wp\/v2\/product_cat?post=1441610"},{"taxonomy":"product_tag","embeddable":true,"href":"https:\/\/kruze.ee\/et\/wp-json\/wp\/v2\/product_tag?post=1441610"}],"curies":[{"name":"wp","href":"https:\/\/api.w.org\/{rel}","templated":true}]}}