{"id":1441606,"date":"2026-01-31T16:48:23","date_gmt":"2026-01-31T13:48:23","guid":{"rendered":"https:\/\/kruze.ee\/product\/xd-collection-words-grs-sertifitseeritud-rpet-ja-kraftpaberist-a5-markmik\/"},"modified":"2026-03-17T00:59:20","modified_gmt":"2026-03-16T21:59:20","slug":"xd-collection-words-grs-sertifitseeritud-rpet-ja-kraftpaberist-a5-markmik","status":"publish","type":"product","link":"https:\/\/kruze.ee\/et\/toode\/xd-collection-words-grs-sertifitseeritud-rpet-ja-kraftpaberist-a5-markmik\/","title":{"rendered":"XD Collection Words GRS-sertifitseeritud RPET- ja kraftpaberist A5 m\u00e4rkmik"},"content":{"rendered":"<p>See kaunis m\u00e4rkmik on ideaalne neile, kes soovivad oma m\u00f5tted paberile panna. Nii kaaned kui ka sisulehed on valmistatud 100% GRS-sertifitseeritud materjalidest. GRS-sertifikaat tagab, et kogu taaskasutatud materjalide tarneahel on t\u00e4ielikult sertifitseeritud. Taaskasutatud materjali osakaal on 99% toote kogukaalust. M\u00e4rkmikus on 80 lehte (160 lehek\u00fclge) valget joonelist paberit grammkaaluga 80 g\/m\u00b2.<\/p>\n","protected":false},"excerpt":{"rendered":"<p>See kaunis m\u00e4rkmik on ideaalne neile, kes soovivad oma m\u00f5tted paberile panna. Nii kaaned kui ka sisulehed on valmistatud 100% GRS-sertifitseeritud&#8230;<\/p>\n","protected":false},"featured_media":0,"template":"","meta":[],"product_brand":[],"product_cat":[5406],"product_tag":[],"class_list":{"0":"post-1441606","1":"product","2":"type-product","3":"status-publish","5":"product_cat-markmikud","6":"pa_brand-xd-collection","7":"pa_color-hall","8":"pa_color-off-white-2","9":"pa_gender-uniseks","10":"pa_gender-unisex","13":"pa_material-rpetpaper","15":"first","16":"instock","17":"taxable","18":"shipping-taxable","19":"purchasable","20":"product-type-variable"},"acf":[],"yoast_head":"<!-- This site is optimized with the Yoast SEO plugin v26.0 - https:\/\/yoast.com\/wordpress\/plugins\/seo\/ -->\n<title>XD Collection Words GRS-sertifitseeritud RPET- ja kraftpaberist A5 m\u00e4rkmik - Kruze.ee<\/title>\n<meta name=\"robots\" content=\"index, follow, max-snippet:-1, max-image-preview:large, max-video-preview:-1\" \/>\n<link rel=\"canonical\" href=\"https:\/\/kruze.ee\/et\/toode\/xd-collection-words-grs-sertifitseeritud-rpet-ja-kraftpaberist-a5-markmik\/\" \/>\n<meta property=\"og:locale\" content=\"et_EE\" \/>\n<meta property=\"og:type\" content=\"article\" \/>\n<meta property=\"og:title\" content=\"XD Collection Words GRS-sertifitseeritud RPET- ja kraftpaberist A5 m\u00e4rkmik - Kruze.ee\" \/>\n<meta property=\"og:description\" content=\"See kaunis m\u00e4rkmik on ideaalne neile, kes soovivad oma m\u00f5tted paberile panna. Nii kaaned kui ka sisulehed on valmistatud 100% GRS-sertifitseeritud...\" \/>\n<meta property=\"og:url\" content=\"https:\/\/kruze.ee\/et\/toode\/xd-collection-words-grs-sertifitseeritud-rpet-ja-kraftpaberist-a5-markmik\/\" \/>\n<meta property=\"og:site_name\" content=\"Kruze.ee\" \/>\n<meta property=\"article:modified_time\" content=\"2026-03-16T21:59:20+00:00\" \/>\n<meta name=\"twitter:card\" content=\"summary_large_image\" \/>\n<script type=\"application\/ld+json\" class=\"yoast-schema-graph\">{\"@context\":\"https:\/\/schema.org\",\"@graph\":[{\"@type\":\"WebPage\",\"@id\":\"https:\/\/kruze.ee\/et\/toode\/xd-collection-words-grs-sertifitseeritud-rpet-ja-kraftpaberist-a5-markmik\/\",\"url\":\"https:\/\/kruze.ee\/et\/toode\/xd-collection-words-grs-sertifitseeritud-rpet-ja-kraftpaberist-a5-markmik\/\",\"name\":\"XD Collection Words GRS-sertifitseeritud RPET- ja kraftpaberist A5 m\u00e4rkmik - Kruze.ee\",\"isPartOf\":{\"@id\":\"https:\/\/kruze.ee\/et\/#website\"},\"datePublished\":\"2026-01-31T13:48:23+00:00\",\"dateModified\":\"2026-03-16T21:59:20+00:00\",\"breadcrumb\":{\"@id\":\"https:\/\/kruze.ee\/et\/toode\/xd-collection-words-grs-sertifitseeritud-rpet-ja-kraftpaberist-a5-markmik\/#breadcrumb\"},\"inLanguage\":\"et\",\"potentialAction\":[{\"@type\":\"ReadAction\",\"target\":[\"https:\/\/kruze.ee\/et\/toode\/xd-collection-words-grs-sertifitseeritud-rpet-ja-kraftpaberist-a5-markmik\/\"]}]},{\"@type\":\"BreadcrumbList\",\"@id\":\"https:\/\/kruze.ee\/et\/toode\/xd-collection-words-grs-sertifitseeritud-rpet-ja-kraftpaberist-a5-markmik\/#breadcrumb\",\"itemListElement\":[{\"@type\":\"ListItem\",\"position\":1,\"name\":\"Home\",\"item\":\"https:\/\/kruze.ee\/et\/\"},{\"@type\":\"ListItem\",\"position\":2,\"name\":\"Tooted\",\"item\":\"https:\/\/kruze.ee\/et\/tooted\/\"},{\"@type\":\"ListItem\",\"position\":3,\"name\":\"XD Collection Words GRS-sertifitseeritud RPET- ja kraftpaberist A5 m\u00e4rkmik\"}]},{\"@type\":\"WebSite\",\"@id\":\"https:\/\/kruze.ee\/et\/#website\",\"url\":\"https:\/\/kruze.ee\/et\/\",\"name\":\"Kruze.ee\",\"description\":\"Reklaamkingitused, tr&uuml;kiga T-s&auml;rgid, fliisid, dressipluused, tekstiil, joped ja paljud teised logoga meened, &Auml;rikingitused sinu partnerile! Telli juba t&auml;na.\",\"potentialAction\":[{\"@type\":\"SearchAction\",\"target\":{\"@type\":\"EntryPoint\",\"urlTemplate\":\"https:\/\/kruze.ee\/et\/?s={search_term_string}\"},\"query-input\":{\"@type\":\"PropertyValueSpecification\",\"valueRequired\":true,\"valueName\":\"search_term_string\"}}],\"inLanguage\":\"et\"}]}<\/script>\n<!-- \/ Yoast SEO plugin. -->","yoast_head_json":{"title":"XD Collection Words GRS-sertifitseeritud RPET- ja kraftpaberist A5 m\u00e4rkmik - Kruze.ee","robots":{"index":"index","follow":"follow","max-snippet":"max-snippet:-1","max-image-preview":"max-image-preview:large","max-video-preview":"max-video-preview:-1"},"canonical":"https:\/\/kruze.ee\/et\/toode\/xd-collection-words-grs-sertifitseeritud-rpet-ja-kraftpaberist-a5-markmik\/","og_locale":"et_EE","og_type":"article","og_title":"XD Collection Words GRS-sertifitseeritud RPET- ja kraftpaberist A5 m\u00e4rkmik - Kruze.ee","og_description":"See kaunis m\u00e4rkmik on ideaalne neile, kes soovivad oma m\u00f5tted paberile panna. Nii kaaned kui ka sisulehed on valmistatud 100% GRS-sertifitseeritud...","og_url":"https:\/\/kruze.ee\/et\/toode\/xd-collection-words-grs-sertifitseeritud-rpet-ja-kraftpaberist-a5-markmik\/","og_site_name":"Kruze.ee","article_modified_time":"2026-03-16T21:59:20+00:00","twitter_card":"summary_large_image","schema":{"@context":"https:\/\/schema.org","@graph":[{"@type":"WebPage","@id":"https:\/\/kruze.ee\/et\/toode\/xd-collection-words-grs-sertifitseeritud-rpet-ja-kraftpaberist-a5-markmik\/","url":"https:\/\/kruze.ee\/et\/toode\/xd-collection-words-grs-sertifitseeritud-rpet-ja-kraftpaberist-a5-markmik\/","name":"XD Collection Words GRS-sertifitseeritud RPET- ja kraftpaberist A5 m\u00e4rkmik - Kruze.ee","isPartOf":{"@id":"https:\/\/kruze.ee\/et\/#website"},"datePublished":"2026-01-31T13:48:23+00:00","dateModified":"2026-03-16T21:59:20+00:00","breadcrumb":{"@id":"https:\/\/kruze.ee\/et\/toode\/xd-collection-words-grs-sertifitseeritud-rpet-ja-kraftpaberist-a5-markmik\/#breadcrumb"},"inLanguage":"et","potentialAction":[{"@type":"ReadAction","target":["https:\/\/kruze.ee\/et\/toode\/xd-collection-words-grs-sertifitseeritud-rpet-ja-kraftpaberist-a5-markmik\/"]}]},{"@type":"BreadcrumbList","@id":"https:\/\/kruze.ee\/et\/toode\/xd-collection-words-grs-sertifitseeritud-rpet-ja-kraftpaberist-a5-markmik\/#breadcrumb","itemListElement":[{"@type":"ListItem","position":1,"name":"Home","item":"https:\/\/kruze.ee\/et\/"},{"@type":"ListItem","position":2,"name":"Tooted","item":"https:\/\/kruze.ee\/et\/tooted\/"},{"@type":"ListItem","position":3,"name":"XD Collection Words GRS-sertifitseeritud RPET- ja kraftpaberist A5 m\u00e4rkmik"}]},{"@type":"WebSite","@id":"https:\/\/kruze.ee\/et\/#website","url":"https:\/\/kruze.ee\/et\/","name":"Kruze.ee","description":"Reklaamkingitused, tr&uuml;kiga T-s&auml;rgid, fliisid, dressipluused, tekstiil, joped ja paljud teised logoga meened, &Auml;rikingitused sinu partnerile! Telli juba t&auml;na.","potentialAction":[{"@type":"SearchAction","target":{"@type":"EntryPoint","urlTemplate":"https:\/\/kruze.ee\/et\/?s={search_term_string}"},"query-input":{"@type":"PropertyValueSpecification","valueRequired":true,"valueName":"search_term_string"}}],"inLanguage":"et"}]}},"_links":{"self":[{"href":"https:\/\/kruze.ee\/et\/wp-json\/wp\/v2\/product\/1441606","targetHints":{"allow":["GET"]}}],"collection":[{"href":"https:\/\/kruze.ee\/et\/wp-json\/wp\/v2\/product"}],"about":[{"href":"https:\/\/kruze.ee\/et\/wp-json\/wp\/v2\/types\/product"}],"wp:attachment":[{"href":"https:\/\/kruze.ee\/et\/wp-json\/wp\/v2\/media?parent=1441606"}],"wp:term":[{"taxonomy":"product_brand","embeddable":true,"href":"https:\/\/kruze.ee\/et\/wp-json\/wp\/v2\/product_brand?post=1441606"},{"taxonomy":"product_cat","embeddable":true,"href":"https:\/\/kruze.ee\/et\/wp-json\/wp\/v2\/product_cat?post=1441606"},{"taxonomy":"product_tag","embeddable":true,"href":"https:\/\/kruze.ee\/et\/wp-json\/wp\/v2\/product_tag?post=1441606"}],"curies":[{"name":"wp","href":"https:\/\/api.w.org\/{rel}","templated":true}]}}