{"id":1441582,"date":"2026-01-31T16:48:13","date_gmt":"2026-01-31T13:48:13","guid":{"rendered":"https:\/\/kruze.ee\/product\/xd-collection-salton-a5-grs-sertifitseeritud-taaskasutatud-paberist-markmik\/"},"modified":"2026-03-17T00:59:15","modified_gmt":"2026-03-16T21:59:15","slug":"xd-collection-salton-a5-grs-sertifitseeritud-taaskasutatud-paberist-markmik","status":"publish","type":"product","link":"https:\/\/kruze.ee\/et\/toode\/xd-collection-salton-a5-grs-sertifitseeritud-taaskasutatud-paberist-markmik\/","title":{"rendered":"XD Collection Salton A5 GRS-sertifitseeritud taaskasutatud paberist m\u00e4rkmik"},"content":{"rendered":"<p>Otsid m\u00e4rkmikku, mis oleks nii stiilne kui ka v\u00e4ikese keskkonnam\u00f5juga? See kaunis m\u00e4rkmik on just see, mida vajad. Siselehed on valmistatud 100% taaskasutatud valgest joonelisest paberist grammkaaluga 80 g\/m\u00b2, mis sobib suurep\u00e4raselt kirjutamiseks, joonistamiseks ja visandamiseks. M\u00e4rkmikus on 96 lehte (192 lehek\u00fclge).<\/p>\n","protected":false},"excerpt":{"rendered":"<p>Otsid m\u00e4rkmikku, mis oleks nii stiilne kui ka v\u00e4ikese keskkonnam\u00f5juga? See kaunis m\u00e4rkmik on just see, mida vajad. Siselehed on valmistatud 100% taaskasutatud&#8230;<\/p>\n","protected":false},"featured_media":0,"template":"","meta":[],"product_brand":[],"product_cat":[5406],"product_tag":[],"class_list":{"0":"post-1441582","1":"product","2":"type-product","3":"status-publish","5":"product_cat-markmikud","6":"pa_brand-xd-collection","7":"pa_color-kirsipunane","8":"pa_color-black-2","9":"pa_color-brown-2","10":"pa_color-blue-2","11":"pa_color-valge","12":"pa_gender-uniseks","13":"pa_gender-unisex","16":"pa_material-paperpaper","18":"first","19":"instock","20":"taxable","21":"shipping-taxable","22":"purchasable","23":"product-type-variable"},"acf":[],"yoast_head":"<!-- This site is optimized with the Yoast SEO plugin v26.0 - https:\/\/yoast.com\/wordpress\/plugins\/seo\/ -->\n<title>XD Collection Salton A5 GRS-sertifitseeritud taaskasutatud paberist m\u00e4rkmik - Kruze.ee<\/title>\n<meta name=\"robots\" content=\"index, follow, max-snippet:-1, max-image-preview:large, max-video-preview:-1\" \/>\n<link rel=\"canonical\" href=\"https:\/\/kruze.ee\/et\/toode\/xd-collection-salton-a5-grs-sertifitseeritud-taaskasutatud-paberist-markmik\/\" \/>\n<meta property=\"og:locale\" content=\"et_EE\" \/>\n<meta property=\"og:type\" content=\"article\" \/>\n<meta property=\"og:title\" content=\"XD Collection Salton A5 GRS-sertifitseeritud taaskasutatud paberist m\u00e4rkmik - Kruze.ee\" \/>\n<meta property=\"og:description\" content=\"Otsid m\u00e4rkmikku, mis oleks nii stiilne kui ka v\u00e4ikese keskkonnam\u00f5juga? See kaunis m\u00e4rkmik on just see, mida vajad. Siselehed on valmistatud 100% taaskasutatud...\" \/>\n<meta property=\"og:url\" content=\"https:\/\/kruze.ee\/et\/toode\/xd-collection-salton-a5-grs-sertifitseeritud-taaskasutatud-paberist-markmik\/\" \/>\n<meta property=\"og:site_name\" content=\"Kruze.ee\" \/>\n<meta property=\"article:modified_time\" content=\"2026-03-16T21:59:15+00:00\" \/>\n<meta name=\"twitter:card\" content=\"summary_large_image\" \/>\n<script type=\"application\/ld+json\" class=\"yoast-schema-graph\">{\"@context\":\"https:\/\/schema.org\",\"@graph\":[{\"@type\":\"WebPage\",\"@id\":\"https:\/\/kruze.ee\/et\/toode\/xd-collection-salton-a5-grs-sertifitseeritud-taaskasutatud-paberist-markmik\/\",\"url\":\"https:\/\/kruze.ee\/et\/toode\/xd-collection-salton-a5-grs-sertifitseeritud-taaskasutatud-paberist-markmik\/\",\"name\":\"XD Collection Salton A5 GRS-sertifitseeritud taaskasutatud paberist m\u00e4rkmik - Kruze.ee\",\"isPartOf\":{\"@id\":\"https:\/\/kruze.ee\/et\/#website\"},\"datePublished\":\"2026-01-31T13:48:13+00:00\",\"dateModified\":\"2026-03-16T21:59:15+00:00\",\"breadcrumb\":{\"@id\":\"https:\/\/kruze.ee\/et\/toode\/xd-collection-salton-a5-grs-sertifitseeritud-taaskasutatud-paberist-markmik\/#breadcrumb\"},\"inLanguage\":\"et\",\"potentialAction\":[{\"@type\":\"ReadAction\",\"target\":[\"https:\/\/kruze.ee\/et\/toode\/xd-collection-salton-a5-grs-sertifitseeritud-taaskasutatud-paberist-markmik\/\"]}]},{\"@type\":\"BreadcrumbList\",\"@id\":\"https:\/\/kruze.ee\/et\/toode\/xd-collection-salton-a5-grs-sertifitseeritud-taaskasutatud-paberist-markmik\/#breadcrumb\",\"itemListElement\":[{\"@type\":\"ListItem\",\"position\":1,\"name\":\"Home\",\"item\":\"https:\/\/kruze.ee\/et\/\"},{\"@type\":\"ListItem\",\"position\":2,\"name\":\"Tooted\",\"item\":\"https:\/\/kruze.ee\/et\/tooted\/\"},{\"@type\":\"ListItem\",\"position\":3,\"name\":\"XD Collection Salton A5 GRS-sertifitseeritud taaskasutatud paberist m\u00e4rkmik\"}]},{\"@type\":\"WebSite\",\"@id\":\"https:\/\/kruze.ee\/et\/#website\",\"url\":\"https:\/\/kruze.ee\/et\/\",\"name\":\"Kruze.ee\",\"description\":\"Reklaamkingitused, tr&uuml;kiga T-s&auml;rgid, fliisid, dressipluused, tekstiil, joped ja paljud teised logoga meened, &Auml;rikingitused sinu partnerile! Telli juba t&auml;na.\",\"potentialAction\":[{\"@type\":\"SearchAction\",\"target\":{\"@type\":\"EntryPoint\",\"urlTemplate\":\"https:\/\/kruze.ee\/et\/?s={search_term_string}\"},\"query-input\":{\"@type\":\"PropertyValueSpecification\",\"valueRequired\":true,\"valueName\":\"search_term_string\"}}],\"inLanguage\":\"et\"}]}<\/script>\n<!-- \/ Yoast SEO plugin. -->","yoast_head_json":{"title":"XD Collection Salton A5 GRS-sertifitseeritud taaskasutatud paberist m\u00e4rkmik - Kruze.ee","robots":{"index":"index","follow":"follow","max-snippet":"max-snippet:-1","max-image-preview":"max-image-preview:large","max-video-preview":"max-video-preview:-1"},"canonical":"https:\/\/kruze.ee\/et\/toode\/xd-collection-salton-a5-grs-sertifitseeritud-taaskasutatud-paberist-markmik\/","og_locale":"et_EE","og_type":"article","og_title":"XD Collection Salton A5 GRS-sertifitseeritud taaskasutatud paberist m\u00e4rkmik - Kruze.ee","og_description":"Otsid m\u00e4rkmikku, mis oleks nii stiilne kui ka v\u00e4ikese keskkonnam\u00f5juga? See kaunis m\u00e4rkmik on just see, mida vajad. Siselehed on valmistatud 100% taaskasutatud...","og_url":"https:\/\/kruze.ee\/et\/toode\/xd-collection-salton-a5-grs-sertifitseeritud-taaskasutatud-paberist-markmik\/","og_site_name":"Kruze.ee","article_modified_time":"2026-03-16T21:59:15+00:00","twitter_card":"summary_large_image","schema":{"@context":"https:\/\/schema.org","@graph":[{"@type":"WebPage","@id":"https:\/\/kruze.ee\/et\/toode\/xd-collection-salton-a5-grs-sertifitseeritud-taaskasutatud-paberist-markmik\/","url":"https:\/\/kruze.ee\/et\/toode\/xd-collection-salton-a5-grs-sertifitseeritud-taaskasutatud-paberist-markmik\/","name":"XD Collection Salton A5 GRS-sertifitseeritud taaskasutatud paberist m\u00e4rkmik - Kruze.ee","isPartOf":{"@id":"https:\/\/kruze.ee\/et\/#website"},"datePublished":"2026-01-31T13:48:13+00:00","dateModified":"2026-03-16T21:59:15+00:00","breadcrumb":{"@id":"https:\/\/kruze.ee\/et\/toode\/xd-collection-salton-a5-grs-sertifitseeritud-taaskasutatud-paberist-markmik\/#breadcrumb"},"inLanguage":"et","potentialAction":[{"@type":"ReadAction","target":["https:\/\/kruze.ee\/et\/toode\/xd-collection-salton-a5-grs-sertifitseeritud-taaskasutatud-paberist-markmik\/"]}]},{"@type":"BreadcrumbList","@id":"https:\/\/kruze.ee\/et\/toode\/xd-collection-salton-a5-grs-sertifitseeritud-taaskasutatud-paberist-markmik\/#breadcrumb","itemListElement":[{"@type":"ListItem","position":1,"name":"Home","item":"https:\/\/kruze.ee\/et\/"},{"@type":"ListItem","position":2,"name":"Tooted","item":"https:\/\/kruze.ee\/et\/tooted\/"},{"@type":"ListItem","position":3,"name":"XD Collection Salton A5 GRS-sertifitseeritud taaskasutatud paberist m\u00e4rkmik"}]},{"@type":"WebSite","@id":"https:\/\/kruze.ee\/et\/#website","url":"https:\/\/kruze.ee\/et\/","name":"Kruze.ee","description":"Reklaamkingitused, tr&uuml;kiga T-s&auml;rgid, fliisid, dressipluused, tekstiil, joped ja paljud teised logoga meened, &Auml;rikingitused sinu partnerile! Telli juba t&auml;na.","potentialAction":[{"@type":"SearchAction","target":{"@type":"EntryPoint","urlTemplate":"https:\/\/kruze.ee\/et\/?s={search_term_string}"},"query-input":{"@type":"PropertyValueSpecification","valueRequired":true,"valueName":"search_term_string"}}],"inLanguage":"et"}]}},"_links":{"self":[{"href":"https:\/\/kruze.ee\/et\/wp-json\/wp\/v2\/product\/1441582","targetHints":{"allow":["GET"]}}],"collection":[{"href":"https:\/\/kruze.ee\/et\/wp-json\/wp\/v2\/product"}],"about":[{"href":"https:\/\/kruze.ee\/et\/wp-json\/wp\/v2\/types\/product"}],"wp:attachment":[{"href":"https:\/\/kruze.ee\/et\/wp-json\/wp\/v2\/media?parent=1441582"}],"wp:term":[{"taxonomy":"product_brand","embeddable":true,"href":"https:\/\/kruze.ee\/et\/wp-json\/wp\/v2\/product_brand?post=1441582"},{"taxonomy":"product_cat","embeddable":true,"href":"https:\/\/kruze.ee\/et\/wp-json\/wp\/v2\/product_cat?post=1441582"},{"taxonomy":"product_tag","embeddable":true,"href":"https:\/\/kruze.ee\/et\/wp-json\/wp\/v2\/product_tag?post=1441582"}],"curies":[{"name":"wp","href":"https:\/\/api.w.org\/{rel}","templated":true}]}}