{"id":1441576,"date":"2026-01-31T16:48:07","date_gmt":"2026-01-31T13:48:07","guid":{"rendered":"https:\/\/kruze.ee\/product\/xd-collection-bambusest-markmiku-ja-pliiatsi-komplekt\/"},"modified":"2026-03-17T00:59:12","modified_gmt":"2026-03-16T21:59:12","slug":"xd-collection-bambusest-markmiku-ja-pliiatsi-komplekt","status":"publish","type":"product","link":"https:\/\/kruze.ee\/et\/toode\/xd-collection-bambusest-markmiku-ja-pliiatsi-komplekt\/","title":{"rendered":"XD Collection bambusest m\u00e4rkmiku ja pliiatsi komplekt"},"content":{"rendered":"<p>See kaunis FSC\u00ae-sertifitseeritud bambusest m\u00e4rkmik on valmistatud j\u00e4tkusuutlikust bambusest ning sisaldab 80 lehte (160 lehek\u00fclge) 70 g\/m\u00b2 taaskasutatud paberit. Komplekti kuulub l\u00f5putu pliiats, mis kestab umbes 100 tavalise pliiatsi jagu. Selle kirjutamispikkus on kuni umbes 20 000 meetrit ning grafiidist ots j\u00e4tab paberile klassikalise pliiatsijoone. Kirjutab nagu pliiats ja m\u00e4rgistusi saab ka kustutada. Komplekt on pakendatud FSC\u00ae-sertifitseeritud bambusest m\u00e4rkmiku ja FSC\u00ae kraft kinkekarpi.<\/p>\n","protected":false},"excerpt":{"rendered":"<p>See kaunis FSC\u00ae-sertifitseeritud bambusest m\u00e4rkmik on valmistatud j\u00e4tkusuutlikust bambusest ning sisaldab 80 lehte (160 lehek\u00fclge) 70 g\/m\u00b2 taaskasutatud&#8230;<\/p>\n","protected":false},"featured_media":0,"template":"","meta":[],"product_brand":[],"product_cat":[5406],"product_tag":[],"class_list":{"0":"post-1441576","1":"product","2":"type-product","3":"status-publish","5":"product_cat-markmikud","6":"pa_gender-uniseks","7":"pa_gender-unisex","11":"first","12":"instock","13":"purchasable","14":"product-type-simple"},"acf":[],"yoast_head":"<!-- This site is optimized with the Yoast SEO plugin v26.0 - https:\/\/yoast.com\/wordpress\/plugins\/seo\/ -->\n<title>XD Collection bambusest m\u00e4rkmiku ja pliiatsi komplekt - Kruze.ee<\/title>\n<meta name=\"robots\" content=\"index, follow, max-snippet:-1, max-image-preview:large, max-video-preview:-1\" \/>\n<link rel=\"canonical\" href=\"https:\/\/kruze.ee\/et\/toode\/xd-collection-bambusest-markmiku-ja-pliiatsi-komplekt\/\" \/>\n<meta property=\"og:locale\" content=\"et_EE\" \/>\n<meta property=\"og:type\" content=\"article\" \/>\n<meta property=\"og:title\" content=\"XD Collection bambusest m\u00e4rkmiku ja pliiatsi komplekt - Kruze.ee\" \/>\n<meta property=\"og:description\" content=\"See kaunis FSC\u00ae-sertifitseeritud bambusest m\u00e4rkmik on valmistatud j\u00e4tkusuutlikust bambusest ning sisaldab 80 lehte (160 lehek\u00fclge) 70 g\/m\u00b2 taaskasutatud...\" \/>\n<meta property=\"og:url\" content=\"https:\/\/kruze.ee\/et\/toode\/xd-collection-bambusest-markmiku-ja-pliiatsi-komplekt\/\" \/>\n<meta property=\"og:site_name\" content=\"Kruze.ee\" \/>\n<meta property=\"article:modified_time\" content=\"2026-03-16T21:59:12+00:00\" \/>\n<meta name=\"twitter:card\" content=\"summary_large_image\" \/>\n<script type=\"application\/ld+json\" class=\"yoast-schema-graph\">{\"@context\":\"https:\/\/schema.org\",\"@graph\":[{\"@type\":\"WebPage\",\"@id\":\"https:\/\/kruze.ee\/et\/toode\/xd-collection-bambusest-markmiku-ja-pliiatsi-komplekt\/\",\"url\":\"https:\/\/kruze.ee\/et\/toode\/xd-collection-bambusest-markmiku-ja-pliiatsi-komplekt\/\",\"name\":\"XD Collection bambusest m\u00e4rkmiku ja pliiatsi komplekt - Kruze.ee\",\"isPartOf\":{\"@id\":\"https:\/\/kruze.ee\/et\/#website\"},\"datePublished\":\"2026-01-31T13:48:07+00:00\",\"dateModified\":\"2026-03-16T21:59:12+00:00\",\"breadcrumb\":{\"@id\":\"https:\/\/kruze.ee\/et\/toode\/xd-collection-bambusest-markmiku-ja-pliiatsi-komplekt\/#breadcrumb\"},\"inLanguage\":\"et\",\"potentialAction\":[{\"@type\":\"ReadAction\",\"target\":[\"https:\/\/kruze.ee\/et\/toode\/xd-collection-bambusest-markmiku-ja-pliiatsi-komplekt\/\"]}]},{\"@type\":\"BreadcrumbList\",\"@id\":\"https:\/\/kruze.ee\/et\/toode\/xd-collection-bambusest-markmiku-ja-pliiatsi-komplekt\/#breadcrumb\",\"itemListElement\":[{\"@type\":\"ListItem\",\"position\":1,\"name\":\"Home\",\"item\":\"https:\/\/kruze.ee\/et\/\"},{\"@type\":\"ListItem\",\"position\":2,\"name\":\"Tooted\",\"item\":\"https:\/\/kruze.ee\/et\/tooted\/\"},{\"@type\":\"ListItem\",\"position\":3,\"name\":\"XD Collection bambusest m\u00e4rkmiku ja pliiatsi komplekt\"}]},{\"@type\":\"WebSite\",\"@id\":\"https:\/\/kruze.ee\/et\/#website\",\"url\":\"https:\/\/kruze.ee\/et\/\",\"name\":\"Kruze.ee\",\"description\":\"Reklaamkingitused, tr&uuml;kiga T-s&auml;rgid, fliisid, dressipluused, tekstiil, joped ja paljud teised logoga meened, &Auml;rikingitused sinu partnerile! Telli juba t&auml;na.\",\"potentialAction\":[{\"@type\":\"SearchAction\",\"target\":{\"@type\":\"EntryPoint\",\"urlTemplate\":\"https:\/\/kruze.ee\/et\/?s={search_term_string}\"},\"query-input\":{\"@type\":\"PropertyValueSpecification\",\"valueRequired\":true,\"valueName\":\"search_term_string\"}}],\"inLanguage\":\"et\"}]}<\/script>\n<!-- \/ Yoast SEO plugin. -->","yoast_head_json":{"title":"XD Collection bambusest m\u00e4rkmiku ja pliiatsi komplekt - Kruze.ee","robots":{"index":"index","follow":"follow","max-snippet":"max-snippet:-1","max-image-preview":"max-image-preview:large","max-video-preview":"max-video-preview:-1"},"canonical":"https:\/\/kruze.ee\/et\/toode\/xd-collection-bambusest-markmiku-ja-pliiatsi-komplekt\/","og_locale":"et_EE","og_type":"article","og_title":"XD Collection bambusest m\u00e4rkmiku ja pliiatsi komplekt - Kruze.ee","og_description":"See kaunis FSC\u00ae-sertifitseeritud bambusest m\u00e4rkmik on valmistatud j\u00e4tkusuutlikust bambusest ning sisaldab 80 lehte (160 lehek\u00fclge) 70 g\/m\u00b2 taaskasutatud...","og_url":"https:\/\/kruze.ee\/et\/toode\/xd-collection-bambusest-markmiku-ja-pliiatsi-komplekt\/","og_site_name":"Kruze.ee","article_modified_time":"2026-03-16T21:59:12+00:00","twitter_card":"summary_large_image","schema":{"@context":"https:\/\/schema.org","@graph":[{"@type":"WebPage","@id":"https:\/\/kruze.ee\/et\/toode\/xd-collection-bambusest-markmiku-ja-pliiatsi-komplekt\/","url":"https:\/\/kruze.ee\/et\/toode\/xd-collection-bambusest-markmiku-ja-pliiatsi-komplekt\/","name":"XD Collection bambusest m\u00e4rkmiku ja pliiatsi komplekt - Kruze.ee","isPartOf":{"@id":"https:\/\/kruze.ee\/et\/#website"},"datePublished":"2026-01-31T13:48:07+00:00","dateModified":"2026-03-16T21:59:12+00:00","breadcrumb":{"@id":"https:\/\/kruze.ee\/et\/toode\/xd-collection-bambusest-markmiku-ja-pliiatsi-komplekt\/#breadcrumb"},"inLanguage":"et","potentialAction":[{"@type":"ReadAction","target":["https:\/\/kruze.ee\/et\/toode\/xd-collection-bambusest-markmiku-ja-pliiatsi-komplekt\/"]}]},{"@type":"BreadcrumbList","@id":"https:\/\/kruze.ee\/et\/toode\/xd-collection-bambusest-markmiku-ja-pliiatsi-komplekt\/#breadcrumb","itemListElement":[{"@type":"ListItem","position":1,"name":"Home","item":"https:\/\/kruze.ee\/et\/"},{"@type":"ListItem","position":2,"name":"Tooted","item":"https:\/\/kruze.ee\/et\/tooted\/"},{"@type":"ListItem","position":3,"name":"XD Collection bambusest m\u00e4rkmiku ja pliiatsi komplekt"}]},{"@type":"WebSite","@id":"https:\/\/kruze.ee\/et\/#website","url":"https:\/\/kruze.ee\/et\/","name":"Kruze.ee","description":"Reklaamkingitused, tr&uuml;kiga T-s&auml;rgid, fliisid, dressipluused, tekstiil, joped ja paljud teised logoga meened, &Auml;rikingitused sinu partnerile! Telli juba t&auml;na.","potentialAction":[{"@type":"SearchAction","target":{"@type":"EntryPoint","urlTemplate":"https:\/\/kruze.ee\/et\/?s={search_term_string}"},"query-input":{"@type":"PropertyValueSpecification","valueRequired":true,"valueName":"search_term_string"}}],"inLanguage":"et"}]}},"_links":{"self":[{"href":"https:\/\/kruze.ee\/et\/wp-json\/wp\/v2\/product\/1441576","targetHints":{"allow":["GET"]}}],"collection":[{"href":"https:\/\/kruze.ee\/et\/wp-json\/wp\/v2\/product"}],"about":[{"href":"https:\/\/kruze.ee\/et\/wp-json\/wp\/v2\/types\/product"}],"wp:attachment":[{"href":"https:\/\/kruze.ee\/et\/wp-json\/wp\/v2\/media?parent=1441576"}],"wp:term":[{"taxonomy":"product_brand","embeddable":true,"href":"https:\/\/kruze.ee\/et\/wp-json\/wp\/v2\/product_brand?post=1441576"},{"taxonomy":"product_cat","embeddable":true,"href":"https:\/\/kruze.ee\/et\/wp-json\/wp\/v2\/product_cat?post=1441576"},{"taxonomy":"product_tag","embeddable":true,"href":"https:\/\/kruze.ee\/et\/wp-json\/wp\/v2\/product_tag?post=1441576"}],"curies":[{"name":"wp","href":"https:\/\/api.w.org\/{rel}","templated":true}]}}