{"id":1441538,"date":"2026-01-31T16:33:24","date_gmt":"2026-01-31T13:33:24","guid":{"rendered":"https:\/\/kruze.ee\/product\/urban-vitamin-irvine-rcs-taaskasutatud-materjalist-ja-parandatav-anc-juhtmevabad-korvaklapid\/"},"modified":"2026-03-17T00:51:56","modified_gmt":"2026-03-16T21:51:56","slug":"urban-vitamin-irvine-rcs-taaskasutatud-materjalist-ja-parandatav-anc-juhtmevabad-korvaklapid","status":"publish","type":"product","link":"https:\/\/kruze.ee\/et\/toode\/urban-vitamin-irvine-rcs-taaskasutatud-materjalist-ja-parandatav-anc-juhtmevabad-korvaklapid\/","title":{"rendered":"Urban Vitamin Irvine RCS taaskasutatud materjalist ja parandatav ANC juhtmevabad k\u00f5rvaklapid"},"content":{"rendered":"<p>Suurep\u00e4rane helikvaliteet ja j\u00e4tkusuutlik parandatav disain kohtuvad Irvine\u2019i k\u00f5rvaklappides. Irvine on premium-tasemel HI-FI heliga \u00fcmberk\u00f5rva k\u00f5rvaklapid, mis on loodud kestma kauem kui tavap\u00e4rased k\u00f5rvaklapid. Nutikas konstruktsioon v\u00f5imaldab vajadusel \u00fche lihtsa remondi k\u00e4igus vahetada k\u00f5rvapadjad, peav\u00f5ru ja isegi aku. Tipptasemel aktiivne m\u00fcrasummutus (ANC) on \u00fche nupuvajutusega l\u00fclitatav ka l\u00e4bipaistvusre\u017eiimi. K\u00f5rvaklapid on varustatud 5 ENC-mikrofoni ja h\u00e4\u00e4lassistendiga, et parandada k\u00f5nekvaliteeti, ning kahekordse \u00fchenduse re\u017eiimiga, mis v\u00f5imaldab \u00fchendada mitu seadet korraga. M\u00e4ngimis- ja k\u00f5neaeg on kuni 40 tundi \u00fche laadimisega. Lisaks parandatavusele on k\u00f5rvaklapid valmistatud taaskasutatud PC-plastist ning taaskasutatud materjali osakaal on 32% toote kogukaalust. RCS-sertifikaat tagab, et kogu taaskasutatud materjalide tarneahel on sertifitseeritud.<\/p>\n","protected":false},"excerpt":{"rendered":"<p>Suurep\u00e4rane helikvaliteet ja j\u00e4tkusuutlik parandatav disain kohtuvad Irvine\u2019i k\u00f5rvaklappides. Irvine on premium-tasemel HI-FI heliga \u00fcmberk\u00f5rva k\u00f5rvaklapid,&#8230;<\/p>\n","protected":false},"featured_media":0,"template":"","meta":[],"product_brand":[],"product_cat":[5410],"product_tag":[],"class_list":{"0":"post-1441538","1":"product","2":"type-product","3":"status-publish","5":"product_cat-korvaklapid","6":"pa_gender-uniseks","7":"pa_gender-unisex","11":"first","12":"instock","13":"purchasable","14":"product-type-simple"},"acf":[],"yoast_head":"<!-- This site is optimized with the Yoast SEO plugin v26.0 - https:\/\/yoast.com\/wordpress\/plugins\/seo\/ -->\n<title>Urban Vitamin Irvine RCS taaskasutatud materjalist ja parandatav ANC juhtmevabad k\u00f5rvaklapid - Kruze.ee<\/title>\n<meta name=\"robots\" content=\"index, follow, max-snippet:-1, max-image-preview:large, max-video-preview:-1\" \/>\n<link rel=\"canonical\" href=\"https:\/\/kruze.ee\/et\/toode\/urban-vitamin-irvine-rcs-taaskasutatud-materjalist-ja-parandatav-anc-juhtmevabad-korvaklapid\/\" \/>\n<meta property=\"og:locale\" content=\"et_EE\" \/>\n<meta property=\"og:type\" content=\"article\" \/>\n<meta property=\"og:title\" content=\"Urban Vitamin Irvine RCS taaskasutatud materjalist ja parandatav ANC juhtmevabad k\u00f5rvaklapid - Kruze.ee\" \/>\n<meta property=\"og:description\" content=\"Suurep\u00e4rane helikvaliteet ja j\u00e4tkusuutlik parandatav disain kohtuvad Irvine\u2019i k\u00f5rvaklappides. Irvine on premium-tasemel HI-FI heliga \u00fcmberk\u00f5rva k\u00f5rvaklapid,...\" \/>\n<meta property=\"og:url\" content=\"https:\/\/kruze.ee\/et\/toode\/urban-vitamin-irvine-rcs-taaskasutatud-materjalist-ja-parandatav-anc-juhtmevabad-korvaklapid\/\" \/>\n<meta property=\"og:site_name\" content=\"Kruze.ee\" \/>\n<meta property=\"article:modified_time\" content=\"2026-03-16T21:51:56+00:00\" \/>\n<meta name=\"twitter:card\" content=\"summary_large_image\" \/>\n<meta name=\"twitter:label1\" content=\"Est. reading time\" \/>\n\t<meta name=\"twitter:data1\" content=\"1 minut\" \/>\n<script type=\"application\/ld+json\" class=\"yoast-schema-graph\">{\"@context\":\"https:\/\/schema.org\",\"@graph\":[{\"@type\":\"WebPage\",\"@id\":\"https:\/\/kruze.ee\/et\/toode\/urban-vitamin-irvine-rcs-taaskasutatud-materjalist-ja-parandatav-anc-juhtmevabad-korvaklapid\/\",\"url\":\"https:\/\/kruze.ee\/et\/toode\/urban-vitamin-irvine-rcs-taaskasutatud-materjalist-ja-parandatav-anc-juhtmevabad-korvaklapid\/\",\"name\":\"Urban Vitamin Irvine RCS taaskasutatud materjalist ja parandatav ANC juhtmevabad k\u00f5rvaklapid - Kruze.ee\",\"isPartOf\":{\"@id\":\"https:\/\/kruze.ee\/et\/#website\"},\"datePublished\":\"2026-01-31T13:33:24+00:00\",\"dateModified\":\"2026-03-16T21:51:56+00:00\",\"breadcrumb\":{\"@id\":\"https:\/\/kruze.ee\/et\/toode\/urban-vitamin-irvine-rcs-taaskasutatud-materjalist-ja-parandatav-anc-juhtmevabad-korvaklapid\/#breadcrumb\"},\"inLanguage\":\"et\",\"potentialAction\":[{\"@type\":\"ReadAction\",\"target\":[\"https:\/\/kruze.ee\/et\/toode\/urban-vitamin-irvine-rcs-taaskasutatud-materjalist-ja-parandatav-anc-juhtmevabad-korvaklapid\/\"]}]},{\"@type\":\"BreadcrumbList\",\"@id\":\"https:\/\/kruze.ee\/et\/toode\/urban-vitamin-irvine-rcs-taaskasutatud-materjalist-ja-parandatav-anc-juhtmevabad-korvaklapid\/#breadcrumb\",\"itemListElement\":[{\"@type\":\"ListItem\",\"position\":1,\"name\":\"Home\",\"item\":\"https:\/\/kruze.ee\/et\/\"},{\"@type\":\"ListItem\",\"position\":2,\"name\":\"Tooted\",\"item\":\"https:\/\/kruze.ee\/et\/tooted\/\"},{\"@type\":\"ListItem\",\"position\":3,\"name\":\"Urban Vitamin Irvine RCS taaskasutatud materjalist ja parandatav ANC juhtmevabad k\u00f5rvaklapid\"}]},{\"@type\":\"WebSite\",\"@id\":\"https:\/\/kruze.ee\/et\/#website\",\"url\":\"https:\/\/kruze.ee\/et\/\",\"name\":\"Kruze.ee\",\"description\":\"Reklaamkingitused, tr&uuml;kiga T-s&auml;rgid, fliisid, dressipluused, tekstiil, joped ja paljud teised logoga meened, &Auml;rikingitused sinu partnerile! Telli juba t&auml;na.\",\"potentialAction\":[{\"@type\":\"SearchAction\",\"target\":{\"@type\":\"EntryPoint\",\"urlTemplate\":\"https:\/\/kruze.ee\/et\/?s={search_term_string}\"},\"query-input\":{\"@type\":\"PropertyValueSpecification\",\"valueRequired\":true,\"valueName\":\"search_term_string\"}}],\"inLanguage\":\"et\"}]}<\/script>\n<!-- \/ Yoast SEO plugin. -->","yoast_head_json":{"title":"Urban Vitamin Irvine RCS taaskasutatud materjalist ja parandatav ANC juhtmevabad k\u00f5rvaklapid - Kruze.ee","robots":{"index":"index","follow":"follow","max-snippet":"max-snippet:-1","max-image-preview":"max-image-preview:large","max-video-preview":"max-video-preview:-1"},"canonical":"https:\/\/kruze.ee\/et\/toode\/urban-vitamin-irvine-rcs-taaskasutatud-materjalist-ja-parandatav-anc-juhtmevabad-korvaklapid\/","og_locale":"et_EE","og_type":"article","og_title":"Urban Vitamin Irvine RCS taaskasutatud materjalist ja parandatav ANC juhtmevabad k\u00f5rvaklapid - Kruze.ee","og_description":"Suurep\u00e4rane helikvaliteet ja j\u00e4tkusuutlik parandatav disain kohtuvad Irvine\u2019i k\u00f5rvaklappides. Irvine on premium-tasemel HI-FI heliga \u00fcmberk\u00f5rva k\u00f5rvaklapid,...","og_url":"https:\/\/kruze.ee\/et\/toode\/urban-vitamin-irvine-rcs-taaskasutatud-materjalist-ja-parandatav-anc-juhtmevabad-korvaklapid\/","og_site_name":"Kruze.ee","article_modified_time":"2026-03-16T21:51:56+00:00","twitter_card":"summary_large_image","twitter_misc":{"Est. reading time":"1 minut"},"schema":{"@context":"https:\/\/schema.org","@graph":[{"@type":"WebPage","@id":"https:\/\/kruze.ee\/et\/toode\/urban-vitamin-irvine-rcs-taaskasutatud-materjalist-ja-parandatav-anc-juhtmevabad-korvaklapid\/","url":"https:\/\/kruze.ee\/et\/toode\/urban-vitamin-irvine-rcs-taaskasutatud-materjalist-ja-parandatav-anc-juhtmevabad-korvaklapid\/","name":"Urban Vitamin Irvine RCS taaskasutatud materjalist ja parandatav ANC juhtmevabad k\u00f5rvaklapid - Kruze.ee","isPartOf":{"@id":"https:\/\/kruze.ee\/et\/#website"},"datePublished":"2026-01-31T13:33:24+00:00","dateModified":"2026-03-16T21:51:56+00:00","breadcrumb":{"@id":"https:\/\/kruze.ee\/et\/toode\/urban-vitamin-irvine-rcs-taaskasutatud-materjalist-ja-parandatav-anc-juhtmevabad-korvaklapid\/#breadcrumb"},"inLanguage":"et","potentialAction":[{"@type":"ReadAction","target":["https:\/\/kruze.ee\/et\/toode\/urban-vitamin-irvine-rcs-taaskasutatud-materjalist-ja-parandatav-anc-juhtmevabad-korvaklapid\/"]}]},{"@type":"BreadcrumbList","@id":"https:\/\/kruze.ee\/et\/toode\/urban-vitamin-irvine-rcs-taaskasutatud-materjalist-ja-parandatav-anc-juhtmevabad-korvaklapid\/#breadcrumb","itemListElement":[{"@type":"ListItem","position":1,"name":"Home","item":"https:\/\/kruze.ee\/et\/"},{"@type":"ListItem","position":2,"name":"Tooted","item":"https:\/\/kruze.ee\/et\/tooted\/"},{"@type":"ListItem","position":3,"name":"Urban Vitamin Irvine RCS taaskasutatud materjalist ja parandatav ANC juhtmevabad k\u00f5rvaklapid"}]},{"@type":"WebSite","@id":"https:\/\/kruze.ee\/et\/#website","url":"https:\/\/kruze.ee\/et\/","name":"Kruze.ee","description":"Reklaamkingitused, tr&uuml;kiga T-s&auml;rgid, fliisid, dressipluused, tekstiil, joped ja paljud teised logoga meened, &Auml;rikingitused sinu partnerile! Telli juba t&auml;na.","potentialAction":[{"@type":"SearchAction","target":{"@type":"EntryPoint","urlTemplate":"https:\/\/kruze.ee\/et\/?s={search_term_string}"},"query-input":{"@type":"PropertyValueSpecification","valueRequired":true,"valueName":"search_term_string"}}],"inLanguage":"et"}]}},"_links":{"self":[{"href":"https:\/\/kruze.ee\/et\/wp-json\/wp\/v2\/product\/1441538","targetHints":{"allow":["GET"]}}],"collection":[{"href":"https:\/\/kruze.ee\/et\/wp-json\/wp\/v2\/product"}],"about":[{"href":"https:\/\/kruze.ee\/et\/wp-json\/wp\/v2\/types\/product"}],"wp:attachment":[{"href":"https:\/\/kruze.ee\/et\/wp-json\/wp\/v2\/media?parent=1441538"}],"wp:term":[{"taxonomy":"product_brand","embeddable":true,"href":"https:\/\/kruze.ee\/et\/wp-json\/wp\/v2\/product_brand?post=1441538"},{"taxonomy":"product_cat","embeddable":true,"href":"https:\/\/kruze.ee\/et\/wp-json\/wp\/v2\/product_cat?post=1441538"},{"taxonomy":"product_tag","embeddable":true,"href":"https:\/\/kruze.ee\/et\/wp-json\/wp\/v2\/product_tag?post=1441538"}],"curies":[{"name":"wp","href":"https:\/\/api.w.org\/{rel}","templated":true}]}}