{"id":1441536,"date":"2026-01-31T16:33:22","date_gmt":"2026-01-31T13:33:22","guid":{"rendered":"https:\/\/kruze.ee\/product\/urban-vitamin-glendale-rcs-taaskasutatud-plastist-juhtmevabad-korvaklapid\/"},"modified":"2026-03-17T00:51:54","modified_gmt":"2026-03-16T21:51:54","slug":"urban-vitamin-glendale-rcs-taaskasutatud-plastist-juhtmevabad-korvaklapid","status":"publish","type":"product","link":"https:\/\/kruze.ee\/et\/toode\/urban-vitamin-glendale-rcs-taaskasutatud-plastist-juhtmevabad-korvaklapid\/","title":{"rendered":"Urban Vitamin Glendale RCS taaskasutatud plastist   juhtmevabad k\u00f5rvaklapid"},"content":{"rendered":"<p>Glendale on tipptasemel ja tehnoloogiliselt arenenud k\u00f5rvaklapid, mis sobivad ideaalselt nii aktiivseks liikumiseks kui ka igap\u00e4evaseks kasutamiseks. Unikaalne avatud disain asetab k\u00f5rvaklapid k\u00f5rva k\u00f5rvale, mitte k\u00f5rva sisse, tagades muusika kuulamise ajal pideva \u00fcmbritseva keskkonna tajumise. Kvaliteetne heli koos v\u00f5imendatud bassiga pakub suurep\u00e4rast kuulamiskogemust. IPX4 veekindlus muudab k\u00f5rvaklapid sobivaks igaks treeninguks. Kerged ja mugavad k\u00f5rvaklapid p\u00fcsivad kindlalt paigal ning sisseehitatud mikrofon v\u00f5imaldab mugavalt k\u00f5nedele vastata. Aku kestab kuni 10 tundi \u00fche laadimisega. K\u00f5rvaklapid on valmistatud RCS-sertifitseeritud taaskasutatud ABS-plastist, taaskasutatud materjali osakaal on 17% toote kogukaalust.<\/p>\n","protected":false},"excerpt":{"rendered":"<p>Glendale on tipptasemel ja tehnoloogiliselt arenenud k\u00f5rvaklapid, mis sobivad ideaalselt nii aktiivseks liikumiseks kui ka igap\u00e4evaseks kasutamiseks. Unikaalne&#8230;<\/p>\n","protected":false},"featured_media":0,"template":"","meta":[],"product_brand":[],"product_cat":[5410],"product_tag":[],"class_list":{"0":"post-1441536","1":"product","2":"type-product","3":"status-publish","5":"product_cat-korvaklapid","6":"pa_gender-uniseks","7":"pa_gender-unisex","11":"first","12":"instock","13":"purchasable","14":"product-type-simple"},"acf":[],"yoast_head":"<!-- This site is optimized with the Yoast SEO plugin v26.0 - https:\/\/yoast.com\/wordpress\/plugins\/seo\/ -->\n<title>Urban Vitamin Glendale RCS taaskasutatud plastist  juhtmevabad k\u00f5rvaklapid - Kruze.ee<\/title>\n<meta name=\"robots\" content=\"index, follow, max-snippet:-1, max-image-preview:large, max-video-preview:-1\" \/>\n<link rel=\"canonical\" href=\"https:\/\/kruze.ee\/et\/toode\/urban-vitamin-glendale-rcs-taaskasutatud-plastist-juhtmevabad-korvaklapid\/\" \/>\n<meta property=\"og:locale\" content=\"et_EE\" \/>\n<meta property=\"og:type\" content=\"article\" \/>\n<meta property=\"og:title\" content=\"Urban Vitamin Glendale RCS taaskasutatud plastist  juhtmevabad k\u00f5rvaklapid - Kruze.ee\" \/>\n<meta property=\"og:description\" content=\"Glendale on tipptasemel ja tehnoloogiliselt arenenud k\u00f5rvaklapid, mis sobivad ideaalselt nii aktiivseks liikumiseks kui ka igap\u00e4evaseks kasutamiseks. Unikaalne...\" \/>\n<meta property=\"og:url\" content=\"https:\/\/kruze.ee\/et\/toode\/urban-vitamin-glendale-rcs-taaskasutatud-plastist-juhtmevabad-korvaklapid\/\" \/>\n<meta property=\"og:site_name\" content=\"Kruze.ee\" \/>\n<meta property=\"article:modified_time\" content=\"2026-03-16T21:51:54+00:00\" \/>\n<meta name=\"twitter:card\" content=\"summary_large_image\" \/>\n<script type=\"application\/ld+json\" class=\"yoast-schema-graph\">{\"@context\":\"https:\/\/schema.org\",\"@graph\":[{\"@type\":\"WebPage\",\"@id\":\"https:\/\/kruze.ee\/et\/toode\/urban-vitamin-glendale-rcs-taaskasutatud-plastist-juhtmevabad-korvaklapid\/\",\"url\":\"https:\/\/kruze.ee\/et\/toode\/urban-vitamin-glendale-rcs-taaskasutatud-plastist-juhtmevabad-korvaklapid\/\",\"name\":\"Urban Vitamin Glendale RCS taaskasutatud plastist juhtmevabad k\u00f5rvaklapid - Kruze.ee\",\"isPartOf\":{\"@id\":\"https:\/\/kruze.ee\/et\/#website\"},\"datePublished\":\"2026-01-31T13:33:22+00:00\",\"dateModified\":\"2026-03-16T21:51:54+00:00\",\"breadcrumb\":{\"@id\":\"https:\/\/kruze.ee\/et\/toode\/urban-vitamin-glendale-rcs-taaskasutatud-plastist-juhtmevabad-korvaklapid\/#breadcrumb\"},\"inLanguage\":\"et\",\"potentialAction\":[{\"@type\":\"ReadAction\",\"target\":[\"https:\/\/kruze.ee\/et\/toode\/urban-vitamin-glendale-rcs-taaskasutatud-plastist-juhtmevabad-korvaklapid\/\"]}]},{\"@type\":\"BreadcrumbList\",\"@id\":\"https:\/\/kruze.ee\/et\/toode\/urban-vitamin-glendale-rcs-taaskasutatud-plastist-juhtmevabad-korvaklapid\/#breadcrumb\",\"itemListElement\":[{\"@type\":\"ListItem\",\"position\":1,\"name\":\"Home\",\"item\":\"https:\/\/kruze.ee\/et\/\"},{\"@type\":\"ListItem\",\"position\":2,\"name\":\"Tooted\",\"item\":\"https:\/\/kruze.ee\/et\/tooted\/\"},{\"@type\":\"ListItem\",\"position\":3,\"name\":\"Urban Vitamin Glendale RCS taaskasutatud plastist juhtmevabad k\u00f5rvaklapid\"}]},{\"@type\":\"WebSite\",\"@id\":\"https:\/\/kruze.ee\/et\/#website\",\"url\":\"https:\/\/kruze.ee\/et\/\",\"name\":\"Kruze.ee\",\"description\":\"Reklaamkingitused, tr&uuml;kiga T-s&auml;rgid, fliisid, dressipluused, tekstiil, joped ja paljud teised logoga meened, &Auml;rikingitused sinu partnerile! Telli juba t&auml;na.\",\"potentialAction\":[{\"@type\":\"SearchAction\",\"target\":{\"@type\":\"EntryPoint\",\"urlTemplate\":\"https:\/\/kruze.ee\/et\/?s={search_term_string}\"},\"query-input\":{\"@type\":\"PropertyValueSpecification\",\"valueRequired\":true,\"valueName\":\"search_term_string\"}}],\"inLanguage\":\"et\"}]}<\/script>\n<!-- \/ Yoast SEO plugin. -->","yoast_head_json":{"title":"Urban Vitamin Glendale RCS taaskasutatud plastist  juhtmevabad k\u00f5rvaklapid - Kruze.ee","robots":{"index":"index","follow":"follow","max-snippet":"max-snippet:-1","max-image-preview":"max-image-preview:large","max-video-preview":"max-video-preview:-1"},"canonical":"https:\/\/kruze.ee\/et\/toode\/urban-vitamin-glendale-rcs-taaskasutatud-plastist-juhtmevabad-korvaklapid\/","og_locale":"et_EE","og_type":"article","og_title":"Urban Vitamin Glendale RCS taaskasutatud plastist  juhtmevabad k\u00f5rvaklapid - Kruze.ee","og_description":"Glendale on tipptasemel ja tehnoloogiliselt arenenud k\u00f5rvaklapid, mis sobivad ideaalselt nii aktiivseks liikumiseks kui ka igap\u00e4evaseks kasutamiseks. Unikaalne...","og_url":"https:\/\/kruze.ee\/et\/toode\/urban-vitamin-glendale-rcs-taaskasutatud-plastist-juhtmevabad-korvaklapid\/","og_site_name":"Kruze.ee","article_modified_time":"2026-03-16T21:51:54+00:00","twitter_card":"summary_large_image","schema":{"@context":"https:\/\/schema.org","@graph":[{"@type":"WebPage","@id":"https:\/\/kruze.ee\/et\/toode\/urban-vitamin-glendale-rcs-taaskasutatud-plastist-juhtmevabad-korvaklapid\/","url":"https:\/\/kruze.ee\/et\/toode\/urban-vitamin-glendale-rcs-taaskasutatud-plastist-juhtmevabad-korvaklapid\/","name":"Urban Vitamin Glendale RCS taaskasutatud plastist juhtmevabad k\u00f5rvaklapid - Kruze.ee","isPartOf":{"@id":"https:\/\/kruze.ee\/et\/#website"},"datePublished":"2026-01-31T13:33:22+00:00","dateModified":"2026-03-16T21:51:54+00:00","breadcrumb":{"@id":"https:\/\/kruze.ee\/et\/toode\/urban-vitamin-glendale-rcs-taaskasutatud-plastist-juhtmevabad-korvaklapid\/#breadcrumb"},"inLanguage":"et","potentialAction":[{"@type":"ReadAction","target":["https:\/\/kruze.ee\/et\/toode\/urban-vitamin-glendale-rcs-taaskasutatud-plastist-juhtmevabad-korvaklapid\/"]}]},{"@type":"BreadcrumbList","@id":"https:\/\/kruze.ee\/et\/toode\/urban-vitamin-glendale-rcs-taaskasutatud-plastist-juhtmevabad-korvaklapid\/#breadcrumb","itemListElement":[{"@type":"ListItem","position":1,"name":"Home","item":"https:\/\/kruze.ee\/et\/"},{"@type":"ListItem","position":2,"name":"Tooted","item":"https:\/\/kruze.ee\/et\/tooted\/"},{"@type":"ListItem","position":3,"name":"Urban Vitamin Glendale RCS taaskasutatud plastist juhtmevabad k\u00f5rvaklapid"}]},{"@type":"WebSite","@id":"https:\/\/kruze.ee\/et\/#website","url":"https:\/\/kruze.ee\/et\/","name":"Kruze.ee","description":"Reklaamkingitused, tr&uuml;kiga T-s&auml;rgid, fliisid, dressipluused, tekstiil, joped ja paljud teised logoga meened, &Auml;rikingitused sinu partnerile! Telli juba t&auml;na.","potentialAction":[{"@type":"SearchAction","target":{"@type":"EntryPoint","urlTemplate":"https:\/\/kruze.ee\/et\/?s={search_term_string}"},"query-input":{"@type":"PropertyValueSpecification","valueRequired":true,"valueName":"search_term_string"}}],"inLanguage":"et"}]}},"_links":{"self":[{"href":"https:\/\/kruze.ee\/et\/wp-json\/wp\/v2\/product\/1441536","targetHints":{"allow":["GET"]}}],"collection":[{"href":"https:\/\/kruze.ee\/et\/wp-json\/wp\/v2\/product"}],"about":[{"href":"https:\/\/kruze.ee\/et\/wp-json\/wp\/v2\/types\/product"}],"wp:attachment":[{"href":"https:\/\/kruze.ee\/et\/wp-json\/wp\/v2\/media?parent=1441536"}],"wp:term":[{"taxonomy":"product_brand","embeddable":true,"href":"https:\/\/kruze.ee\/et\/wp-json\/wp\/v2\/product_brand?post=1441536"},{"taxonomy":"product_cat","embeddable":true,"href":"https:\/\/kruze.ee\/et\/wp-json\/wp\/v2\/product_cat?post=1441536"},{"taxonomy":"product_tag","embeddable":true,"href":"https:\/\/kruze.ee\/et\/wp-json\/wp\/v2\/product_tag?post=1441536"}],"curies":[{"name":"wp","href":"https:\/\/api.w.org\/{rel}","templated":true}]}}