{"id":1441512,"date":"2026-01-31T16:33:01","date_gmt":"2026-01-31T13:33:01","guid":{"rendered":"https:\/\/kruze.ee\/product\/xd-collection-rcs-standardne-taaskasutatud-plastist-korvaklapid\/"},"modified":"2026-03-17T00:51:38","modified_gmt":"2026-03-16T21:51:38","slug":"xd-collection-rcs-standardne-taaskasutatud-plastist-korvaklapid","status":"publish","type":"product","link":"https:\/\/kruze.ee\/et\/toode\/xd-collection-rcs-standardne-taaskasutatud-plastist-korvaklapid\/","title":{"rendered":"XD Collection RCS standardne taaskasutatud plastist k\u00f5rvaklapid"},"content":{"rendered":"<p>Kokkupandavad juhtmevabad k\u00f5rvaklapid, mille korpus on valmistatud RCS-sertifitseeritud taaskasutatud ABS-plastist. RCS (Recycled Claim Standard) on standard, mis kinnitab tootes kasutatud taaskasutatud materjali p\u00e4ritolu kogu tarneahela ulatuses. Taaskasutatud materjali osakaal on 65% toote kogukaalust. K\u00f5rvaklapid kasutavad BT 5.0 tehnoloogiat sujuvaks \u00fchenduseks ja pikaks kasutusajaks. \u00dcmberk\u00f5rva disain tagab suurep\u00e4rase helikogemuse. Sisseehitatud 200 mAh liitiumaku v\u00f5imaldab kuni 6 tundi m\u00e4nguaega ning laeb t\u00e4is umbes 1,5 tunniga. T\u00f6\u00f6kaugus kuni 10 meetrit. Sisseehitatud mikrofon ja k\u00f5nede vastuv\u00f5tu funktsioon. Toode ja lisatarvikud on PVC-vabad. Komplektis PVC-vabast taaskasutatud TPE-materjalist laadimiskaabel.<\/p>\n","protected":false},"excerpt":{"rendered":"<p>Kokkupandavad juhtmevabad k\u00f5rvaklapid, mille korpus on valmistatud RCS-sertifitseeritud taaskasutatud ABS-plastist. RCS (Recycled Claim Standard) on standard,&#8230;<\/p>\n","protected":false},"featured_media":0,"template":"","meta":[],"product_brand":[],"product_cat":[5410],"product_tag":[],"class_list":{"0":"post-1441512","1":"product","2":"type-product","3":"status-publish","5":"product_cat-korvaklapid","6":"pa_gender-uniseks","7":"pa_gender-unisex","11":"first","12":"instock","13":"purchasable","14":"product-type-simple"},"acf":[],"yoast_head":"<!-- This site is optimized with the Yoast SEO plugin v26.0 - https:\/\/yoast.com\/wordpress\/plugins\/seo\/ -->\n<title>XD Collection RCS standardne taaskasutatud plastist k\u00f5rvaklapid - Kruze.ee<\/title>\n<meta name=\"robots\" content=\"index, follow, max-snippet:-1, max-image-preview:large, max-video-preview:-1\" \/>\n<link rel=\"canonical\" href=\"https:\/\/kruze.ee\/et\/toode\/xd-collection-rcs-standardne-taaskasutatud-plastist-korvaklapid\/\" \/>\n<meta property=\"og:locale\" content=\"et_EE\" \/>\n<meta property=\"og:type\" content=\"article\" \/>\n<meta property=\"og:title\" content=\"XD Collection RCS standardne taaskasutatud plastist k\u00f5rvaklapid - Kruze.ee\" \/>\n<meta property=\"og:description\" content=\"Kokkupandavad juhtmevabad k\u00f5rvaklapid, mille korpus on valmistatud RCS-sertifitseeritud taaskasutatud ABS-plastist. RCS (Recycled Claim Standard) on standard,...\" \/>\n<meta property=\"og:url\" content=\"https:\/\/kruze.ee\/et\/toode\/xd-collection-rcs-standardne-taaskasutatud-plastist-korvaklapid\/\" \/>\n<meta property=\"og:site_name\" content=\"Kruze.ee\" \/>\n<meta property=\"article:modified_time\" content=\"2026-03-16T21:51:38+00:00\" \/>\n<meta name=\"twitter:card\" content=\"summary_large_image\" \/>\n<script type=\"application\/ld+json\" class=\"yoast-schema-graph\">{\"@context\":\"https:\/\/schema.org\",\"@graph\":[{\"@type\":\"WebPage\",\"@id\":\"https:\/\/kruze.ee\/et\/toode\/xd-collection-rcs-standardne-taaskasutatud-plastist-korvaklapid\/\",\"url\":\"https:\/\/kruze.ee\/et\/toode\/xd-collection-rcs-standardne-taaskasutatud-plastist-korvaklapid\/\",\"name\":\"XD Collection RCS standardne taaskasutatud plastist k\u00f5rvaklapid - Kruze.ee\",\"isPartOf\":{\"@id\":\"https:\/\/kruze.ee\/et\/#website\"},\"datePublished\":\"2026-01-31T13:33:01+00:00\",\"dateModified\":\"2026-03-16T21:51:38+00:00\",\"breadcrumb\":{\"@id\":\"https:\/\/kruze.ee\/et\/toode\/xd-collection-rcs-standardne-taaskasutatud-plastist-korvaklapid\/#breadcrumb\"},\"inLanguage\":\"et\",\"potentialAction\":[{\"@type\":\"ReadAction\",\"target\":[\"https:\/\/kruze.ee\/et\/toode\/xd-collection-rcs-standardne-taaskasutatud-plastist-korvaklapid\/\"]}]},{\"@type\":\"BreadcrumbList\",\"@id\":\"https:\/\/kruze.ee\/et\/toode\/xd-collection-rcs-standardne-taaskasutatud-plastist-korvaklapid\/#breadcrumb\",\"itemListElement\":[{\"@type\":\"ListItem\",\"position\":1,\"name\":\"Home\",\"item\":\"https:\/\/kruze.ee\/et\/\"},{\"@type\":\"ListItem\",\"position\":2,\"name\":\"Tooted\",\"item\":\"https:\/\/kruze.ee\/et\/tooted\/\"},{\"@type\":\"ListItem\",\"position\":3,\"name\":\"XD Collection RCS standardne taaskasutatud plastist k\u00f5rvaklapid\"}]},{\"@type\":\"WebSite\",\"@id\":\"https:\/\/kruze.ee\/et\/#website\",\"url\":\"https:\/\/kruze.ee\/et\/\",\"name\":\"Kruze.ee\",\"description\":\"Reklaamkingitused, tr&uuml;kiga T-s&auml;rgid, fliisid, dressipluused, tekstiil, joped ja paljud teised logoga meened, &Auml;rikingitused sinu partnerile! Telli juba t&auml;na.\",\"potentialAction\":[{\"@type\":\"SearchAction\",\"target\":{\"@type\":\"EntryPoint\",\"urlTemplate\":\"https:\/\/kruze.ee\/et\/?s={search_term_string}\"},\"query-input\":{\"@type\":\"PropertyValueSpecification\",\"valueRequired\":true,\"valueName\":\"search_term_string\"}}],\"inLanguage\":\"et\"}]}<\/script>\n<!-- \/ Yoast SEO plugin. -->","yoast_head_json":{"title":"XD Collection RCS standardne taaskasutatud plastist k\u00f5rvaklapid - Kruze.ee","robots":{"index":"index","follow":"follow","max-snippet":"max-snippet:-1","max-image-preview":"max-image-preview:large","max-video-preview":"max-video-preview:-1"},"canonical":"https:\/\/kruze.ee\/et\/toode\/xd-collection-rcs-standardne-taaskasutatud-plastist-korvaklapid\/","og_locale":"et_EE","og_type":"article","og_title":"XD Collection RCS standardne taaskasutatud plastist k\u00f5rvaklapid - Kruze.ee","og_description":"Kokkupandavad juhtmevabad k\u00f5rvaklapid, mille korpus on valmistatud RCS-sertifitseeritud taaskasutatud ABS-plastist. RCS (Recycled Claim Standard) on standard,...","og_url":"https:\/\/kruze.ee\/et\/toode\/xd-collection-rcs-standardne-taaskasutatud-plastist-korvaklapid\/","og_site_name":"Kruze.ee","article_modified_time":"2026-03-16T21:51:38+00:00","twitter_card":"summary_large_image","schema":{"@context":"https:\/\/schema.org","@graph":[{"@type":"WebPage","@id":"https:\/\/kruze.ee\/et\/toode\/xd-collection-rcs-standardne-taaskasutatud-plastist-korvaklapid\/","url":"https:\/\/kruze.ee\/et\/toode\/xd-collection-rcs-standardne-taaskasutatud-plastist-korvaklapid\/","name":"XD Collection RCS standardne taaskasutatud plastist k\u00f5rvaklapid - Kruze.ee","isPartOf":{"@id":"https:\/\/kruze.ee\/et\/#website"},"datePublished":"2026-01-31T13:33:01+00:00","dateModified":"2026-03-16T21:51:38+00:00","breadcrumb":{"@id":"https:\/\/kruze.ee\/et\/toode\/xd-collection-rcs-standardne-taaskasutatud-plastist-korvaklapid\/#breadcrumb"},"inLanguage":"et","potentialAction":[{"@type":"ReadAction","target":["https:\/\/kruze.ee\/et\/toode\/xd-collection-rcs-standardne-taaskasutatud-plastist-korvaklapid\/"]}]},{"@type":"BreadcrumbList","@id":"https:\/\/kruze.ee\/et\/toode\/xd-collection-rcs-standardne-taaskasutatud-plastist-korvaklapid\/#breadcrumb","itemListElement":[{"@type":"ListItem","position":1,"name":"Home","item":"https:\/\/kruze.ee\/et\/"},{"@type":"ListItem","position":2,"name":"Tooted","item":"https:\/\/kruze.ee\/et\/tooted\/"},{"@type":"ListItem","position":3,"name":"XD Collection RCS standardne taaskasutatud plastist k\u00f5rvaklapid"}]},{"@type":"WebSite","@id":"https:\/\/kruze.ee\/et\/#website","url":"https:\/\/kruze.ee\/et\/","name":"Kruze.ee","description":"Reklaamkingitused, tr&uuml;kiga T-s&auml;rgid, fliisid, dressipluused, tekstiil, joped ja paljud teised logoga meened, &Auml;rikingitused sinu partnerile! Telli juba t&auml;na.","potentialAction":[{"@type":"SearchAction","target":{"@type":"EntryPoint","urlTemplate":"https:\/\/kruze.ee\/et\/?s={search_term_string}"},"query-input":{"@type":"PropertyValueSpecification","valueRequired":true,"valueName":"search_term_string"}}],"inLanguage":"et"}]}},"_links":{"self":[{"href":"https:\/\/kruze.ee\/et\/wp-json\/wp\/v2\/product\/1441512","targetHints":{"allow":["GET"]}}],"collection":[{"href":"https:\/\/kruze.ee\/et\/wp-json\/wp\/v2\/product"}],"about":[{"href":"https:\/\/kruze.ee\/et\/wp-json\/wp\/v2\/types\/product"}],"wp:attachment":[{"href":"https:\/\/kruze.ee\/et\/wp-json\/wp\/v2\/media?parent=1441512"}],"wp:term":[{"taxonomy":"product_brand","embeddable":true,"href":"https:\/\/kruze.ee\/et\/wp-json\/wp\/v2\/product_brand?post=1441512"},{"taxonomy":"product_cat","embeddable":true,"href":"https:\/\/kruze.ee\/et\/wp-json\/wp\/v2\/product_cat?post=1441512"},{"taxonomy":"product_tag","embeddable":true,"href":"https:\/\/kruze.ee\/et\/wp-json\/wp\/v2\/product_tag?post=1441512"}],"curies":[{"name":"wp","href":"https:\/\/api.w.org\/{rel}","templated":true}]}}