{"id":1441510,"date":"2026-01-31T16:32:59","date_gmt":"2026-01-31T13:32:59","guid":{"rendered":"https:\/\/kruze.ee\/product\/urban-vitamin-cupertino-rcs-taaskasutatud-plastist-anc-korvaklapid\/"},"modified":"2026-03-17T00:51:35","modified_gmt":"2026-03-16T21:51:35","slug":"urban-vitamin-cupertino-rcs-taaskasutatud-plastist-anc-korvaklapid","status":"publish","type":"product","link":"https:\/\/kruze.ee\/et\/toode\/urban-vitamin-cupertino-rcs-taaskasutatud-plastist-anc-korvaklapid\/","title":{"rendered":"Urban Vitamin Cupertino RCS taaskasutatud plastist ANC k\u00f5rvaklapid"},"content":{"rendered":"<p>Uskumatult m\u00fcravaba kuulamiskogemus algab hetkest, kui esimene heli j\u00f5uab k\u00f5rvu. Tipptasemel ANC-tehnoloogia v\u00f5imaldab blokeerida soovimatu m\u00fcra, et saaksid muusikat t\u00e4iel rinnal nautida. S\u00fcgav ja selge heli muudab lemmikmuusika, taskuh\u00e4\u00e4lingute ja videote kuulamise nii nauditavaks, et ei tahagi peatuda. Eriti pehmed ja mugavad k\u00f5rvapadjad v\u00f5imaldavad k\u00f5rvaklappe kanda terve p\u00e4eva ja kauemgi. V\u00f5imas aku tagab muljetavaldava kuni 50-tunnise m\u00e4nguaja. Varustatud kvaliteetse mikrofoniga k\u00f5nedele vastamiseks. Tugev, kuid kerge konstruktsioon tagab suurep\u00e4rase sobivuse ning kokkupandav disain v\u00f5imaldab k\u00f5rvaklapid mugavalt k\u00f5ikjale kaasa v\u00f5tta. K\u00f5rvaklapid on valmistatud RCS-sertifitseeritud (Recycled Claim Standard) taaskasutatud ABS-plastist, taaskasutatud materjali osakaal on 58% toote kogukaalust. RCS-sertifikaat tagab, et kogu taaskasutatud materjalide tarneahel on t\u00e4ielikult sertifitseeritud. Urban Vitamini tooted on valmistatud ilma PVC-ta ja pakendatud v\u00e4hendatud plastikasutusega pakendisse. ANC tase kuni 25 dB. Komplektis RPET-kott.<\/p>\n","protected":false},"excerpt":{"rendered":"<p>Uskumatult m\u00fcravaba kuulamiskogemus algab hetkest, kui esimene heli j\u00f5uab k\u00f5rvu. Tipptasemel ANC-tehnoloogia v\u00f5imaldab blokeerida soovimatu m\u00fcra, et saaksid&#8230;<\/p>\n","protected":false},"featured_media":0,"template":"","meta":[],"product_brand":[],"product_cat":[5410],"product_tag":[],"class_list":{"0":"post-1441510","1":"product","2":"type-product","3":"status-publish","5":"product_cat-korvaklapid","6":"pa_gender-uniseks","7":"pa_gender-unisex","11":"first","12":"instock","13":"purchasable","14":"product-type-simple"},"acf":[],"yoast_head":"<!-- This site is optimized with the Yoast SEO plugin v26.0 - https:\/\/yoast.com\/wordpress\/plugins\/seo\/ -->\n<title>Urban Vitamin Cupertino RCS taaskasutatud plastist ANC k\u00f5rvaklapid - Kruze.ee<\/title>\n<meta name=\"robots\" content=\"index, follow, max-snippet:-1, max-image-preview:large, max-video-preview:-1\" \/>\n<link rel=\"canonical\" href=\"https:\/\/kruze.ee\/et\/toode\/urban-vitamin-cupertino-rcs-taaskasutatud-plastist-anc-korvaklapid\/\" \/>\n<meta property=\"og:locale\" content=\"et_EE\" \/>\n<meta property=\"og:type\" content=\"article\" \/>\n<meta property=\"og:title\" content=\"Urban Vitamin Cupertino RCS taaskasutatud plastist ANC k\u00f5rvaklapid - Kruze.ee\" \/>\n<meta property=\"og:description\" content=\"Uskumatult m\u00fcravaba kuulamiskogemus algab hetkest, kui esimene heli j\u00f5uab k\u00f5rvu. Tipptasemel ANC-tehnoloogia v\u00f5imaldab blokeerida soovimatu m\u00fcra, et saaksid...\" \/>\n<meta property=\"og:url\" content=\"https:\/\/kruze.ee\/et\/toode\/urban-vitamin-cupertino-rcs-taaskasutatud-plastist-anc-korvaklapid\/\" \/>\n<meta property=\"og:site_name\" content=\"Kruze.ee\" \/>\n<meta property=\"article:modified_time\" content=\"2026-03-16T21:51:35+00:00\" \/>\n<meta name=\"twitter:card\" content=\"summary_large_image\" \/>\n<meta name=\"twitter:label1\" content=\"Est. reading time\" \/>\n\t<meta name=\"twitter:data1\" content=\"1 minut\" \/>\n<script type=\"application\/ld+json\" class=\"yoast-schema-graph\">{\"@context\":\"https:\/\/schema.org\",\"@graph\":[{\"@type\":\"WebPage\",\"@id\":\"https:\/\/kruze.ee\/et\/toode\/urban-vitamin-cupertino-rcs-taaskasutatud-plastist-anc-korvaklapid\/\",\"url\":\"https:\/\/kruze.ee\/et\/toode\/urban-vitamin-cupertino-rcs-taaskasutatud-plastist-anc-korvaklapid\/\",\"name\":\"Urban Vitamin Cupertino RCS taaskasutatud plastist ANC k\u00f5rvaklapid - Kruze.ee\",\"isPartOf\":{\"@id\":\"https:\/\/kruze.ee\/et\/#website\"},\"datePublished\":\"2026-01-31T13:32:59+00:00\",\"dateModified\":\"2026-03-16T21:51:35+00:00\",\"breadcrumb\":{\"@id\":\"https:\/\/kruze.ee\/et\/toode\/urban-vitamin-cupertino-rcs-taaskasutatud-plastist-anc-korvaklapid\/#breadcrumb\"},\"inLanguage\":\"et\",\"potentialAction\":[{\"@type\":\"ReadAction\",\"target\":[\"https:\/\/kruze.ee\/et\/toode\/urban-vitamin-cupertino-rcs-taaskasutatud-plastist-anc-korvaklapid\/\"]}]},{\"@type\":\"BreadcrumbList\",\"@id\":\"https:\/\/kruze.ee\/et\/toode\/urban-vitamin-cupertino-rcs-taaskasutatud-plastist-anc-korvaklapid\/#breadcrumb\",\"itemListElement\":[{\"@type\":\"ListItem\",\"position\":1,\"name\":\"Home\",\"item\":\"https:\/\/kruze.ee\/et\/\"},{\"@type\":\"ListItem\",\"position\":2,\"name\":\"Tooted\",\"item\":\"https:\/\/kruze.ee\/et\/tooted\/\"},{\"@type\":\"ListItem\",\"position\":3,\"name\":\"Urban Vitamin Cupertino RCS taaskasutatud plastist ANC k\u00f5rvaklapid\"}]},{\"@type\":\"WebSite\",\"@id\":\"https:\/\/kruze.ee\/et\/#website\",\"url\":\"https:\/\/kruze.ee\/et\/\",\"name\":\"Kruze.ee\",\"description\":\"Reklaamkingitused, tr&uuml;kiga T-s&auml;rgid, fliisid, dressipluused, tekstiil, joped ja paljud teised logoga meened, &Auml;rikingitused sinu partnerile! Telli juba t&auml;na.\",\"potentialAction\":[{\"@type\":\"SearchAction\",\"target\":{\"@type\":\"EntryPoint\",\"urlTemplate\":\"https:\/\/kruze.ee\/et\/?s={search_term_string}\"},\"query-input\":{\"@type\":\"PropertyValueSpecification\",\"valueRequired\":true,\"valueName\":\"search_term_string\"}}],\"inLanguage\":\"et\"}]}<\/script>\n<!-- \/ Yoast SEO plugin. -->","yoast_head_json":{"title":"Urban Vitamin Cupertino RCS taaskasutatud plastist ANC k\u00f5rvaklapid - Kruze.ee","robots":{"index":"index","follow":"follow","max-snippet":"max-snippet:-1","max-image-preview":"max-image-preview:large","max-video-preview":"max-video-preview:-1"},"canonical":"https:\/\/kruze.ee\/et\/toode\/urban-vitamin-cupertino-rcs-taaskasutatud-plastist-anc-korvaklapid\/","og_locale":"et_EE","og_type":"article","og_title":"Urban Vitamin Cupertino RCS taaskasutatud plastist ANC k\u00f5rvaklapid - Kruze.ee","og_description":"Uskumatult m\u00fcravaba kuulamiskogemus algab hetkest, kui esimene heli j\u00f5uab k\u00f5rvu. Tipptasemel ANC-tehnoloogia v\u00f5imaldab blokeerida soovimatu m\u00fcra, et saaksid...","og_url":"https:\/\/kruze.ee\/et\/toode\/urban-vitamin-cupertino-rcs-taaskasutatud-plastist-anc-korvaklapid\/","og_site_name":"Kruze.ee","article_modified_time":"2026-03-16T21:51:35+00:00","twitter_card":"summary_large_image","twitter_misc":{"Est. reading time":"1 minut"},"schema":{"@context":"https:\/\/schema.org","@graph":[{"@type":"WebPage","@id":"https:\/\/kruze.ee\/et\/toode\/urban-vitamin-cupertino-rcs-taaskasutatud-plastist-anc-korvaklapid\/","url":"https:\/\/kruze.ee\/et\/toode\/urban-vitamin-cupertino-rcs-taaskasutatud-plastist-anc-korvaklapid\/","name":"Urban Vitamin Cupertino RCS taaskasutatud plastist ANC k\u00f5rvaklapid - Kruze.ee","isPartOf":{"@id":"https:\/\/kruze.ee\/et\/#website"},"datePublished":"2026-01-31T13:32:59+00:00","dateModified":"2026-03-16T21:51:35+00:00","breadcrumb":{"@id":"https:\/\/kruze.ee\/et\/toode\/urban-vitamin-cupertino-rcs-taaskasutatud-plastist-anc-korvaklapid\/#breadcrumb"},"inLanguage":"et","potentialAction":[{"@type":"ReadAction","target":["https:\/\/kruze.ee\/et\/toode\/urban-vitamin-cupertino-rcs-taaskasutatud-plastist-anc-korvaklapid\/"]}]},{"@type":"BreadcrumbList","@id":"https:\/\/kruze.ee\/et\/toode\/urban-vitamin-cupertino-rcs-taaskasutatud-plastist-anc-korvaklapid\/#breadcrumb","itemListElement":[{"@type":"ListItem","position":1,"name":"Home","item":"https:\/\/kruze.ee\/et\/"},{"@type":"ListItem","position":2,"name":"Tooted","item":"https:\/\/kruze.ee\/et\/tooted\/"},{"@type":"ListItem","position":3,"name":"Urban Vitamin Cupertino RCS taaskasutatud plastist ANC k\u00f5rvaklapid"}]},{"@type":"WebSite","@id":"https:\/\/kruze.ee\/et\/#website","url":"https:\/\/kruze.ee\/et\/","name":"Kruze.ee","description":"Reklaamkingitused, tr&uuml;kiga T-s&auml;rgid, fliisid, dressipluused, tekstiil, joped ja paljud teised logoga meened, &Auml;rikingitused sinu partnerile! Telli juba t&auml;na.","potentialAction":[{"@type":"SearchAction","target":{"@type":"EntryPoint","urlTemplate":"https:\/\/kruze.ee\/et\/?s={search_term_string}"},"query-input":{"@type":"PropertyValueSpecification","valueRequired":true,"valueName":"search_term_string"}}],"inLanguage":"et"}]}},"_links":{"self":[{"href":"https:\/\/kruze.ee\/et\/wp-json\/wp\/v2\/product\/1441510","targetHints":{"allow":["GET"]}}],"collection":[{"href":"https:\/\/kruze.ee\/et\/wp-json\/wp\/v2\/product"}],"about":[{"href":"https:\/\/kruze.ee\/et\/wp-json\/wp\/v2\/types\/product"}],"wp:attachment":[{"href":"https:\/\/kruze.ee\/et\/wp-json\/wp\/v2\/media?parent=1441510"}],"wp:term":[{"taxonomy":"product_brand","embeddable":true,"href":"https:\/\/kruze.ee\/et\/wp-json\/wp\/v2\/product_brand?post=1441510"},{"taxonomy":"product_cat","embeddable":true,"href":"https:\/\/kruze.ee\/et\/wp-json\/wp\/v2\/product_cat?post=1441510"},{"taxonomy":"product_tag","embeddable":true,"href":"https:\/\/kruze.ee\/et\/wp-json\/wp\/v2\/product_tag?post=1441510"}],"curies":[{"name":"wp","href":"https:\/\/api.w.org\/{rel}","templated":true}]}}