{"id":1441508,"date":"2026-01-31T16:32:57","date_gmt":"2026-01-31T13:32:57","guid":{"rendered":"https:\/\/kruze.ee\/product\/motorola-jr-300-laste-juhtmevaba-turvaline-korvaklapid\/"},"modified":"2026-03-17T00:51:34","modified_gmt":"2026-03-16T21:51:34","slug":"motorola-jr-300-laste-juhtmevaba-turvaline-korvaklapid","status":"publish","type":"product","link":"https:\/\/kruze.ee\/et\/toode\/motorola-jr-300-laste-juhtmevaba-turvaline-korvaklapid\/","title":{"rendered":"Motorola JR 300 laste juhtmevaba turvaline k\u00f5rvaklapid"},"content":{"rendered":"<p>Vabane sasipundardest JR300 m\u00e4ngus\u00f5bralike juhtmevabade k\u00f5rvaklappidega. Vastupidav disain ja r\u00f5\u00f5msad v\u00e4rvid on varustatud Bluetooth-juhtmevaba tehnoloogiaga ning pakuvad kuni 15 tundi m\u00e4nguaega \u00fche laadimisega. Komplektis on 3,5 mm eemaldatav kaabel kasutamiseks ilma vooluta ning sisseehitatud mikrofon k\u00e4ed-vabad k\u00f5nede jaoks. K\u00f5rvaklapid on loodud piirama helitugevust ohutule 85 dB tasemele lastele ning soodustavad lihtsat jagamist, v\u00f5imaldades \u00fchendada kuni 4 k\u00f5rvaklappi korraga. Nutikad funktsioonid ja taskukohane hind teevad neist ideaalsed \u00fcmberk\u00f5rva k\u00f5rvaklapid nii lastele kui ka nooruslikele t\u00e4iskasvanutele. L\u00f6\u00f6gikindel, painduv ja vastupidav kvaliteetplastist korpus. Antiallergilised k\u00f5rvapadjad (BPA-vabad).<\/p>\n","protected":false},"excerpt":{"rendered":"<p>Vabane sasipundardest JR300 m\u00e4ngus\u00f5bralike juhtmevabade k\u00f5rvaklappidega. Vastupidav disain ja r\u00f5\u00f5msad v\u00e4rvid on varustatud Bluetooth-juhtmevaba tehnoloogiaga&#8230;<\/p>\n","protected":false},"featured_media":0,"template":"","meta":[],"product_brand":[],"product_cat":[5410],"product_tag":[],"class_list":{"0":"post-1441508","1":"product","2":"type-product","3":"status-publish","5":"product_cat-korvaklapid","6":"pa_gender-kids","7":"pa_gender-lapsed","9":"first","10":"instock","11":"purchasable","12":"product-type-simple"},"acf":[],"yoast_head":"<!-- This site is optimized with the Yoast SEO plugin v26.0 - https:\/\/yoast.com\/wordpress\/plugins\/seo\/ -->\n<title>Motorola JR 300 laste juhtmevaba turvaline k\u00f5rvaklapid - Kruze.ee<\/title>\n<meta name=\"robots\" content=\"index, follow, max-snippet:-1, max-image-preview:large, max-video-preview:-1\" \/>\n<link rel=\"canonical\" href=\"https:\/\/kruze.ee\/et\/toode\/motorola-jr-300-laste-juhtmevaba-turvaline-korvaklapid\/\" \/>\n<meta property=\"og:locale\" content=\"et_EE\" \/>\n<meta property=\"og:type\" content=\"article\" \/>\n<meta property=\"og:title\" content=\"Motorola JR 300 laste juhtmevaba turvaline k\u00f5rvaklapid - Kruze.ee\" \/>\n<meta property=\"og:description\" content=\"Vabane sasipundardest JR300 m\u00e4ngus\u00f5bralike juhtmevabade k\u00f5rvaklappidega. Vastupidav disain ja r\u00f5\u00f5msad v\u00e4rvid on varustatud Bluetooth-juhtmevaba tehnoloogiaga...\" \/>\n<meta property=\"og:url\" content=\"https:\/\/kruze.ee\/et\/toode\/motorola-jr-300-laste-juhtmevaba-turvaline-korvaklapid\/\" \/>\n<meta property=\"og:site_name\" content=\"Kruze.ee\" \/>\n<meta property=\"article:modified_time\" content=\"2026-03-16T21:51:34+00:00\" \/>\n<meta name=\"twitter:card\" content=\"summary_large_image\" \/>\n<script type=\"application\/ld+json\" class=\"yoast-schema-graph\">{\"@context\":\"https:\/\/schema.org\",\"@graph\":[{\"@type\":\"WebPage\",\"@id\":\"https:\/\/kruze.ee\/et\/toode\/motorola-jr-300-laste-juhtmevaba-turvaline-korvaklapid\/\",\"url\":\"https:\/\/kruze.ee\/et\/toode\/motorola-jr-300-laste-juhtmevaba-turvaline-korvaklapid\/\",\"name\":\"Motorola JR 300 laste juhtmevaba turvaline k\u00f5rvaklapid - Kruze.ee\",\"isPartOf\":{\"@id\":\"https:\/\/kruze.ee\/et\/#website\"},\"datePublished\":\"2026-01-31T13:32:57+00:00\",\"dateModified\":\"2026-03-16T21:51:34+00:00\",\"breadcrumb\":{\"@id\":\"https:\/\/kruze.ee\/et\/toode\/motorola-jr-300-laste-juhtmevaba-turvaline-korvaklapid\/#breadcrumb\"},\"inLanguage\":\"et\",\"potentialAction\":[{\"@type\":\"ReadAction\",\"target\":[\"https:\/\/kruze.ee\/et\/toode\/motorola-jr-300-laste-juhtmevaba-turvaline-korvaklapid\/\"]}]},{\"@type\":\"BreadcrumbList\",\"@id\":\"https:\/\/kruze.ee\/et\/toode\/motorola-jr-300-laste-juhtmevaba-turvaline-korvaklapid\/#breadcrumb\",\"itemListElement\":[{\"@type\":\"ListItem\",\"position\":1,\"name\":\"Home\",\"item\":\"https:\/\/kruze.ee\/et\/\"},{\"@type\":\"ListItem\",\"position\":2,\"name\":\"Tooted\",\"item\":\"https:\/\/kruze.ee\/et\/tooted\/\"},{\"@type\":\"ListItem\",\"position\":3,\"name\":\"Motorola JR 300 laste juhtmevaba turvaline k\u00f5rvaklapid\"}]},{\"@type\":\"WebSite\",\"@id\":\"https:\/\/kruze.ee\/et\/#website\",\"url\":\"https:\/\/kruze.ee\/et\/\",\"name\":\"Kruze.ee\",\"description\":\"Reklaamkingitused, tr&uuml;kiga T-s&auml;rgid, fliisid, dressipluused, tekstiil, joped ja paljud teised logoga meened, &Auml;rikingitused sinu partnerile! Telli juba t&auml;na.\",\"potentialAction\":[{\"@type\":\"SearchAction\",\"target\":{\"@type\":\"EntryPoint\",\"urlTemplate\":\"https:\/\/kruze.ee\/et\/?s={search_term_string}\"},\"query-input\":{\"@type\":\"PropertyValueSpecification\",\"valueRequired\":true,\"valueName\":\"search_term_string\"}}],\"inLanguage\":\"et\"}]}<\/script>\n<!-- \/ Yoast SEO plugin. -->","yoast_head_json":{"title":"Motorola JR 300 laste juhtmevaba turvaline k\u00f5rvaklapid - Kruze.ee","robots":{"index":"index","follow":"follow","max-snippet":"max-snippet:-1","max-image-preview":"max-image-preview:large","max-video-preview":"max-video-preview:-1"},"canonical":"https:\/\/kruze.ee\/et\/toode\/motorola-jr-300-laste-juhtmevaba-turvaline-korvaklapid\/","og_locale":"et_EE","og_type":"article","og_title":"Motorola JR 300 laste juhtmevaba turvaline k\u00f5rvaklapid - Kruze.ee","og_description":"Vabane sasipundardest JR300 m\u00e4ngus\u00f5bralike juhtmevabade k\u00f5rvaklappidega. Vastupidav disain ja r\u00f5\u00f5msad v\u00e4rvid on varustatud Bluetooth-juhtmevaba tehnoloogiaga...","og_url":"https:\/\/kruze.ee\/et\/toode\/motorola-jr-300-laste-juhtmevaba-turvaline-korvaklapid\/","og_site_name":"Kruze.ee","article_modified_time":"2026-03-16T21:51:34+00:00","twitter_card":"summary_large_image","schema":{"@context":"https:\/\/schema.org","@graph":[{"@type":"WebPage","@id":"https:\/\/kruze.ee\/et\/toode\/motorola-jr-300-laste-juhtmevaba-turvaline-korvaklapid\/","url":"https:\/\/kruze.ee\/et\/toode\/motorola-jr-300-laste-juhtmevaba-turvaline-korvaklapid\/","name":"Motorola JR 300 laste juhtmevaba turvaline k\u00f5rvaklapid - Kruze.ee","isPartOf":{"@id":"https:\/\/kruze.ee\/et\/#website"},"datePublished":"2026-01-31T13:32:57+00:00","dateModified":"2026-03-16T21:51:34+00:00","breadcrumb":{"@id":"https:\/\/kruze.ee\/et\/toode\/motorola-jr-300-laste-juhtmevaba-turvaline-korvaklapid\/#breadcrumb"},"inLanguage":"et","potentialAction":[{"@type":"ReadAction","target":["https:\/\/kruze.ee\/et\/toode\/motorola-jr-300-laste-juhtmevaba-turvaline-korvaklapid\/"]}]},{"@type":"BreadcrumbList","@id":"https:\/\/kruze.ee\/et\/toode\/motorola-jr-300-laste-juhtmevaba-turvaline-korvaklapid\/#breadcrumb","itemListElement":[{"@type":"ListItem","position":1,"name":"Home","item":"https:\/\/kruze.ee\/et\/"},{"@type":"ListItem","position":2,"name":"Tooted","item":"https:\/\/kruze.ee\/et\/tooted\/"},{"@type":"ListItem","position":3,"name":"Motorola JR 300 laste juhtmevaba turvaline k\u00f5rvaklapid"}]},{"@type":"WebSite","@id":"https:\/\/kruze.ee\/et\/#website","url":"https:\/\/kruze.ee\/et\/","name":"Kruze.ee","description":"Reklaamkingitused, tr&uuml;kiga T-s&auml;rgid, fliisid, dressipluused, tekstiil, joped ja paljud teised logoga meened, &Auml;rikingitused sinu partnerile! Telli juba t&auml;na.","potentialAction":[{"@type":"SearchAction","target":{"@type":"EntryPoint","urlTemplate":"https:\/\/kruze.ee\/et\/?s={search_term_string}"},"query-input":{"@type":"PropertyValueSpecification","valueRequired":true,"valueName":"search_term_string"}}],"inLanguage":"et"}]}},"_links":{"self":[{"href":"https:\/\/kruze.ee\/et\/wp-json\/wp\/v2\/product\/1441508","targetHints":{"allow":["GET"]}}],"collection":[{"href":"https:\/\/kruze.ee\/et\/wp-json\/wp\/v2\/product"}],"about":[{"href":"https:\/\/kruze.ee\/et\/wp-json\/wp\/v2\/types\/product"}],"wp:attachment":[{"href":"https:\/\/kruze.ee\/et\/wp-json\/wp\/v2\/media?parent=1441508"}],"wp:term":[{"taxonomy":"product_brand","embeddable":true,"href":"https:\/\/kruze.ee\/et\/wp-json\/wp\/v2\/product_brand?post=1441508"},{"taxonomy":"product_cat","embeddable":true,"href":"https:\/\/kruze.ee\/et\/wp-json\/wp\/v2\/product_cat?post=1441508"},{"taxonomy":"product_tag","embeddable":true,"href":"https:\/\/kruze.ee\/et\/wp-json\/wp\/v2\/product_tag?post=1441508"}],"curies":[{"name":"wp","href":"https:\/\/api.w.org\/{rel}","templated":true}]}}