{"id":1441506,"date":"2026-01-31T16:32:55","date_gmt":"2026-01-31T13:32:55","guid":{"rendered":"https:\/\/kruze.ee\/product\/urban-vitamin-palo-alto-rcs-taaskasutatud-plastist-korvaklapid\/"},"modified":"2026-03-17T00:51:34","modified_gmt":"2026-03-16T21:51:34","slug":"urban-vitamin-palo-alto-rcs-taaskasutatud-plastist-korvaklapid","status":"publish","type":"product","link":"https:\/\/kruze.ee\/et\/toode\/urban-vitamin-palo-alto-rcs-taaskasutatud-plastist-korvaklapid\/","title":{"rendered":"Urban Vitamin Palo Alto RCS taaskasutatud plastist k\u00f5rvaklapid"},"content":{"rendered":"<p>Seda tunned kohe, kui need p\u00e4he paned \u2013 ideaalsed k\u00f5rvaklapid, et lasta end lemmikmuusikal t\u00e4ielikult kaasa haarata. Pehmed padjad sobituvad mugavalt \u00fcmber k\u00f5rvade ja v\u00f5imaldavad kanda k\u00f5rvaklappe terve p\u00e4eva v\u00e4ltel. P\u00f6\u00f6ratav disain tagab veelgi parema sobivuse ning s\u00fcgav ja selge heli j\u00f5uab vaevata sinu k\u00f5rvu. Aku ei vea alt \u2013 kuni 60 tundi katkematut muusika, taskuh\u00e4\u00e4lingute v\u00f5i videote nautimist. Sissetulevatele k\u00f5nedele saad vastata t\u00e4nu integreeritud mikrofonile. Kui vajad pausi, voldi k\u00f5rvaklapid kompaktsesse suurusesse, et need mahuksid h\u00f5lpsasti seljakotti. Komplektis AWARE\u2122 tracer\u2019iga valmistatud rPET-n\u00f6\u00f6rkott. K\u00f5rvaklapid on valmistatud RCS-sertifitseeritud (Recycled Claim Standard) taaskasutatud ABS-plastist; taaskasutatud materjali osakaal on 63% toote kogukaalust. RCS-sertifikaat tagab, et kogu taaskasutatud materjalide tarneahel on t\u00e4ielikult sertifitseeritud. Urban Vitamini tooted on PVC-vabad ja pakendatud v\u00e4hendatud plastikasutusega pakendisse.<\/p>\n","protected":false},"excerpt":{"rendered":"<p>Seda tunned kohe, kui need p\u00e4he paned \u2013 ideaalsed k\u00f5rvaklapid, et lasta end lemmikmuusikal t\u00e4ielikult kaasa haarata. Pehmed padjad sobituvad mugavalt \u00fcmber&#8230;<\/p>\n","protected":false},"featured_media":0,"template":"","meta":[],"product_brand":[],"product_cat":[5410],"product_tag":[],"class_list":{"0":"post-1441506","1":"product","2":"type-product","3":"status-publish","5":"product_cat-korvaklapid","6":"pa_gender-uniseks","7":"pa_gender-unisex","11":"first","12":"instock","13":"purchasable","14":"product-type-simple"},"acf":[],"yoast_head":"<!-- This site is optimized with the Yoast SEO plugin v26.0 - https:\/\/yoast.com\/wordpress\/plugins\/seo\/ -->\n<title>Urban Vitamin Palo Alto RCS taaskasutatud plastist k\u00f5rvaklapid - Kruze.ee<\/title>\n<meta name=\"robots\" content=\"index, follow, max-snippet:-1, max-image-preview:large, max-video-preview:-1\" \/>\n<link rel=\"canonical\" href=\"https:\/\/kruze.ee\/et\/toode\/urban-vitamin-palo-alto-rcs-taaskasutatud-plastist-korvaklapid\/\" \/>\n<meta property=\"og:locale\" content=\"et_EE\" \/>\n<meta property=\"og:type\" content=\"article\" \/>\n<meta property=\"og:title\" content=\"Urban Vitamin Palo Alto RCS taaskasutatud plastist k\u00f5rvaklapid - Kruze.ee\" \/>\n<meta property=\"og:description\" content=\"Seda tunned kohe, kui need p\u00e4he paned \u2013 ideaalsed k\u00f5rvaklapid, et lasta end lemmikmuusikal t\u00e4ielikult kaasa haarata. Pehmed padjad sobituvad mugavalt \u00fcmber...\" \/>\n<meta property=\"og:url\" content=\"https:\/\/kruze.ee\/et\/toode\/urban-vitamin-palo-alto-rcs-taaskasutatud-plastist-korvaklapid\/\" \/>\n<meta property=\"og:site_name\" content=\"Kruze.ee\" \/>\n<meta property=\"article:modified_time\" content=\"2026-03-16T21:51:34+00:00\" \/>\n<meta name=\"twitter:card\" content=\"summary_large_image\" \/>\n<meta name=\"twitter:label1\" content=\"Est. reading time\" \/>\n\t<meta name=\"twitter:data1\" content=\"1 minut\" \/>\n<script type=\"application\/ld+json\" class=\"yoast-schema-graph\">{\"@context\":\"https:\/\/schema.org\",\"@graph\":[{\"@type\":\"WebPage\",\"@id\":\"https:\/\/kruze.ee\/et\/toode\/urban-vitamin-palo-alto-rcs-taaskasutatud-plastist-korvaklapid\/\",\"url\":\"https:\/\/kruze.ee\/et\/toode\/urban-vitamin-palo-alto-rcs-taaskasutatud-plastist-korvaklapid\/\",\"name\":\"Urban Vitamin Palo Alto RCS taaskasutatud plastist k\u00f5rvaklapid - Kruze.ee\",\"isPartOf\":{\"@id\":\"https:\/\/kruze.ee\/et\/#website\"},\"datePublished\":\"2026-01-31T13:32:55+00:00\",\"dateModified\":\"2026-03-16T21:51:34+00:00\",\"breadcrumb\":{\"@id\":\"https:\/\/kruze.ee\/et\/toode\/urban-vitamin-palo-alto-rcs-taaskasutatud-plastist-korvaklapid\/#breadcrumb\"},\"inLanguage\":\"et\",\"potentialAction\":[{\"@type\":\"ReadAction\",\"target\":[\"https:\/\/kruze.ee\/et\/toode\/urban-vitamin-palo-alto-rcs-taaskasutatud-plastist-korvaklapid\/\"]}]},{\"@type\":\"BreadcrumbList\",\"@id\":\"https:\/\/kruze.ee\/et\/toode\/urban-vitamin-palo-alto-rcs-taaskasutatud-plastist-korvaklapid\/#breadcrumb\",\"itemListElement\":[{\"@type\":\"ListItem\",\"position\":1,\"name\":\"Home\",\"item\":\"https:\/\/kruze.ee\/et\/\"},{\"@type\":\"ListItem\",\"position\":2,\"name\":\"Tooted\",\"item\":\"https:\/\/kruze.ee\/et\/tooted\/\"},{\"@type\":\"ListItem\",\"position\":3,\"name\":\"Urban Vitamin Palo Alto RCS taaskasutatud plastist k\u00f5rvaklapid\"}]},{\"@type\":\"WebSite\",\"@id\":\"https:\/\/kruze.ee\/et\/#website\",\"url\":\"https:\/\/kruze.ee\/et\/\",\"name\":\"Kruze.ee\",\"description\":\"Reklaamkingitused, tr&uuml;kiga T-s&auml;rgid, fliisid, dressipluused, tekstiil, joped ja paljud teised logoga meened, &Auml;rikingitused sinu partnerile! Telli juba t&auml;na.\",\"potentialAction\":[{\"@type\":\"SearchAction\",\"target\":{\"@type\":\"EntryPoint\",\"urlTemplate\":\"https:\/\/kruze.ee\/et\/?s={search_term_string}\"},\"query-input\":{\"@type\":\"PropertyValueSpecification\",\"valueRequired\":true,\"valueName\":\"search_term_string\"}}],\"inLanguage\":\"et\"}]}<\/script>\n<!-- \/ Yoast SEO plugin. -->","yoast_head_json":{"title":"Urban Vitamin Palo Alto RCS taaskasutatud plastist k\u00f5rvaklapid - Kruze.ee","robots":{"index":"index","follow":"follow","max-snippet":"max-snippet:-1","max-image-preview":"max-image-preview:large","max-video-preview":"max-video-preview:-1"},"canonical":"https:\/\/kruze.ee\/et\/toode\/urban-vitamin-palo-alto-rcs-taaskasutatud-plastist-korvaklapid\/","og_locale":"et_EE","og_type":"article","og_title":"Urban Vitamin Palo Alto RCS taaskasutatud plastist k\u00f5rvaklapid - Kruze.ee","og_description":"Seda tunned kohe, kui need p\u00e4he paned \u2013 ideaalsed k\u00f5rvaklapid, et lasta end lemmikmuusikal t\u00e4ielikult kaasa haarata. Pehmed padjad sobituvad mugavalt \u00fcmber...","og_url":"https:\/\/kruze.ee\/et\/toode\/urban-vitamin-palo-alto-rcs-taaskasutatud-plastist-korvaklapid\/","og_site_name":"Kruze.ee","article_modified_time":"2026-03-16T21:51:34+00:00","twitter_card":"summary_large_image","twitter_misc":{"Est. reading time":"1 minut"},"schema":{"@context":"https:\/\/schema.org","@graph":[{"@type":"WebPage","@id":"https:\/\/kruze.ee\/et\/toode\/urban-vitamin-palo-alto-rcs-taaskasutatud-plastist-korvaklapid\/","url":"https:\/\/kruze.ee\/et\/toode\/urban-vitamin-palo-alto-rcs-taaskasutatud-plastist-korvaklapid\/","name":"Urban Vitamin Palo Alto RCS taaskasutatud plastist k\u00f5rvaklapid - Kruze.ee","isPartOf":{"@id":"https:\/\/kruze.ee\/et\/#website"},"datePublished":"2026-01-31T13:32:55+00:00","dateModified":"2026-03-16T21:51:34+00:00","breadcrumb":{"@id":"https:\/\/kruze.ee\/et\/toode\/urban-vitamin-palo-alto-rcs-taaskasutatud-plastist-korvaklapid\/#breadcrumb"},"inLanguage":"et","potentialAction":[{"@type":"ReadAction","target":["https:\/\/kruze.ee\/et\/toode\/urban-vitamin-palo-alto-rcs-taaskasutatud-plastist-korvaklapid\/"]}]},{"@type":"BreadcrumbList","@id":"https:\/\/kruze.ee\/et\/toode\/urban-vitamin-palo-alto-rcs-taaskasutatud-plastist-korvaklapid\/#breadcrumb","itemListElement":[{"@type":"ListItem","position":1,"name":"Home","item":"https:\/\/kruze.ee\/et\/"},{"@type":"ListItem","position":2,"name":"Tooted","item":"https:\/\/kruze.ee\/et\/tooted\/"},{"@type":"ListItem","position":3,"name":"Urban Vitamin Palo Alto RCS taaskasutatud plastist k\u00f5rvaklapid"}]},{"@type":"WebSite","@id":"https:\/\/kruze.ee\/et\/#website","url":"https:\/\/kruze.ee\/et\/","name":"Kruze.ee","description":"Reklaamkingitused, tr&uuml;kiga T-s&auml;rgid, fliisid, dressipluused, tekstiil, joped ja paljud teised logoga meened, &Auml;rikingitused sinu partnerile! Telli juba t&auml;na.","potentialAction":[{"@type":"SearchAction","target":{"@type":"EntryPoint","urlTemplate":"https:\/\/kruze.ee\/et\/?s={search_term_string}"},"query-input":{"@type":"PropertyValueSpecification","valueRequired":true,"valueName":"search_term_string"}}],"inLanguage":"et"}]}},"_links":{"self":[{"href":"https:\/\/kruze.ee\/et\/wp-json\/wp\/v2\/product\/1441506","targetHints":{"allow":["GET"]}}],"collection":[{"href":"https:\/\/kruze.ee\/et\/wp-json\/wp\/v2\/product"}],"about":[{"href":"https:\/\/kruze.ee\/et\/wp-json\/wp\/v2\/types\/product"}],"wp:attachment":[{"href":"https:\/\/kruze.ee\/et\/wp-json\/wp\/v2\/media?parent=1441506"}],"wp:term":[{"taxonomy":"product_brand","embeddable":true,"href":"https:\/\/kruze.ee\/et\/wp-json\/wp\/v2\/product_brand?post=1441506"},{"taxonomy":"product_cat","embeddable":true,"href":"https:\/\/kruze.ee\/et\/wp-json\/wp\/v2\/product_cat?post=1441506"},{"taxonomy":"product_tag","embeddable":true,"href":"https:\/\/kruze.ee\/et\/wp-json\/wp\/v2\/product_tag?post=1441506"}],"curies":[{"name":"wp","href":"https:\/\/api.w.org\/{rel}","templated":true}]}}