{"id":1441504,"date":"2026-01-31T16:32:53","date_gmt":"2026-01-31T13:32:53","guid":{"rendered":"https:\/\/kruze.ee\/product\/swiss-peak-v3-juhtmevabad-korvaklapid\/"},"modified":"2026-03-17T00:51:33","modified_gmt":"2026-03-16T21:51:33","slug":"swiss-peak-v3-juhtmevabad-korvaklapid","status":"publish","type":"product","link":"https:\/\/kruze.ee\/et\/toode\/swiss-peak-v3-juhtmevabad-korvaklapid\/","title":{"rendered":"Swiss Peak V3 juhtmevabad k\u00f5rvaklapid"},"content":{"rendered":"<p>Juhtmevabad stereo k\u00f5rvaklapid kvaliteetse heliga, mis tagavad suurep\u00e4rase kuulamiskogemuse. 300 mAh aku v\u00f5imaldab kuni 11 tundi muusika kuulamist \u00fche laadimisega ning t\u00e4islaadimine v\u00f5tab vaid 1,5 tundi. T\u00f6\u00f6kaugus kuni 10 meetrit. K\u00f5rvaklapid saab kokku voltida lamedaks, et need mahuksid mugavalt komplektis olevasse Swiss Peak EVA reisikotti. Alumiiniumkorpus ja PU-materjalist pehmed k\u00f5rvapadjad tagavad k\u00f5rge kandmismugavuse ka pikema kasutuse korral. Sisseehitatud mikrofon k\u00f5nede vastuv\u00f5tmiseks. Komplektis AUX-kaabel.<\/p>\n","protected":false},"excerpt":{"rendered":"<p>Juhtmevabad stereo k\u00f5rvaklapid kvaliteetse heliga, mis tagavad suurep\u00e4rase kuulamiskogemuse. 300 mAh aku v\u00f5imaldab kuni 11 tundi muusika kuulamist \u00fche&#8230;<\/p>\n","protected":false},"featured_media":0,"template":"","meta":[],"product_brand":[],"product_cat":[5410],"product_tag":[],"class_list":{"0":"post-1441504","1":"product","2":"type-product","3":"status-publish","5":"product_cat-korvaklapid","6":"pa_gender-uniseks","7":"pa_gender-unisex","11":"first","12":"instock","13":"purchasable","14":"product-type-simple"},"acf":[],"yoast_head":"<!-- This site is optimized with the Yoast SEO plugin v26.0 - https:\/\/yoast.com\/wordpress\/plugins\/seo\/ -->\n<title>Swiss Peak V3 juhtmevabad k\u00f5rvaklapid - Kruze.ee<\/title>\n<meta name=\"robots\" content=\"index, follow, max-snippet:-1, max-image-preview:large, max-video-preview:-1\" \/>\n<link rel=\"canonical\" href=\"https:\/\/kruze.ee\/et\/toode\/swiss-peak-v3-juhtmevabad-korvaklapid\/\" \/>\n<meta property=\"og:locale\" content=\"et_EE\" \/>\n<meta property=\"og:type\" content=\"article\" \/>\n<meta property=\"og:title\" content=\"Swiss Peak V3 juhtmevabad k\u00f5rvaklapid - Kruze.ee\" \/>\n<meta property=\"og:description\" content=\"Juhtmevabad stereo k\u00f5rvaklapid kvaliteetse heliga, mis tagavad suurep\u00e4rase kuulamiskogemuse. 300 mAh aku v\u00f5imaldab kuni 11 tundi muusika kuulamist \u00fche...\" \/>\n<meta property=\"og:url\" content=\"https:\/\/kruze.ee\/et\/toode\/swiss-peak-v3-juhtmevabad-korvaklapid\/\" \/>\n<meta property=\"og:site_name\" content=\"Kruze.ee\" \/>\n<meta property=\"article:modified_time\" content=\"2026-03-16T21:51:33+00:00\" \/>\n<meta name=\"twitter:card\" content=\"summary_large_image\" \/>\n<script type=\"application\/ld+json\" class=\"yoast-schema-graph\">{\"@context\":\"https:\/\/schema.org\",\"@graph\":[{\"@type\":\"WebPage\",\"@id\":\"https:\/\/kruze.ee\/et\/toode\/swiss-peak-v3-juhtmevabad-korvaklapid\/\",\"url\":\"https:\/\/kruze.ee\/et\/toode\/swiss-peak-v3-juhtmevabad-korvaklapid\/\",\"name\":\"Swiss Peak V3 juhtmevabad k\u00f5rvaklapid - Kruze.ee\",\"isPartOf\":{\"@id\":\"https:\/\/kruze.ee\/et\/#website\"},\"datePublished\":\"2026-01-31T13:32:53+00:00\",\"dateModified\":\"2026-03-16T21:51:33+00:00\",\"breadcrumb\":{\"@id\":\"https:\/\/kruze.ee\/et\/toode\/swiss-peak-v3-juhtmevabad-korvaklapid\/#breadcrumb\"},\"inLanguage\":\"et\",\"potentialAction\":[{\"@type\":\"ReadAction\",\"target\":[\"https:\/\/kruze.ee\/et\/toode\/swiss-peak-v3-juhtmevabad-korvaklapid\/\"]}]},{\"@type\":\"BreadcrumbList\",\"@id\":\"https:\/\/kruze.ee\/et\/toode\/swiss-peak-v3-juhtmevabad-korvaklapid\/#breadcrumb\",\"itemListElement\":[{\"@type\":\"ListItem\",\"position\":1,\"name\":\"Home\",\"item\":\"https:\/\/kruze.ee\/et\/\"},{\"@type\":\"ListItem\",\"position\":2,\"name\":\"Tooted\",\"item\":\"https:\/\/kruze.ee\/et\/tooted\/\"},{\"@type\":\"ListItem\",\"position\":3,\"name\":\"Swiss Peak V3 juhtmevabad k\u00f5rvaklapid\"}]},{\"@type\":\"WebSite\",\"@id\":\"https:\/\/kruze.ee\/et\/#website\",\"url\":\"https:\/\/kruze.ee\/et\/\",\"name\":\"Kruze.ee\",\"description\":\"Reklaamkingitused, tr&uuml;kiga T-s&auml;rgid, fliisid, dressipluused, tekstiil, joped ja paljud teised logoga meened, &Auml;rikingitused sinu partnerile! Telli juba t&auml;na.\",\"potentialAction\":[{\"@type\":\"SearchAction\",\"target\":{\"@type\":\"EntryPoint\",\"urlTemplate\":\"https:\/\/kruze.ee\/et\/?s={search_term_string}\"},\"query-input\":{\"@type\":\"PropertyValueSpecification\",\"valueRequired\":true,\"valueName\":\"search_term_string\"}}],\"inLanguage\":\"et\"}]}<\/script>\n<!-- \/ Yoast SEO plugin. -->","yoast_head_json":{"title":"Swiss Peak V3 juhtmevabad k\u00f5rvaklapid - Kruze.ee","robots":{"index":"index","follow":"follow","max-snippet":"max-snippet:-1","max-image-preview":"max-image-preview:large","max-video-preview":"max-video-preview:-1"},"canonical":"https:\/\/kruze.ee\/et\/toode\/swiss-peak-v3-juhtmevabad-korvaklapid\/","og_locale":"et_EE","og_type":"article","og_title":"Swiss Peak V3 juhtmevabad k\u00f5rvaklapid - Kruze.ee","og_description":"Juhtmevabad stereo k\u00f5rvaklapid kvaliteetse heliga, mis tagavad suurep\u00e4rase kuulamiskogemuse. 300 mAh aku v\u00f5imaldab kuni 11 tundi muusika kuulamist \u00fche...","og_url":"https:\/\/kruze.ee\/et\/toode\/swiss-peak-v3-juhtmevabad-korvaklapid\/","og_site_name":"Kruze.ee","article_modified_time":"2026-03-16T21:51:33+00:00","twitter_card":"summary_large_image","schema":{"@context":"https:\/\/schema.org","@graph":[{"@type":"WebPage","@id":"https:\/\/kruze.ee\/et\/toode\/swiss-peak-v3-juhtmevabad-korvaklapid\/","url":"https:\/\/kruze.ee\/et\/toode\/swiss-peak-v3-juhtmevabad-korvaklapid\/","name":"Swiss Peak V3 juhtmevabad k\u00f5rvaklapid - Kruze.ee","isPartOf":{"@id":"https:\/\/kruze.ee\/et\/#website"},"datePublished":"2026-01-31T13:32:53+00:00","dateModified":"2026-03-16T21:51:33+00:00","breadcrumb":{"@id":"https:\/\/kruze.ee\/et\/toode\/swiss-peak-v3-juhtmevabad-korvaklapid\/#breadcrumb"},"inLanguage":"et","potentialAction":[{"@type":"ReadAction","target":["https:\/\/kruze.ee\/et\/toode\/swiss-peak-v3-juhtmevabad-korvaklapid\/"]}]},{"@type":"BreadcrumbList","@id":"https:\/\/kruze.ee\/et\/toode\/swiss-peak-v3-juhtmevabad-korvaklapid\/#breadcrumb","itemListElement":[{"@type":"ListItem","position":1,"name":"Home","item":"https:\/\/kruze.ee\/et\/"},{"@type":"ListItem","position":2,"name":"Tooted","item":"https:\/\/kruze.ee\/et\/tooted\/"},{"@type":"ListItem","position":3,"name":"Swiss Peak V3 juhtmevabad k\u00f5rvaklapid"}]},{"@type":"WebSite","@id":"https:\/\/kruze.ee\/et\/#website","url":"https:\/\/kruze.ee\/et\/","name":"Kruze.ee","description":"Reklaamkingitused, tr&uuml;kiga T-s&auml;rgid, fliisid, dressipluused, tekstiil, joped ja paljud teised logoga meened, &Auml;rikingitused sinu partnerile! Telli juba t&auml;na.","potentialAction":[{"@type":"SearchAction","target":{"@type":"EntryPoint","urlTemplate":"https:\/\/kruze.ee\/et\/?s={search_term_string}"},"query-input":{"@type":"PropertyValueSpecification","valueRequired":true,"valueName":"search_term_string"}}],"inLanguage":"et"}]}},"_links":{"self":[{"href":"https:\/\/kruze.ee\/et\/wp-json\/wp\/v2\/product\/1441504","targetHints":{"allow":["GET"]}}],"collection":[{"href":"https:\/\/kruze.ee\/et\/wp-json\/wp\/v2\/product"}],"about":[{"href":"https:\/\/kruze.ee\/et\/wp-json\/wp\/v2\/types\/product"}],"wp:attachment":[{"href":"https:\/\/kruze.ee\/et\/wp-json\/wp\/v2\/media?parent=1441504"}],"wp:term":[{"taxonomy":"product_brand","embeddable":true,"href":"https:\/\/kruze.ee\/et\/wp-json\/wp\/v2\/product_brand?post=1441504"},{"taxonomy":"product_cat","embeddable":true,"href":"https:\/\/kruze.ee\/et\/wp-json\/wp\/v2\/product_cat?post=1441504"},{"taxonomy":"product_tag","embeddable":true,"href":"https:\/\/kruze.ee\/et\/wp-json\/wp\/v2\/product_tag?post=1441504"}],"curies":[{"name":"wp","href":"https:\/\/api.w.org\/{rel}","templated":true}]}}