{"id":1441500,"date":"2026-01-31T16:32:50","date_gmt":"2026-01-31T13:32:50","guid":{"rendered":"https:\/\/kruze.ee\/product\/edaspidi-kasutan-toodete-nimetustes-ja-kirjeldustes-mitmuse-vormi-korvaklapid\/"},"modified":"2026-03-17T00:51:28","modified_gmt":"2026-03-16T21:51:28","slug":"edaspidi-kasutan-toodete-nimetustes-ja-kirjeldustes-mitmuse-vormi-korvaklapid","status":"publish","type":"product","link":"https:\/\/kruze.ee\/et\/toode\/edaspidi-kasutan-toodete-nimetustes-ja-kirjeldustes-mitmuse-vormi-korvaklapid\/","title":{"rendered":"Edaspidi kasutan toodete nimetustes ja kirjeldustes mitmuse vormi k\u00f5rvaklapid."},"content":{"rendered":"<p>Luksuslikud \u00fcmberk\u00f5rva k\u00f5rvaklapid optimaalse helikogemuse tagamiseks. Kokkupandav disain bambusest detailidega. Pika kasutusajaga aku v\u00f5imaldab kuni 22 tundi m\u00e4nguaega. Mugavad k\u00f5rvapadjad tagavad meeldiva kandmiskogemuse ka mitmetunnisel kuulamisel. Lihtne ja stabiilne \u00fchendus BT 5.0 kaudu ning t\u00f6\u00f6kaugus kuni 10 meetrit. 300 mAh aku laeb t\u00e4is umbes 2 tunniga. Sisseehitatud mikrofon ja k\u00f5nede vastuv\u00f5tu funktsioon. Komplektis PVC-vaba TPE micro-USB laadimiskaabel.<\/p>\n","protected":false},"excerpt":{"rendered":"<p>Luksuslikud \u00fcmberk\u00f5rva k\u00f5rvaklapid optimaalse helikogemuse tagamiseks. Kokkupandav disain bambusest detailidega. Pika kasutusajaga aku v\u00f5imaldab kuni 22 tundi&#8230;<\/p>\n","protected":false},"featured_media":0,"template":"","meta":[],"product_brand":[],"product_cat":[5410],"product_tag":[],"class_list":{"0":"post-1441500","1":"product","2":"type-product","3":"status-publish","5":"product_cat-korvaklapid","6":"pa_gender-uniseks","7":"pa_gender-unisex","11":"first","12":"instock","13":"purchasable","14":"product-type-simple"},"acf":[],"yoast_head":"<!-- This site is optimized with the Yoast SEO plugin v26.0 - https:\/\/yoast.com\/wordpress\/plugins\/seo\/ -->\n<title>Edaspidi kasutan toodete nimetustes ja kirjeldustes mitmuse vormi k\u00f5rvaklapid. - Kruze.ee<\/title>\n<meta name=\"robots\" content=\"index, follow, max-snippet:-1, max-image-preview:large, max-video-preview:-1\" \/>\n<link rel=\"canonical\" href=\"https:\/\/kruze.ee\/et\/toode\/edaspidi-kasutan-toodete-nimetustes-ja-kirjeldustes-mitmuse-vormi-korvaklapid\/\" \/>\n<meta property=\"og:locale\" content=\"et_EE\" \/>\n<meta property=\"og:type\" content=\"article\" \/>\n<meta property=\"og:title\" content=\"Edaspidi kasutan toodete nimetustes ja kirjeldustes mitmuse vormi k\u00f5rvaklapid. - Kruze.ee\" \/>\n<meta property=\"og:description\" content=\"Luksuslikud \u00fcmberk\u00f5rva k\u00f5rvaklapid optimaalse helikogemuse tagamiseks. Kokkupandav disain bambusest detailidega. Pika kasutusajaga aku v\u00f5imaldab kuni 22 tundi...\" \/>\n<meta property=\"og:url\" content=\"https:\/\/kruze.ee\/et\/toode\/edaspidi-kasutan-toodete-nimetustes-ja-kirjeldustes-mitmuse-vormi-korvaklapid\/\" \/>\n<meta property=\"og:site_name\" content=\"Kruze.ee\" \/>\n<meta property=\"article:modified_time\" content=\"2026-03-16T21:51:28+00:00\" \/>\n<meta name=\"twitter:card\" content=\"summary_large_image\" \/>\n<script type=\"application\/ld+json\" class=\"yoast-schema-graph\">{\"@context\":\"https:\/\/schema.org\",\"@graph\":[{\"@type\":\"WebPage\",\"@id\":\"https:\/\/kruze.ee\/et\/toode\/edaspidi-kasutan-toodete-nimetustes-ja-kirjeldustes-mitmuse-vormi-korvaklapid\/\",\"url\":\"https:\/\/kruze.ee\/et\/toode\/edaspidi-kasutan-toodete-nimetustes-ja-kirjeldustes-mitmuse-vormi-korvaklapid\/\",\"name\":\"Edaspidi kasutan toodete nimetustes ja kirjeldustes mitmuse vormi k\u00f5rvaklapid. - Kruze.ee\",\"isPartOf\":{\"@id\":\"https:\/\/kruze.ee\/et\/#website\"},\"datePublished\":\"2026-01-31T13:32:50+00:00\",\"dateModified\":\"2026-03-16T21:51:28+00:00\",\"breadcrumb\":{\"@id\":\"https:\/\/kruze.ee\/et\/toode\/edaspidi-kasutan-toodete-nimetustes-ja-kirjeldustes-mitmuse-vormi-korvaklapid\/#breadcrumb\"},\"inLanguage\":\"et\",\"potentialAction\":[{\"@type\":\"ReadAction\",\"target\":[\"https:\/\/kruze.ee\/et\/toode\/edaspidi-kasutan-toodete-nimetustes-ja-kirjeldustes-mitmuse-vormi-korvaklapid\/\"]}]},{\"@type\":\"BreadcrumbList\",\"@id\":\"https:\/\/kruze.ee\/et\/toode\/edaspidi-kasutan-toodete-nimetustes-ja-kirjeldustes-mitmuse-vormi-korvaklapid\/#breadcrumb\",\"itemListElement\":[{\"@type\":\"ListItem\",\"position\":1,\"name\":\"Home\",\"item\":\"https:\/\/kruze.ee\/et\/\"},{\"@type\":\"ListItem\",\"position\":2,\"name\":\"Tooted\",\"item\":\"https:\/\/kruze.ee\/et\/tooted\/\"},{\"@type\":\"ListItem\",\"position\":3,\"name\":\"Edaspidi kasutan toodete nimetustes ja kirjeldustes mitmuse vormi k\u00f5rvaklapid.\"}]},{\"@type\":\"WebSite\",\"@id\":\"https:\/\/kruze.ee\/et\/#website\",\"url\":\"https:\/\/kruze.ee\/et\/\",\"name\":\"Kruze.ee\",\"description\":\"Reklaamkingitused, tr&uuml;kiga T-s&auml;rgid, fliisid, dressipluused, tekstiil, joped ja paljud teised logoga meened, &Auml;rikingitused sinu partnerile! Telli juba t&auml;na.\",\"potentialAction\":[{\"@type\":\"SearchAction\",\"target\":{\"@type\":\"EntryPoint\",\"urlTemplate\":\"https:\/\/kruze.ee\/et\/?s={search_term_string}\"},\"query-input\":{\"@type\":\"PropertyValueSpecification\",\"valueRequired\":true,\"valueName\":\"search_term_string\"}}],\"inLanguage\":\"et\"}]}<\/script>\n<!-- \/ Yoast SEO plugin. -->","yoast_head_json":{"title":"Edaspidi kasutan toodete nimetustes ja kirjeldustes mitmuse vormi k\u00f5rvaklapid. - Kruze.ee","robots":{"index":"index","follow":"follow","max-snippet":"max-snippet:-1","max-image-preview":"max-image-preview:large","max-video-preview":"max-video-preview:-1"},"canonical":"https:\/\/kruze.ee\/et\/toode\/edaspidi-kasutan-toodete-nimetustes-ja-kirjeldustes-mitmuse-vormi-korvaklapid\/","og_locale":"et_EE","og_type":"article","og_title":"Edaspidi kasutan toodete nimetustes ja kirjeldustes mitmuse vormi k\u00f5rvaklapid. - Kruze.ee","og_description":"Luksuslikud \u00fcmberk\u00f5rva k\u00f5rvaklapid optimaalse helikogemuse tagamiseks. Kokkupandav disain bambusest detailidega. Pika kasutusajaga aku v\u00f5imaldab kuni 22 tundi...","og_url":"https:\/\/kruze.ee\/et\/toode\/edaspidi-kasutan-toodete-nimetustes-ja-kirjeldustes-mitmuse-vormi-korvaklapid\/","og_site_name":"Kruze.ee","article_modified_time":"2026-03-16T21:51:28+00:00","twitter_card":"summary_large_image","schema":{"@context":"https:\/\/schema.org","@graph":[{"@type":"WebPage","@id":"https:\/\/kruze.ee\/et\/toode\/edaspidi-kasutan-toodete-nimetustes-ja-kirjeldustes-mitmuse-vormi-korvaklapid\/","url":"https:\/\/kruze.ee\/et\/toode\/edaspidi-kasutan-toodete-nimetustes-ja-kirjeldustes-mitmuse-vormi-korvaklapid\/","name":"Edaspidi kasutan toodete nimetustes ja kirjeldustes mitmuse vormi k\u00f5rvaklapid. - Kruze.ee","isPartOf":{"@id":"https:\/\/kruze.ee\/et\/#website"},"datePublished":"2026-01-31T13:32:50+00:00","dateModified":"2026-03-16T21:51:28+00:00","breadcrumb":{"@id":"https:\/\/kruze.ee\/et\/toode\/edaspidi-kasutan-toodete-nimetustes-ja-kirjeldustes-mitmuse-vormi-korvaklapid\/#breadcrumb"},"inLanguage":"et","potentialAction":[{"@type":"ReadAction","target":["https:\/\/kruze.ee\/et\/toode\/edaspidi-kasutan-toodete-nimetustes-ja-kirjeldustes-mitmuse-vormi-korvaklapid\/"]}]},{"@type":"BreadcrumbList","@id":"https:\/\/kruze.ee\/et\/toode\/edaspidi-kasutan-toodete-nimetustes-ja-kirjeldustes-mitmuse-vormi-korvaklapid\/#breadcrumb","itemListElement":[{"@type":"ListItem","position":1,"name":"Home","item":"https:\/\/kruze.ee\/et\/"},{"@type":"ListItem","position":2,"name":"Tooted","item":"https:\/\/kruze.ee\/et\/tooted\/"},{"@type":"ListItem","position":3,"name":"Edaspidi kasutan toodete nimetustes ja kirjeldustes mitmuse vormi k\u00f5rvaklapid."}]},{"@type":"WebSite","@id":"https:\/\/kruze.ee\/et\/#website","url":"https:\/\/kruze.ee\/et\/","name":"Kruze.ee","description":"Reklaamkingitused, tr&uuml;kiga T-s&auml;rgid, fliisid, dressipluused, tekstiil, joped ja paljud teised logoga meened, &Auml;rikingitused sinu partnerile! Telli juba t&auml;na.","potentialAction":[{"@type":"SearchAction","target":{"@type":"EntryPoint","urlTemplate":"https:\/\/kruze.ee\/et\/?s={search_term_string}"},"query-input":{"@type":"PropertyValueSpecification","valueRequired":true,"valueName":"search_term_string"}}],"inLanguage":"et"}]}},"_links":{"self":[{"href":"https:\/\/kruze.ee\/et\/wp-json\/wp\/v2\/product\/1441500","targetHints":{"allow":["GET"]}}],"collection":[{"href":"https:\/\/kruze.ee\/et\/wp-json\/wp\/v2\/product"}],"about":[{"href":"https:\/\/kruze.ee\/et\/wp-json\/wp\/v2\/types\/product"}],"wp:attachment":[{"href":"https:\/\/kruze.ee\/et\/wp-json\/wp\/v2\/media?parent=1441500"}],"wp:term":[{"taxonomy":"product_brand","embeddable":true,"href":"https:\/\/kruze.ee\/et\/wp-json\/wp\/v2\/product_brand?post=1441500"},{"taxonomy":"product_cat","embeddable":true,"href":"https:\/\/kruze.ee\/et\/wp-json\/wp\/v2\/product_cat?post=1441500"},{"taxonomy":"product_tag","embeddable":true,"href":"https:\/\/kruze.ee\/et\/wp-json\/wp\/v2\/product_tag?post=1441500"}],"curies":[{"name":"wp","href":"https:\/\/api.w.org\/{rel}","templated":true}]}}