{"id":1441492,"date":"2026-01-31T16:32:42","date_gmt":"2026-01-31T13:32:42","guid":{"rendered":"https:\/\/kruze.ee\/product\/xd-design-vogue-korvaklapid\/"},"modified":"2026-03-17T00:51:21","modified_gmt":"2026-03-16T21:51:21","slug":"xd-design-vogue-korvaklapid","status":"publish","type":"product","link":"https:\/\/kruze.ee\/et\/toode\/xd-design-vogue-korvaklapid\/","title":{"rendered":"XD Design Vogue k\u00f5rvaklapid"},"content":{"rendered":"<p>Vogue k\u00f5rvaklapid on trendikad kangaga kaetud \u00fcmberk\u00f5rva k\u00f5rvaklapid. V\u00e4lisk\u00fcljel kasutatud moekas kangas ning k\u00f5rvapatjadel ja peav\u00f5rul olev mugav PU-materjal muudavad need ideaalseks pikemaajaliseks kandmiseks. K\u00f5rvaklapid on kokkupandavad, mist\u00f5ttu on neid lihtne reisile kaasa v\u00f5tta. Vogue k\u00f5rvaklapid kasutavad juhtmevaba BT 4.0 tehnoloogiat stabiilseks \u00fchenduseks kuni 10 meetri kauguselt. Sisseehitatud 200 mAh aku v\u00f5imaldab kuni 6 tundi muusika kuulamist. K\u00e4ed-vabad funktsioon v\u00f5imaldab mugavalt k\u00f5nedele vastata. Komplektis micro-USB kaabel. Registreeritud disain\u00ae.<\/p>\n","protected":false},"excerpt":{"rendered":"<p>Vogue k\u00f5rvaklapid on trendikad kangaga kaetud \u00fcmberk\u00f5rva k\u00f5rvaklapid. V\u00e4lisk\u00fcljel kasutatud moekas kangas ning k\u00f5rvapatjadel ja peav\u00f5rul olev mugav PU-materjal&#8230;<\/p>\n","protected":false},"featured_media":0,"template":"","meta":[],"product_brand":[],"product_cat":[5410],"product_tag":[],"class_list":{"0":"post-1441492","1":"product","2":"type-product","3":"status-publish","5":"product_cat-korvaklapid","6":"pa_gender-uniseks","7":"pa_gender-unisex","11":"first","12":"instock","13":"purchasable","14":"product-type-simple"},"acf":[],"yoast_head":"<!-- This site is optimized with the Yoast SEO plugin v26.0 - https:\/\/yoast.com\/wordpress\/plugins\/seo\/ -->\n<title>XD Design Vogue k\u00f5rvaklapid - Kruze.ee<\/title>\n<meta name=\"robots\" content=\"index, follow, max-snippet:-1, max-image-preview:large, max-video-preview:-1\" \/>\n<link rel=\"canonical\" href=\"https:\/\/kruze.ee\/et\/toode\/xd-design-vogue-korvaklapid\/\" \/>\n<meta property=\"og:locale\" content=\"et_EE\" \/>\n<meta property=\"og:type\" content=\"article\" \/>\n<meta property=\"og:title\" content=\"XD Design Vogue k\u00f5rvaklapid - Kruze.ee\" \/>\n<meta property=\"og:description\" content=\"Vogue k\u00f5rvaklapid on trendikad kangaga kaetud \u00fcmberk\u00f5rva k\u00f5rvaklapid. V\u00e4lisk\u00fcljel kasutatud moekas kangas ning k\u00f5rvapatjadel ja peav\u00f5rul olev mugav PU-materjal...\" \/>\n<meta property=\"og:url\" content=\"https:\/\/kruze.ee\/et\/toode\/xd-design-vogue-korvaklapid\/\" \/>\n<meta property=\"og:site_name\" content=\"Kruze.ee\" \/>\n<meta property=\"article:modified_time\" content=\"2026-03-16T21:51:21+00:00\" \/>\n<meta name=\"twitter:card\" content=\"summary_large_image\" \/>\n<script type=\"application\/ld+json\" class=\"yoast-schema-graph\">{\"@context\":\"https:\/\/schema.org\",\"@graph\":[{\"@type\":\"WebPage\",\"@id\":\"https:\/\/kruze.ee\/et\/toode\/xd-design-vogue-korvaklapid\/\",\"url\":\"https:\/\/kruze.ee\/et\/toode\/xd-design-vogue-korvaklapid\/\",\"name\":\"XD Design Vogue k\u00f5rvaklapid - Kruze.ee\",\"isPartOf\":{\"@id\":\"https:\/\/kruze.ee\/et\/#website\"},\"datePublished\":\"2026-01-31T13:32:42+00:00\",\"dateModified\":\"2026-03-16T21:51:21+00:00\",\"breadcrumb\":{\"@id\":\"https:\/\/kruze.ee\/et\/toode\/xd-design-vogue-korvaklapid\/#breadcrumb\"},\"inLanguage\":\"et\",\"potentialAction\":[{\"@type\":\"ReadAction\",\"target\":[\"https:\/\/kruze.ee\/et\/toode\/xd-design-vogue-korvaklapid\/\"]}]},{\"@type\":\"BreadcrumbList\",\"@id\":\"https:\/\/kruze.ee\/et\/toode\/xd-design-vogue-korvaklapid\/#breadcrumb\",\"itemListElement\":[{\"@type\":\"ListItem\",\"position\":1,\"name\":\"Home\",\"item\":\"https:\/\/kruze.ee\/et\/\"},{\"@type\":\"ListItem\",\"position\":2,\"name\":\"Tooted\",\"item\":\"https:\/\/kruze.ee\/et\/tooted\/\"},{\"@type\":\"ListItem\",\"position\":3,\"name\":\"XD Design Vogue k\u00f5rvaklapid\"}]},{\"@type\":\"WebSite\",\"@id\":\"https:\/\/kruze.ee\/et\/#website\",\"url\":\"https:\/\/kruze.ee\/et\/\",\"name\":\"Kruze.ee\",\"description\":\"Reklaamkingitused, tr&uuml;kiga T-s&auml;rgid, fliisid, dressipluused, tekstiil, joped ja paljud teised logoga meened, &Auml;rikingitused sinu partnerile! Telli juba t&auml;na.\",\"potentialAction\":[{\"@type\":\"SearchAction\",\"target\":{\"@type\":\"EntryPoint\",\"urlTemplate\":\"https:\/\/kruze.ee\/et\/?s={search_term_string}\"},\"query-input\":{\"@type\":\"PropertyValueSpecification\",\"valueRequired\":true,\"valueName\":\"search_term_string\"}}],\"inLanguage\":\"et\"}]}<\/script>\n<!-- \/ Yoast SEO plugin. -->","yoast_head_json":{"title":"XD Design Vogue k\u00f5rvaklapid - Kruze.ee","robots":{"index":"index","follow":"follow","max-snippet":"max-snippet:-1","max-image-preview":"max-image-preview:large","max-video-preview":"max-video-preview:-1"},"canonical":"https:\/\/kruze.ee\/et\/toode\/xd-design-vogue-korvaklapid\/","og_locale":"et_EE","og_type":"article","og_title":"XD Design Vogue k\u00f5rvaklapid - Kruze.ee","og_description":"Vogue k\u00f5rvaklapid on trendikad kangaga kaetud \u00fcmberk\u00f5rva k\u00f5rvaklapid. V\u00e4lisk\u00fcljel kasutatud moekas kangas ning k\u00f5rvapatjadel ja peav\u00f5rul olev mugav PU-materjal...","og_url":"https:\/\/kruze.ee\/et\/toode\/xd-design-vogue-korvaklapid\/","og_site_name":"Kruze.ee","article_modified_time":"2026-03-16T21:51:21+00:00","twitter_card":"summary_large_image","schema":{"@context":"https:\/\/schema.org","@graph":[{"@type":"WebPage","@id":"https:\/\/kruze.ee\/et\/toode\/xd-design-vogue-korvaklapid\/","url":"https:\/\/kruze.ee\/et\/toode\/xd-design-vogue-korvaklapid\/","name":"XD Design Vogue k\u00f5rvaklapid - Kruze.ee","isPartOf":{"@id":"https:\/\/kruze.ee\/et\/#website"},"datePublished":"2026-01-31T13:32:42+00:00","dateModified":"2026-03-16T21:51:21+00:00","breadcrumb":{"@id":"https:\/\/kruze.ee\/et\/toode\/xd-design-vogue-korvaklapid\/#breadcrumb"},"inLanguage":"et","potentialAction":[{"@type":"ReadAction","target":["https:\/\/kruze.ee\/et\/toode\/xd-design-vogue-korvaklapid\/"]}]},{"@type":"BreadcrumbList","@id":"https:\/\/kruze.ee\/et\/toode\/xd-design-vogue-korvaklapid\/#breadcrumb","itemListElement":[{"@type":"ListItem","position":1,"name":"Home","item":"https:\/\/kruze.ee\/et\/"},{"@type":"ListItem","position":2,"name":"Tooted","item":"https:\/\/kruze.ee\/et\/tooted\/"},{"@type":"ListItem","position":3,"name":"XD Design Vogue k\u00f5rvaklapid"}]},{"@type":"WebSite","@id":"https:\/\/kruze.ee\/et\/#website","url":"https:\/\/kruze.ee\/et\/","name":"Kruze.ee","description":"Reklaamkingitused, tr&uuml;kiga T-s&auml;rgid, fliisid, dressipluused, tekstiil, joped ja paljud teised logoga meened, &Auml;rikingitused sinu partnerile! Telli juba t&auml;na.","potentialAction":[{"@type":"SearchAction","target":{"@type":"EntryPoint","urlTemplate":"https:\/\/kruze.ee\/et\/?s={search_term_string}"},"query-input":{"@type":"PropertyValueSpecification","valueRequired":true,"valueName":"search_term_string"}}],"inLanguage":"et"}]}},"_links":{"self":[{"href":"https:\/\/kruze.ee\/et\/wp-json\/wp\/v2\/product\/1441492","targetHints":{"allow":["GET"]}}],"collection":[{"href":"https:\/\/kruze.ee\/et\/wp-json\/wp\/v2\/product"}],"about":[{"href":"https:\/\/kruze.ee\/et\/wp-json\/wp\/v2\/types\/product"}],"wp:attachment":[{"href":"https:\/\/kruze.ee\/et\/wp-json\/wp\/v2\/media?parent=1441492"}],"wp:term":[{"taxonomy":"product_brand","embeddable":true,"href":"https:\/\/kruze.ee\/et\/wp-json\/wp\/v2\/product_brand?post=1441492"},{"taxonomy":"product_cat","embeddable":true,"href":"https:\/\/kruze.ee\/et\/wp-json\/wp\/v2\/product_cat?post=1441492"},{"taxonomy":"product_tag","embeddable":true,"href":"https:\/\/kruze.ee\/et\/wp-json\/wp\/v2\/product_tag?post=1441492"}],"curies":[{"name":"wp","href":"https:\/\/api.w.org\/{rel}","templated":true}]}}