{"id":1441486,"date":"2026-01-31T16:08:16","date_gmt":"2026-01-31T13:08:16","guid":{"rendered":"https:\/\/kruze.ee\/product\/rcs-taaskasutatud-alumiiniumist-usb-laetav-vastupidav-taskulamp\/"},"modified":"2026-03-17T00:55:28","modified_gmt":"2026-03-16T21:55:28","slug":"rcs-taaskasutatud-alumiiniumist-usb-laetav-vastupidav-taskulamp","status":"publish","type":"product","link":"https:\/\/kruze.ee\/et\/toode\/rcs-taaskasutatud-alumiiniumist-usb-laetav-vastupidav-taskulamp\/","title":{"rendered":"RCS taaskasutatud alumiiniumist USB-laetav vastupidav taskulamp"},"content":{"rendered":"<p>Funktsionaalsus, j\u00f5udlus ja disain saavad kokku selles USB-laetavas 10W taskulambis, mis on valmistatud RCS-sertifitseeritud taaskasutatud alumiiniumist. Taaskasutatud materjali osakaal on 20% kogu toote kaalust ning RCS-sertifikaat tagab taaskasutatud materjalide t\u00e4ielikult sertifitseeritud ja j\u00e4lgitava tarneahela. T\u00e4nu IPX4 kaitseklassile on taskulamp ilmastikukindel ja sobib h\u00e4sti ka v\u00e4listingimustes kasutamiseks. V\u00f5imas valgusallikas annab kuni 1500 luumenit ning loob valgusvihu, mis ulatub kuni 800 meetrini. Taskulamp kasutab laetavat A-klassi akut, mist\u00f5ttu ei ole vaja patareisid vahetada. Laadimine toimub mugavalt USB-pesa kaudu, tagades praktilise ja j\u00e4tkusuutliku kasutuse nii igap\u00e4evaselt kui ka n\u00f5udlikes tingimuste<\/p>\n","protected":false},"excerpt":{"rendered":"<p>Funktsionaalsus, j\u00f5udlus ja disain saavad kokku selles USB-laetavas 10W taskulambis, mis on valmistatud RCS-sertifitseeritud taaskasutatud alumiiniumist&#8230;.<\/p>\n","protected":false},"featured_media":0,"template":"","meta":[],"product_brand":[],"product_cat":[5449],"product_tag":[],"class_list":{"0":"post-1441486","1":"product","2":"type-product","3":"status-publish","5":"product_cat-taskulambid","6":"pa_gender-uniseks","7":"pa_gender-unisex","11":"first","12":"instock","13":"purchasable","14":"product-type-simple"},"acf":[],"yoast_head":"<!-- This site is optimized with the Yoast SEO plugin v26.0 - https:\/\/yoast.com\/wordpress\/plugins\/seo\/ -->\n<title>RCS taaskasutatud alumiiniumist USB-laetav vastupidav taskulamp - Kruze.ee<\/title>\n<meta name=\"robots\" content=\"index, follow, max-snippet:-1, max-image-preview:large, max-video-preview:-1\" \/>\n<link rel=\"canonical\" href=\"https:\/\/kruze.ee\/et\/toode\/rcs-taaskasutatud-alumiiniumist-usb-laetav-vastupidav-taskulamp\/\" \/>\n<meta property=\"og:locale\" content=\"et_EE\" \/>\n<meta property=\"og:type\" content=\"article\" \/>\n<meta property=\"og:title\" content=\"RCS taaskasutatud alumiiniumist USB-laetav vastupidav taskulamp - Kruze.ee\" \/>\n<meta property=\"og:description\" content=\"Funktsionaalsus, j\u00f5udlus ja disain saavad kokku selles USB-laetavas 10W taskulambis, mis on valmistatud RCS-sertifitseeritud taaskasutatud alumiiniumist....\" \/>\n<meta property=\"og:url\" content=\"https:\/\/kruze.ee\/et\/toode\/rcs-taaskasutatud-alumiiniumist-usb-laetav-vastupidav-taskulamp\/\" \/>\n<meta property=\"og:site_name\" content=\"Kruze.ee\" \/>\n<meta property=\"article:modified_time\" content=\"2026-03-16T21:55:28+00:00\" \/>\n<meta name=\"twitter:card\" content=\"summary_large_image\" \/>\n<script type=\"application\/ld+json\" class=\"yoast-schema-graph\">{\"@context\":\"https:\/\/schema.org\",\"@graph\":[{\"@type\":\"WebPage\",\"@id\":\"https:\/\/kruze.ee\/et\/toode\/rcs-taaskasutatud-alumiiniumist-usb-laetav-vastupidav-taskulamp\/\",\"url\":\"https:\/\/kruze.ee\/et\/toode\/rcs-taaskasutatud-alumiiniumist-usb-laetav-vastupidav-taskulamp\/\",\"name\":\"RCS taaskasutatud alumiiniumist USB-laetav vastupidav taskulamp - Kruze.ee\",\"isPartOf\":{\"@id\":\"https:\/\/kruze.ee\/et\/#website\"},\"datePublished\":\"2026-01-31T13:08:16+00:00\",\"dateModified\":\"2026-03-16T21:55:28+00:00\",\"breadcrumb\":{\"@id\":\"https:\/\/kruze.ee\/et\/toode\/rcs-taaskasutatud-alumiiniumist-usb-laetav-vastupidav-taskulamp\/#breadcrumb\"},\"inLanguage\":\"et\",\"potentialAction\":[{\"@type\":\"ReadAction\",\"target\":[\"https:\/\/kruze.ee\/et\/toode\/rcs-taaskasutatud-alumiiniumist-usb-laetav-vastupidav-taskulamp\/\"]}]},{\"@type\":\"BreadcrumbList\",\"@id\":\"https:\/\/kruze.ee\/et\/toode\/rcs-taaskasutatud-alumiiniumist-usb-laetav-vastupidav-taskulamp\/#breadcrumb\",\"itemListElement\":[{\"@type\":\"ListItem\",\"position\":1,\"name\":\"Home\",\"item\":\"https:\/\/kruze.ee\/et\/\"},{\"@type\":\"ListItem\",\"position\":2,\"name\":\"Tooted\",\"item\":\"https:\/\/kruze.ee\/et\/tooted\/\"},{\"@type\":\"ListItem\",\"position\":3,\"name\":\"RCS taaskasutatud alumiiniumist USB-laetav vastupidav taskulamp\"}]},{\"@type\":\"WebSite\",\"@id\":\"https:\/\/kruze.ee\/et\/#website\",\"url\":\"https:\/\/kruze.ee\/et\/\",\"name\":\"Kruze.ee\",\"description\":\"Reklaamkingitused, tr&uuml;kiga T-s&auml;rgid, fliisid, dressipluused, tekstiil, joped ja paljud teised logoga meened, &Auml;rikingitused sinu partnerile! Telli juba t&auml;na.\",\"potentialAction\":[{\"@type\":\"SearchAction\",\"target\":{\"@type\":\"EntryPoint\",\"urlTemplate\":\"https:\/\/kruze.ee\/et\/?s={search_term_string}\"},\"query-input\":{\"@type\":\"PropertyValueSpecification\",\"valueRequired\":true,\"valueName\":\"search_term_string\"}}],\"inLanguage\":\"et\"}]}<\/script>\n<!-- \/ Yoast SEO plugin. -->","yoast_head_json":{"title":"RCS taaskasutatud alumiiniumist USB-laetav vastupidav taskulamp - Kruze.ee","robots":{"index":"index","follow":"follow","max-snippet":"max-snippet:-1","max-image-preview":"max-image-preview:large","max-video-preview":"max-video-preview:-1"},"canonical":"https:\/\/kruze.ee\/et\/toode\/rcs-taaskasutatud-alumiiniumist-usb-laetav-vastupidav-taskulamp\/","og_locale":"et_EE","og_type":"article","og_title":"RCS taaskasutatud alumiiniumist USB-laetav vastupidav taskulamp - Kruze.ee","og_description":"Funktsionaalsus, j\u00f5udlus ja disain saavad kokku selles USB-laetavas 10W taskulambis, mis on valmistatud RCS-sertifitseeritud taaskasutatud alumiiniumist....","og_url":"https:\/\/kruze.ee\/et\/toode\/rcs-taaskasutatud-alumiiniumist-usb-laetav-vastupidav-taskulamp\/","og_site_name":"Kruze.ee","article_modified_time":"2026-03-16T21:55:28+00:00","twitter_card":"summary_large_image","schema":{"@context":"https:\/\/schema.org","@graph":[{"@type":"WebPage","@id":"https:\/\/kruze.ee\/et\/toode\/rcs-taaskasutatud-alumiiniumist-usb-laetav-vastupidav-taskulamp\/","url":"https:\/\/kruze.ee\/et\/toode\/rcs-taaskasutatud-alumiiniumist-usb-laetav-vastupidav-taskulamp\/","name":"RCS taaskasutatud alumiiniumist USB-laetav vastupidav taskulamp - Kruze.ee","isPartOf":{"@id":"https:\/\/kruze.ee\/et\/#website"},"datePublished":"2026-01-31T13:08:16+00:00","dateModified":"2026-03-16T21:55:28+00:00","breadcrumb":{"@id":"https:\/\/kruze.ee\/et\/toode\/rcs-taaskasutatud-alumiiniumist-usb-laetav-vastupidav-taskulamp\/#breadcrumb"},"inLanguage":"et","potentialAction":[{"@type":"ReadAction","target":["https:\/\/kruze.ee\/et\/toode\/rcs-taaskasutatud-alumiiniumist-usb-laetav-vastupidav-taskulamp\/"]}]},{"@type":"BreadcrumbList","@id":"https:\/\/kruze.ee\/et\/toode\/rcs-taaskasutatud-alumiiniumist-usb-laetav-vastupidav-taskulamp\/#breadcrumb","itemListElement":[{"@type":"ListItem","position":1,"name":"Home","item":"https:\/\/kruze.ee\/et\/"},{"@type":"ListItem","position":2,"name":"Tooted","item":"https:\/\/kruze.ee\/et\/tooted\/"},{"@type":"ListItem","position":3,"name":"RCS taaskasutatud alumiiniumist USB-laetav vastupidav taskulamp"}]},{"@type":"WebSite","@id":"https:\/\/kruze.ee\/et\/#website","url":"https:\/\/kruze.ee\/et\/","name":"Kruze.ee","description":"Reklaamkingitused, tr&uuml;kiga T-s&auml;rgid, fliisid, dressipluused, tekstiil, joped ja paljud teised logoga meened, &Auml;rikingitused sinu partnerile! Telli juba t&auml;na.","potentialAction":[{"@type":"SearchAction","target":{"@type":"EntryPoint","urlTemplate":"https:\/\/kruze.ee\/et\/?s={search_term_string}"},"query-input":{"@type":"PropertyValueSpecification","valueRequired":true,"valueName":"search_term_string"}}],"inLanguage":"et"}]}},"_links":{"self":[{"href":"https:\/\/kruze.ee\/et\/wp-json\/wp\/v2\/product\/1441486","targetHints":{"allow":["GET"]}}],"collection":[{"href":"https:\/\/kruze.ee\/et\/wp-json\/wp\/v2\/product"}],"about":[{"href":"https:\/\/kruze.ee\/et\/wp-json\/wp\/v2\/types\/product"}],"wp:attachment":[{"href":"https:\/\/kruze.ee\/et\/wp-json\/wp\/v2\/media?parent=1441486"}],"wp:term":[{"taxonomy":"product_brand","embeddable":true,"href":"https:\/\/kruze.ee\/et\/wp-json\/wp\/v2\/product_brand?post=1441486"},{"taxonomy":"product_cat","embeddable":true,"href":"https:\/\/kruze.ee\/et\/wp-json\/wp\/v2\/product_cat?post=1441486"},{"taxonomy":"product_tag","embeddable":true,"href":"https:\/\/kruze.ee\/et\/wp-json\/wp\/v2\/product_tag?post=1441486"}],"curies":[{"name":"wp","href":"https:\/\/api.w.org\/{rel}","templated":true}]}}