{"id":1441480,"date":"2026-01-31T16:08:10","date_gmt":"2026-01-31T13:08:10","guid":{"rendered":"https:\/\/kruze.ee\/product\/suur-teleskoopne-cob-led-toovalgusti\/"},"modified":"2026-03-17T00:55:27","modified_gmt":"2026-03-16T21:55:27","slug":"suur-teleskoopne-cob-led-toovalgusti","status":"publish","type":"product","link":"https:\/\/kruze.ee\/et\/toode\/suur-teleskoopne-cob-led-toovalgusti\/","title":{"rendered":"Suur teleskoopne COB-LED t\u00f6\u00f6valgusti"},"content":{"rendered":"<p>Ideaalne t\u00f6\u00f6valgusti igaks vajaduseks \u2013 see kahe magnetiga LED-t\u00f6\u00f6valgusti sobib suurep\u00e4raselt kinnitamiseks mis tahes metallpinnale, tagades optimaalse valgustuse. Alumiiniumist taskulamp on teleskoopfunktsiooniga ning seda saab pikendada tavap\u00e4raselt 26 cm pikkuselt kuni 64 cm-ni, v\u00f5imaldades magnetilise otsa abil k\u00e4tte saada esemeid, mis on kinni j\u00e4\u00e4nud raskesti n\u00e4htavatesse ja ligip\u00e4\u00e4setavatesse kohtadesse. Taskulamp on varustatud kolme LED-iga (10 luumenit) t\u00e4iendavaks ereda valguse saamiseks pimedates oludes ning 80-luumenise COB-valgusega laiemaks valgustamiseks. Kui lambi pea on v\u00e4lja t\u00f5mmatud, muutub see paindlikuks ja reguleeritavaks igas suunas, v\u00f5imaldades valgust t\u00e4pselt suunata. Komplektis on patareid, et toodet saaks kohe kasutama hakata.<\/p>\n","protected":false},"excerpt":{"rendered":"<p>Ideaalne t\u00f6\u00f6valgusti igaks vajaduseks \u2013 see kahe magnetiga LED-t\u00f6\u00f6valgusti sobib suurep\u00e4raselt kinnitamiseks mis tahes metallpinnale, tagades optimaalse&#8230;<\/p>\n","protected":false},"featured_media":0,"template":"","meta":[],"product_brand":[],"product_cat":[5449],"product_tag":[],"class_list":{"0":"post-1441480","1":"product","2":"type-product","3":"status-publish","5":"product_cat-taskulambid","6":"pa_gender-uniseks","7":"pa_gender-unisex","11":"first","12":"instock","13":"purchasable","14":"product-type-simple"},"acf":[],"yoast_head":"<!-- This site is optimized with the Yoast SEO plugin v26.0 - https:\/\/yoast.com\/wordpress\/plugins\/seo\/ -->\n<title>Suur teleskoopne COB-LED t\u00f6\u00f6valgusti - Kruze.ee<\/title>\n<meta name=\"robots\" content=\"index, follow, max-snippet:-1, max-image-preview:large, max-video-preview:-1\" \/>\n<link rel=\"canonical\" href=\"https:\/\/kruze.ee\/et\/toode\/suur-teleskoopne-cob-led-toovalgusti\/\" \/>\n<meta property=\"og:locale\" content=\"et_EE\" \/>\n<meta property=\"og:type\" content=\"article\" \/>\n<meta property=\"og:title\" content=\"Suur teleskoopne COB-LED t\u00f6\u00f6valgusti - Kruze.ee\" \/>\n<meta property=\"og:description\" content=\"Ideaalne t\u00f6\u00f6valgusti igaks vajaduseks \u2013 see kahe magnetiga LED-t\u00f6\u00f6valgusti sobib suurep\u00e4raselt kinnitamiseks mis tahes metallpinnale, tagades optimaalse...\" \/>\n<meta property=\"og:url\" content=\"https:\/\/kruze.ee\/et\/toode\/suur-teleskoopne-cob-led-toovalgusti\/\" \/>\n<meta property=\"og:site_name\" content=\"Kruze.ee\" \/>\n<meta property=\"article:modified_time\" content=\"2026-03-16T21:55:27+00:00\" \/>\n<meta name=\"twitter:card\" content=\"summary_large_image\" \/>\n<meta name=\"twitter:label1\" content=\"Est. reading time\" \/>\n\t<meta name=\"twitter:data1\" content=\"1 minut\" \/>\n<script type=\"application\/ld+json\" class=\"yoast-schema-graph\">{\"@context\":\"https:\/\/schema.org\",\"@graph\":[{\"@type\":\"WebPage\",\"@id\":\"https:\/\/kruze.ee\/et\/toode\/suur-teleskoopne-cob-led-toovalgusti\/\",\"url\":\"https:\/\/kruze.ee\/et\/toode\/suur-teleskoopne-cob-led-toovalgusti\/\",\"name\":\"Suur teleskoopne COB-LED t\u00f6\u00f6valgusti - Kruze.ee\",\"isPartOf\":{\"@id\":\"https:\/\/kruze.ee\/et\/#website\"},\"datePublished\":\"2026-01-31T13:08:10+00:00\",\"dateModified\":\"2026-03-16T21:55:27+00:00\",\"breadcrumb\":{\"@id\":\"https:\/\/kruze.ee\/et\/toode\/suur-teleskoopne-cob-led-toovalgusti\/#breadcrumb\"},\"inLanguage\":\"et\",\"potentialAction\":[{\"@type\":\"ReadAction\",\"target\":[\"https:\/\/kruze.ee\/et\/toode\/suur-teleskoopne-cob-led-toovalgusti\/\"]}]},{\"@type\":\"BreadcrumbList\",\"@id\":\"https:\/\/kruze.ee\/et\/toode\/suur-teleskoopne-cob-led-toovalgusti\/#breadcrumb\",\"itemListElement\":[{\"@type\":\"ListItem\",\"position\":1,\"name\":\"Home\",\"item\":\"https:\/\/kruze.ee\/et\/\"},{\"@type\":\"ListItem\",\"position\":2,\"name\":\"Tooted\",\"item\":\"https:\/\/kruze.ee\/et\/tooted\/\"},{\"@type\":\"ListItem\",\"position\":3,\"name\":\"Suur teleskoopne COB-LED t\u00f6\u00f6valgusti\"}]},{\"@type\":\"WebSite\",\"@id\":\"https:\/\/kruze.ee\/et\/#website\",\"url\":\"https:\/\/kruze.ee\/et\/\",\"name\":\"Kruze.ee\",\"description\":\"Reklaamkingitused, tr&uuml;kiga T-s&auml;rgid, fliisid, dressipluused, tekstiil, joped ja paljud teised logoga meened, &Auml;rikingitused sinu partnerile! Telli juba t&auml;na.\",\"potentialAction\":[{\"@type\":\"SearchAction\",\"target\":{\"@type\":\"EntryPoint\",\"urlTemplate\":\"https:\/\/kruze.ee\/et\/?s={search_term_string}\"},\"query-input\":{\"@type\":\"PropertyValueSpecification\",\"valueRequired\":true,\"valueName\":\"search_term_string\"}}],\"inLanguage\":\"et\"}]}<\/script>\n<!-- \/ Yoast SEO plugin. -->","yoast_head_json":{"title":"Suur teleskoopne COB-LED t\u00f6\u00f6valgusti - Kruze.ee","robots":{"index":"index","follow":"follow","max-snippet":"max-snippet:-1","max-image-preview":"max-image-preview:large","max-video-preview":"max-video-preview:-1"},"canonical":"https:\/\/kruze.ee\/et\/toode\/suur-teleskoopne-cob-led-toovalgusti\/","og_locale":"et_EE","og_type":"article","og_title":"Suur teleskoopne COB-LED t\u00f6\u00f6valgusti - Kruze.ee","og_description":"Ideaalne t\u00f6\u00f6valgusti igaks vajaduseks \u2013 see kahe magnetiga LED-t\u00f6\u00f6valgusti sobib suurep\u00e4raselt kinnitamiseks mis tahes metallpinnale, tagades optimaalse...","og_url":"https:\/\/kruze.ee\/et\/toode\/suur-teleskoopne-cob-led-toovalgusti\/","og_site_name":"Kruze.ee","article_modified_time":"2026-03-16T21:55:27+00:00","twitter_card":"summary_large_image","twitter_misc":{"Est. reading time":"1 minut"},"schema":{"@context":"https:\/\/schema.org","@graph":[{"@type":"WebPage","@id":"https:\/\/kruze.ee\/et\/toode\/suur-teleskoopne-cob-led-toovalgusti\/","url":"https:\/\/kruze.ee\/et\/toode\/suur-teleskoopne-cob-led-toovalgusti\/","name":"Suur teleskoopne COB-LED t\u00f6\u00f6valgusti - Kruze.ee","isPartOf":{"@id":"https:\/\/kruze.ee\/et\/#website"},"datePublished":"2026-01-31T13:08:10+00:00","dateModified":"2026-03-16T21:55:27+00:00","breadcrumb":{"@id":"https:\/\/kruze.ee\/et\/toode\/suur-teleskoopne-cob-led-toovalgusti\/#breadcrumb"},"inLanguage":"et","potentialAction":[{"@type":"ReadAction","target":["https:\/\/kruze.ee\/et\/toode\/suur-teleskoopne-cob-led-toovalgusti\/"]}]},{"@type":"BreadcrumbList","@id":"https:\/\/kruze.ee\/et\/toode\/suur-teleskoopne-cob-led-toovalgusti\/#breadcrumb","itemListElement":[{"@type":"ListItem","position":1,"name":"Home","item":"https:\/\/kruze.ee\/et\/"},{"@type":"ListItem","position":2,"name":"Tooted","item":"https:\/\/kruze.ee\/et\/tooted\/"},{"@type":"ListItem","position":3,"name":"Suur teleskoopne COB-LED t\u00f6\u00f6valgusti"}]},{"@type":"WebSite","@id":"https:\/\/kruze.ee\/et\/#website","url":"https:\/\/kruze.ee\/et\/","name":"Kruze.ee","description":"Reklaamkingitused, tr&uuml;kiga T-s&auml;rgid, fliisid, dressipluused, tekstiil, joped ja paljud teised logoga meened, &Auml;rikingitused sinu partnerile! Telli juba t&auml;na.","potentialAction":[{"@type":"SearchAction","target":{"@type":"EntryPoint","urlTemplate":"https:\/\/kruze.ee\/et\/?s={search_term_string}"},"query-input":{"@type":"PropertyValueSpecification","valueRequired":true,"valueName":"search_term_string"}}],"inLanguage":"et"}]}},"_links":{"self":[{"href":"https:\/\/kruze.ee\/et\/wp-json\/wp\/v2\/product\/1441480","targetHints":{"allow":["GET"]}}],"collection":[{"href":"https:\/\/kruze.ee\/et\/wp-json\/wp\/v2\/product"}],"about":[{"href":"https:\/\/kruze.ee\/et\/wp-json\/wp\/v2\/types\/product"}],"wp:attachment":[{"href":"https:\/\/kruze.ee\/et\/wp-json\/wp\/v2\/media?parent=1441480"}],"wp:term":[{"taxonomy":"product_brand","embeddable":true,"href":"https:\/\/kruze.ee\/et\/wp-json\/wp\/v2\/product_brand?post=1441480"},{"taxonomy":"product_cat","embeddable":true,"href":"https:\/\/kruze.ee\/et\/wp-json\/wp\/v2\/product_cat?post=1441480"},{"taxonomy":"product_tag","embeddable":true,"href":"https:\/\/kruze.ee\/et\/wp-json\/wp\/v2\/product_tag?post=1441480"}],"curies":[{"name":"wp","href":"https:\/\/api.w.org\/{rel}","templated":true}]}}