{"id":1441478,"date":"2026-01-31T16:08:09","date_gmt":"2026-01-31T13:08:09","guid":{"rendered":"https:\/\/kruze.ee\/product\/gear-x-usb-laetav-taskulamp\/"},"modified":"2026-03-17T00:55:26","modified_gmt":"2026-03-16T21:55:26","slug":"gear-x-usb-laetav-taskulamp","status":"publish","type":"product","link":"https:\/\/kruze.ee\/et\/toode\/gear-x-usb-laetav-taskulamp\/","title":{"rendered":"Gear X USB-laetav taskulamp"},"content":{"rendered":"<p>Funktsionaalsus, j\u00f5udlus ja disain saavad kokku selles USB-laetavas taskulambis, mille kvaliteetne alumiiniumsulamist korpus sobitub mugavalt k\u00e4tte. Premium-klassi fookusfunktsioon v\u00f5imaldab valgusvihu reguleerimist kuni 2000\u00d7, pakkudes t\u00e4pset ja v\u00f5imsat valgustust vastavalt vajadusele. T\u00e4nu IP4 kaitseklassile on taskulamp ilmastikukindel ja sobib h\u00e4sti ka v\u00e4listingimustes kasutamiseks. V\u00f5imas valgusallikas annab kuni 1000 luumenit ning loob valgusvihu, mis ulatub kuni 500 meetrini. Taskulamp kasutab laetavat akut, mist\u00f5ttu ei ole vaja patareisid vahetada \u2013 laadimine toimub mugavalt USB-pesa kaudu. Kvaliteetsel valgusallikal on 5 valgusre\u017eiimi, sealhulgas SOS-funktsioon. 2000 mAh aku v\u00f5imaldab kuni 4 tundi kasutusaega \u00fche laadimisega.<\/p>\n","protected":false},"excerpt":{"rendered":"<p>Funktsionaalsus, j\u00f5udlus ja disain saavad kokku selles USB-laetavas taskulambis, mille kvaliteetne alumiiniumsulamist korpus sobitub mugavalt k\u00e4tte&#8230;.<\/p>\n","protected":false},"featured_media":0,"template":"","meta":[],"product_brand":[],"product_cat":[5449],"product_tag":[],"class_list":{"0":"post-1441478","1":"product","2":"type-product","3":"status-publish","5":"product_cat-taskulambid","6":"pa_gender-uniseks","7":"pa_gender-unisex","11":"first","12":"instock","13":"purchasable","14":"product-type-simple"},"acf":[],"yoast_head":"<!-- This site is optimized with the Yoast SEO plugin v26.0 - https:\/\/yoast.com\/wordpress\/plugins\/seo\/ -->\n<title>Gear X USB-laetav taskulamp - Kruze.ee<\/title>\n<meta name=\"robots\" content=\"index, follow, max-snippet:-1, max-image-preview:large, max-video-preview:-1\" \/>\n<link rel=\"canonical\" href=\"https:\/\/kruze.ee\/et\/toode\/gear-x-usb-laetav-taskulamp\/\" \/>\n<meta property=\"og:locale\" content=\"et_EE\" \/>\n<meta property=\"og:type\" content=\"article\" \/>\n<meta property=\"og:title\" content=\"Gear X USB-laetav taskulamp - Kruze.ee\" \/>\n<meta property=\"og:description\" content=\"Funktsionaalsus, j\u00f5udlus ja disain saavad kokku selles USB-laetavas taskulambis, mille kvaliteetne alumiiniumsulamist korpus sobitub mugavalt k\u00e4tte....\" \/>\n<meta property=\"og:url\" content=\"https:\/\/kruze.ee\/et\/toode\/gear-x-usb-laetav-taskulamp\/\" \/>\n<meta property=\"og:site_name\" content=\"Kruze.ee\" \/>\n<meta property=\"article:modified_time\" content=\"2026-03-16T21:55:26+00:00\" \/>\n<meta name=\"twitter:card\" content=\"summary_large_image\" \/>\n<script type=\"application\/ld+json\" class=\"yoast-schema-graph\">{\"@context\":\"https:\/\/schema.org\",\"@graph\":[{\"@type\":\"WebPage\",\"@id\":\"https:\/\/kruze.ee\/et\/toode\/gear-x-usb-laetav-taskulamp\/\",\"url\":\"https:\/\/kruze.ee\/et\/toode\/gear-x-usb-laetav-taskulamp\/\",\"name\":\"Gear X USB-laetav taskulamp - Kruze.ee\",\"isPartOf\":{\"@id\":\"https:\/\/kruze.ee\/et\/#website\"},\"datePublished\":\"2026-01-31T13:08:09+00:00\",\"dateModified\":\"2026-03-16T21:55:26+00:00\",\"breadcrumb\":{\"@id\":\"https:\/\/kruze.ee\/et\/toode\/gear-x-usb-laetav-taskulamp\/#breadcrumb\"},\"inLanguage\":\"et\",\"potentialAction\":[{\"@type\":\"ReadAction\",\"target\":[\"https:\/\/kruze.ee\/et\/toode\/gear-x-usb-laetav-taskulamp\/\"]}]},{\"@type\":\"BreadcrumbList\",\"@id\":\"https:\/\/kruze.ee\/et\/toode\/gear-x-usb-laetav-taskulamp\/#breadcrumb\",\"itemListElement\":[{\"@type\":\"ListItem\",\"position\":1,\"name\":\"Home\",\"item\":\"https:\/\/kruze.ee\/et\/\"},{\"@type\":\"ListItem\",\"position\":2,\"name\":\"Tooted\",\"item\":\"https:\/\/kruze.ee\/et\/tooted\/\"},{\"@type\":\"ListItem\",\"position\":3,\"name\":\"Gear X USB-laetav taskulamp\"}]},{\"@type\":\"WebSite\",\"@id\":\"https:\/\/kruze.ee\/et\/#website\",\"url\":\"https:\/\/kruze.ee\/et\/\",\"name\":\"Kruze.ee\",\"description\":\"Reklaamkingitused, tr&uuml;kiga T-s&auml;rgid, fliisid, dressipluused, tekstiil, joped ja paljud teised logoga meened, &Auml;rikingitused sinu partnerile! Telli juba t&auml;na.\",\"potentialAction\":[{\"@type\":\"SearchAction\",\"target\":{\"@type\":\"EntryPoint\",\"urlTemplate\":\"https:\/\/kruze.ee\/et\/?s={search_term_string}\"},\"query-input\":{\"@type\":\"PropertyValueSpecification\",\"valueRequired\":true,\"valueName\":\"search_term_string\"}}],\"inLanguage\":\"et\"}]}<\/script>\n<!-- \/ Yoast SEO plugin. -->","yoast_head_json":{"title":"Gear X USB-laetav taskulamp - Kruze.ee","robots":{"index":"index","follow":"follow","max-snippet":"max-snippet:-1","max-image-preview":"max-image-preview:large","max-video-preview":"max-video-preview:-1"},"canonical":"https:\/\/kruze.ee\/et\/toode\/gear-x-usb-laetav-taskulamp\/","og_locale":"et_EE","og_type":"article","og_title":"Gear X USB-laetav taskulamp - Kruze.ee","og_description":"Funktsionaalsus, j\u00f5udlus ja disain saavad kokku selles USB-laetavas taskulambis, mille kvaliteetne alumiiniumsulamist korpus sobitub mugavalt k\u00e4tte....","og_url":"https:\/\/kruze.ee\/et\/toode\/gear-x-usb-laetav-taskulamp\/","og_site_name":"Kruze.ee","article_modified_time":"2026-03-16T21:55:26+00:00","twitter_card":"summary_large_image","schema":{"@context":"https:\/\/schema.org","@graph":[{"@type":"WebPage","@id":"https:\/\/kruze.ee\/et\/toode\/gear-x-usb-laetav-taskulamp\/","url":"https:\/\/kruze.ee\/et\/toode\/gear-x-usb-laetav-taskulamp\/","name":"Gear X USB-laetav taskulamp - Kruze.ee","isPartOf":{"@id":"https:\/\/kruze.ee\/et\/#website"},"datePublished":"2026-01-31T13:08:09+00:00","dateModified":"2026-03-16T21:55:26+00:00","breadcrumb":{"@id":"https:\/\/kruze.ee\/et\/toode\/gear-x-usb-laetav-taskulamp\/#breadcrumb"},"inLanguage":"et","potentialAction":[{"@type":"ReadAction","target":["https:\/\/kruze.ee\/et\/toode\/gear-x-usb-laetav-taskulamp\/"]}]},{"@type":"BreadcrumbList","@id":"https:\/\/kruze.ee\/et\/toode\/gear-x-usb-laetav-taskulamp\/#breadcrumb","itemListElement":[{"@type":"ListItem","position":1,"name":"Home","item":"https:\/\/kruze.ee\/et\/"},{"@type":"ListItem","position":2,"name":"Tooted","item":"https:\/\/kruze.ee\/et\/tooted\/"},{"@type":"ListItem","position":3,"name":"Gear X USB-laetav taskulamp"}]},{"@type":"WebSite","@id":"https:\/\/kruze.ee\/et\/#website","url":"https:\/\/kruze.ee\/et\/","name":"Kruze.ee","description":"Reklaamkingitused, tr&uuml;kiga T-s&auml;rgid, fliisid, dressipluused, tekstiil, joped ja paljud teised logoga meened, &Auml;rikingitused sinu partnerile! Telli juba t&auml;na.","potentialAction":[{"@type":"SearchAction","target":{"@type":"EntryPoint","urlTemplate":"https:\/\/kruze.ee\/et\/?s={search_term_string}"},"query-input":{"@type":"PropertyValueSpecification","valueRequired":true,"valueName":"search_term_string"}}],"inLanguage":"et"}]}},"_links":{"self":[{"href":"https:\/\/kruze.ee\/et\/wp-json\/wp\/v2\/product\/1441478","targetHints":{"allow":["GET"]}}],"collection":[{"href":"https:\/\/kruze.ee\/et\/wp-json\/wp\/v2\/product"}],"about":[{"href":"https:\/\/kruze.ee\/et\/wp-json\/wp\/v2\/types\/product"}],"wp:attachment":[{"href":"https:\/\/kruze.ee\/et\/wp-json\/wp\/v2\/media?parent=1441478"}],"wp:term":[{"taxonomy":"product_brand","embeddable":true,"href":"https:\/\/kruze.ee\/et\/wp-json\/wp\/v2\/product_brand?post=1441478"},{"taxonomy":"product_cat","embeddable":true,"href":"https:\/\/kruze.ee\/et\/wp-json\/wp\/v2\/product_cat?post=1441478"},{"taxonomy":"product_tag","embeddable":true,"href":"https:\/\/kruze.ee\/et\/wp-json\/wp\/v2\/product_tag?post=1441478"}],"curies":[{"name":"wp","href":"https:\/\/api.w.org\/{rel}","templated":true}]}}